{"id":27488,"date":"2021-10-16T10:27:41","date_gmt":"2021-10-16T10:27:41","guid":{"rendered":"https:\/\/mavideniz.com.tr\/?page_id=27488"},"modified":"2023-07-01T17:51:37","modified_gmt":"2023-07-01T17:51:37","slug":"doku-gemisi","status":"publish","type":"page","link":"https:\/\/mavideniz.com.tr\/tr\/gemiler-tekneler\/tarak-gemisi-mavna\/doku-gemisi\/","title":{"rendered":"D\u00f6k\u00fc Gemisi"},"content":{"rendered":"\n<p>D\u00f6k\u00fc Gemisi denizde a\u00e7\u0131lan ortak b\u00f6lmesi yard\u0131m\u0131yla bo\u015falt\u0131m ger\u00e7ekle\u015ftirir, her \u00e7e\u015fit taranm\u0131\u015f malzemeyi ta\u015f\u0131mak i\u00e7in tasarlanm\u0131\u015ft\u0131r ve Ayr\u0131k hazne mavnas\u0131, haznenin ortas\u0131nda ve orta d\u00fczlem boyunca a\u00e7\u0131lan \u00e7elik bir g\u00f6vdesi olan tek g\u00fcverteli bir gemidir. Taramadan at\u0131k alma, Su alt\u0131 boru hatlar\u0131yla hendeklerin doldurulmas\u0131, At\u0131k nakliyesi ve su alt\u0131 \u00e7\u00f6pl\u00fc\u011f\u00fcne bo\u015faltma yapabilen ayr\u0131k hazne mavnas\u0131, Sualt\u0131 boru hatt\u0131 g\u00f6mme ve a\u00e7\u0131k deniz tarama i\u00e7in y\u00fczer teknik tesisler sistemi, Deniz m\u00fchendisli\u011fi ve dal\u0131\u015f i\u00e7in \u00e7ok ama\u00e7l\u0131 gemi faaliyetler, sahil ikmali ve k\u0131y\u0131, boru hatt\u0131 olu\u015ftuma projeleri.<\/p>\n<p>B\u00f6l\u00fcnm\u00fc\u015f bir huni mavnas\u0131, y\u00fck\u00fcn\u00fc bo\u015faltmak i\u00e7in boyuna ekseni boyunca ayr\u0131labilen bir tarama gemisidir. B\u00f6yle bir i\u015fleme izin verin; mavna, \u00fcstte mente\u015feler ve altta hidrolik silindirlerle birbirine ba\u011flanan iki yar\u0131m g\u00f6vdeden olu\u015fur. Mente\u015feler ve silindirler, yar\u0131m-g\u00f6vdeler aras\u0131ndaki aray\u00fczde etki eden kuvvetleri aktarmal\u0131d\u0131r. Mente\u015felerin ve hidrolik silindirlerin tasar\u0131m s\u0131n\u0131rlar\u0131n\u0131n, mavnan\u0131n i\u015flenebilirli\u011fini y\u00f6netti\u011fi varsay\u0131l\u0131r.<\/p>\n<p>D\u00f6k\u00fc Gemisinin tasar\u0131m\u0131, en iyi k\u00fcresel tasar\u0131mc\u0131larla \u00e7al\u0131\u015f\u0131yoruz \u00e7\u00fcnk\u00fc D\u00f6k\u00fc Gemisinin m\u00fckemmel hazne hacmi, performans\u0131 ve \u00fcretimi var; kalite ve standart teslimat farkl\u0131l\u0131klar\u0131m\u0131z\u0131 g\u00f6receksiniz. Gemileri teslim ettikten sonra ayn\u0131 performans ve kalitenin y\u0131llar sonra de\u011fi\u015fmedi\u011fini g\u00f6receksiniz, performans ve kaliteyi yakalamak i\u00e7in bir neden var, Ucuz \u00fcr\u00fcnleri tercih etmiyoruz, gemi in\u015fa etmek i\u00e7in en iyi malzeme ve \u00fcr\u00fcnleri se\u00e7iyoruz, ve ayr\u0131ca en iyi i\u015f\u00e7ileri, m\u00fchendisleri se\u00e7iyoruz.<br \/>\n<div class=\"wptm_table tablesorter-bootstrap \" data-id=\"60\" data-hightlight=\"0\"><div class=\"wptm_buttons buttons_wptmTbl60\"><\/div><div class=\"wptmresponsive dataTables-wptmtable wptmtable \" id=\"wptmtable60\" data-tableid=\"wptmTbl60\"><table data-count-header=\"1\"  data-format-decimal_count=\"0\" data-format-decimal_symbol=\".\" data-format-symbol_position=\"0\" data-format-thousand_symbol=\",\"  data-format-currency_symbol=\"$\"  data-name-style=\"60_1757436284.css\" data-format=\"YYYY-MM-DD\" id=\"wptmTbl60\" data-id=\"60\" data-responsive=\"false\" data-hideCols=\"false\"  data-type=\"html\" data-paging=\"false\" data-searching=\"true\"  data-ordering=\"false\" data-table-breakpoint=\"980\" data-scroll-x=\"true\" data-scroll-collapse=\"true\" data-align=\"center\" data-range=\"[]\" data-hideColumn=\"[0,0,0,0,0,0,0,0]\"  data-colwidths=\"[140,140,140,140,140,140,140,140]\"  data-colwidths_desktop=[]  data-colwidths_tablet=[]  data-colwidths_mobile=[]  class=\"wptm_main_table  disablePager hideScrollHeader\"><colgroup><col data-dtr=\"0\" data-dtc=\"0\" class=\"dtc0\"><col data-dtr=\"0\" data-dtc=\"1\" class=\"dtc1\"><col data-dtr=\"0\" data-dtc=\"2\" class=\"dtc2\"><col data-dtr=\"0\" data-dtc=\"3\" class=\"dtc3\"><col data-dtr=\"0\" data-dtc=\"4\" class=\"dtc4\"><col data-dtr=\"0\" data-dtc=\"5\" class=\"dtc5\"><col data-dtr=\"0\" data-dtc=\"6\" class=\"dtc6\"><col data-dtr=\"0\" data-dtc=\"7\" class=\"dtc7\"><\/colgroup><thead><tr class=\"wptm-header-cells-index dnone\"><th rowspan=\"1\" colspan=\"1\" data-dtr=\"0\" data-dtc=\"0\" class=\"dtr0 dtc0\"><\/th><th rowspan=\"1\" colspan=\"1\" data-dtr=\"0\" data-dtc=\"1\" class=\"dtr0 dtc1\"><\/th><th rowspan=\"1\" colspan=\"1\" data-dtr=\"0\" data-dtc=\"2\" class=\"dtr0 dtc2\"><\/th><th rowspan=\"1\" colspan=\"1\" data-dtr=\"0\" data-dtc=\"3\" class=\"dtr0 dtc3\"><\/th><th rowspan=\"1\" colspan=\"1\" data-dtr=\"0\" data-dtc=\"4\" class=\"dtr0 dtc4\"><\/th><th rowspan=\"1\" colspan=\"1\" data-dtr=\"0\" data-dtc=\"5\" class=\"dtr0 dtc5\"><\/th><th rowspan=\"1\" colspan=\"1\" data-dtr=\"0\" data-dtc=\"6\" class=\"dtr0 dtc6\"><\/th><th rowspan=\"1\" colspan=\"1\" data-dtr=\"0\" data-dtc=\"7\" class=\"dtr0 dtc7\"><\/th><\/tr><tr class=\" row0\"><th   data-priority=\"0\" class=\"dtr0 dtc0\"><\/th><th   data-priority=\"0\" class=\"dtr0 dtc1\">Hopper 500<\/th><th   data-priority=\"0\" class=\"dtr0 dtc2\">Hopper 750<\/th><th   data-priority=\"0\" class=\"dtr0 dtc3\">Hopper 1000<\/th><th   data-priority=\"0\" class=\"dtr0 dtc4\">Hopper 1500<\/th><th   data-priority=\"0\" class=\"dtr0 dtc5\">Hopper 2000<\/th><th   data-priority=\"0\" class=\"dtr0 dtc6\">Hopper 3000<\/th><th   data-priority=\"0\" class=\"dtr0 dtc7\">Hopper 6000<\/th><\/thead><tbody><tr class=\" row1\"><td    class=\"dtr1 dtc0\">Material<\/td><td  colspan=\"7\"   class=\"dtr1 dtc1\">Steel<\/td><td  style=\"display: none\"   class=\"dtr1 dtc2\"><\/td><td  style=\"display: none\"   class=\"dtr1 dtc3\"><\/td><td  style=\"display: none\"   class=\"dtr1 dtc4\"><\/td><td  style=\"display: none\"   class=\"dtr1 dtc5\"><\/td><td  style=\"display: none\"   class=\"dtr1 dtc6\"><\/td><td  style=\"display: none\"   class=\"dtr1 dtc7\"><\/td><\/tr><tr class=\" row2\"><td    class=\"dtr2 dtc0\">Propulsion<\/td><td  colspan=\"7\"   class=\"dtr2 dtc1\">Self Propelled or Non Propelled<\/td><td  style=\"display: none\"   class=\"dtr2 dtc2\"><\/td><td  style=\"display: none\"   class=\"dtr2 dtc3\"><\/td><td  style=\"display: none\"   class=\"dtr2 dtc4\"><\/td><td  style=\"display: none\"   class=\"dtr2 dtc5\"><\/td><td  style=\"display: none\"   class=\"dtr2 dtc6\"><\/td><td  style=\"display: none\"   class=\"dtr2 dtc7\"><\/td><\/tr><tr class=\" row3\"><td    class=\"dtr3 dtc0\">Hopper Volume<\/td><td    class=\"dtr3 dtc1\">500 m3<\/td><td    class=\"dtr3 dtc2\">750 m3<\/td><td    class=\"dtr3 dtc3\">1000 m3<\/td><td    class=\"dtr3 dtc4\">1500 m3<\/td><td    class=\"dtr3 dtc5\">2000 m3<\/td><td    class=\"dtr3 dtc6\">3000 m3<\/td><td    class=\"dtr3 dtc7\">6000 m3<\/td><\/tr><tr class=\" row4\"><td    class=\"dtr4 dtc0\">Deadweight<\/td><td    class=\"dtr4 dtc1\">900 T<\/td><td    class=\"dtr4 dtc2\">1350 T<\/td><td    class=\"dtr4 dtc3\">1800 T<\/td><td    class=\"dtr4 dtc4\">2850 T<\/td><td    class=\"dtr4 dtc5\">3600 T<\/td><td    class=\"dtr4 dtc6\">5450 T<\/td><td    class=\"dtr4 dtc7\">10800 T<\/td><\/tr><tr class=\" row5\"><td    class=\"dtr5 dtc0\">Length<\/td><td    class=\"dtr5 dtc1\">50 m<\/td><td    class=\"dtr5 dtc2\">58 m<\/td><td    class=\"dtr5 dtc3\">63 m<\/td><td    class=\"dtr5 dtc4\">72 m<\/td><td    class=\"dtr5 dtc5\">84 m<\/td><td    class=\"dtr5 dtc6\">90 m<\/td><td    class=\"dtr5 dtc7\">117 m<\/td><\/tr><tr class=\" row6\"><td    class=\"dtr6 dtc0\">Width<\/td><td    class=\"dtr6 dtc1\">9 m<\/td><td    class=\"dtr6 dtc2\">11 m<\/td><td    class=\"dtr6 dtc3\">12 m<\/td><td    class=\"dtr6 dtc4\">13 m<\/td><td    class=\"dtr6 dtc5\">15 m<\/td><td    class=\"dtr6 dtc6\">18 m<\/td><td    class=\"dtr6 dtc7\">22 m<\/td><\/tr><tr class=\" row7\"><td    class=\"dtr7 dtc0\">Depth<\/td><td    class=\"dtr7 dtc1\">3.5 m<\/td><td    class=\"dtr7 dtc2\">3.7 m<\/td><td    class=\"dtr7 dtc3\">4.6 m<\/td><td    class=\"dtr7 dtc4\">5.6 m<\/td><td    class=\"dtr7 dtc5\">6 m<\/td><td    class=\"dtr7 dtc6\">6.5 m<\/td><td    class=\"dtr7 dtc7\">8 m<\/td><\/tr><tr class=\" row8\"><td    class=\"dtr8 dtc0\">Speed<\/td><td    class=\"dtr8 dtc1\">6.5 kn<\/td><td    class=\"dtr8 dtc2\">7.5 kn<\/td><td    class=\"dtr8 dtc3\">8.5 kn<\/td><td    class=\"dtr8 dtc4\">10 kn<\/td><td    class=\"dtr8 dtc5\">10.5 kn<\/td><td    class=\"dtr8 dtc6\">5.4 m<\/td><td    class=\"dtr8 dtc7\">13 kn<\/td><\/tr><\/tbody><tfoot><tr><td class=\"dtr8 dtc0\" style=\"height: 0;\"><\/td><td class=\"dtr8 dtc1\" style=\"height: 0;\"><\/td><td class=\"dtr8 dtc2\" style=\"height: 0;\"><\/td><td class=\"dtr8 dtc3\" style=\"height: 0;\"><\/td><td class=\"dtr8 dtc4\" style=\"height: 0;\"><\/td><td class=\"dtr8 dtc5\" style=\"height: 0;\"><\/td><td class=\"dtr8 dtc6\" style=\"height: 0;\"><\/td><td class=\"dtr8 dtc7\" style=\"height: 0;\"><\/td><\/tr><\/tfoot><\/table><\/div><style>#wptmtable60 .dataTables_wrapper > .dataTables_scroll {max-height:500px;overflow: auto;}<\/style><script>window.wptm_ajaxurl = 'https:\/\/mavideniz.com.tr\/wp-admin\/admin-ajax.php?juwpfisadmin=false&action=Wptm&'; window.wptm_front = 'https:\/\/mavideniz.com.tr\/wp-content\/plugins\/wp-table-manager\/app\/site\/assets\/'; window.wptm_style = 'https:\/\/mavideniz.com.tr\/wp-content\/uploads\/wptm\/';<\/script><\/div><style><\/style><\/p>\n","protected":false},"excerpt":{"rendered":"<p>D\u00f6k\u00fc Gemisi denizde a\u00e7\u0131lan ortak b\u00f6lmesi yard\u0131m\u0131yla bo\u015falt\u0131m ger\u00e7ekle\u015ftirir, her \u00e7e\u015fit taranm\u0131\u015f malzemeyi ta\u015f\u0131mak i\u00e7in tasarlanm\u0131\u015ft\u0131r ve Ayr\u0131k hazne mavnas\u0131, [&hellip;]<\/p>\n","protected":false},"author":1,"featured_media":0,"parent":27464,"menu_order":0,"comment_status":"closed","ping_status":"closed","template":"","meta":{"site-sidebar-layout":"default","site-content-layout":"","ast-site-content-layout":"default","site-content-style":"default","site-sidebar-style":"default","ast-global-header-display":"","ast-banner-title-visibility":"","ast-main-header-display":"","ast-hfb-above-header-display":"","ast-hfb-below-header-display":"","ast-hfb-mobile-header-display":"","site-post-title":"","ast-breadcrumbs-content":"","ast-featured-img":"","footer-sml-layout":"","ast-disable-related-posts":"","theme-transparent-header-meta":"","adv-header-id-meta":"","stick-header-meta":"","header-above-stick-meta":"","header-main-stick-meta":"","header-below-stick-meta":"","astra-migrate-meta-layouts":"default","ast-page-background-enabled":"default","ast-page-background-meta":{"desktop":{"background-color":"var(--ast-global-color-5)","background-image":"","background-repeat":"repeat","background-position":"center center","background-size":"auto","background-attachment":"scroll","background-type":"","background-media":"","overlay-type":"","overlay-color":"","overlay-opacity":"","overlay-gradient":""},"tablet":{"background-color":"","background-image":"","background-repeat":"repeat","background-position":"center center","background-size":"auto","background-attachment":"scroll","background-type":"","background-media":"","overlay-type":"","overlay-color":"","overlay-opacity":"","overlay-gradient":""},"mobile":{"background-color":"","background-image":"","background-repeat":"repeat","background-position":"center center","background-size":"auto","background-attachment":"scroll","background-type":"","background-media":"","overlay-type":"","overlay-color":"","overlay-opacity":"","overlay-gradient":""}},"ast-content-background-meta":{"desktop":{"background-color":"var(--ast-global-color-4)","background-image":"","background-repeat":"repeat","background-position":"center center","background-size":"auto","background-attachment":"scroll","background-type":"","background-media":"","overlay-type":"","overlay-color":"","overlay-opacity":"","overlay-gradient":""},"tablet":{"background-color":"var(--ast-global-color-4)","background-image":"","background-repeat":"repeat","background-position":"center center","background-size":"auto","background-attachment":"scroll","background-type":"","background-media":"","overlay-type":"","overlay-color":"","overlay-opacity":"","overlay-gradient":""},"mobile":{"background-color":"var(--ast-global-color-4)","background-image":"","background-repeat":"repeat","background-position":"center center","background-size":"auto","background-attachment":"scroll","background-type":"","background-media":"","overlay-type":"","overlay-color":"","overlay-opacity":"","overlay-gradient":""}},"footnotes":""},"class_list":["post-27488","page","type-page","status-publish","hentry"],"_links":{"self":[{"href":"https:\/\/mavideniz.com.tr\/tr\/wp-json\/wp\/v2\/pages\/27488","targetHints":{"allow":["GET"]}}],"collection":[{"href":"https:\/\/mavideniz.com.tr\/tr\/wp-json\/wp\/v2\/pages"}],"about":[{"href":"https:\/\/mavideniz.com.tr\/tr\/wp-json\/wp\/v2\/types\/page"}],"author":[{"embeddable":true,"href":"https:\/\/mavideniz.com.tr\/tr\/wp-json\/wp\/v2\/users\/1"}],"replies":[{"embeddable":true,"href":"https:\/\/mavideniz.com.tr\/tr\/wp-json\/wp\/v2\/comments?post=27488"}],"version-history":[{"count":0,"href":"https:\/\/mavideniz.com.tr\/tr\/wp-json\/wp\/v2\/pages\/27488\/revisions"}],"up":[{"embeddable":true,"href":"https:\/\/mavideniz.com.tr\/tr\/wp-json\/wp\/v2\/pages\/27464"}],"wp:attachment":[{"href":"https:\/\/mavideniz.com.tr\/tr\/wp-json\/wp\/v2\/media?parent=27488"}],"curies":[{"name":"wp","href":"https:\/\/api.w.org\/{rel}","templated":true}]}}