{"id":27494,"date":"2021-10-16T13:20:02","date_gmt":"2021-10-16T13:20:02","guid":{"rendered":"https:\/\/mavideniz.com.tr\/?page_id=27494"},"modified":"2023-07-01T19:52:34","modified_gmt":"2023-07-01T19:52:34","slug":"ambulans-botu","status":"publish","type":"page","link":"https:\/\/mavideniz.com.tr\/tr\/gemiler-tekneler\/yangin-sondurme-ambulans-botu\/ambulans-botu\/","title":{"rendered":"Ambulans Botu"},"content":{"rendered":"<p><br \/>\nMavi Deniz, Ambulans Botu Hasta nakli, acil m\u00fcdahale, ayakta tedavi, deniz, nehir veya g\u00f6lde t\u0131bbi malzeme transferi i\u00e7in tasarlanm\u0131\u015ft\u0131r.\u00a0 Ambulans Botu, bir karayolu ambulans\u0131na e\u015fde\u011fer t\u0131bbi ekipmanlarla donat\u0131lm\u0131\u015ft\u0131r.<\/p>\n<p>Ambulans Botu, k\u0131y\u0131ya ula\u015fmadan \u00f6nce hastalara ula\u015fmak ve kurtarma \u00e7al\u0131\u015fmalar\u0131na ba\u015flamak i\u00e7in gereken s\u00fcreyi \u00f6nemli \u00f6l\u00e7\u00fcde k\u0131salt\u0131yor. Su ambulans\u0131 t\u00fcm kurallar\u0131 yerine getirir ve t\u0131bbi ekipmanlar EN 1789&#8217;a g\u00f6re de\u011fi\u015fir. Al\u00fcminyumdaki t\u00fcm kaynaklanm\u0131\u015f yap\u0131lar\u0131n g\u00f6vde, deste ve \u00fcst yap\u0131s\u0131, kaynak i\u00e7in elektrik olmayan alanlarda hafif ve kolay y\u00f6netilen g\u00f6vde ve kolay bak\u0131m sa\u011flar.<\/p>\n<p><span id=\"E99\">Ambulans Teknesi m\u00fckemmel bir \u015fekilde uyku, kararl\u0131l\u0131k, sertlik, yuvarlanmaya kar\u015f\u0131 diren\u00e7, ve k\u00fc\u00e7\u00fck operasyonlar ve cerrahi i\u015flemler i\u00e7in nispeten istikrarl\u0131 bir platforma sahiptir. Bunlar deniz, nehir veya g\u00f6l tedavisinde bir ambulans teknesinde arzu edilen \u00f6zelliklerdir ve bunlar\u0131n hepsi de konfor ve g\u00fcvenlik bak\u0131m\u0131ndan \u00f6nemlidir.<\/span><span id=\"E100\"> Ambulans teknesi de Deniz \u015eiddeti 5&#8217;e kadar kullan\u0131m i\u00e7in uygundur.<\/span><\/p>\n<p>Gemiyi teslim ettikten sonra ayn\u0131 performans ve kalitenin y\u0131llar sonra de\u011fi\u015fmedi\u011fini g\u00f6receksiniz, performans ve kaliteyi yakalamak i\u00e7in tek bir neden var, Ucuz \u00fcr\u00fcnleri tercih etmiyoruz, Ambulans\u0131 in\u015fa etmek i\u00e7in en iyi malzeme ve \u00fcr\u00fcnleri se\u00e7iyoruz. Tekne ve ayr\u0131ca en iyi i\u015f\u00e7ileri, m\u00fchendisleri se\u00e7in. Tekne ve \u00fcst yap\u0131, m\u00fc\u015fterinin ge\u00e7erli kodlar\u0131na veya m\u00fc\u015fterinin gereksinimlerine g\u00f6re in\u015fa edilir ve ayr\u0131ca, operasyonel profiliniz ve ihtiya\u00e7lar\u0131n\u0131z i\u00e7in tasar\u0131mlar\u0131 d\u00fczenleyebiliriz.<\/p>\n<p><strong>Ambulans Teknesi Ye\u015fil G\u00fc\u00e7 Se\u00e7enekleri<\/strong><\/p>\n<ul>\n<li>G\u00fcne\u015f Enerjisi Sistemi ile g\u00fc\u00e7lendirilmi\u015ftir<\/li>\n<li>Pil G\u00fc\u00e7 Sistemi ile g\u00fc\u00e7lendirilmi\u015ftir<\/li>\n<li>Hidrojen Yak\u0131t H\u00fccresi Sistemi ile g\u00fc\u00e7lendirilmi\u015ftir<\/li>\n<li>LPG Sistemli<\/li>\n<\/ul>\n<p><strong>\u00d6zellikleri<\/strong><\/p>\n<ul>\n<li>Kabinden ayr\u0131lm\u0131\u015f hasta tedavisi i\u00e7in t\u0131bbi alan<\/li>\n<li>Standart T\u0131bbi Ekipman + T\u0131bbi kurtarma ve canland\u0131rma i\u00e7in \u00f6zel ekipman.<\/li>\n<li>\u015eok emici sedye<\/li>\n<li>Pilot i\u00e7in \u015fok emici koltuklar<\/li>\n<li>T\u0131bbi saklama dolab\u0131<\/li>\n<\/ul>\n<div class=\"wptm_table tablesorter-bootstrap \" data-id=\"54\" data-hightlight=\"0\"><div class=\"wptm_buttons buttons_wptmTbl54\"><\/div><div class=\"wptmresponsive dataTables-wptmtable wptmtable \" id=\"wptmtable54\" data-tableid=\"wptmTbl54\"><table data-count-header=\"1\"  data-format-decimal_count=\"0\" data-format-decimal_symbol=\".\" data-format-symbol_position=\"0\" data-format-thousand_symbol=\",\"  data-format-currency_symbol=\"$\"  data-name-style=\"54_1759813598.css\" data-format=\"YYYY-MM-DD\" id=\"wptmTbl54\" data-id=\"54\" data-responsive=\"false\" data-hideCols=\"false\"  data-type=\"html\" data-paging=\"false\" data-searching=\"true\"  data-ordering=\"false\" data-table-breakpoint=\"980\" data-scroll-x=\"true\" data-scroll-collapse=\"true\" data-align=\"center\" data-range=\"[]\" data-hideColumn=\"[0,0,0,0,0,0,0]\"  data-colwidths=\"[162,162,162,162,162,162,162]\"  data-colwidths_desktop=[]  data-colwidths_tablet=[]  data-colwidths_mobile=[]  class=\"wptm_main_table  disablePager hideScrollHeader\"><colgroup><col data-dtr=\"0\" data-dtc=\"0\" class=\"dtc0\"><col data-dtr=\"0\" data-dtc=\"1\" class=\"dtc1\"><col data-dtr=\"0\" data-dtc=\"2\" class=\"dtc2\"><col data-dtr=\"0\" data-dtc=\"3\" class=\"dtc3\"><col data-dtr=\"0\" data-dtc=\"4\" class=\"dtc4\"><col data-dtr=\"0\" data-dtc=\"5\" class=\"dtc5\"><col data-dtr=\"0\" data-dtc=\"6\" class=\"dtc6\"><\/colgroup><thead><tr class=\"wptm-header-cells-index\"><th rowspan=\"1\" colspan=\"1\" data-dtr=\"0\" data-dtc=\"0\" class=\"dtr0 dtc0\"><\/th><th rowspan=\"1\" colspan=\"1\" data-dtr=\"0\" data-dtc=\"1\" class=\"dtr0 dtc1\"><\/th><th rowspan=\"1\" colspan=\"1\" data-dtr=\"0\" data-dtc=\"2\" class=\"dtr0 dtc2\"><\/th><th rowspan=\"1\" colspan=\"1\" data-dtr=\"0\" data-dtc=\"3\" class=\"dtr0 dtc3\"><\/th><th rowspan=\"1\" colspan=\"1\" data-dtr=\"0\" data-dtc=\"4\" class=\"dtr0 dtc4\"><\/th><th rowspan=\"1\" colspan=\"1\" data-dtr=\"0\" data-dtc=\"5\" class=\"dtr0 dtc5\"><\/th><th rowspan=\"1\" colspan=\"1\" data-dtr=\"0\" data-dtc=\"6\" class=\"dtr0 dtc6\"><\/th><\/tr><tr class=\" row0\"><th   data-priority=\"0\" class=\"dtr0 dtc0\"><\/th><th   data-priority=\"0\" class=\"dtr0 dtc1\">Ambulance 20<\/th><th   data-priority=\"0\" class=\"dtr0 dtc2\">Ambulance 17<\/th><th   data-priority=\"0\" class=\"dtr0 dtc3\">Ambulance 15<\/th><th   data-priority=\"0\" class=\"dtr0 dtc4\">Ambulance 12<\/th><th   data-priority=\"0\" class=\"dtr0 dtc5\">Ambulance 10<\/th><th   data-priority=\"0\" class=\"dtr0 dtc6\">Ambulance 7<\/th><\/thead><tbody><tr class=\" row1\"><td    class=\"dtr1 dtc0\">Material<\/td><td  colspan=\"6\"   class=\"dtr1 dtc1\">Steel | Aluminium | HDPE | GRP<\/td><td  style=\"display: none\"   class=\"dtr1 dtc2\"><\/td><td  style=\"display: none\"   class=\"dtr1 dtc3\"><\/td><td  style=\"display: none\"   class=\"dtr1 dtc4\"><\/td><td  style=\"display: none\"   class=\"dtr1 dtc5\"><\/td><td  style=\"display: none\"   class=\"dtr1 dtc6\"><\/td><\/tr><tr class=\" row2\"><td    class=\"dtr2 dtc0\">Lenght<\/td><td    class=\"dtr2 dtc1\">20 m<\/td><td    class=\"dtr2 dtc2\">17.5 m<\/td><td    class=\"dtr2 dtc3\">15 m<\/td><td    class=\"dtr2 dtc4\">12 m<\/td><td    class=\"dtr2 dtc5\">10 m<\/td><td    class=\"dtr2 dtc6\">7.3 m<\/td><\/tr><tr class=\" row3\"><td    class=\"dtr3 dtc0\">Beam (m)<\/td><td    class=\"dtr3 dtc1\">6 m<\/td><td    class=\"dtr3 dtc2\">5 m<\/td><td    class=\"dtr3 dtc3\">5 m<\/td><td    class=\"dtr3 dtc4\">3,5 m<\/td><td    class=\"dtr3 dtc5\">3 m<\/td><td    class=\"dtr3 dtc6\">2.2 m<\/td><\/tr><tr class=\" row4\"><td    class=\"dtr4 dtc0\">Draught (m)<\/td><td    class=\"dtr4 dtc1\">1,5 m<\/td><td    class=\"dtr4 dtc2\">1,25 m<\/td><td    class=\"dtr4 dtc3\">1.1 m<\/td><td    class=\"dtr4 dtc4\">0.8 m<\/td><td    class=\"dtr4 dtc5\">0.6 m<\/td><td    class=\"dtr4 dtc6\">0.5 m<\/td><\/tr><tr class=\" row5\"><td    class=\"dtr5 dtc0\">Speed<\/td><td  colspan=\"6\"   class=\"dtr5 dtc1\">Max 35 - 18 knots<\/td><td  style=\"display: none\"   class=\"dtr5 dtc2\"><\/td><td  style=\"display: none\"   class=\"dtr5 dtc3\"><\/td><td  style=\"display: none\"   class=\"dtr5 dtc4\"><\/td><td  style=\"display: none\"   class=\"dtr5 dtc5\"><\/td><td  style=\"display: none\"   class=\"dtr5 dtc6\"><\/td><\/tr><tr class=\" row6\"><td    class=\"dtr6 dtc0\">Engine<\/td><td    class=\"dtr6 dtc1\">2 x 600 hp<\/td><td    class=\"dtr6 dtc2\">2 x 500 hp<\/td><td    class=\"dtr6 dtc3\">2 x 450 hp<\/td><td    class=\"dtr6 dtc4\">2 x 300 hp<\/td><td    class=\"dtr6 dtc5\">2 x 150 hp | 1 x 300 hp<\/td><td    class=\"dtr6 dtc6\">2 x 85 hp | 1 x 115 hp<\/td><\/tr><tr class=\" row7\"><td    class=\"dtr7 dtc0\">Propulsion<\/td><td  colspan=\"6\"   class=\"dtr7 dtc1\">Outboard | Fixed Pitch | Stern Drive | Water jet<\/td><td  style=\"display: none\"   class=\"dtr7 dtc2\"><\/td><td  style=\"display: none\"   class=\"dtr7 dtc3\"><\/td><td  style=\"display: none\"   class=\"dtr7 dtc4\"><\/td><td  style=\"display: none\"   class=\"dtr7 dtc5\"><\/td><td  style=\"display: none\"   class=\"dtr7 dtc6\"><\/td><\/tr><tr class=\" row8\"><td    class=\"dtr8 dtc0\">Stretcher<\/td><td    class=\"dtr8 dtc1\">4 - 2 pcs<\/td><td    class=\"dtr8 dtc2\">4 - 2 pcs<\/td><td    class=\"dtr8 dtc3\">2 pcs<\/td><td    class=\"dtr8 dtc4\">2 pcs<\/td><td    class=\"dtr8 dtc5\">2 - 1 pcs<\/td><td    class=\"dtr8 dtc6\">1 pcs<\/td><\/tr><tr class=\" row9\"><td    class=\"dtr9 dtc0\">Ramp<\/td><td  colspan=\"6\"   class=\"dtr9 dtc1\">Bow, Aft or Sides<\/td><td  style=\"display: none\"   class=\"dtr9 dtc2\"><\/td><td  style=\"display: none\"   class=\"dtr9 dtc3\"><\/td><td  style=\"display: none\"   class=\"dtr9 dtc4\"><\/td><td  style=\"display: none\"   class=\"dtr9 dtc5\"><\/td><td  style=\"display: none\"   class=\"dtr9 dtc6\"><\/td><\/tr><\/tbody><tfoot><tr><td class=\"dtr9 dtc0\" style=\"height: 0;\"><\/td><td class=\"dtr9 dtc1\" style=\"height: 0;\"><\/td><td class=\"dtr9 dtc2\" style=\"height: 0;\"><\/td><td class=\"dtr9 dtc3\" style=\"height: 0;\"><\/td><td class=\"dtr9 dtc4\" style=\"height: 0;\"><\/td><td class=\"dtr9 dtc5\" style=\"height: 0;\"><\/td><td class=\"dtr9 dtc6\" style=\"height: 0;\"><\/td><\/tr><\/tfoot><\/table><\/div><style>#wptmtable54 .dataTables_wrapper > .dataTables_scroll {max-height:500px;overflow: auto;}<\/style><script>window.wptm_ajaxurl = 'https:\/\/mavideniz.com.tr\/wp-admin\/admin-ajax.php?juwpfisadmin=false&action=Wptm&'; window.wptm_front = 'https:\/\/mavideniz.com.tr\/wp-content\/plugins\/wp-table-manager\/app\/site\/assets\/'; window.wptm_style = 'https:\/\/mavideniz.com.tr\/wp-content\/uploads\/wptm\/';<\/script><\/div><style><\/style>\n","protected":false},"excerpt":{"rendered":"<p>Mavi Deniz, Ambulans Botu Hasta nakli, acil m\u00fcdahale, ayakta tedavi, deniz, nehir veya g\u00f6lde t\u0131bbi malzeme transferi i\u00e7in tasarlanm\u0131\u015ft\u0131r.\u00a0 Ambulans [&hellip;]<\/p>\n","protected":false},"author":1,"featured_media":0,"parent":27492,"menu_order":0,"comment_status":"closed","ping_status":"closed","template":"","meta":{"site-sidebar-layout":"default","site-content-layout":"","ast-site-content-layout":"default","site-content-style":"default","site-sidebar-style":"default","ast-global-header-display":"","ast-banner-title-visibility":"","ast-main-header-display":"","ast-hfb-above-header-display":"","ast-hfb-below-header-display":"","ast-hfb-mobile-header-display":"","site-post-title":"","ast-breadcrumbs-content":"","ast-featured-img":"","footer-sml-layout":"","ast-disable-related-posts":"","theme-transparent-header-meta":"","adv-header-id-meta":"","stick-header-meta":"","header-above-stick-meta":"","header-main-stick-meta":"","header-below-stick-meta":"","astra-migrate-meta-layouts":"default","ast-page-background-enabled":"default","ast-page-background-meta":{"desktop":{"background-color":"var(--ast-global-color-5)","background-image":"","background-repeat":"repeat","background-position":"center center","background-size":"auto","background-attachment":"scroll","background-type":"","background-media":"","overlay-type":"","overlay-color":"","overlay-opacity":"","overlay-gradient":""},"tablet":{"background-color":"","background-image":"","background-repeat":"repeat","background-position":"center center","background-size":"auto","background-attachment":"scroll","background-type":"","background-media":"","overlay-type":"","overlay-color":"","overlay-opacity":"","overlay-gradient":""},"mobile":{"background-color":"","background-image":"","background-repeat":"repeat","background-position":"center center","background-size":"auto","background-attachment":"scroll","background-type":"","background-media":"","overlay-type":"","overlay-color":"","overlay-opacity":"","overlay-gradient":""}},"ast-content-background-meta":{"desktop":{"background-color":"var(--ast-global-color-4)","background-image":"","background-repeat":"repeat","background-position":"center center","background-size":"auto","background-attachment":"scroll","background-type":"","background-media":"","overlay-type":"","overlay-color":"","overlay-opacity":"","overlay-gradient":""},"tablet":{"background-color":"var(--ast-global-color-4)","background-image":"","background-repeat":"repeat","background-position":"center center","background-size":"auto","background-attachment":"scroll","background-type":"","background-media":"","overlay-type":"","overlay-color":"","overlay-opacity":"","overlay-gradient":""},"mobile":{"background-color":"var(--ast-global-color-4)","background-image":"","background-repeat":"repeat","background-position":"center center","background-size":"auto","background-attachment":"scroll","background-type":"","background-media":"","overlay-type":"","overlay-color":"","overlay-opacity":"","overlay-gradient":""}},"footnotes":""},"class_list":["post-27494","page","type-page","status-publish","hentry"],"_links":{"self":[{"href":"https:\/\/mavideniz.com.tr\/tr\/wp-json\/wp\/v2\/pages\/27494","targetHints":{"allow":["GET"]}}],"collection":[{"href":"https:\/\/mavideniz.com.tr\/tr\/wp-json\/wp\/v2\/pages"}],"about":[{"href":"https:\/\/mavideniz.com.tr\/tr\/wp-json\/wp\/v2\/types\/page"}],"author":[{"embeddable":true,"href":"https:\/\/mavideniz.com.tr\/tr\/wp-json\/wp\/v2\/users\/1"}],"replies":[{"embeddable":true,"href":"https:\/\/mavideniz.com.tr\/tr\/wp-json\/wp\/v2\/comments?post=27494"}],"version-history":[{"count":0,"href":"https:\/\/mavideniz.com.tr\/tr\/wp-json\/wp\/v2\/pages\/27494\/revisions"}],"up":[{"embeddable":true,"href":"https:\/\/mavideniz.com.tr\/tr\/wp-json\/wp\/v2\/pages\/27492"}],"wp:attachment":[{"href":"https:\/\/mavideniz.com.tr\/tr\/wp-json\/wp\/v2\/media?parent=27494"}],"curies":[{"name":"wp","href":"https:\/\/api.w.org\/{rel}","templated":true}]}}