{"id":27499,"date":"2021-10-16T13:44:30","date_gmt":"2021-10-16T13:44:30","guid":{"rendered":"https:\/\/mavideniz.com.tr\/?page_id=27499"},"modified":"2023-07-01T20:19:53","modified_gmt":"2023-07-01T20:19:53","slug":"yangin-sondurme-kurtarma-botu","status":"publish","type":"page","link":"https:\/\/mavideniz.com.tr\/tr\/gemiler-tekneler\/yangin-sondurme-ambulans-botu\/yangin-sondurme-kurtarma-botu\/","title":{"rendered":"Yang\u0131n S\u00f6nd\u00fcrme + Kurtarma Botu"},"content":{"rendered":"<p><br \/>\nMavideniz \u0130tfaiye ve Kurtarma botu, k\u0131y\u0131ya yak\u0131n acil durumlar, limanlar, marina, g\u00f6ller, i\u00e7 su yollar\u0131 i\u00e7in h\u0131zl\u0131, yang\u0131nla m\u00fccadele, kurtarma g\u00f6revleri ve acil m\u00fcdahale operasyonlar\u0131 i\u00e7in tasarlanm\u0131\u015ft\u0131r. K\u00fc\u00e7\u00fckten b\u00fcy\u00fc\u011fe \u0130tfaiye ve Kurtarma botu modellerimiz mevcuttur. \u0130tfaiye botu tasar\u0131m\u0131, s\u0131\u011f veya eri\u015filemeyen sularda \u00e7al\u0131\u015fmaya izin verir ve k\u00fc\u00e7\u00fck model i\u00e7in k\u0131y\u0131ya yak\u0131n ve en k\u00fc\u00e7\u00fck marinalar\u0131n \u00e7evresinde manevra yapabilir.<\/p>\n<p>Yang\u0131n S\u00f6nd\u00fcrme Botu + Kurtarma Botu, iki ila be\u015f uzaktan kumandal\u0131 yang\u0131n monit\u00f6r\u00fc ile donat\u0131labilir. Fire Boat, s\u0131cak noktalar\u0131 g\u00f6r\u00fcnt\u00fclemek ve su ve k\u00f6p\u00fc\u011f\u00fc gerekti\u011fi gibi y\u00f6nlendirmek i\u00e7in y\u00fcksek fribord konteyner gemilerinin g\u00fcvertesine ula\u015fmak i\u00e7in kameralar ve bir yang\u0131n nozulu ile donat\u0131lm\u0131\u015f arka g\u00fcvertede bir vin\u00e7e sahiptir. \u0130tfaiye Botu + Kurtarma Botu, ikiz 4 zamanl\u0131 D\u0131\u015ftan Takmal\u0131 Motor veya \u0130\u00e7ten Takmal\u0131 motor ile yap\u0131land\u0131r\u0131labilir. 7000 GPM&#8217;den fazla pompalayabilen bir \u00e7ift yang\u0131n pompas\u0131 ile donat\u0131lm\u0131\u015f olan gemi ayr\u0131ca bir k\u00f6p\u00fck kayna\u011f\u0131 da ta\u015f\u0131yabilir.<\/p>\n<p>\u0130tfaiye Botu + Kurtarma Botu Teknede jenerat\u00f6r, \u0131s\u0131tma, havaland\u0131rma ve klima ile donat\u0131lm\u0131\u015f gemi konforlu bir mobil komuta merkezidir. Kabin, yaral\u0131 hastalar\u0131n \u00f6zel depolama, gerdirme, yang\u0131n, m\u00fcdahale ve t\u0131bbi ekipmanla bak\u0131m yapmas\u0131na izin verebilir. Ancak, t\u00fcm \u0130tfaiye Botu + Kurtarma Botu modelleri, i\u00e7 mekan\u0131 hava kaynakl\u0131 kirliklerden koruyan bir CBRNE (Kimyasal Biyolojik Radyasyon N\u00fckleer Ortam\u0131) sistemi ile donat\u0131labilir. \u00d6n hava kilidi, m\u00fcrettebat\u0131n alana girip girmesine ve i\u00e7 alanlar\u0131n kirlenmesini \u00f6nlemesine izin verir. Bu, ekibin acil bir durumda hareketi engelleyebilecek radyo kablolar\u0131na veya solunum cihazlar\u0131na ba\u011fl\u0131 olmadan gemiyi \u00e7al\u0131\u015ft\u0131rmas\u0131n\u0131 sa\u011flar. Yang\u0131n Kurtarma Botu, D\u00f6k\u00fclme\/Kirlilik M\u00fcdahalesinin ilk a\u015famas\u0131nda da yard\u0131mc\u0131 olabilir ve bu durumlar\u0131n gereksinimlerini kar\u015f\u0131lamak i\u00e7in tam donan\u0131ml\u0131d\u0131r. Petrol muhafaza bomlar\u0131 ve kurtarma deniz s\u00fcp\u00fcr\u00fcc\u00fclerinin yan\u0131 s\u0131ra nakliye ekipman\u0131 vb. ta\u015f\u0131yabilir.<\/p>\n<p>\u0130tfaiye ve Kurtarma botunu teslim ettikten sonra ayn\u0131 performans ve kalitenin y\u0131llar sonra de\u011fi\u015fmedi\u011fini g\u00f6receksiniz, performans ve kaliteyi yakalamak i\u00e7in bir neden var, Ucuz \u00fcr\u00fcnleri tercih etmiyoruz, en iyi malzeme ve \u00fcr\u00fcnleri se\u00e7iyoruz. \u0130tfaiye ve Kurtarma botunu in\u015fa etmek ve ayr\u0131ca en iyi i\u015f\u00e7ileri, m\u00fchendisleri se\u00e7mek. Operasyonel profiliniz ve gereksinimleriniz i\u00e7in tasar\u0131m ve ekipman\u0131 ayarlayabiliriz.<\/p>\n<p><strong>Ambulans Teknesi Ye\u015fil G\u00fc\u00e7 Se\u00e7enekleri<\/strong><\/p>\n<ul>\n<li>G\u00fcne\u015f Enerjisi Sistemi ile g\u00fc\u00e7lendirilmi\u015ftir<\/li>\n<li>Pil G\u00fc\u00e7 Sistemi ile g\u00fc\u00e7lendirilmi\u015ftir<\/li>\n<li>Hidrojen Yak\u0131t H\u00fccresi Sistemi ile g\u00fc\u00e7lendirilmi\u015ftir<\/li>\n<li>LPG Sistemli<\/li>\n<\/ul>\n<p><strong>\u00d6zellikleri<\/strong><\/p>\n<ul>\n<li>D\u00fc\u015f\u00fck Yak\u0131t T\u00fcketimi<\/li>\n<li>K\u0131sa ve g\u00fcvenilir teslimat s\u00fcreleri<\/li>\n<li>Rekabet\u00e7i fiyatland\u0131rma<\/li>\n<li>Modern ergonomik tasar\u0131m<\/li>\n<li>\u0130yile\u015ftirilmi\u015f Stabilite ve G\u00fcvenlik<\/li>\n<li>D\u00f6k\u00fclme \/ Kirlilik yan\u0131t\u0131<\/li>\n<li>S\u0131\u011f su Manevra Kabiliyeti<\/li>\n<\/ul>\n<div class=\"wptm_table tablesorter-bootstrap \" data-id=\"55\" data-hightlight=\"0\"><div class=\"wptm_buttons buttons_wptmTbl55\"><\/div><div class=\"wptmresponsive dataTables-wptmtable wptmtable \" id=\"wptmtable55\" data-tableid=\"wptmTbl55\"><table data-count-header=\"1\"  data-format-decimal_count=\"0\" data-format-decimal_symbol=\".\" data-format-symbol_position=\"0\" data-format-thousand_symbol=\",\"  data-format-currency_symbol=\"$\"  data-name-style=\"55_1759813505.css\" data-format=\"YYYY-MM-DD\" id=\"wptmTbl55\" data-id=\"55\" data-responsive=\"false\" data-hideCols=\"false\"  data-type=\"html\" data-paging=\"false\" data-searching=\"true\"  data-ordering=\"false\" data-table-breakpoint=\"980\" data-scroll-x=\"true\" data-scroll-collapse=\"true\" data-align=\"center\" data-range=\"[]\" data-hideColumn=\"[0,0,0,0,0,0,0]\"  data-colwidths=\"[162,162,162,162,162,162,162]\"  data-colwidths_desktop=[]  data-colwidths_tablet=[]  data-colwidths_mobile=[]  class=\"wptm_main_table  disablePager hideScrollHeader\"><colgroup><col data-dtr=\"0\" data-dtc=\"0\" class=\"dtc0\"><col data-dtr=\"0\" data-dtc=\"1\" class=\"dtc1\"><col data-dtr=\"0\" data-dtc=\"2\" class=\"dtc2\"><col data-dtr=\"0\" data-dtc=\"3\" class=\"dtc3\"><col data-dtr=\"0\" data-dtc=\"4\" class=\"dtc4\"><col data-dtr=\"0\" data-dtc=\"5\" class=\"dtc5\"><col data-dtr=\"0\" data-dtc=\"6\" class=\"dtc6\"><\/colgroup><thead><tr class=\"wptm-header-cells-index\"><th rowspan=\"1\" colspan=\"1\" data-dtr=\"0\" data-dtc=\"0\" class=\"dtr0 dtc0\"><\/th><th rowspan=\"1\" colspan=\"1\" data-dtr=\"0\" data-dtc=\"1\" class=\"dtr0 dtc1\"><\/th><th rowspan=\"1\" colspan=\"1\" data-dtr=\"0\" data-dtc=\"2\" class=\"dtr0 dtc2\"><\/th><th rowspan=\"1\" colspan=\"1\" data-dtr=\"0\" data-dtc=\"3\" class=\"dtr0 dtc3\"><\/th><th rowspan=\"1\" colspan=\"1\" data-dtr=\"0\" data-dtc=\"4\" class=\"dtr0 dtc4\"><\/th><th rowspan=\"1\" colspan=\"1\" data-dtr=\"0\" data-dtc=\"5\" class=\"dtr0 dtc5\"><\/th><th rowspan=\"1\" colspan=\"1\" data-dtr=\"0\" data-dtc=\"6\" class=\"dtr0 dtc6\"><\/th><\/tr><tr class=\" row0\"><th   data-priority=\"0\" class=\"dtr0 dtc0\"><\/th><th   data-priority=\"0\" class=\"dtr0 dtc1\">Fire Boat 22<\/th><th   data-priority=\"0\" class=\"dtr0 dtc2\">Fire Boat 20<\/th><th   data-priority=\"0\" class=\"dtr0 dtc3\">Fire Boat 18<\/th><th   data-priority=\"0\" class=\"dtr0 dtc4\">Fire Boat 15<\/th><th   data-priority=\"0\" class=\"dtr0 dtc5\">Fire Boat 12<\/th><th   data-priority=\"0\" class=\"dtr0 dtc6\">Fire Boat 9<\/th><\/thead><tbody><tr class=\" row1\"><td    class=\"dtr1 dtc0\">Length<\/td><td    class=\"dtr1 dtc1\">22 m<\/td><td    class=\"dtr1 dtc2\">20 m<\/td><td    class=\"dtr1 dtc3\">18 m<\/td><td    class=\"dtr1 dtc4\">15 m<\/td><td    class=\"dtr1 dtc5\">12 m<\/td><td    class=\"dtr1 dtc6\">9 m<\/td><\/tr><tr class=\" row2\"><td    class=\"dtr2 dtc0\">Beam<\/td><td    class=\"dtr2 dtc1\">6.5 m<\/td><td    class=\"dtr2 dtc2\">5.7 m<\/td><td    class=\"dtr2 dtc3\">5.7 m<\/td><td    class=\"dtr2 dtc4\">4 m<\/td><td    class=\"dtr2 dtc5\">3.5 m<\/td><td    class=\"dtr2 dtc6\">3 m<\/td><\/tr><tr class=\" row3\"><td    class=\"dtr3 dtc0\">Draft<\/td><td    class=\"dtr3 dtc1\">1 m<\/td><td    class=\"dtr3 dtc2\">1.4 m<\/td><td    class=\"dtr3 dtc3\">1.4 m<\/td><td    class=\"dtr3 dtc4\">0.6 m<\/td><td    class=\"dtr3 dtc5\">0.5 m<\/td><td    class=\"dtr3 dtc6\">0.4 m<\/td><\/tr><tr class=\" row4\"><td    class=\"dtr4 dtc0\">Material<\/td><td  colspan=\"6\"   class=\"dtr4 dtc1\">Steel | Aluminium | HDPE | GRP<\/td><td  style=\"display: none\"   class=\"dtr4 dtc2\"><\/td><td  style=\"display: none\"   class=\"dtr4 dtc3\"><\/td><td  style=\"display: none\"   class=\"dtr4 dtc4\"><\/td><td  style=\"display: none\"   class=\"dtr4 dtc5\"><\/td><td  style=\"display: none\"   class=\"dtr4 dtc6\"><\/td><\/tr><tr class=\" row5\"><td    class=\"dtr5 dtc0\">Fire Pump<\/td><td    class=\"dtr5 dtc1\">2 x 7,000 GPM<\/td><td    class=\"dtr5 dtc2\">2 x 6,500 GPM<\/td><td    class=\"dtr5 dtc3\">2 x 5,000 GPM<\/td><td    class=\"dtr5 dtc4\">2 x 4,000 GPM<\/td><td    class=\"dtr5 dtc5\">2 x 3,000 GPM<\/td><td    class=\"dtr5 dtc6\">2 x 2,500 GPM<\/td><\/tr><tr class=\" row6\"><td    class=\"dtr6 dtc0\">Monitors<\/td><td    class=\"dtr6 dtc1\">3 x bow \/ 1 x stern<\/td><td    class=\"dtr6 dtc2\">2 x bow \/ 2 x stern<\/td><td    class=\"dtr6 dtc3\">3 x bow \/ 1 x stern<\/td><td    class=\"dtr6 dtc4\">2 x bow \/ 1 x stern<\/td><td    class=\"dtr6 dtc5\">1 x bow \/ 1 x stern<\/td><td    class=\"dtr6 dtc6\">1 x bow \/ 1 x stern<\/td><\/tr><tr class=\" row7\"><td    class=\"dtr7 dtc0\">Engine<\/td><td    class=\"dtr7 dtc1\">2 x 1200 bhp<\/td><td    class=\"dtr7 dtc2\">2 x 900 bhp<\/td><td    class=\"dtr7 dtc3\">2 x 750 bhp<\/td><td    class=\"dtr7 dtc4\">2 x 500 bhp<\/td><td    class=\"dtr7 dtc5\">2 x 300 bhp<\/td><td    class=\"dtr7 dtc6\">2 x 200 bhp<\/td><\/tr><tr class=\" row8\"><td    class=\"dtr8 dtc0\">Propellers<\/td><td  colspan=\"6\"   class=\"dtr8 dtc1\">Waterjet \/ Fixed Pitch \/ Outboard<\/td><td  style=\"display: none\"   class=\"dtr8 dtc2\"><\/td><td  style=\"display: none\"   class=\"dtr8 dtc3\"><\/td><td  style=\"display: none\"   class=\"dtr8 dtc4\"><\/td><td  style=\"display: none\"   class=\"dtr8 dtc5\"><\/td><td  style=\"display: none\"   class=\"dtr8 dtc6\"><\/td><\/tr><tr class=\" row9\"><td    class=\"dtr9 dtc0\">Speed<\/td><td    class=\"dtr9 dtc1\">Max 40 - 22 Knots<\/td><td    class=\"dtr9 dtc2\">Max 40 - 19 Knots<\/td><td    class=\"dtr9 dtc3\">Max 40 - 22 Knots<\/td><td    class=\"dtr9 dtc4\">Max 40 - 22 Knots<\/td><td    class=\"dtr9 dtc5\">Max 40 - 22 Knots<\/td><td    class=\"dtr9 dtc6\">Max 40 - 22<\/td><\/tr><\/tbody><tfoot><tr><td class=\"dtr9 dtc0\" style=\"height: 0;\"><\/td><td class=\"dtr9 dtc1\" style=\"height: 0;\"><\/td><td class=\"dtr9 dtc2\" style=\"height: 0;\"><\/td><td class=\"dtr9 dtc3\" style=\"height: 0;\"><\/td><td class=\"dtr9 dtc4\" style=\"height: 0;\"><\/td><td class=\"dtr9 dtc5\" style=\"height: 0;\"><\/td><td class=\"dtr9 dtc6\" style=\"height: 0;\"><\/td><\/tr><\/tfoot><\/table><\/div><style>#wptmtable55 .dataTables_wrapper > .dataTables_scroll {max-height:500px;overflow: auto;}<\/style><script>window.wptm_ajaxurl = 'https:\/\/mavideniz.com.tr\/wp-admin\/admin-ajax.php?juwpfisadmin=false&action=Wptm&'; window.wptm_front = 'https:\/\/mavideniz.com.tr\/wp-content\/plugins\/wp-table-manager\/app\/site\/assets\/'; window.wptm_style = 'https:\/\/mavideniz.com.tr\/wp-content\/uploads\/wptm\/';<\/script><\/div><style><\/style>\n","protected":false},"excerpt":{"rendered":"<p>Mavideniz \u0130tfaiye ve Kurtarma botu, k\u0131y\u0131ya yak\u0131n acil durumlar, limanlar, marina, g\u00f6ller, i\u00e7 su yollar\u0131 i\u00e7in h\u0131zl\u0131, yang\u0131nla m\u00fccadele, kurtarma [&hellip;]<\/p>\n","protected":false},"author":1,"featured_media":0,"parent":27492,"menu_order":0,"comment_status":"closed","ping_status":"closed","template":"","meta":{"site-sidebar-layout":"default","site-content-layout":"","ast-site-content-layout":"default","site-content-style":"default","site-sidebar-style":"default","ast-global-header-display":"","ast-banner-title-visibility":"","ast-main-header-display":"","ast-hfb-above-header-display":"","ast-hfb-below-header-display":"","ast-hfb-mobile-header-display":"","site-post-title":"","ast-breadcrumbs-content":"","ast-featured-img":"","footer-sml-layout":"","ast-disable-related-posts":"","theme-transparent-header-meta":"","adv-header-id-meta":"","stick-header-meta":"","header-above-stick-meta":"","header-main-stick-meta":"","header-below-stick-meta":"","astra-migrate-meta-layouts":"default","ast-page-background-enabled":"default","ast-page-background-meta":{"desktop":{"background-color":"var(--ast-global-color-5)","background-image":"","background-repeat":"repeat","background-position":"center center","background-size":"auto","background-attachment":"scroll","background-type":"","background-media":"","overlay-type":"","overlay-color":"","overlay-opacity":"","overlay-gradient":""},"tablet":{"background-color":"","background-image":"","background-repeat":"repeat","background-position":"center center","background-size":"auto","background-attachment":"scroll","background-type":"","background-media":"","overlay-type":"","overlay-color":"","overlay-opacity":"","overlay-gradient":""},"mobile":{"background-color":"","background-image":"","background-repeat":"repeat","background-position":"center center","background-size":"auto","background-attachment":"scroll","background-type":"","background-media":"","overlay-type":"","overlay-color":"","overlay-opacity":"","overlay-gradient":""}},"ast-content-background-meta":{"desktop":{"background-color":"var(--ast-global-color-4)","background-image":"","background-repeat":"repeat","background-position":"center center","background-size":"auto","background-attachment":"scroll","background-type":"","background-media":"","overlay-type":"","overlay-color":"","overlay-opacity":"","overlay-gradient":""},"tablet":{"background-color":"var(--ast-global-color-4)","background-image":"","background-repeat":"repeat","background-position":"center center","background-size":"auto","background-attachment":"scroll","background-type":"","background-media":"","overlay-type":"","overlay-color":"","overlay-opacity":"","overlay-gradient":""},"mobile":{"background-color":"var(--ast-global-color-4)","background-image":"","background-repeat":"repeat","background-position":"center center","background-size":"auto","background-attachment":"scroll","background-type":"","background-media":"","overlay-type":"","overlay-color":"","overlay-opacity":"","overlay-gradient":""}},"footnotes":""},"class_list":["post-27499","page","type-page","status-publish","hentry"],"_links":{"self":[{"href":"https:\/\/mavideniz.com.tr\/tr\/wp-json\/wp\/v2\/pages\/27499","targetHints":{"allow":["GET"]}}],"collection":[{"href":"https:\/\/mavideniz.com.tr\/tr\/wp-json\/wp\/v2\/pages"}],"about":[{"href":"https:\/\/mavideniz.com.tr\/tr\/wp-json\/wp\/v2\/types\/page"}],"author":[{"embeddable":true,"href":"https:\/\/mavideniz.com.tr\/tr\/wp-json\/wp\/v2\/users\/1"}],"replies":[{"embeddable":true,"href":"https:\/\/mavideniz.com.tr\/tr\/wp-json\/wp\/v2\/comments?post=27499"}],"version-history":[{"count":0,"href":"https:\/\/mavideniz.com.tr\/tr\/wp-json\/wp\/v2\/pages\/27499\/revisions"}],"up":[{"embeddable":true,"href":"https:\/\/mavideniz.com.tr\/tr\/wp-json\/wp\/v2\/pages\/27492"}],"wp:attachment":[{"href":"https:\/\/mavideniz.com.tr\/tr\/wp-json\/wp\/v2\/media?parent=27499"}],"curies":[{"name":"wp","href":"https:\/\/api.w.org\/{rel}","templated":true}]}}