{"id":27517,"date":"2021-10-16T15:09:12","date_gmt":"2021-10-16T15:09:12","guid":{"rendered":"https:\/\/mavideniz.com.tr\/?page_id=27517"},"modified":"2023-07-01T21:07:41","modified_gmt":"2023-07-01T21:07:41","slug":"gemi-atiklarini-bosaltma-mavnasi","status":"publish","type":"page","link":"https:\/\/mavideniz.com.tr\/tr\/gemiler-tekneler\/marpol-atik-toplama-gemisi-mavnasi\/gemi-atiklarini-bosaltma-mavnasi\/","title":{"rendered":"\u00c7\u00f6p Mavnas\u0131"},"content":{"rendered":"\n<p>\u00c7\u00f6p Mavnas\u0131 \u00e7\u00f6p, enkaz ve at\u0131klar\u0131 saklamak ve ta\u015f\u0131mak i\u00e7in tasarlanm\u0131\u015ft\u0131r.<\/p>\n<p><strong>GEM\u0130LERDEN TOPLANAN ATIK T\u00dcRLER\u0130<\/strong><\/p>\n<p>1) Gemilerin normal faaliyetlerinden kaynaklanan Marpol 73\/78 Ek-I kapsam\u0131ndaki Petrol ve Ya\u011f teslimi at\u0131klar;<\/p>\n<p>Sintine: Gemi, batardo, antrepo ve benzeri gemi b\u00f6l\u00fcmlerinin makine ve yard\u0131mc\u0131 alt tanklar\u0131nda olu\u015fan s\u00fcz\u00fclen su ve ya\u011fl\u0131 at\u0131ksu.<br \/>\n\u00c7amur: Makine dairelerinde, gemilerin yak\u0131t tanklar\u0131nda veya petrol tankerlerinin kargo tanklar\u0131nda olu\u015fan tortu ve ya\u011fl\u0131 tortulardan olu\u015fan \u00e7amur.<br \/>\nSu birikintisi: Gemilerin kargo tanklar\u0131nda olu\u015fan tank y\u0131kama suyu, slop tanklar\u0131nda biriken ya\u011fl\u0131 su at\u0131klar\u0131 dahil.<br \/>\nKirli Balast: Gemiden denize b\u0131rak\u0131ld\u0131\u011f\u0131nda, su \u00fczerinde veya k\u0131y\u0131 \u015feridinde Petrol, Petrol t\u00fcrevi lekeler veya petrol lekelerinin g\u00f6r\u00fcn\u00fcm\u00fcne neden olan veya su \u00fczerinde veya su alt\u0131nda renk de\u011fi\u015fiklikleri olu\u015fturan veya s\u00fcspansiyon halinde kat\u0131 madde\/em\u00fclsiyon birikmesine neden olan balast suyu.<br \/>\nAt\u0131k ya\u011f: Gemide birincil makineler ve yard\u0131mc\u0131 makineler taraf\u0131ndan kullan\u0131ld\u0131ktan sonra \u00f6zelli\u011fini kaybeden kirli ya\u011flar. Kat\u0131 \u00e7amur: Geminin ya\u011f tank\u0131n\u0131n dibinde kat\u0131la\u015fan ya\u011f \u00e7amuru.<\/p>\n<p>2) Marpol 73\/78 Ek-IV kapsam\u0131ndaki at\u0131ksu\/kanalizasyon: kanalizasyon: tuvalet, pisuar ve klozet frengilerinden kaynaklanan at\u0131klar, revir, dispanser ve hastanelerdeki lavabo, frengi ve lavabolardan kaynaklanan s\u0131v\u0131 at\u0131klar, canl\u0131 hayvanlar veya di\u011fer at\u0131k sular bunlara kar\u0131\u015f\u0131yor.<\/p>\n<p>3) Marpol 73\/78 Ek-V kapsam\u0131ndaki \u00e7\u00f6p\/\u00e7\u00f6p at\u0131klar\u0131: \u00e7\u00f6p: geminin ola\u011fan \u00e7al\u0131\u015fmas\u0131 nedeniyle olu\u015fan ve Marpol 73\/78 ek-V kapsam\u0131nda olu\u015fan belediye ve i\u015fletme kat\u0131 at\u0131ksular\u0131.<\/p>\n<p>Kategori-1: plastik<br \/>\nKategori-2: y\u00fczer; kaz\u0131k aletleri, kaplama veya paketleme malzemeleri<br \/>\nKategori-3: zemin; ka\u011f\u0131t \u00fcr\u00fcnleri, art\u0131klar, cam, metal, \u015fi\u015feler<br \/>\nKategori-4: ka\u011f\u0131t \u00fcr\u00fcnleri, art\u0131klar, cam, metal, \u015fi\u015feler, \u00e7anak \u00e7\u00f6mlek<br \/>\nKategori-5: g\u0131da at\u0131klar\u0131<br \/>\nKategori-6: A\u011f\u0131r metal at\u0131klar\u0131 veya toksik plastik \u00fcr\u00fcnlerden olu\u015fanlar hari\u00e7 f\u0131r\u0131n k\u00fclleri<\/p>\n<div class=\"wptm_table tablesorter-bootstrap \" data-id=\"145\" data-hightlight=\"0\"><div class=\"wptm_buttons buttons_wptmTbl145\"><\/div><div class=\"wptmresponsive dataTables-wptmtable wptmtable \" id=\"wptmtable145\" data-tableid=\"wptmTbl145\"><table data-count-header=\"1\"  data-format-decimal_count=\"0\" data-format-decimal_symbol=\".\" data-format-symbol_position=\"0\" data-format-thousand_symbol=\",\"  data-format-currency_symbol=\"$\"  data-name-style=\"145_1757436280.css\" data-format=\"YYYY-MM-DD\" id=\"wptmTbl145\" data-id=\"145\" data-responsive=\"false\" data-hideCols=\"false\"  data-type=\"html\" data-paging=\"false\" data-searching=\"true\"  data-ordering=\"false\" data-table-breakpoint=\"980\" data-scroll-x=\"true\" data-scroll-collapse=\"true\" data-align=\"center\" data-range=\"[]\" data-hideColumn=\"[0,0,0,0,0,0,0,0]\"  data-colwidths=\"[140,140,140,140,140,140,140,140]\"  data-colwidths_desktop=[]  data-colwidths_tablet=[]  data-colwidths_mobile=[]  class=\"wptm_main_table  disablePager hideScrollHeader\"><colgroup><col data-dtr=\"0\" data-dtc=\"0\" class=\"dtc0\"><col data-dtr=\"0\" data-dtc=\"1\" class=\"dtc1\"><col data-dtr=\"0\" data-dtc=\"2\" class=\"dtc2\"><col data-dtr=\"0\" data-dtc=\"3\" class=\"dtc3\"><col data-dtr=\"0\" data-dtc=\"4\" class=\"dtc4\"><col data-dtr=\"0\" data-dtc=\"5\" class=\"dtc5\"><col data-dtr=\"0\" data-dtc=\"6\" class=\"dtc6\"><col data-dtr=\"0\" data-dtc=\"7\" class=\"dtc7\"><\/colgroup><thead><tr class=\"wptm-header-cells-index dnone\"><th rowspan=\"1\" colspan=\"1\" data-dtr=\"0\" data-dtc=\"0\" class=\"dtr0 dtc0\"><\/th><th rowspan=\"1\" colspan=\"1\" data-dtr=\"0\" data-dtc=\"1\" class=\"dtr0 dtc1\"><\/th><th rowspan=\"1\" colspan=\"1\" data-dtr=\"0\" data-dtc=\"2\" class=\"dtr0 dtc2\"><\/th><th rowspan=\"1\" colspan=\"1\" data-dtr=\"0\" data-dtc=\"3\" class=\"dtr0 dtc3\"><\/th><th rowspan=\"1\" colspan=\"1\" data-dtr=\"0\" data-dtc=\"4\" class=\"dtr0 dtc4\"><\/th><th rowspan=\"1\" colspan=\"1\" data-dtr=\"0\" data-dtc=\"5\" class=\"dtr0 dtc5\"><\/th><th rowspan=\"1\" colspan=\"1\" data-dtr=\"0\" data-dtc=\"6\" class=\"dtr0 dtc6\"><\/th><th rowspan=\"1\" colspan=\"1\" data-dtr=\"0\" data-dtc=\"7\" class=\"dtr0 dtc7\"><\/th><\/tr><tr class=\" row0\"><th   data-priority=\"0\" class=\"dtr0 dtc0\"><\/th><th   data-priority=\"0\" class=\"dtr0 dtc1\">GB 5<\/th><th   data-priority=\"0\" class=\"dtr0 dtc2\">GB 10<\/th><th   data-priority=\"0\" class=\"dtr0 dtc3\">GB 20<\/th><th   data-priority=\"0\" class=\"dtr0 dtc4\">GB 30<\/th><th   data-priority=\"0\" class=\"dtr0 dtc5\">GB 40<\/th><th   data-priority=\"0\" class=\"dtr0 dtc6\">GB 50<\/th><th   data-priority=\"0\" class=\"dtr0 dtc7\">GB 60<\/th><\/thead><tbody><tr class=\" row1\"><td    class=\"dtr1 dtc0\">Material<\/td><td    class=\"dtr1 dtc1\">Steel<\/td><td    class=\"dtr1 dtc2\">Steel<\/td><td    class=\"dtr1 dtc3\">Steel<\/td><td    class=\"dtr1 dtc4\">Steel<\/td><td    class=\"dtr1 dtc5\">Steel<\/td><td    class=\"dtr1 dtc6\">Steel<\/td><td    class=\"dtr1 dtc7\">Steel<\/td><\/tr><tr class=\" row2\"><td    class=\"dtr2 dtc0\">Length<\/td><td    class=\"dtr2 dtc1\">5 m<\/td><td    class=\"dtr2 dtc2\">10 m<\/td><td    class=\"dtr2 dtc3\">20 m<\/td><td    class=\"dtr2 dtc4\">30 m<\/td><td    class=\"dtr2 dtc5\">40 m<\/td><td    class=\"dtr2 dtc6\">50 m<\/td><td    class=\"dtr2 dtc7\">60 m<\/td><\/tr><tr class=\" row3\"><td    class=\"dtr3 dtc0\">Width<\/td><td    class=\"dtr3 dtc1\">8 m<\/td><td    class=\"dtr3 dtc2\">3 m<\/td><td    class=\"dtr3 dtc3\">6 m<\/td><td    class=\"dtr3 dtc4\">8 m<\/td><td    class=\"dtr3 dtc5\">8 m<\/td><td    class=\"dtr3 dtc6\">8 \/ 11 \/ 13 \/ 16 m<\/td><td    class=\"dtr3 dtc7\">8 \/ 11 \/ 13 \/ 16 m<\/td><\/tr><tr class=\" row4\"><td    class=\"dtr4 dtc0\">Depth<\/td><td    class=\"dtr4 dtc1\">1 m<\/td><td    class=\"dtr4 dtc2\">1 m<\/td><td    class=\"dtr4 dtc3\">1.5 m<\/td><td    class=\"dtr4 dtc4\">2.5 m<\/td><td    class=\"dtr4 dtc5\">2.5 m<\/td><td    class=\"dtr4 dtc6\">2.5 - 4.5 m<\/td><td    class=\"dtr4 dtc7\">2.5 - 4.5 m<\/td><\/tr><tr class=\" row5\"><td    class=\"dtr5 dtc0\">Cargo Capacity<\/td><td    class=\"dtr5 dtc1\">6 m3<\/td><td    class=\"dtr5 dtc2\">12 m3<\/td><td    class=\"dtr5 dtc3\">250 m3<\/td><td    class=\"dtr5 dtc4\">490 m3<\/td><td    class=\"dtr5 dtc5\">690 m3<\/td><td    class=\"dtr5 dtc6\">900 - 2000 m3<\/td><td    class=\"dtr5 dtc7\">1050 - 3500 m3<\/td><\/tr><tr class=\" row6\"><td    class=\"dtr6 dtc0\">Optional<\/td><td  colspan=\"7\"   class=\"dtr6 dtc1\">Fendering | Navigation Light | Anchor-Mooring | Anti-Fooling | Hatch cover | Propulsion System | Sea Surface Garbage Collector | Grab Crane<\/td><td  style=\"display: none\"   class=\"dtr6 dtc2\"><\/td><td  style=\"display: none\"   class=\"dtr6 dtc3\"><\/td><td  style=\"display: none\"   class=\"dtr6 dtc4\"><\/td><td  style=\"display: none\"   class=\"dtr6 dtc5\"><\/td><td  style=\"display: none\"   class=\"dtr6 dtc6\"><\/td><td  style=\"display: none\"   class=\"dtr6 dtc7\"><\/td><\/tr><\/tbody><tfoot><tr><td class=\"dtr6 dtc0\" style=\"height: 0;\"><\/td><td class=\"dtr6 dtc1\" style=\"height: 0;\"><\/td><td class=\"dtr6 dtc2\" style=\"height: 0;\"><\/td><td class=\"dtr6 dtc3\" style=\"height: 0;\"><\/td><td class=\"dtr6 dtc4\" style=\"height: 0;\"><\/td><td class=\"dtr6 dtc5\" style=\"height: 0;\"><\/td><td class=\"dtr6 dtc6\" style=\"height: 0;\"><\/td><td class=\"dtr6 dtc7\" style=\"height: 0;\"><\/td><\/tr><\/tfoot><\/table><\/div><style>#wptmtable145 .dataTables_wrapper > .dataTables_scroll {max-height:500px;overflow: auto;}<\/style><script>window.wptm_ajaxurl = 'https:\/\/mavideniz.com.tr\/wp-admin\/admin-ajax.php?juwpfisadmin=false&action=Wptm&'; window.wptm_front = 'https:\/\/mavideniz.com.tr\/wp-content\/plugins\/wp-table-manager\/app\/site\/assets\/'; window.wptm_style = 'https:\/\/mavideniz.com.tr\/wp-content\/uploads\/wptm\/';<\/script><\/div><style><\/style>\n","protected":false},"excerpt":{"rendered":"<p>\u00c7\u00f6p Mavnas\u0131 \u00e7\u00f6p, enkaz ve at\u0131klar\u0131 saklamak ve ta\u015f\u0131mak i\u00e7in tasarlanm\u0131\u015ft\u0131r. GEM\u0130LERDEN TOPLANAN ATIK T\u00dcRLER\u0130 1) Gemilerin normal faaliyetlerinden kaynaklanan [&hellip;]<\/p>\n","protected":false},"author":1,"featured_media":0,"parent":27511,"menu_order":0,"comment_status":"closed","ping_status":"closed","template":"","meta":{"site-sidebar-layout":"default","site-content-layout":"","ast-site-content-layout":"default","site-content-style":"default","site-sidebar-style":"default","ast-global-header-display":"","ast-banner-title-visibility":"","ast-main-header-display":"","ast-hfb-above-header-display":"","ast-hfb-below-header-display":"","ast-hfb-mobile-header-display":"","site-post-title":"","ast-breadcrumbs-content":"","ast-featured-img":"","footer-sml-layout":"","ast-disable-related-posts":"","theme-transparent-header-meta":"","adv-header-id-meta":"","stick-header-meta":"","header-above-stick-meta":"","header-main-stick-meta":"","header-below-stick-meta":"","astra-migrate-meta-layouts":"default","ast-page-background-enabled":"default","ast-page-background-meta":{"desktop":{"background-color":"var(--ast-global-color-5)","background-image":"","background-repeat":"repeat","background-position":"center center","background-size":"auto","background-attachment":"scroll","background-type":"","background-media":"","overlay-type":"","overlay-color":"","overlay-opacity":"","overlay-gradient":""},"tablet":{"background-color":"","background-image":"","background-repeat":"repeat","background-position":"center center","background-size":"auto","background-attachment":"scroll","background-type":"","background-media":"","overlay-type":"","overlay-color":"","overlay-opacity":"","overlay-gradient":""},"mobile":{"background-color":"","background-image":"","background-repeat":"repeat","background-position":"center center","background-size":"auto","background-attachment":"scroll","background-type":"","background-media":"","overlay-type":"","overlay-color":"","overlay-opacity":"","overlay-gradient":""}},"ast-content-background-meta":{"desktop":{"background-color":"var(--ast-global-color-4)","background-image":"","background-repeat":"repeat","background-position":"center center","background-size":"auto","background-attachment":"scroll","background-type":"","background-media":"","overlay-type":"","overlay-color":"","overlay-opacity":"","overlay-gradient":""},"tablet":{"background-color":"var(--ast-global-color-4)","background-image":"","background-repeat":"repeat","background-position":"center center","background-size":"auto","background-attachment":"scroll","background-type":"","background-media":"","overlay-type":"","overlay-color":"","overlay-opacity":"","overlay-gradient":""},"mobile":{"background-color":"var(--ast-global-color-4)","background-image":"","background-repeat":"repeat","background-position":"center center","background-size":"auto","background-attachment":"scroll","background-type":"","background-media":"","overlay-type":"","overlay-color":"","overlay-opacity":"","overlay-gradient":""}},"footnotes":""},"class_list":["post-27517","page","type-page","status-publish","hentry"],"_links":{"self":[{"href":"https:\/\/mavideniz.com.tr\/tr\/wp-json\/wp\/v2\/pages\/27517","targetHints":{"allow":["GET"]}}],"collection":[{"href":"https:\/\/mavideniz.com.tr\/tr\/wp-json\/wp\/v2\/pages"}],"about":[{"href":"https:\/\/mavideniz.com.tr\/tr\/wp-json\/wp\/v2\/types\/page"}],"author":[{"embeddable":true,"href":"https:\/\/mavideniz.com.tr\/tr\/wp-json\/wp\/v2\/users\/1"}],"replies":[{"embeddable":true,"href":"https:\/\/mavideniz.com.tr\/tr\/wp-json\/wp\/v2\/comments?post=27517"}],"version-history":[{"count":0,"href":"https:\/\/mavideniz.com.tr\/tr\/wp-json\/wp\/v2\/pages\/27517\/revisions"}],"up":[{"embeddable":true,"href":"https:\/\/mavideniz.com.tr\/tr\/wp-json\/wp\/v2\/pages\/27511"}],"wp:attachment":[{"href":"https:\/\/mavideniz.com.tr\/tr\/wp-json\/wp\/v2\/media?parent=27517"}],"curies":[{"name":"wp","href":"https:\/\/api.w.org\/{rel}","templated":true}]}}