{"id":27537,"date":"2021-10-16T20:36:43","date_gmt":"2021-10-16T20:36:43","guid":{"rendered":"https:\/\/mavideniz.com.tr\/?page_id=27537"},"modified":"2023-07-01T22:48:59","modified_gmt":"2023-07-01T22:48:59","slug":"kirlilik-karsiti-gemi","status":"publish","type":"page","link":"https:\/\/mavideniz.com.tr\/tr\/gemiler-tekneler\/petrol-sizintisi-kurtarma-mudahale-gemisi\/kirlilik-karsiti-gemi\/","title":{"rendered":"Kirlilik Kar\u015f\u0131t\u0131 Gemi"},"content":{"rendered":"<p><br \/>\nMavi Deniz, \u00e7ok ama\u00e7l\u0131 Kirlilik Kar\u015f\u0131t\u0131 Gemi tasar\u0131m\u0131 ve \u00fcretiminde pazar lideri\/d\u00fcnyan\u0131n en b\u00fcy\u00fck en b\u00fcy\u00fck pazar lideri..<\/p>\n<p>\u00c7ok Ama\u00e7l\u0131 Kirlilik \u00d6nleme Gemisi, verimli ve h\u0131zl\u0131 bir deniz temizleme operasyonu uygulamak i\u00e7in gerekli t\u00fcm ekipman\u0131 sa\u011flar. Mavi Deniz, ge\u00e7ti\u011fimiz g\u00fcnlerde \u00e7ok ama\u00e7l\u0131 Kirlilik \u00d6nleme Gemisi olan Sea Cat&#8217;i tan\u0131tt\u0131. \u00c7ok y\u00f6nl\u00fc OSRV, bariyer yerle\u015ftirme, yang\u0131nla m\u00fccadele, \u015famand\u0131ra elle\u00e7leme, \u00e7ekme, genel \u00e7al\u0131\u015fma botu g\u00f6revleri, izleme, da\u011f\u0131t\u0131c\u0131 p\u00fcsk\u00fcrtme, petrol kirlili\u011fine m\u00fcdahale, \u00e7\u00f6p toplama, depolama ve deniz ve K\u0131y\u0131 \u015feridi temizleme operasyonlar\u0131ndan kaynaklanan mikro kirleticilerin bertaraf edilmesi. Sea Cat, denizdeki kirlilikle m\u00fccadele etmek i\u00e7in: hidrokarbon s\u0131z\u0131nt\u0131lar\u0131n\u0131 kurtarmak i\u00e7in gemide ta\u015f\u0131nan petrol engelleriyle kirli alan\u0131 izole eder; kararl\u0131 y\u00fczen ve yar\u0131 bat\u0131k at\u0131klar\u0131 toplar ve depolar; yang\u0131nla m\u00fccadele eder, kayalar\u0131 ve resifleri temizler ve ayr\u0131ca b\u00f6lgede genel destek sa\u011flar. \u0130yile\u015ftirilmi\u015f ya\u011f depolama, hidrolik g\u00fc\u00e7 ve hidrolik vin\u00e7li temiz bir g\u00fcverte, liman ve terminal \u00e7evresindeki bir\u00e7ok operasyon i\u00e7in \u00e7ok y\u00f6nl\u00fc bir ara\u00e7 sunar.<\/p>\n<p>Sea Cat, t\u00fcm petrol viskozitelerinin geri kazan\u0131lmas\u0131n\u0131 sa\u011flamak i\u00e7in \u00fcniteye katamaran g\u00f6vdeleri aras\u0131nda dahili bir dinamik konvey\u00f6r bantl\u0131 s\u0131y\u0131r\u0131c\u0131 sistemi ile birlikte gelen amaca y\u00f6nelik yap\u0131lm\u0131\u015f bir petrol s\u0131z\u0131nt\u0131s\u0131 kurtarma gemisidir; bu benzersiz \u015fekilde tasarlanm\u0131\u015f, amaca y\u00f6nelik petrol s\u0131z\u0131nt\u0131s\u0131 geri kazan\u0131m\u0131 ve hafif dizelden y\u00fcksek viskoziteli ham petrollere kadar petrolleri yaln\u0131zca gemiyi kayganl\u0131\u011f\u0131n i\u00e7inden ge\u00e7irerek geri kazanabilen tek teknedir. \u0130ste\u011fe ba\u011fl\u0131 olarak ya\u011f paspas s\u0131y\u0131r\u0131c\u0131 sistemi \u00e7elik g\u00f6vdeleri ile donat\u0131lm\u0131\u015ft\u0131r. \u0130ste\u011fe ba\u011fl\u0131 bir bom makaras\u0131 ve yang\u0131nla m\u00fccadele i\u00e7in \u00e7e\u015fitli bomlar\u0131 veya k\u00f6p\u00fck\/su monit\u00f6rlerini da\u011f\u0131t\u0131n. Da\u011f\u0131t\u0131c\u0131 sprey sistemi, kimyasal da\u011f\u0131tma maddesinin kab\u0131n her iki taraf\u0131na monte edilmi\u015f mafsall\u0131 kollar arac\u0131l\u0131\u011f\u0131yla uygulanmas\u0131na izin verir. Petrol kirlili\u011fi m\u00fcdahale gemisi ayr\u0131ca \u00f6n bantl\u0131 konvey\u00f6r sistemi ile \u00e7\u00f6p\/at\u0131k toplar.<\/p>\n<p>Kirlilik \u00d6nleyici Gemi, liman alanlar\u0131nda, yak\u0131n sularda ve a\u00e7\u0131k denizlerde veya a\u00e7\u0131k deniz faaliyetlerinde \u00e7al\u0131\u015fmak \u00fczere \u00f6zel olarak tasarlanm\u0131\u015ft\u0131r. Gemi, sa\u011flam bir \u00e7elik katamaran g\u00f6vdesine dayan\u0131yor. OSRV, geminin a\u00e7\u0131k sularda ayn\u0131 y\u00fcksek performans seviyesine ula\u015fmas\u0131n\u0131 sa\u011flayan m\u00fckemmel denizcilik \u00f6zelliklerine sahiptir. Mavi Deniz&#8217;in Petrol S\u0131z\u0131nt\u0131s\u0131 Kurtarma Gemileri t\u00fcm d\u00fcnyada kullan\u0131mda g\u00f6r\u00fcl\u00fcyor.<\/p>\n<p>Uluslararas\u0131 Denizcilik \u00d6rg\u00fct\u00fc, bu y\u00fczy\u0131l\u0131n sonuna kadar sera gaz\u0131 (GHG) emisyonlar\u0131n\u0131 s\u0131f\u0131ra indirme stratejisini a\u00e7\u0131klarken, deniz \u00e7evre d\u00fczenlemeleri d\u00fcnya \u00e7ap\u0131nda s\u0131k\u0131la\u015ft\u0131r\u0131ld\u0131. Emisyon kontrol alanlar\u0131n\u0131n uygulanmas\u0131 gemi operasyonlar\u0131n\u0131 etkilemeye ba\u015flam\u0131\u015ft\u0131r. Mavi Deniz, \u00e7ift yak\u0131tl\u0131 \u00e7\u00f6z\u00fcmler ve daha temiz ye\u015fil g\u00fc\u00e7 teknolojileri geli\u015ftirerek yeni emisyon kontrol d\u00fczenlemelerini ba\u015far\u0131yla ba\u015flatt\u0131. Mavi Deniz&#8217;in Ye\u015fil G\u00fc\u00e7 Se\u00e7enekleri; G\u00fcne\u015f Enerjisi Sistemi, Batarya G\u00fc\u00e7 Sistemi, Hidrojen Yak\u0131t Pili Sistemi, LPG Sistemi, g\u00fcverte ekipman\u0131 ve sevk sistemi dahil olmak \u00fczere Kirlilik \u00d6nleyici Gemiye tam olarak entegre edilebilir.<\/p>\n<p><strong><span style=\"color: #339966;\">Kirlilik Kar\u015f\u0131t\u0131 Gemi Ye\u015fil G\u00fc\u00e7 Se\u00e7enekleri<\/span><\/strong><\/p>\n<ul>\n<li>G\u00fcne\u015f Enerjisi Sistemiyle G\u00fc\u00e7lendirilir<\/li>\n<li>Pil G\u00fc\u00e7 Sistemi ile G\u00fc\u00e7lendirilir<\/li>\n<li>Hidrojen Yak\u0131t H\u00fccresi Sistemi ile G\u00fc\u00e7lendirilir<\/li>\n<li>LPG Sistemi ile G\u00fc\u00e7lendirilir<\/li>\n<\/ul>\n<p><strong>\u00d6zellikleri<\/strong><\/p>\n<ul>\n<li>Kirlilik \u00d6nleyici Gemi, sa\u011flam bir \u00e7elik katamaran g\u00f6vdesine dayanmaktad\u0131r.<\/li>\n<li>360 derece yerinde d\u00f6nd\u00fcr\u00fcn.<\/li>\n<li>\u0130kiz Motorlar.<\/li>\n<li>Genel \u00e7al\u0131\u015fma teknesi g\u00f6revleri.<\/li>\n<li>Ekipman ta\u015f\u0131ma operasyonlar\u0131 i\u00e7in hidrolik mafsall\u0131 vin\u00e7.<\/li>\n<li>Sea Cat, dahili dinamik konvey\u00f6r bantl\u0131 s\u0131y\u0131r\u0131c\u0131 sistemi ile t\u00fcm ya\u011f t\u00fcrlerinin viskozitelerini denizden geri kazanabilir. \u0130ste\u011fe ba\u011fl\u0131 olarak, tekneyi<\/li>\n<li>sadece kayganl\u0131ktan ge\u00e7irerek ya\u011f paspas\u0131 s\u0131y\u0131r\u0131c\u0131 sistemi tak\u0131l\u0131r.<\/li>\n<li>Ya\u011f Geri Kazan\u0131m Oran\u0131; 100 m\u00b3\/saat.<\/li>\n<li>Enkaz \/ \u00c7\u00f6p geri kazan\u0131m sistemleri.<\/li>\n<li>Ya\u011fl\u0131 su al\u0131m\u0131. (\u00e7amur, slop, sintine ve; ya\u011fl\u0131 at\u0131k s\u0131v\u0131lar)<\/li>\n<li>Petrol bariyeri da\u011f\u0131t\u0131m ve bariyer makaras\u0131 ile depolan\u0131r.<\/li>\n<li>Yang\u0131n s\u00f6nd\u00fcrme.<\/li>\n<li>Da\u011f\u0131t\u0131c\u0131 sprey sistemi.<\/li>\n<li>Kanalizasyon Ar\u0131tma Sistemleri &amp;; Ya\u011fl\u0131 Su Ay\u0131r\u0131c\u0131<\/li>\n<li>\u00c7ei kancas\u0131 ile \u00e7ekme g\u00f6revleri.<\/li>\n<li>M\u00fcrettebat i\u00e7in bir kabin, WC &amp; Banyo veya bir at\u00f6lye ile konaklama<\/li>\n<\/ul>\n<div class=\"wptm_table tablesorter-bootstrap \" data-id=\"75\" data-hightlight=\"0\"><div class=\"wptm_buttons buttons_wptmTbl75\"><\/div><div class=\"wptmresponsive dataTables-wptmtable wptmtable \" id=\"wptmtable75\" data-tableid=\"wptmTbl75\"><table data-count-header=\"1\"  data-format-decimal_count=\"0\" data-format-decimal_symbol=\".\" data-format-symbol_position=\"0\" data-format-thousand_symbol=\",\"  data-format-currency_symbol=\"$\"  data-name-style=\"75_1759810973.css\" data-format=\"YYYY-MM-DD\" id=\"wptmTbl75\" data-id=\"75\" data-responsive=\"false\" data-hideCols=\"false\"  data-type=\"html\" data-paging=\"false\" data-searching=\"true\"  data-ordering=\"false\" data-table-breakpoint=\"980\" data-scroll-x=\"true\" data-scroll-collapse=\"true\" data-align=\"center\" data-range=\"[]\" data-hideColumn=\"[0,0,0,0]\"  data-colwidths=\"[285,285,285,285]\"  data-colwidths_desktop=[]  data-colwidths_tablet=[]  data-colwidths_mobile=[]  class=\"wptm_main_table  disablePager hideScrollHeader\"><colgroup><col data-dtr=\"0\" data-dtc=\"0\" class=\"dtc0\"><col data-dtr=\"0\" data-dtc=\"1\" class=\"dtc1\"><col data-dtr=\"0\" data-dtc=\"2\" class=\"dtc2\"><col data-dtr=\"0\" data-dtc=\"3\" class=\"dtc3\"><\/colgroup><thead><tr class=\"wptm-header-cells-index\"><th rowspan=\"1\" colspan=\"1\" data-dtr=\"0\" data-dtc=\"0\" class=\"dtr0 dtc0\"><\/th><th rowspan=\"1\" colspan=\"1\" data-dtr=\"0\" data-dtc=\"1\" class=\"dtr0 dtc1\"><\/th><th rowspan=\"1\" colspan=\"1\" data-dtr=\"0\" data-dtc=\"2\" class=\"dtr0 dtc2\"><\/th><th rowspan=\"1\" colspan=\"1\" data-dtr=\"0\" data-dtc=\"3\" class=\"dtr0 dtc3\"><\/th><\/tr><tr class=\" row0\"><th   data-priority=\"0\" class=\"dtr0 dtc0\"><\/th><th   data-priority=\"0\" class=\"dtr0 dtc1\">SEA CAT ORV 15<\/th><th   data-priority=\"0\" class=\"dtr0 dtc2\">SEA CAT ORV 17<\/th><th   data-priority=\"0\" class=\"dtr0 dtc3\">SEA CAT ORV  19<\/th><\/thead><tbody><tr class=\" row1\"><td    class=\"dtr1 dtc0\"><\/td><td    class=\"dtr1 dtc1\"><\/td><td    class=\"dtr1 dtc2\"><\/td><td    class=\"dtr1 dtc3\"><\/td><\/tr><tr class=\" row2\"><td  colspan=\"4\"   class=\"dtr2 dtc0\">Dimensions<\/td><td  style=\"display: none\"   class=\"dtr2 dtc1\"><\/td><td  style=\"display: none\"   class=\"dtr2 dtc2\"><\/td><td  style=\"display: none\"   class=\"dtr2 dtc3\"><\/td><\/tr><tr class=\" row3\"><td    class=\"dtr3 dtc0\">Length<\/td><td    class=\"dtr3 dtc1\">15 m<\/td><td    class=\"dtr3 dtc2\">17 m<\/td><td    class=\"dtr3 dtc3\">19 m<\/td><\/tr><tr class=\" row4\"><td    class=\"dtr4 dtc0\">Beam<\/td><td    class=\"dtr4 dtc1\">5.30 m<\/td><td    class=\"dtr4 dtc2\">6 m<\/td><td    class=\"dtr4 dtc3\">6 m<\/td><\/tr><tr class=\" row5\"><td    class=\"dtr5 dtc0\">Draft<\/td><td    class=\"dtr5 dtc1\">0.8 m<\/td><td    class=\"dtr5 dtc2\">1.2 m<\/td><td    class=\"dtr5 dtc3\">1.2 m<\/td><\/tr><tr class=\" row6\"><td    class=\"dtr6 dtc0\"><\/td><td    class=\"dtr6 dtc1\"><\/td><td    class=\"dtr6 dtc2\"><\/td><td    class=\"dtr6 dtc3\"><\/td><\/tr><tr class=\" row7\"><td  colspan=\"4\"   class=\"dtr7 dtc0\">General<\/td><td  style=\"display: none\"   class=\"dtr7 dtc1\"><\/td><td  style=\"display: none\"   class=\"dtr7 dtc2\"><\/td><td  style=\"display: none\"   class=\"dtr7 dtc3\"><\/td><\/tr><tr class=\" row8\"><td    class=\"dtr8 dtc0\">Purpose Of Vessel<\/td><td  colspan=\"3\"   class=\"dtr8 dtc1\">Oil Spill Recovery + Oil Spill Response + Optional ( Waste Collection + Trash Cleanup + Fire Fighting + Work Boat )  <\/td><td  style=\"display: none\"   class=\"dtr8 dtc2\"><\/td><td  style=\"display: none\"   class=\"dtr8 dtc3\"><\/td><\/tr><tr class=\" row9\"><td    class=\"dtr9 dtc0\">Hull Type<\/td><td    class=\"dtr9 dtc1\">Catamaran<\/td><td    class=\"dtr9 dtc2\">Catamaran<\/td><td    class=\"dtr9 dtc3\">Catamaran<\/td><\/tr><tr class=\" row10\"><td    class=\"dtr10 dtc0\">Material ( Superstructure  + Hull )<\/td><td  colspan=\"3\"   class=\"dtr10 dtc1\">Catamaran ( Standard )| Ice Class (Optional)<\/td><td  style=\"display: none\"   class=\"dtr10 dtc2\"><\/td><td  style=\"display: none\"   class=\"dtr10 dtc3\"><\/td><\/tr><tr class=\" row11\"><td    class=\"dtr11 dtc0\">Classification<\/td><td  colspan=\"3\"   class=\"dtr11 dtc1\">B.V. Or Equivalent<\/td><td  style=\"display: none\"   class=\"dtr11 dtc2\"><\/td><td  style=\"display: none\"   class=\"dtr11 dtc3\"><\/td><\/tr><tr class=\" row12\"><td    class=\"dtr12 dtc0\"><\/td><td    class=\"dtr12 dtc1\"><\/td><td    class=\"dtr12 dtc2\"><\/td><td    class=\"dtr12 dtc3\"><\/td><\/tr><tr class=\" row13\"><td  colspan=\"4\"   class=\"dtr13 dtc0\">Tank Capacity<\/td><td  style=\"display: none\"   class=\"dtr13 dtc1\"><\/td><td  style=\"display: none\"   class=\"dtr13 dtc2\"><\/td><td  style=\"display: none\"   class=\"dtr13 dtc3\"><\/td><\/tr><tr class=\" row14\"><td    class=\"dtr14 dtc0\">Solid Waste Tank<\/td><td    class=\"dtr14 dtc1\">10 m\u00b3<\/td><td    class=\"dtr14 dtc2\">15 m\u00b3<\/td><td    class=\"dtr14 dtc3\">20 m\u00b3<\/td><\/tr><tr class=\" row15\"><td    class=\"dtr15 dtc0\">Recovered Oil tank<\/td><td    class=\"dtr15 dtc1\">30 m\u00b3<\/td><td    class=\"dtr15 dtc2\">40 m\u00b3<\/td><td    class=\"dtr15 dtc3\">60 m\u00b3<\/td><\/tr><tr class=\" row16\"><td    class=\"dtr16 dtc0\">F\/O Tank<\/td><td    class=\"dtr16 dtc1\">1800 lt<\/td><td    class=\"dtr16 dtc2\">2000 lt<\/td><td    class=\"dtr16 dtc3\">4.000 lt<\/td><\/tr><tr class=\" row17\"><td    class=\"dtr17 dtc0\">Fresh Water Tank<\/td><td    class=\"dtr17 dtc1\">1 m\u00b3<\/td><td    class=\"dtr17 dtc2\">2 m\u00b3<\/td><td    class=\"dtr17 dtc3\">3 m\u00b3<\/td><\/tr><tr class=\" row18\"><td    class=\"dtr18 dtc0\"><\/td><td    class=\"dtr18 dtc1\"><\/td><td    class=\"dtr18 dtc2\"><\/td><td    class=\"dtr18 dtc3\"><\/td><\/tr><tr class=\" row19\"><td  colspan=\"4\"   class=\"dtr19 dtc0\">Power and Propulsion<\/td><td  style=\"display: none\"   class=\"dtr19 dtc1\"><\/td><td  style=\"display: none\"   class=\"dtr19 dtc2\"><\/td><td  style=\"display: none\"   class=\"dtr19 dtc3\"><\/td><\/tr><tr class=\" row20\"><td    class=\"dtr20 dtc0\">Propulsion<\/td><td  colspan=\"3\"   class=\"dtr20 dtc1\">Sterndrive ( Optional ) | Azimuth Thruster ( Optional ) |  Fixed Pitch ( Standard )<\/td><td  style=\"display: none\"   class=\"dtr20 dtc2\"><\/td><td  style=\"display: none\"   class=\"dtr20 dtc3\"><\/td><\/tr><tr class=\" row21\"><td    class=\"dtr21 dtc0\">Standard Power<\/td><td  colspan=\"3\"   class=\"dtr21 dtc1\">Diesel ( Standard )<\/td><td  style=\"display: none\"   class=\"dtr21 dtc2\"><\/td><td  style=\"display: none\"   class=\"dtr21 dtc3\"><\/td><\/tr><tr class=\" row22\"><td    class=\"dtr22 dtc0\">Green Power<\/td><td  colspan=\"3\"   class=\"dtr22 dtc1\">Battery ( Optional ) | Hydroen Fuel Cell (Optional) | Solar Energy (Optional) | LNG System (Optional)<\/td><td  style=\"display: none\"   class=\"dtr22 dtc2\"><\/td><td  style=\"display: none\"   class=\"dtr22 dtc3\"><\/td><\/tr><tr class=\" row23\"><td    class=\"dtr23 dtc0\">Engine<\/td><td    class=\"dtr23 dtc1\">2 x 185 HP<\/td><td    class=\"dtr23 dtc2\">2 x 220 HP<\/td><td    class=\"dtr23 dtc3\">2 x 300 HP<\/td><\/tr><tr class=\" row24\"><td    class=\"dtr24 dtc0\">Bow Thruster<\/td><td    class=\"dtr24 dtc1\">Optional<\/td><td    class=\"dtr24 dtc2\">Optional<\/td><td    class=\"dtr24 dtc3\">Optional<\/td><\/tr><tr class=\" row25\"><td    class=\"dtr25 dtc0\">Speed<\/td><td    class=\"dtr25 dtc1\">8 Knots<\/td><td    class=\"dtr25 dtc2\">10 Knots<\/td><td    class=\"dtr25 dtc3\">12 Knots<\/td><\/tr><tr class=\" row26\"><td    class=\"dtr26 dtc0\"><\/td><td    class=\"dtr26 dtc1\"><\/td><td    class=\"dtr26 dtc2\"><\/td><td    class=\"dtr26 dtc3\"><\/td><\/tr><tr class=\" row27\"><td  colspan=\"4\"   class=\"dtr27 dtc0\">Oil Pollution Recovery System<\/td><td  style=\"display: none\"   class=\"dtr27 dtc1\"><\/td><td  style=\"display: none\"   class=\"dtr27 dtc2\"><\/td><td  style=\"display: none\"   class=\"dtr27 dtc3\"><\/td><\/tr><tr class=\" row28\"><td    class=\"dtr28 dtc0\">Oil Recovery Rate<\/td><td    class=\"dtr28 dtc1\">30 m\u00b3 \/ hr<\/td><td    class=\"dtr28 dtc2\">50 m\u00b3 \/ hr<\/td><td    class=\"dtr28 dtc3\">60 m\u00b3 \/ hr<\/td><\/tr><tr class=\" row29\"><td    class=\"dtr29 dtc0\">Type of Oil Skimmer<\/td><td    class=\"dtr29 dtc1\">30 m\u00b3 \/ hr<\/td><td    class=\"dtr29 dtc2\">50 m\u00b3 \/ hr<\/td><td    class=\"dtr29 dtc3\">60 m\u00b3 \/ hr<\/td><\/tr><tr class=\" row30\"><td    class=\"dtr30 dtc0\">Oil Collection Speed<\/td><td    class=\"dtr30 dtc1\">0-4+knots<\/td><td    class=\"dtr30 dtc2\">0-4+knots<\/td><td    class=\"dtr30 dtc3\">0-4+knots<\/td><\/tr><tr class=\" row31\"><td    class=\"dtr31 dtc0\">Oil Boom<\/td><td    class=\"dtr31 dtc1\">300 m with Hydraulic Reel System<\/td><td    class=\"dtr31 dtc2\">400 m with Hydraulic Reel System<\/td><td    class=\"dtr31 dtc3\">600 m with Hydraulic Reel System<\/td><\/tr><tr class=\" row32\"><td    class=\"dtr32 dtc0\">Oil Spill Detection System<\/td><td    class=\"dtr32 dtc1\">1 - 4 miles radius<\/td><td    class=\"dtr32 dtc2\">1 - 4 miles radius<\/td><td    class=\"dtr32 dtc3\">1 - 4 miles radius<\/td><\/tr><tr class=\" row33\"><td    class=\"dtr33 dtc0\">Infrared Camera<\/td><td  colspan=\"3\"   class=\"dtr33 dtc1\">Infrared Tracking Camera<\/td><td  style=\"display: none\"   class=\"dtr33 dtc2\"><\/td><td  style=\"display: none\"   class=\"dtr33 dtc3\"><\/td><\/tr><tr class=\" row34\"><td    class=\"dtr34 dtc0\">Offloading  Pump<\/td><td    class=\"dtr34 dtc1\">100 m3 - pending on viscosity<\/td><td    class=\"dtr34 dtc2\">100 m3 - pending on viscosity<\/td><td    class=\"dtr34 dtc3\">200 m3 - pending on viscosity<\/td><\/tr><tr class=\" row35\"><td    class=\"dtr35 dtc0\">Dispersant Spray System<\/td><td    class=\"dtr35 dtc1\">MaviSpray - 100 lt\/min<\/td><td    class=\"dtr35 dtc2\">MaviSpray - 100 lt\/min<\/td><td    class=\"dtr35 dtc3\">MaviSpray - 100 lt\/min<\/td><\/tr><tr class=\" row36\"><td    class=\"dtr36 dtc0\">Workboat<\/td><td    class=\"dtr36 dtc1\">1 x 4 m Work Boat<\/td><td    class=\"dtr36 dtc2\">1 x 5 m Work Boat<\/td><td    class=\"dtr36 dtc3\">1 x 6 m Work Boat<\/td><\/tr><tr class=\" row37\"><td    class=\"dtr37 dtc0\"><\/td><td    class=\"dtr37 dtc1\"><\/td><td    class=\"dtr37 dtc2\"><\/td><td    class=\"dtr37 dtc3\"><\/td><\/tr><tr class=\" row38\"><td  colspan=\"4\"   class=\"dtr38 dtc0\">Deck System<\/td><td  style=\"display: none\"   class=\"dtr38 dtc1\"><\/td><td  style=\"display: none\"   class=\"dtr38 dtc2\"><\/td><td  style=\"display: none\"   class=\"dtr38 dtc3\"><\/td><\/tr><tr class=\" row39\"><td    class=\"dtr39 dtc0\">Crane<\/td><td  colspan=\"3\"   class=\"dtr39 dtc1\">Hydraulic Foldable Knuckle Crane - Up to 1 tons @ 8m | ( A- Frame up to 5 tons ) Optional<\/td><td  style=\"display: none\"   class=\"dtr39 dtc2\"><\/td><td  style=\"display: none\"   class=\"dtr39 dtc3\"><\/td><\/tr><tr class=\" row40\"><td    class=\"dtr40 dtc0\">Anchor Windlasses<\/td><td    class=\"dtr40 dtc1\">1 pcs<\/td><td    class=\"dtr40 dtc2\">1 pcs<\/td><td    class=\"dtr40 dtc3\">1 pcs<\/td><\/tr><tr class=\" row41\"><td    class=\"dtr41 dtc0\">Optional<\/td><td  colspan=\"3\"   class=\"dtr41 dtc1\">Towing Winch \/ Hydrographic Equipment \/ Diving Equipments \/ Fire Fighting Equipment (Up to 600 m3\/h monitor)<\/td><td  style=\"display: none\"   class=\"dtr41 dtc2\"><\/td><td  style=\"display: none\"   class=\"dtr41 dtc3\"><\/td><\/tr><tr class=\" row42\"><td    class=\"dtr42 dtc0\"><\/td><td    class=\"dtr42 dtc1\"><\/td><td    class=\"dtr42 dtc2\"><\/td><td    class=\"dtr42 dtc3\"><\/td><\/tr><tr class=\" row43\"><td  colspan=\"4\"   class=\"dtr43 dtc0\">Electronic and Navigation<\/td><td  style=\"display: none\"   class=\"dtr43 dtc1\"><\/td><td  style=\"display: none\"   class=\"dtr43 dtc2\"><\/td><td  style=\"display: none\"   class=\"dtr43 dtc3\"><\/td><\/tr><tr class=\" row44\"><td    class=\"dtr44 dtc0\">Standard<\/td><td  colspan=\"3\"   class=\"dtr44 dtc1\">Gyro Compass \/ Rudder Indicator \/ Wiper \/ Lighting Projector<\/td><td  style=\"display: none\"   class=\"dtr44 dtc2\"><\/td><td  style=\"display: none\"   class=\"dtr44 dtc3\"><\/td><\/tr><tr class=\" row45\"><td    class=\"dtr45 dtc0\">Optional<\/td><td  colspan=\"3\"   class=\"dtr45 dtc1\">Screen Display \/ Radar \/ GPS \/ Echosounder \/ VHF \/  Wind Direction Indicator \/ Autopilot \/ CCTV \/ Modem \/ Solar Panel \/ Search Light<\/td><td  style=\"display: none\"   class=\"dtr45 dtc2\"><\/td><td  style=\"display: none\"   class=\"dtr45 dtc3\"><\/td><\/tr><tr class=\" row46\"><td    class=\"dtr46 dtc0\"><\/td><td    class=\"dtr46 dtc1\"><\/td><td    class=\"dtr46 dtc2\"><\/td><td    class=\"dtr46 dtc3\"><\/td><\/tr><tr class=\" row47\"><td  colspan=\"4\"   class=\"dtr47 dtc0\">Accommodations<\/td><td  style=\"display: none\"   class=\"dtr47 dtc1\"><\/td><td  style=\"display: none\"   class=\"dtr47 dtc2\"><\/td><td  style=\"display: none\"   class=\"dtr47 dtc3\"><\/td><\/tr><tr class=\" row48\"><td    class=\"dtr48 dtc0\">Air Condition<\/td><td  colspan=\"3\"   class=\"dtr48 dtc1\">Heated (Standard) \/ Air-conditioned (Optional)<\/td><td  style=\"display: none\"   class=\"dtr48 dtc2\"><\/td><td  style=\"display: none\"   class=\"dtr48 dtc3\"><\/td><\/tr><tr class=\" row49\"><td    class=\"dtr49 dtc0\">Cabin<\/td><td  colspan=\"3\"   class=\"dtr49 dtc1\">A fully glazed wheelhouse high quality fit-out which includes seat.<\/td><td  style=\"display: none\"   class=\"dtr49 dtc2\"><\/td><td  style=\"display: none\"   class=\"dtr49 dtc3\"><\/td><\/tr><tr class=\" row50\"><td    class=\"dtr50 dtc0\">Optional<\/td><td  colspan=\"3\"   class=\"dtr50 dtc1\">WC \/ Gallery \/ Bed Cabin<\/td><td  style=\"display: none\"   class=\"dtr50 dtc2\"><\/td><td  style=\"display: none\"   class=\"dtr50 dtc3\"><\/td><\/tr><\/tbody><tfoot><tr><td class=\"dtr50 dtc0\" style=\"height: 0;\"><\/td><td class=\"dtr50 dtc1\" style=\"height: 0;\"><\/td><td class=\"dtr50 dtc2\" style=\"height: 0;\"><\/td><td class=\"dtr50 dtc3\" style=\"height: 0;\"><\/td><\/tr><\/tfoot><\/table><\/div><style>#wptmtable75 .dataTables_wrapper > .dataTables_scroll {max-height:500px;overflow: auto;}<\/style><script>window.wptm_ajaxurl = 'https:\/\/mavideniz.com.tr\/wp-admin\/admin-ajax.php?juwpfisadmin=false&action=Wptm&'; window.wptm_front = 'https:\/\/mavideniz.com.tr\/wp-content\/plugins\/wp-table-manager\/app\/site\/assets\/'; window.wptm_style = 'https:\/\/mavideniz.com.tr\/wp-content\/uploads\/wptm\/';<\/script><\/div><style><\/style>\n","protected":false},"excerpt":{"rendered":"<p>Mavi Deniz, \u00e7ok ama\u00e7l\u0131 Kirlilik Kar\u015f\u0131t\u0131 Gemi tasar\u0131m\u0131 ve \u00fcretiminde pazar lideri\/d\u00fcnyan\u0131n en b\u00fcy\u00fck en b\u00fcy\u00fck pazar lideri.. \u00c7ok Ama\u00e7l\u0131 [&hellip;]<\/p>\n","protected":false},"author":1,"featured_media":0,"parent":27526,"menu_order":0,"comment_status":"closed","ping_status":"closed","template":"","meta":{"site-sidebar-layout":"default","site-content-layout":"","ast-site-content-layout":"default","site-content-style":"default","site-sidebar-style":"default","ast-global-header-display":"","ast-banner-title-visibility":"","ast-main-header-display":"","ast-hfb-above-header-display":"","ast-hfb-below-header-display":"","ast-hfb-mobile-header-display":"","site-post-title":"","ast-breadcrumbs-content":"","ast-featured-img":"","footer-sml-layout":"","ast-disable-related-posts":"","theme-transparent-header-meta":"","adv-header-id-meta":"","stick-header-meta":"","header-above-stick-meta":"","header-main-stick-meta":"","header-below-stick-meta":"","astra-migrate-meta-layouts":"default","ast-page-background-enabled":"default","ast-page-background-meta":{"desktop":{"background-color":"var(--ast-global-color-5)","background-image":"","background-repeat":"repeat","background-position":"center center","background-size":"auto","background-attachment":"scroll","background-type":"","background-media":"","overlay-type":"","overlay-color":"","overlay-opacity":"","overlay-gradient":""},"tablet":{"background-color":"","background-image":"","background-repeat":"repeat","background-position":"center center","background-size":"auto","background-attachment":"scroll","background-type":"","background-media":"","overlay-type":"","overlay-color":"","overlay-opacity":"","overlay-gradient":""},"mobile":{"background-color":"","background-image":"","background-repeat":"repeat","background-position":"center center","background-size":"auto","background-attachment":"scroll","background-type":"","background-media":"","overlay-type":"","overlay-color":"","overlay-opacity":"","overlay-gradient":""}},"ast-content-background-meta":{"desktop":{"background-color":"var(--ast-global-color-4)","background-image":"","background-repeat":"repeat","background-position":"center center","background-size":"auto","background-attachment":"scroll","background-type":"","background-media":"","overlay-type":"","overlay-color":"","overlay-opacity":"","overlay-gradient":""},"tablet":{"background-color":"var(--ast-global-color-4)","background-image":"","background-repeat":"repeat","background-position":"center center","background-size":"auto","background-attachment":"scroll","background-type":"","background-media":"","overlay-type":"","overlay-color":"","overlay-opacity":"","overlay-gradient":""},"mobile":{"background-color":"var(--ast-global-color-4)","background-image":"","background-repeat":"repeat","background-position":"center center","background-size":"auto","background-attachment":"scroll","background-type":"","background-media":"","overlay-type":"","overlay-color":"","overlay-opacity":"","overlay-gradient":""}},"footnotes":""},"class_list":["post-27537","page","type-page","status-publish","hentry"],"_links":{"self":[{"href":"https:\/\/mavideniz.com.tr\/tr\/wp-json\/wp\/v2\/pages\/27537","targetHints":{"allow":["GET"]}}],"collection":[{"href":"https:\/\/mavideniz.com.tr\/tr\/wp-json\/wp\/v2\/pages"}],"about":[{"href":"https:\/\/mavideniz.com.tr\/tr\/wp-json\/wp\/v2\/types\/page"}],"author":[{"embeddable":true,"href":"https:\/\/mavideniz.com.tr\/tr\/wp-json\/wp\/v2\/users\/1"}],"replies":[{"embeddable":true,"href":"https:\/\/mavideniz.com.tr\/tr\/wp-json\/wp\/v2\/comments?post=27537"}],"version-history":[{"count":0,"href":"https:\/\/mavideniz.com.tr\/tr\/wp-json\/wp\/v2\/pages\/27537\/revisions"}],"up":[{"embeddable":true,"href":"https:\/\/mavideniz.com.tr\/tr\/wp-json\/wp\/v2\/pages\/27526"}],"wp:attachment":[{"href":"https:\/\/mavideniz.com.tr\/tr\/wp-json\/wp\/v2\/media?parent=27537"}],"curies":[{"name":"wp","href":"https:\/\/api.w.org\/{rel}","templated":true}]}}