{"id":27539,"date":"2021-10-16T20:49:54","date_gmt":"2021-10-16T20:49:54","guid":{"rendered":"https:\/\/mavideniz.com.tr\/?page_id=27539"},"modified":"2023-07-02T11:22:22","modified_gmt":"2023-07-02T11:22:22","slug":"bariyer-serme-palamar-botu","status":"publish","type":"page","link":"https:\/\/mavideniz.com.tr\/tr\/gemiler-tekneler\/petrol-sizintisi-kurtarma-mudahale-gemisi\/bariyer-serme-palamar-botu\/","title":{"rendered":"Bariyer Serme + Palamar Botu"},"content":{"rendered":"<p><br \/>\nBariyer Serme, Palamar operasyonlar, petrol kirlili\u011fine m\u00fcdahale operasyonlar\u0131 ger\u00e7ekle\u015ftirmek i\u00e7in tasar\u0131m\u0131\u015ft\u0131r. Ayr\u0131ca denizdeki operasyonlar\u0131 desteklemek i\u00e7in lojistik operasyonlar\u0131nda kullan\u0131labilinir.<\/p>\n<p>Bariyer Serme, Palamar botunun \u00c7ekme noktas\u0131 ba\u015fta ve k\u0131\u00e7ta yer almaktad\u0131r. Daha iyi performans i\u00e7in koruma petrol bariyeri, ya\u011f s\u0131y\u0131r\u0131c\u0131, ve di\u011fer deniz temizleyici ekipmanlar\u0131yla birle\u015ftirilebilir.<\/p>\n<p>Bariyer Serme Teknesi, birinci s\u0131n\u0131f Kaptan k\u00f6\u015fk\u00fc ve g\u00fcverte ile Modern ve verimli bir standart yerle\u015fim d\u00fczenine sahiptir. Kaptan k\u00f6\u015fk\u00fc ve g\u00fcverte yerle\u015fimi tamamen yal\u0131t\u0131lm\u0131\u015ft\u0131r, g\u00fcr\u00fclt\u00fc seviyelerini azalt\u0131r ve dayan\u0131kl\u0131, modern bir zeminle tamamlan\u0131r. Kaptan k\u00f6\u015fk\u00fc 360 derecelik bir g\u00f6r\u00fc\u015f a\u00e7\u0131s\u0131na sahiptir ve ayr\u0131ca tamamen klimal\u0131d\u0131r.<\/p>\n<p>Boom operasyonlar\u0131n\u0131n ba\u015far\u0131s\u0131: M\u00fckemmel stabilite, manevra kabiliyeti, \u00e7ekme ve ba\u011flama \u00f6zelliklerine sahip bariyer \u00c7ekici Teknesi. Ayr\u0131ca \u00fcretim i\u00e7in kalitemizi, standartlar\u0131m\u0131z\u0131 ve farkl\u0131l\u0131klar\u0131m\u0131z\u0131 g\u00f6receksiniz. Gemileri teslim ettikten sonra ayn\u0131 performans ve kalitenin y\u0131llar ve y\u0131llar sonra de\u011fi\u015fmedi\u011fini g\u00f6receksiniz, performans ve kaliteyi yakalamak i\u00e7in bir neden var, D\u00fc\u015f\u00fck kaliteli \u00fcr\u00fcnler kullanm\u0131yoruz, gemi in\u015fa etmek i\u00e7in en iyi malzeme ve \u00fcr\u00fcnleri se\u00e7iyoruz. ve ayr\u0131ca en iyi i\u015f\u00e7ileri ve m\u00fchendisleri se\u00e7iyoruz.<\/p>\n<p>Uluslararas\u0131 Denizcilik \u00d6rg\u00fct\u00fc, bu y\u00fczy\u0131l\u0131n sonuna kadar sera gaz\u0131 (GHG) emisyonlar\u0131n\u0131 s\u0131f\u0131ra indirme stratejisini a\u00e7\u0131klarken, deniz \u00e7evre d\u00fczenlemeleri d\u00fcnya \u00e7ap\u0131nda s\u0131k\u0131la\u015ft\u0131r\u0131ld\u0131. Emisyon kontrol alanlar\u0131n\u0131n uygulanmas\u0131 gemi operasyonlar\u0131n\u0131 etkilemeye ba\u015flam\u0131\u015ft\u0131r. Mavi Deniz, \u00e7ift yak\u0131tl\u0131 \u00e7\u00f6z\u00fcmler ve daha temiz ye\u015fil g\u00fc\u00e7 teknolojileri geli\u015ftirerek yeni emisyon kontrol d\u00fczenlemelerini ba\u015far\u0131yla ba\u015flatt\u0131. Mavi Deniz&#8217;in Ye\u015fil G\u00fc\u00e7 Se\u00e7enekleri; G\u00fcne\u015f Enerjisi Sistemi, Batarya G\u00fc\u00e7 Sistemi, Hidrojen Yak\u0131t Pili Sistemi, LPG Sistemi, G\u00fcverte donan\u0131m\u0131 ve tahrik sistemi dahil olmak \u00fczere Bomlu \u00c7ekici Bot + Ba\u011flama Botuna tam olarak entegre edilebilir.<\/p>\n<p><strong>Bariyer \u00c7ekici + Ba\u011flama Teknesi Ye\u015fil G\u00fc\u00e7 Se\u00e7enekleri<\/strong><\/p>\n<ul>\n<li>G\u00fcne\u015f Enerjisi Sistemiyle G\u00fc\u00e7lendirilir<\/li>\n<li>Pil G\u00fc\u00e7 Sistemi ile G\u00fc\u00e7lendirilir<\/li>\n<li>Hidrojen Yak\u0131t H\u00fccresi Sistemi ile G\u00fc\u00e7lendirilir<\/li>\n<li>LPG Sistemi ile G\u00fc\u00e7lendirilir<\/li>\n<\/ul>\n<p><strong>\u00d6zellikleri<\/strong><\/p>\n<ul>\n<li>Demirleme Teknesi, Deniz terminalleri, limanlar, limanlardaki operasyonlar i\u00e7in ideal<\/li>\n<li>Temel fonksiyonlar; \u00c7ekme \/ \u0130tme \/ Personel transferi \/ Demirleme \/ Dal\u0131\u015f operasyonunun desteklenmesi \/ Ya\u011f tutucu bariyer\u00a0 \/ Petrol s\u0131y\u0131r\u0131c\u0131 operasyonlar\u0131n\u0131n desteklenmesi<\/li>\n<li>S\u0131\u011f su, \u00fcst\u00fcn manevra kabiliyeti<\/li>\n<li>Geni\u015f arka g\u00fcverte, g\u00fcvenli \u00e7al\u0131\u015fma alan\u0131<\/li>\n<li>T\u00fcm kaynakl\u0131 denizcilik s\u0131n\u0131f\u0131 \u00e7elik veya al\u00fcminyum yap\u0131<\/li>\n<li>Opsiyonel tambur, \u00e7eki kancas\u0131, hava \u00fcfleyici, \u015famand\u0131ra, \u00e7apalam sistemi<\/li>\n<li>\u00c7e\u015fitli kaptan k\u00f6\u015fk\u00fc\/konsol tasar\u0131mlar\u0131<\/li>\n<li>Tek veya \u00e7ift motorlu olarak mevcuttur<\/li>\n<li>Hidrolik vin\u00e7, hidrolik vin\u00e7, makara, s\u0131y\u0131r\u0131c\u0131, bariyer navigasyon ekipman\u0131 vb. gibi ek donan\u0131mlar kurulabilir.<\/li>\n<li>\u00d6zel boyutlar, \u00f6zellikler mevcuttur.<\/li>\n<\/ul>\n<div class=\"wptm_table tablesorter-bootstrap \" data-id=\"76\" data-hightlight=\"0\"><div class=\"wptm_buttons buttons_wptmTbl76\"><\/div><div class=\"wptmresponsive dataTables-wptmtable wptmtable \" id=\"wptmtable76\" data-tableid=\"wptmTbl76\"><table data-count-header=\"1\"  data-format-decimal_count=\"0\" data-format-decimal_symbol=\".\" data-format-symbol_position=\"0\" data-format-thousand_symbol=\",\"  data-format-currency_symbol=\"$\"  data-name-style=\"76_1759810911.css\" data-format=\"YYYY-MM-DD\" id=\"wptmTbl76\" data-id=\"76\" data-responsive=\"false\" data-hideCols=\"false\"  data-type=\"html\" data-paging=\"false\" data-searching=\"true\"  data-ordering=\"false\" data-table-breakpoint=\"980\" data-scroll-x=\"true\" data-scroll-collapse=\"true\" data-align=\"center\" data-range=\"[]\" data-hideColumn=\"[0,0,0,0,0,0]\"  data-colwidths=\"[190,190,190,190,190,190]\"  data-colwidths_desktop=[]  data-colwidths_tablet=[]  data-colwidths_mobile=[]  class=\"wptm_main_table  disablePager hideScrollHeader\"><colgroup><col data-dtr=\"0\" data-dtc=\"0\" class=\"dtc0\"><col data-dtr=\"0\" data-dtc=\"1\" class=\"dtc1\"><col data-dtr=\"0\" data-dtc=\"2\" class=\"dtc2\"><col data-dtr=\"0\" data-dtc=\"3\" class=\"dtc3\"><col data-dtr=\"0\" data-dtc=\"4\" class=\"dtc4\"><col data-dtr=\"0\" data-dtc=\"5\" class=\"dtc5\"><\/colgroup><thead><tr class=\"wptm-header-cells-index\"><th rowspan=\"1\" colspan=\"1\" data-dtr=\"0\" data-dtc=\"0\" class=\"dtr0 dtc0\"><\/th><th rowspan=\"1\" colspan=\"1\" data-dtr=\"0\" data-dtc=\"1\" class=\"dtr0 dtc1\"><\/th><th rowspan=\"1\" colspan=\"1\" data-dtr=\"0\" data-dtc=\"2\" class=\"dtr0 dtc2\"><\/th><th rowspan=\"1\" colspan=\"1\" data-dtr=\"0\" data-dtc=\"3\" class=\"dtr0 dtc3\"><\/th><th rowspan=\"1\" colspan=\"1\" data-dtr=\"0\" data-dtc=\"4\" class=\"dtr0 dtc4\"><\/th><th rowspan=\"1\" colspan=\"1\" data-dtr=\"0\" data-dtc=\"5\" class=\"dtr0 dtc5\"><\/th><\/tr><tr class=\" row0\"><th   data-priority=\"0\" class=\"dtr0 dtc0\"><\/th><th   data-priority=\"0\" class=\"dtr0 dtc1\">Mooring Boat I<\/th><th   data-priority=\"0\" class=\"dtr0 dtc2\">Mooring Boat II<\/th><th   data-priority=\"0\" class=\"dtr0 dtc3\">Mooring Boat III<\/th><th   data-priority=\"0\" class=\"dtr0 dtc4\">Mooring Boat IV<\/th><th   data-priority=\"0\" class=\"dtr0 dtc5\">Mooring Boat V<\/th><\/thead><tbody><tr class=\" row1\"><td    class=\"dtr1 dtc0\"><\/td><td    class=\"dtr1 dtc1\"><\/td><td    class=\"dtr1 dtc2\"><\/td><td    class=\"dtr1 dtc3\"><\/td><td    class=\"dtr1 dtc4\"><\/td><td    class=\"dtr1 dtc5\"><\/td><\/tr><tr class=\" row2\"><td  colspan=\"6\"   class=\"dtr2 dtc0\">Dimensions<\/td><td  style=\"display: none\"   class=\"dtr2 dtc1\"><\/td><td  style=\"display: none\"   class=\"dtr2 dtc2\"><\/td><td  style=\"display: none\"   class=\"dtr2 dtc3\"><\/td><td  style=\"display: none\"   class=\"dtr2 dtc4\"><\/td><td  style=\"display: none\"   class=\"dtr2 dtc5\"><\/td><\/tr><tr class=\" row3\"><td    class=\"dtr3 dtc0\">Length<\/td><td    class=\"dtr3 dtc1\">6.5 m<\/td><td    class=\"dtr3 dtc2\">7.5 m<\/td><td    class=\"dtr3 dtc3\">9 m<\/td><td    class=\"dtr3 dtc4\">10.5 m<\/td><td    class=\"dtr3 dtc5\">12.5 m<\/td><\/tr><tr class=\" row4\"><td    class=\"dtr4 dtc0\">Width<\/td><td    class=\"dtr4 dtc1\">2.4 m<\/td><td    class=\"dtr4 dtc2\">2.6 m<\/td><td    class=\"dtr4 dtc3\">3 m<\/td><td    class=\"dtr4 dtc4\">4.5 m<\/td><td    class=\"dtr4 dtc5\">4.5 m<\/td><\/tr><tr class=\" row5\"><td    class=\"dtr5 dtc0\">Draft<\/td><td    class=\"dtr5 dtc1\">1.5 m<\/td><td    class=\"dtr5 dtc2\">1.6 m<\/td><td    class=\"dtr5 dtc3\">1.5 m<\/td><td    class=\"dtr5 dtc4\">1.5 m<\/td><td    class=\"dtr5 dtc5\">1.5 m<\/td><\/tr><tr class=\" row6\"><td    class=\"dtr6 dtc0\"><\/td><td    class=\"dtr6 dtc1\"><\/td><td    class=\"dtr6 dtc2\"><\/td><td    class=\"dtr6 dtc3\"><\/td><td    class=\"dtr6 dtc4\"><\/td><td    class=\"dtr6 dtc5\"><\/td><\/tr><tr class=\" row7\"><td  colspan=\"6\"   class=\"dtr7 dtc0\">General<\/td><td  style=\"display: none\"   class=\"dtr7 dtc1\"><\/td><td  style=\"display: none\"   class=\"dtr7 dtc2\"><\/td><td  style=\"display: none\"   class=\"dtr7 dtc3\"><\/td><td  style=\"display: none\"   class=\"dtr7 dtc4\"><\/td><td  style=\"display: none\"   class=\"dtr7 dtc5\"><\/td><\/tr><tr class=\" row8\"><td    class=\"dtr8 dtc0\">Purpose Of Vessel<\/td><td  colspan=\"5\"   class=\"dtr8 dtc1\">Oil Spill Response + Boom Towing + Mooring Operations<\/td><td  style=\"display: none\"   class=\"dtr8 dtc2\"><\/td><td  style=\"display: none\"   class=\"dtr8 dtc3\"><\/td><td  style=\"display: none\"   class=\"dtr8 dtc4\"><\/td><td  style=\"display: none\"   class=\"dtr8 dtc5\"><\/td><\/tr><tr class=\" row9\"><td    class=\"dtr9 dtc0\">Material (Superstructure  + Hull)<\/td><td  colspan=\"5\"   class=\"dtr9 dtc1\">Steel ( Standard ) or Aluminium ( Optional )<\/td><td  style=\"display: none\"   class=\"dtr9 dtc2\"><\/td><td  style=\"display: none\"   class=\"dtr9 dtc3\"><\/td><td  style=\"display: none\"   class=\"dtr9 dtc4\"><\/td><td  style=\"display: none\"   class=\"dtr9 dtc5\"><\/td><\/tr><tr class=\" row10\"><td    class=\"dtr10 dtc0\">Hull Type<\/td><td  colspan=\"5\"   class=\"dtr10 dtc1\">Mono Hull ( Standard ) or Catamaran ( Optional ) | Ice Class (Optional)<\/td><td  style=\"display: none\"   class=\"dtr10 dtc2\"><\/td><td  style=\"display: none\"   class=\"dtr10 dtc3\"><\/td><td  style=\"display: none\"   class=\"dtr10 dtc4\"><\/td><td  style=\"display: none\"   class=\"dtr10 dtc5\"><\/td><\/tr><tr class=\" row11\"><td    class=\"dtr11 dtc0\">Classification (Optional)<\/td><td  colspan=\"5\"   class=\"dtr11 dtc1\">B.V. Or Equivalent<\/td><td  style=\"display: none\"   class=\"dtr11 dtc2\"><\/td><td  style=\"display: none\"   class=\"dtr11 dtc3\"><\/td><td  style=\"display: none\"   class=\"dtr11 dtc4\"><\/td><td  style=\"display: none\"   class=\"dtr11 dtc5\"><\/td><\/tr><tr class=\" row12\"><td    class=\"dtr12 dtc0\"><\/td><td    class=\"dtr12 dtc1\"><\/td><td    class=\"dtr12 dtc2\"><\/td><td    class=\"dtr12 dtc3\"><\/td><td    class=\"dtr12 dtc4\"><\/td><td    class=\"dtr12 dtc5\"><\/td><\/tr><tr class=\" row13\"><td  colspan=\"6\"   class=\"dtr13 dtc0\">Tank capacity<\/td><td  style=\"display: none\"   class=\"dtr13 dtc1\"><\/td><td  style=\"display: none\"   class=\"dtr13 dtc2\"><\/td><td  style=\"display: none\"   class=\"dtr13 dtc3\"><\/td><td  style=\"display: none\"   class=\"dtr13 dtc4\"><\/td><td  style=\"display: none\"   class=\"dtr13 dtc5\"><\/td><\/tr><tr class=\" row14\"><td    class=\"dtr14 dtc0\">F\/O Tank<\/td><td    class=\"dtr14 dtc1\">200 lt<\/td><td    class=\"dtr14 dtc2\">200 lt<\/td><td    class=\"dtr14 dtc3\">200 lt<\/td><td    class=\"dtr14 dtc4\">200 lt<\/td><td    class=\"dtr14 dtc5\">200 lt<\/td><\/tr><tr class=\" row15\"><td    class=\"dtr15 dtc0\"><\/td><td    class=\"dtr15 dtc1\"><\/td><td    class=\"dtr15 dtc2\"><\/td><td    class=\"dtr15 dtc3\"><\/td><td    class=\"dtr15 dtc4\"><\/td><td    class=\"dtr15 dtc5\"><\/td><\/tr><tr class=\" row16\"><td  colspan=\"6\"   class=\"dtr16 dtc0\">Power and Propulsion<\/td><td  style=\"display: none\"   class=\"dtr16 dtc1\"><\/td><td  style=\"display: none\"   class=\"dtr16 dtc2\"><\/td><td  style=\"display: none\"   class=\"dtr16 dtc3\"><\/td><td  style=\"display: none\"   class=\"dtr16 dtc4\"><\/td><td  style=\"display: none\"   class=\"dtr16 dtc5\"><\/td><\/tr><tr class=\" row17\"><td    class=\"dtr17 dtc0\">Propulsion<\/td><td  colspan=\"5\"   class=\"dtr17 dtc1\">Azimuth Thruster ( Standard ) | Fixed Pitch ( Optional ) | Outboard ( Optional )<\/td><td  style=\"display: none\"   class=\"dtr17 dtc2\"><\/td><td  style=\"display: none\"   class=\"dtr17 dtc3\"><\/td><td  style=\"display: none\"   class=\"dtr17 dtc4\"><\/td><td  style=\"display: none\"   class=\"dtr17 dtc5\"><\/td><\/tr><tr class=\" row18\"><td    class=\"dtr18 dtc0\">Power<\/td><td  colspan=\"5\"   class=\"dtr18 dtc1\">Diesel ( Standard )<\/td><td  style=\"display: none\"   class=\"dtr18 dtc2\"><\/td><td  style=\"display: none\"   class=\"dtr18 dtc3\"><\/td><td  style=\"display: none\"   class=\"dtr18 dtc4\"><\/td><td  style=\"display: none\"   class=\"dtr18 dtc5\"><\/td><\/tr><tr class=\" row19\"><td    class=\"dtr19 dtc0\">Green Power<\/td><td  colspan=\"5\"   class=\"dtr19 dtc1\">Battery ( Optional ) | Hydroen Fuel Cell (Optional) | Solar Energy (Optional) | LNG System (Optional)<\/td><td  style=\"display: none\"   class=\"dtr19 dtc2\"><\/td><td  style=\"display: none\"   class=\"dtr19 dtc3\"><\/td><td  style=\"display: none\"   class=\"dtr19 dtc4\"><\/td><td  style=\"display: none\"   class=\"dtr19 dtc5\"><\/td><\/tr><tr class=\" row20\"><td    class=\"dtr20 dtc0\">Engine<\/td><td    class=\"dtr20 dtc1\">100 hp<\/td><td    class=\"dtr20 dtc2\">150 hp<\/td><td    class=\"dtr20 dtc3\">200 hp<\/td><td    class=\"dtr20 dtc4\">225 hp<\/td><td    class=\"dtr20 dtc5\">250 hp<\/td><\/tr><tr class=\" row21\"><td    class=\"dtr21 dtc0\">Bollard Pull<\/td><td    class=\"dtr21 dtc1\">1 T<\/td><td    class=\"dtr21 dtc2\">1.2 T<\/td><td    class=\"dtr21 dtc3\">1.5 T<\/td><td    class=\"dtr21 dtc4\">1.6 T<\/td><td    class=\"dtr21 dtc5\">6 T<\/td><\/tr><tr class=\" row22\"><td    class=\"dtr22 dtc0\">Speed<\/td><td    class=\"dtr22 dtc1\">8 Knot<\/td><td    class=\"dtr22 dtc2\">8.5 Knot<\/td><td    class=\"dtr22 dtc3\">8.5 Knot<\/td><td    class=\"dtr22 dtc4\">8.5 Knot<\/td><td    class=\"dtr22 dtc5\">9.5 Knot<\/td><\/tr><tr class=\" row23\"><td    class=\"dtr23 dtc0\"><\/td><td    class=\"dtr23 dtc1\"><\/td><td    class=\"dtr23 dtc2\"><\/td><td    class=\"dtr23 dtc3\"><\/td><td    class=\"dtr23 dtc4\"><\/td><td    class=\"dtr23 dtc5\"><\/td><\/tr><tr class=\" row24\"><td  colspan=\"6\"   class=\"dtr24 dtc0\">Oil Spill Recovery System<\/td><td  style=\"display: none\"   class=\"dtr24 dtc1\"><\/td><td  style=\"display: none\"   class=\"dtr24 dtc2\"><\/td><td  style=\"display: none\"   class=\"dtr24 dtc3\"><\/td><td  style=\"display: none\"   class=\"dtr24 dtc4\"><\/td><td  style=\"display: none\"   class=\"dtr24 dtc5\"><\/td><\/tr><tr class=\" row25\"><td    class=\"dtr25 dtc0\">Oil Collection Speed<\/td><td    class=\"dtr25 dtc1\">0-3 knots<\/td><td    class=\"dtr25 dtc2\">0-3 knots<\/td><td    class=\"dtr25 dtc3\">0-3 knots<\/td><td    class=\"dtr25 dtc4\">0-3 knots<\/td><td    class=\"dtr25 dtc5\">0-3 knots<\/td><\/tr><tr class=\" row26\"><td    class=\"dtr26 dtc0\">Type of Oil Skimmer (Optional)<\/td><td  colspan=\"5\"   class=\"dtr26 dtc1\"> Multi Skimmer or Side Skimmer<\/td><td  style=\"display: none\"   class=\"dtr26 dtc2\"><\/td><td  style=\"display: none\"   class=\"dtr26 dtc3\"><\/td><td  style=\"display: none\"   class=\"dtr26 dtc4\"><\/td><td  style=\"display: none\"   class=\"dtr26 dtc5\"><\/td><\/tr><tr class=\" row27\"><td    class=\"dtr27 dtc0\">Inflatable Boom (Optional)<\/td><td  colspan=\"5\"   class=\"dtr27 dtc1\">Up to 1 x 600 m Oil Boom with Hydraulic Reel System<\/td><td  style=\"display: none\"   class=\"dtr27 dtc2\"><\/td><td  style=\"display: none\"   class=\"dtr27 dtc3\"><\/td><td  style=\"display: none\"   class=\"dtr27 dtc4\"><\/td><td  style=\"display: none\"   class=\"dtr27 dtc5\"><\/td><\/tr><tr class=\" row28\"><td    class=\"dtr28 dtc0\">Floating Oil Storage Tank (Optional)<\/td><td  colspan=\"5\"   class=\"dtr28 dtc1\">Up to 20 m3<\/td><td  style=\"display: none\"   class=\"dtr28 dtc2\"><\/td><td  style=\"display: none\"   class=\"dtr28 dtc3\"><\/td><td  style=\"display: none\"   class=\"dtr28 dtc4\"><\/td><td  style=\"display: none\"   class=\"dtr28 dtc5\"><\/td><\/tr><tr class=\" row29\"><td    class=\"dtr29 dtc0\">Infrared Camera (Optional)<\/td><td  colspan=\"5\"   class=\"dtr29 dtc1\">Infrared Tracking Camera<\/td><td  style=\"display: none\"   class=\"dtr29 dtc2\"><\/td><td  style=\"display: none\"   class=\"dtr29 dtc3\"><\/td><td  style=\"display: none\"   class=\"dtr29 dtc4\"><\/td><td  style=\"display: none\"   class=\"dtr29 dtc5\"><\/td><\/tr><tr class=\" row30\"><td    class=\"dtr30 dtc0\">Dispersant Spray System (Optional)<\/td><td  colspan=\"5\"   class=\"dtr30 dtc1\">MaviSpray - 20 lt\/min<\/td><td  style=\"display: none\"   class=\"dtr30 dtc2\"><\/td><td  style=\"display: none\"   class=\"dtr30 dtc3\"><\/td><td  style=\"display: none\"   class=\"dtr30 dtc4\"><\/td><td  style=\"display: none\"   class=\"dtr30 dtc5\"><\/td><\/tr><tr class=\" row31\"><td    class=\"dtr31 dtc0\"><\/td><td    class=\"dtr31 dtc1\"><\/td><td    class=\"dtr31 dtc2\"><\/td><td    class=\"dtr31 dtc3\"><\/td><td    class=\"dtr31 dtc4\"><\/td><td    class=\"dtr31 dtc5\"><\/td><\/tr><tr class=\" row32\"><td  colspan=\"6\"   class=\"dtr32 dtc0\">Electronic and Navigation<\/td><td  style=\"display: none\"   class=\"dtr32 dtc1\"><\/td><td  style=\"display: none\"   class=\"dtr32 dtc2\"><\/td><td  style=\"display: none\"   class=\"dtr32 dtc3\"><\/td><td  style=\"display: none\"   class=\"dtr32 dtc4\"><\/td><td  style=\"display: none\"   class=\"dtr32 dtc5\"><\/td><\/tr><tr class=\" row33\"><td    class=\"dtr33 dtc0\">Standard<\/td><td  colspan=\"5\"   class=\"dtr33 dtc1\">GMDSS Sea Area A3, GPS, Echo Sounder, Compass, VHF. Navigational Safety Lights, Autopilot, Radar<\/td><td  style=\"display: none\"   class=\"dtr33 dtc2\"><\/td><td  style=\"display: none\"   class=\"dtr33 dtc3\"><\/td><td  style=\"display: none\"   class=\"dtr33 dtc4\"><\/td><td  style=\"display: none\"   class=\"dtr33 dtc5\"><\/td><\/tr><tr class=\" row34\"><td    class=\"dtr34 dtc0\">Optional<\/td><td  colspan=\"5\"   class=\"dtr34 dtc1\">Hydrographic Survey System ( Multi beam echo sounder , Single beam echo sounder, hull mounted sonar )  \/ Search Light<\/td><td  style=\"display: none\"   class=\"dtr34 dtc2\"><\/td><td  style=\"display: none\"   class=\"dtr34 dtc3\"><\/td><td  style=\"display: none\"   class=\"dtr34 dtc4\"><\/td><td  style=\"display: none\"   class=\"dtr34 dtc5\"><\/td><\/tr><tr class=\" row35\"><td    class=\"dtr35 dtc0\"><\/td><td    class=\"dtr35 dtc1\"><\/td><td    class=\"dtr35 dtc2\"><\/td><td    class=\"dtr35 dtc3\"><\/td><td    class=\"dtr35 dtc4\"><\/td><td    class=\"dtr35 dtc5\"><\/td><\/tr><tr class=\" row36\"><td  colspan=\"6\"   class=\"dtr36 dtc0\">Deck System<\/td><td  style=\"display: none\"   class=\"dtr36 dtc1\"><\/td><td  style=\"display: none\"   class=\"dtr36 dtc2\"><\/td><td  style=\"display: none\"   class=\"dtr36 dtc3\"><\/td><td  style=\"display: none\"   class=\"dtr36 dtc4\"><\/td><td  style=\"display: none\"   class=\"dtr36 dtc5\"><\/td><\/tr><tr class=\" row37\"><td    class=\"dtr37 dtc0\">Crane<\/td><td  colspan=\"5\"   class=\"dtr37 dtc1\">Hydraulic Foldable Knuckle Boom or Jib Crane ( Hydraulic or Manual )<\/td><td  style=\"display: none\"   class=\"dtr37 dtc2\"><\/td><td  style=\"display: none\"   class=\"dtr37 dtc3\"><\/td><td  style=\"display: none\"   class=\"dtr37 dtc4\"><\/td><td  style=\"display: none\"   class=\"dtr37 dtc5\"><\/td><\/tr><tr class=\" row38\"><td    class=\"dtr38 dtc0\">Anchor<\/td><td    class=\"dtr38 dtc1\">1 pcs<\/td><td    class=\"dtr38 dtc2\">1 pcs<\/td><td    class=\"dtr38 dtc3\">1 pcs<\/td><td    class=\"dtr38 dtc4\">1 pcs<\/td><td    class=\"dtr38 dtc5\">1 pcs<\/td><\/tr><tr class=\" row39\"><td    class=\"dtr39 dtc0\">Optional<\/td><td  colspan=\"5\"   class=\"dtr39 dtc1\">Diving Equipments \/ Fire Fighting Equipment (Up to 600 m3\/h monitor)<\/td><td  style=\"display: none\"   class=\"dtr39 dtc2\"><\/td><td  style=\"display: none\"   class=\"dtr39 dtc3\"><\/td><td  style=\"display: none\"   class=\"dtr39 dtc4\"><\/td><td  style=\"display: none\"   class=\"dtr39 dtc5\"><\/td><\/tr><tr class=\" row40\"><td    class=\"dtr40 dtc0\"><\/td><td    class=\"dtr40 dtc1\"><\/td><td    class=\"dtr40 dtc2\"><\/td><td    class=\"dtr40 dtc3\"><\/td><td    class=\"dtr40 dtc4\"><\/td><td    class=\"dtr40 dtc5\"><\/td><\/tr><tr class=\" row41\"><td  colspan=\"6\"   class=\"dtr41 dtc0\">Accommodation<\/td><td  style=\"display: none\"   class=\"dtr41 dtc1\"><\/td><td  style=\"display: none\"   class=\"dtr41 dtc2\"><\/td><td  style=\"display: none\"   class=\"dtr41 dtc3\"><\/td><td  style=\"display: none\"   class=\"dtr41 dtc4\"><\/td><td  style=\"display: none\"   class=\"dtr41 dtc5\"><\/td><\/tr><tr class=\" row42\"><td    class=\"dtr42 dtc0\">Air Condition<\/td><td  colspan=\"5\"   class=\"dtr42 dtc1\">Heated (Standard) \/ Air-conditioned (Optional)<\/td><td  style=\"display: none\"   class=\"dtr42 dtc2\"><\/td><td  style=\"display: none\"   class=\"dtr42 dtc3\"><\/td><td  style=\"display: none\"   class=\"dtr42 dtc4\"><\/td><td  style=\"display: none\"   class=\"dtr42 dtc5\"><\/td><\/tr><tr class=\" row43\"><td    class=\"dtr43 dtc0\">Cabin<\/td><td  colspan=\"5\"   class=\"dtr43 dtc1\">A fully glazed wheelhouse high quality fit-out which includes seat.<\/td><td  style=\"display: none\"   class=\"dtr43 dtc2\"><\/td><td  style=\"display: none\"   class=\"dtr43 dtc3\"><\/td><td  style=\"display: none\"   class=\"dtr43 dtc4\"><\/td><td  style=\"display: none\"   class=\"dtr43 dtc5\"><\/td><\/tr><tr class=\" row44\"><td    class=\"dtr44 dtc0\">Optional<\/td><td  colspan=\"5\"   class=\"dtr44 dtc1\">Upto 8 Persons - WC \/ Changing Room \/ Mess Room \/ Galley<\/td><td  style=\"display: none\"   class=\"dtr44 dtc2\"><\/td><td  style=\"display: none\"   class=\"dtr44 dtc3\"><\/td><td  style=\"display: none\"   class=\"dtr44 dtc4\"><\/td><td  style=\"display: none\"   class=\"dtr44 dtc5\"><\/td><\/tr><\/tbody><tfoot><tr><td class=\"dtr44 dtc0\" style=\"height: 0;\"><\/td><td class=\"dtr44 dtc1\" style=\"height: 0;\"><\/td><td class=\"dtr44 dtc2\" style=\"height: 0;\"><\/td><td class=\"dtr44 dtc3\" style=\"height: 0;\"><\/td><td class=\"dtr44 dtc4\" style=\"height: 0;\"><\/td><td class=\"dtr44 dtc5\" style=\"height: 0;\"><\/td><\/tr><\/tfoot><\/table><\/div><style>#wptmtable76 .dataTables_wrapper > .dataTables_scroll {max-height:500px;overflow: auto;}<\/style><script>window.wptm_ajaxurl = 'https:\/\/mavideniz.com.tr\/wp-admin\/admin-ajax.php?juwpfisadmin=false&action=Wptm&'; window.wptm_front = 'https:\/\/mavideniz.com.tr\/wp-content\/plugins\/wp-table-manager\/app\/site\/assets\/'; window.wptm_style = 'https:\/\/mavideniz.com.tr\/wp-content\/uploads\/wptm\/';<\/script><\/div><style><\/style>\n","protected":false},"excerpt":{"rendered":"<p>Bariyer Serme, Palamar operasyonlar, petrol kirlili\u011fine m\u00fcdahale operasyonlar\u0131 ger\u00e7ekle\u015ftirmek i\u00e7in tasar\u0131m\u0131\u015ft\u0131r. Ayr\u0131ca denizdeki operasyonlar\u0131 desteklemek i\u00e7in lojistik operasyonlar\u0131nda kullan\u0131labilinir. Bariyer [&hellip;]<\/p>\n","protected":false},"author":1,"featured_media":0,"parent":27526,"menu_order":0,"comment_status":"closed","ping_status":"closed","template":"","meta":{"site-sidebar-layout":"default","site-content-layout":"","ast-site-content-layout":"default","site-content-style":"default","site-sidebar-style":"default","ast-global-header-display":"","ast-banner-title-visibility":"","ast-main-header-display":"","ast-hfb-above-header-display":"","ast-hfb-below-header-display":"","ast-hfb-mobile-header-display":"","site-post-title":"","ast-breadcrumbs-content":"","ast-featured-img":"","footer-sml-layout":"","ast-disable-related-posts":"","theme-transparent-header-meta":"","adv-header-id-meta":"","stick-header-meta":"","header-above-stick-meta":"","header-main-stick-meta":"","header-below-stick-meta":"","astra-migrate-meta-layouts":"default","ast-page-background-enabled":"default","ast-page-background-meta":{"desktop":{"background-color":"var(--ast-global-color-5)","background-image":"","background-repeat":"repeat","background-position":"center center","background-size":"auto","background-attachment":"scroll","background-type":"","background-media":"","overlay-type":"","overlay-color":"","overlay-opacity":"","overlay-gradient":""},"tablet":{"background-color":"","background-image":"","background-repeat":"repeat","background-position":"center center","background-size":"auto","background-attachment":"scroll","background-type":"","background-media":"","overlay-type":"","overlay-color":"","overlay-opacity":"","overlay-gradient":""},"mobile":{"background-color":"","background-image":"","background-repeat":"repeat","background-position":"center center","background-size":"auto","background-attachment":"scroll","background-type":"","background-media":"","overlay-type":"","overlay-color":"","overlay-opacity":"","overlay-gradient":""}},"ast-content-background-meta":{"desktop":{"background-color":"var(--ast-global-color-4)","background-image":"","background-repeat":"repeat","background-position":"center center","background-size":"auto","background-attachment":"scroll","background-type":"","background-media":"","overlay-type":"","overlay-color":"","overlay-opacity":"","overlay-gradient":""},"tablet":{"background-color":"var(--ast-global-color-4)","background-image":"","background-repeat":"repeat","background-position":"center center","background-size":"auto","background-attachment":"scroll","background-type":"","background-media":"","overlay-type":"","overlay-color":"","overlay-opacity":"","overlay-gradient":""},"mobile":{"background-color":"var(--ast-global-color-4)","background-image":"","background-repeat":"repeat","background-position":"center center","background-size":"auto","background-attachment":"scroll","background-type":"","background-media":"","overlay-type":"","overlay-color":"","overlay-opacity":"","overlay-gradient":""}},"footnotes":""},"class_list":["post-27539","page","type-page","status-publish","hentry"],"_links":{"self":[{"href":"https:\/\/mavideniz.com.tr\/tr\/wp-json\/wp\/v2\/pages\/27539","targetHints":{"allow":["GET"]}}],"collection":[{"href":"https:\/\/mavideniz.com.tr\/tr\/wp-json\/wp\/v2\/pages"}],"about":[{"href":"https:\/\/mavideniz.com.tr\/tr\/wp-json\/wp\/v2\/types\/page"}],"author":[{"embeddable":true,"href":"https:\/\/mavideniz.com.tr\/tr\/wp-json\/wp\/v2\/users\/1"}],"replies":[{"embeddable":true,"href":"https:\/\/mavideniz.com.tr\/tr\/wp-json\/wp\/v2\/comments?post=27539"}],"version-history":[{"count":0,"href":"https:\/\/mavideniz.com.tr\/tr\/wp-json\/wp\/v2\/pages\/27539\/revisions"}],"up":[{"embeddable":true,"href":"https:\/\/mavideniz.com.tr\/tr\/wp-json\/wp\/v2\/pages\/27526"}],"wp:attachment":[{"href":"https:\/\/mavideniz.com.tr\/tr\/wp-json\/wp\/v2\/media?parent=27539"}],"curies":[{"name":"wp","href":"https:\/\/api.w.org\/{rel}","templated":true}]}}