{"id":27543,"date":"2021-10-17T14:11:59","date_gmt":"2021-10-17T14:11:59","guid":{"rendered":"https:\/\/mavideniz.com.tr\/?page_id=27543"},"modified":"2023-07-02T12:18:06","modified_gmt":"2023-07-02T12:18:06","slug":"acik-deniz-petrol-sizintisi-mudahale-gemisi","status":"publish","type":"page","link":"https:\/\/mavideniz.com.tr\/tr\/gemiler-tekneler\/petrol-sizintisi-kurtarma-mudahale-gemisi\/acik-deniz-petrol-sizintisi-mudahale-gemisi\/","title":{"rendered":"A\u00e7\u0131k Deniz Petrol S\u0131z\u0131nt\u0131s\u0131 M\u00fcdahale Gemisi"},"content":{"rendered":"\n<p>Mavi Deniz, \u00e7ok ama\u00e7l\u0131 a\u00e7\u0131k deniz petrol toplama gemilerinin tasar\u0131m\u0131 ve \u00fcretiminde pazar lideri\/d\u00fcnyan\u0131n en b\u00fcy\u00fck pazar lideridir Mavi Deniz, \u00e7ok ama\u00e7l\u0131 bir a\u00e7\u0131k deniz petrol s\u0131z\u0131nt\u0131s\u0131 m\u00fcdahale gemisi olan e\u015fsiz Sea Barracuda&#8217;y\u0131 geli\u015ftirdi. \u00c7ok Ama\u00e7l\u0131 A\u00e7\u0131k Deniz Petrol S\u0131z\u0131nt\u0131s\u0131 Kurtarma Gemisi (OSRV), a\u00e7\u0131k denizlerde verimli ve h\u0131zl\u0131 petrol temizleme operasyonlar\u0131 uygulamak i\u00e7in gerekli t\u00fcm ekipmanlarla birlikte tedarik edilebilir.<\/p>\n<p>\u00c7ok maksatl\u0131 OSRV, hidrokarbon d\u00f6k\u00fclmelerine m\u00fcdahale etme, yang\u0131nla m\u00fccadele, \u015famand\u0131ra elle\u015fleme, tedarik, \u00e7ekme, genel \u00e7al\u0131\u015fma botu g\u00f6revleri, izleme, kimyasal p\u00fcsk\u00fcrtme, petrol geri kazan\u0131m\u0131, ya\u011fl\u0131 at\u0131k depolama dahil olmak \u00fczere bir\u00e7ok farkl\u0131 uygulamada kullan\u0131labilmesi i\u00e7in \u00e7e\u015fitli m\u00fcdahale ekipman\u0131 t\u00fcrleri tak\u0131labilir. Ayr\u0131yetten a\u00e7\u0131k deniz alanlar\u0131ndan mikro kirleticileride bertaraf edebilir.<\/p>\n<p>Sea Barracuda; A\u00e7\u0131k deniz petrol s\u0131z\u0131nt\u0131s\u0131na m\u00fcdahale gemisi, bofor \u00f6l\u00e7e\u011fi 5 ko\u015fuluna kadar sert s\u00fcp\u00fcrme kollar\u0131 sistemleri ile denizden petrolleri otomatik olarak toplar. Bu benzersiz tasar\u0131ml\u0131, amaca y\u00f6nelik a\u00e7\u0131k deniz petrol s\u0131z\u0131nt\u0131s\u0131 kurtarma gemisi, y\u00fcksek viskoziteli ham petrollerden (1.000.000 Cst) d\u00fc\u015f\u00fck viskositeli \u00fcr\u00fcnlere kadar her \u00e7e\u015fidini toplayabilir.<\/p>\n<p>Uluslararas\u0131 Denizcilik \u00d6rg\u00fct\u00fc, sera gaz\u0131 (GHG) emisyonlar\u0131n\u0131 bu y\u00fczy\u0131la kadar s\u0131f\u0131ra indirme stratejisini duyurdu; deniz \u00e7evre d\u00fczenlemeleri d\u00fcnya \u00e7ap\u0131nda s\u0131k\u0131la\u015ft\u0131r\u0131ld\u0131. Emisyon kontrol alanlar\u0131n\u0131n uygulanmas\u0131 gemi operasyonlar\u0131n\u0131 etkilemeye ba\u015flam\u0131\u015ft\u0131r. Mavi Deniz, \u00e7ift yak\u0131tl\u0131 \u00e7\u00f6z\u00fcmler ve daha temiz ye\u015fil g\u00fc\u00e7 teknolojileri geli\u015ftirerek yeni emisyon kontrol d\u00fczenlemelerini ba\u015far\u0131yla ba\u015flatt\u0131.<\/p>\n<p>Mavi Deniz&#8217;in \u00c7evreci G\u00fc\u00e7 Se\u00e7enekleri; G\u00fcne\u015f Enerjisi Sistemi, Ak\u00fc G\u00fcc\u00fc Sistemi, Hidrojen Yak\u0131t Pili Sistemi ve LNG Sistemi, g\u00fcverte ekipman\u0131 ve sevk sistemi dahil olmak \u00fczere A\u00e7\u0131k Deniz Petrol S\u0131z\u0131nt\u0131s\u0131 Kurtarma Gemisine tamamen entegre olabilir.<\/p>\n<p><span style=\"color: #339966;\"><strong>A\u00e7\u0131k Deniz Petrol S\u0131z\u0131nt\u0131s\u0131 M\u00fcdahale Gemisi Ye\u015fil G\u00fc\u00e7 Se\u00e7enekleri<\/strong><\/span><\/p>\n<ul>\n<li>G\u00fcne\u015f Enerjisi Sistemiyle G\u00fc\u00e7lendirilir<\/li>\n<li>Pil G\u00fc\u00e7 Sistemi ile G\u00fc\u00e7lendirilir<\/li>\n<li>Hidrojen Yak\u0131t H\u00fccresi Sistemi ile G\u00fc\u00e7lendirilir<\/li>\n<li>LPG Sistemi ile G\u00fc\u00e7lendirilir<\/li>\n<\/ul>\n<p><strong>\u00d6zellikleri<\/strong><\/p>\n<ul>\n<li>Sea Barracuda, sert s\u00fcp\u00fcrme kollu s\u0131y\u0131r\u0131c\u0131 sistemi ile t\u00fcm petrol t\u00fcrlerinin denizden viskozitesini geri kazanmak i\u00e7in petrol s\u0131z\u0131nt\u0131lar\u0131n\u0131 toplayabilir.<\/li>\n<li>Offshore Petrol Geri Kazan\u0131m Gemisi Toplama Oran\u0131 ; 150 ton\/saat &#8211; 200 ton\/saat &#8211; 300 ton\/saat.<\/li>\n<li>Dispersant sprey sistemi, kimyasal dispersiyon ajan\u0131n\u0131 her iki tarafa monte edilmi\u015f mafsall\u0131 kollar arac\u0131l\u0131\u011f\u0131yla uygulamak i\u00e7in uygundur.<\/li>\n<li>OSD (Petrol S\u0131z\u0131nt\u0131 Alg\u0131lama) Sudaki petrol s\u0131z\u0131nt\u0131lar\u0131n\u0131 tespit etmek\/izlemek i\u00e7in sistem.<\/li>\n<li>K\u0131zg\u0131n Ya\u011f Is\u0131tma Sistemi, tanklar\u0131n \u0131s\u0131t\u0131lmas\u0131 i\u00e7in kazan \u00fczerine oturur.<\/li>\n<li>A\u00e7\u0131k Deniz Petrol S\u0131z\u0131nt\u0131s\u0131 M\u00fcdahale Gemisi, \u00e7ift g\u00f6vdeli ve \u00e7ift diplidir.<\/li>\n<li>\u0130ste\u011fe ba\u011fl\u0131 bir bom makaras\u0131, \u00e7e\u015fitli boyutlardaki bomlar\u0131 veya yang\u0131nla m\u00fccadele i\u00e7in Fi-Fi 1 monit\u00f6rlerini ve \u015famand\u0131ra ta\u015f\u0131ma operasyonlar\u0131 i\u00e7in<\/li>\n<li>A-Frame Vin\u00e7&#8217;i veya \u00e7apa ta\u015f\u0131ma g\u00f6revleri i\u00e7in \u00e7ekme vincini depolamak ve yerle\u015ftirmek i\u00e7in kullan\u0131labilir.<\/li>\n<\/ul>\n<p>Petrol S\u0131z\u0131nt\u0131s\u0131 Tespiti ( OSD ) Sisteminin birincil amac\u0131, deniz y\u00fczeyindeki petrol s\u0131z\u0131nt\u0131lar\u0131n\u0131 tespit etmek ve zaman i\u00e7indeki petrol s\u0131z\u0131nt\u0131s\u0131n\u0131 takip etmektir. Sistem, hem petrol sahalar\u0131n\u0131 denetleyenlere hem de temizleme operasyonlar\u0131ndan sorumlu olanlara yard\u0131m sa\u011flar. OSD sistemi g\u00fcnde 24 saat tamamen karanl\u0131kta veya siste \u00e7al\u0131\u015fabilir, b\u00f6ylece g\u00f6r\u00fc\u015f\u00fcn zay\u0131f oldu\u011fu durumlarda kurtarma ve g\u00f6zden ge\u00e7irme operasyonlar\u0131n\u0131 m\u00fcmk\u00fcn k\u0131lar. Beaufort \u00f6l\u00e7e\u011fi 2-6&#8217;ya kar\u015f\u0131l\u0131k gelen r\u00fczgar ko\u015fullar\u0131nda ve deniz durumlar\u0131nda en az 100 litre petrol s\u0131z\u0131nt\u0131s\u0131n\u0131 tespit edebilme. Sea Barracuda, a\u00e7\u0131k denizlerde veya a\u00e7\u0131k deniz faaliyetlerinde \u00e7al\u0131\u015fmak \u00fczere \u00f6zel olarak tasarlanm\u0131\u015ft\u0131r. OSRV, geminin a\u00e7\u0131k sularda ayn\u0131 y\u00fcksek performans seviyesine ula\u015fmas\u0131n\u0131 sa\u011flayan m\u00fckemmel denizcilik \u00f6zelliklerine sahiptir. Deniz y\u00fczeyindeki petrol lekelerinin kabarma ve teknenin r\u0131ht\u0131m\u0131 taraf\u0131ndan bozulmamas\u0131 i\u00e7in d\u00fczg\u00fcn bir yelkenli tekne tasar\u0131m\u0131na ekstra \u00f6zen g\u00f6sterilmi\u015ftir.<\/p>\n<p><strong>Mavi Deniz&#8217;in Offshore Petrol S\u0131z\u0131nt\u0131s\u0131 M\u00fcdahale Gemileri d\u00fcnya \u00e7ap\u0131nda kullan\u0131mda g\u00f6r\u00fclmektedir.<\/strong><\/p>\n<div class=\"wptm_table tablesorter-bootstrap \" data-id=\"77\" data-hightlight=\"0\"><div class=\"wptm_buttons buttons_wptmTbl77\"><\/div><div class=\"wptmresponsive dataTables-wptmtable wptmtable \" id=\"wptmtable77\" data-tableid=\"wptmTbl77\"><table data-count-header=\"1\"  data-format-decimal_count=\"0\" data-format-decimal_symbol=\".\" data-format-symbol_position=\"0\" data-format-thousand_symbol=\",\"  data-format-currency_symbol=\"$\"  data-name-style=\"77_1759810846.css\" data-format=\"YYYY-MM-DD\" id=\"wptmTbl77\" data-id=\"77\" data-responsive=\"false\" data-hideCols=\"false\"  data-type=\"html\" data-paging=\"false\" data-searching=\"true\"  data-ordering=\"false\" data-table-breakpoint=\"980\" data-scroll-x=\"true\" data-scroll-collapse=\"true\" data-align=\"center\" data-range=\"[]\" data-hideColumn=\"[0,0,0,0]\"  data-colwidths=\"[285,285,285,285]\"  data-colwidths_desktop=[]  data-colwidths_tablet=[]  data-colwidths_mobile=[]  class=\"wptm_main_table  disablePager hideScrollHeader\"><colgroup><col data-dtr=\"0\" data-dtc=\"0\" class=\"dtc0\"><col data-dtr=\"0\" data-dtc=\"1\" class=\"dtc1\"><col data-dtr=\"0\" data-dtc=\"2\" class=\"dtc2\"><col data-dtr=\"0\" data-dtc=\"3\" class=\"dtc3\"><\/colgroup><thead><tr class=\"wptm-header-cells-index\"><th rowspan=\"1\" colspan=\"1\" data-dtr=\"0\" data-dtc=\"0\" class=\"dtr0 dtc0\"><\/th><th rowspan=\"1\" colspan=\"1\" data-dtr=\"0\" data-dtc=\"1\" class=\"dtr0 dtc1\"><\/th><th rowspan=\"1\" colspan=\"1\" data-dtr=\"0\" data-dtc=\"2\" class=\"dtr0 dtc2\"><\/th><th rowspan=\"1\" colspan=\"1\" data-dtr=\"0\" data-dtc=\"3\" class=\"dtr0 dtc3\"><\/th><\/tr><tr class=\" row0\"><th   data-priority=\"0\" class=\"dtr0 dtc0\"><\/th><th   data-priority=\"0\" class=\"dtr0 dtc1\">SEA BARRACUDA 40<\/th><th   data-priority=\"0\" class=\"dtr0 dtc2\">SEA BARRACUDA 50<\/th><th   data-priority=\"0\" class=\"dtr0 dtc3\">SEA BARRACUDA 60<\/th><\/thead><tbody><tr class=\" row1\"><td    class=\"dtr1 dtc0\"><\/td><td    class=\"dtr1 dtc1\"><\/td><td    class=\"dtr1 dtc2\"><\/td><td    class=\"dtr1 dtc3\"><\/td><\/tr><tr class=\" row2\"><td  colspan=\"4\"   class=\"dtr2 dtc0\">Dimensions<\/td><td  style=\"display: none\"   class=\"dtr2 dtc1\"><\/td><td  style=\"display: none\"   class=\"dtr2 dtc2\"><\/td><td  style=\"display: none\"   class=\"dtr2 dtc3\"><\/td><\/tr><tr class=\" row3\"><td    class=\"dtr3 dtc0\">Length<\/td><td    class=\"dtr3 dtc1\">40 m<\/td><td    class=\"dtr3 dtc2\">50 m<\/td><td    class=\"dtr3 dtc3\">60 m<\/td><\/tr><tr class=\" row4\"><td    class=\"dtr4 dtc0\">Beam<\/td><td    class=\"dtr4 dtc1\">12 m<\/td><td    class=\"dtr4 dtc2\">12 m<\/td><td    class=\"dtr4 dtc3\">15 m<\/td><\/tr><tr class=\" row5\"><td    class=\"dtr5 dtc0\">Draft<\/td><td    class=\"dtr5 dtc1\">5.0 m<\/td><td    class=\"dtr5 dtc2\">5.5 m<\/td><td    class=\"dtr5 dtc3\">5.5 m<\/td><\/tr><tr class=\" row6\"><td    class=\"dtr6 dtc0\"><\/td><td    class=\"dtr6 dtc1\"><\/td><td    class=\"dtr6 dtc2\"><\/td><td    class=\"dtr6 dtc3\"><\/td><\/tr><tr class=\" row7\"><td  colspan=\"4\"   class=\"dtr7 dtc0\">General<\/td><td  style=\"display: none\"   class=\"dtr7 dtc1\"><\/td><td  style=\"display: none\"   class=\"dtr7 dtc2\"><\/td><td  style=\"display: none\"   class=\"dtr7 dtc3\"><\/td><\/tr><tr class=\" row8\"><td    class=\"dtr8 dtc0\">Purpose Of Vessel<\/td><td  colspan=\"3\"   class=\"dtr8 dtc1\">Oil Spill Recovery + Oil Spill Response + Optional ( Buoy Laying + Fire Fighting +  Hydrographic Survey + Wreck Marking + Towing + Supply Vessel )  <\/td><td  style=\"display: none\"   class=\"dtr8 dtc2\"><\/td><td  style=\"display: none\"   class=\"dtr8 dtc3\"><\/td><\/tr><tr class=\" row9\"><td    class=\"dtr9 dtc0\">Material (Superstructure  + Hull)<\/td><td  colspan=\"3\"   class=\"dtr9 dtc1\">Steel ( Standard ) or Aluminium ( Optional )<\/td><td  style=\"display: none\"   class=\"dtr9 dtc2\"><\/td><td  style=\"display: none\"   class=\"dtr9 dtc3\"><\/td><\/tr><tr class=\" row10\"><td    class=\"dtr10 dtc0\">Hull Type<\/td><td  colspan=\"3\"   class=\"dtr10 dtc1\">Mono Hull ( Standard ) or Catamaran ( Optional ) | Ice Class (Optional)<\/td><td  style=\"display: none\"   class=\"dtr10 dtc2\"><\/td><td  style=\"display: none\"   class=\"dtr10 dtc3\"><\/td><\/tr><tr class=\" row11\"><td    class=\"dtr11 dtc0\">Classification<\/td><td  colspan=\"3\"   class=\"dtr11 dtc1\">B.V. Or Equivalent<\/td><td  style=\"display: none\"   class=\"dtr11 dtc2\"><\/td><td  style=\"display: none\"   class=\"dtr11 dtc3\"><\/td><\/tr><tr class=\" row12\"><td    class=\"dtr12 dtc0\"><\/td><td    class=\"dtr12 dtc1\"><\/td><td    class=\"dtr12 dtc2\"><\/td><td    class=\"dtr12 dtc3\"><\/td><\/tr><tr class=\" row13\"><td  colspan=\"4\"   class=\"dtr13 dtc0\">Tank Capacity<\/td><td  style=\"display: none\"   class=\"dtr13 dtc1\"><\/td><td  style=\"display: none\"   class=\"dtr13 dtc2\"><\/td><td  style=\"display: none\"   class=\"dtr13 dtc3\"><\/td><\/tr><tr class=\" row14\"><td    class=\"dtr14 dtc0\">Recovered Oil Tank<\/td><td    class=\"dtr14 dtc1\">250 m\u00b3<\/td><td    class=\"dtr14 dtc2\">400 m\u00b3<\/td><td    class=\"dtr14 dtc3\">800 m\u00b3<\/td><\/tr><tr class=\" row15\"><td    class=\"dtr15 dtc0\">Fresh Water Tank<\/td><td    class=\"dtr15 dtc1\">100 m\u00b3<\/td><td    class=\"dtr15 dtc2\">200 m\u00b3<\/td><td    class=\"dtr15 dtc3\">400 m\u00b3<\/td><\/tr><tr class=\" row16\"><td    class=\"dtr16 dtc0\">F\/O Tank<\/td><td    class=\"dtr16 dtc1\">100 m\u00b3<\/td><td    class=\"dtr16 dtc2\">200 m\u00b3<\/td><td    class=\"dtr16 dtc3\">500 m\u00b3<\/td><\/tr><tr class=\" row17\"><td    class=\"dtr17 dtc0\"><\/td><td    class=\"dtr17 dtc1\"><\/td><td    class=\"dtr17 dtc2\"><\/td><td    class=\"dtr17 dtc3\"><\/td><\/tr><tr class=\" row18\"><td  colspan=\"4\"   class=\"dtr18 dtc0\">Power and Propulsion<\/td><td  style=\"display: none\"   class=\"dtr18 dtc1\"><\/td><td  style=\"display: none\"   class=\"dtr18 dtc2\"><\/td><td  style=\"display: none\"   class=\"dtr18 dtc3\"><\/td><\/tr><tr class=\" row19\"><td    class=\"dtr19 dtc0\">Propulsion<\/td><td  colspan=\"3\"   class=\"dtr19 dtc1\">Fixed Pitch ( Standard ) | Azimuth Thruster ( Optional )<\/td><td  style=\"display: none\"   class=\"dtr19 dtc2\"><\/td><td  style=\"display: none\"   class=\"dtr19 dtc3\"><\/td><\/tr><tr class=\" row20\"><td    class=\"dtr20 dtc0\">Power<\/td><td  colspan=\"3\"   class=\"dtr20 dtc1\">Diesel ( Standard )<\/td><td  style=\"display: none\"   class=\"dtr20 dtc2\"><\/td><td  style=\"display: none\"   class=\"dtr20 dtc3\"><\/td><\/tr><tr class=\" row21\"><td    class=\"dtr21 dtc0\">Green Power<\/td><td  colspan=\"3\"   class=\"dtr21 dtc1\">Battery ( Optional ) | Hydroen Fuel Cell (Optional) | Solar Energy (Optional) | LNG System (Optional)<\/td><td  style=\"display: none\"   class=\"dtr21 dtc2\"><\/td><td  style=\"display: none\"   class=\"dtr21 dtc3\"><\/td><\/tr><tr class=\" row22\"><td    class=\"dtr22 dtc0\">Engine<\/td><td    class=\"dtr22 dtc1\">2 x 970 Kw<\/td><td    class=\"dtr22 dtc2\">2 x 1170 Kw<\/td><td    class=\"dtr22 dtc3\">2 x 1700 Kw<\/td><\/tr><tr class=\" row23\"><td    class=\"dtr23 dtc0\">Thruster ( Bow - Stern )<\/td><td    class=\"dtr23 dtc1\">Bow (1 x 100 Kw) - Optional (Stern)<\/td><td    class=\"dtr23 dtc2\">Bow (1 x 100 Kw) - Optional (Stern)<\/td><td    class=\"dtr23 dtc3\">Bow (1 x 100 Kw) - Optional (Stern)<\/td><\/tr><tr class=\" row24\"><td    class=\"dtr24 dtc0\">Speed<\/td><td    class=\"dtr24 dtc1\">12 knots<\/td><td    class=\"dtr24 dtc2\">13 knots<\/td><td    class=\"dtr24 dtc3\">14 knots<\/td><\/tr><tr class=\" row25\"><td    class=\"dtr25 dtc0\"><\/td><td    class=\"dtr25 dtc1\"><\/td><td    class=\"dtr25 dtc2\"><\/td><td    class=\"dtr25 dtc3\"><\/td><\/tr><tr class=\" row26\"><td  colspan=\"4\"   class=\"dtr26 dtc0\">Oil Pollution Recovery System<\/td><td  style=\"display: none\"   class=\"dtr26 dtc1\"><\/td><td  style=\"display: none\"   class=\"dtr26 dtc2\"><\/td><td  style=\"display: none\"   class=\"dtr26 dtc3\"><\/td><\/tr><tr class=\" row27\"><td    class=\"dtr27 dtc0\">Oil Recovery Rate<\/td><td    class=\"dtr27 dtc1\">2 x 100 m\u00b3 \/ hr<\/td><td    class=\"dtr27 dtc2\">2 x 200 m\u00b3 \/ hr<\/td><td    class=\"dtr27 dtc3\">2 x 300 m\u00b3 \/ hr<\/td><\/tr><tr class=\" row28\"><td    class=\"dtr28 dtc0\">Type of Oil Skimmer<\/td><td  colspan=\"3\"   class=\"dtr28 dtc1\">Sweeping Arm or Side Collector or  Multi Skimmer<\/td><td  style=\"display: none\"   class=\"dtr28 dtc2\"><\/td><td  style=\"display: none\"   class=\"dtr28 dtc3\"><\/td><\/tr><tr class=\" row29\"><td    class=\"dtr29 dtc0\">Offloading  Pump<\/td><td    class=\"dtr29 dtc1\">200 m3 - pending on viscosity<\/td><td    class=\"dtr29 dtc2\">200 m3 - pending on viscosity<\/td><td    class=\"dtr29 dtc3\">200 m3 - pending on viscosity<\/td><\/tr><tr class=\" row30\"><td    class=\"dtr30 dtc0\">Oil Collection Speed<\/td><td    class=\"dtr30 dtc1\">0 - 4 knots<\/td><td    class=\"dtr30 dtc2\">0 - 4 knots<\/td><td    class=\"dtr30 dtc3\">0 - 4 knots<\/td><\/tr><tr class=\" row31\"><td    class=\"dtr31 dtc0\">Oil Spill Detection System<\/td><td    class=\"dtr31 dtc1\">1 - 4 miles radius<\/td><td    class=\"dtr31 dtc2\">1 - 4 miles radius<\/td><td    class=\"dtr31 dtc3\">1 - 4 miles radius<\/td><\/tr><tr class=\" row32\"><td    class=\"dtr32 dtc0\">Infrared Camera<\/td><td  colspan=\"3\"   class=\"dtr32 dtc1\">Infrared Tracking Camera<\/td><td  style=\"display: none\"   class=\"dtr32 dtc2\"><\/td><td  style=\"display: none\"   class=\"dtr32 dtc3\"><\/td><\/tr><tr class=\" row33\"><td    class=\"dtr33 dtc0\">Workboat<\/td><td    class=\"dtr33 dtc1\">1 x 6 m Work Boat<\/td><td    class=\"dtr33 dtc2\">1 x 6 m Work Boat<\/td><td    class=\"dtr33 dtc3\">1 x 9 m Work Boat<\/td><\/tr><tr class=\" row34\"><td    class=\"dtr34 dtc0\">Inflatable Boom<\/td><td    class=\"dtr34 dtc1\">1 x 600 m Hydraulic Reel System<\/td><td    class=\"dtr34 dtc2\">1 x 600 m Hydraulic Reel System<\/td><td    class=\"dtr34 dtc3\">1 x 600 m Hydraulic Reel System<\/td><\/tr><tr class=\" row35\"><td    class=\"dtr35 dtc0\">Dispersant Spray System<\/td><td    class=\"dtr35 dtc1\">MaviSpray - 100 lt\/min<\/td><td    class=\"dtr35 dtc2\">MaviSpray - 100 lt\/min<\/td><td    class=\"dtr35 dtc3\">MaviSpray - 100 lt\/min<\/td><\/tr><tr class=\" row36\"><td    class=\"dtr36 dtc0\"><\/td><td    class=\"dtr36 dtc1\"><\/td><td    class=\"dtr36 dtc2\"><\/td><td    class=\"dtr36 dtc3\"><\/td><\/tr><tr class=\" row37\"><td  colspan=\"4\"   class=\"dtr37 dtc0\">Auxiliary Equipment<\/td><td  style=\"display: none\"   class=\"dtr37 dtc1\"><\/td><td  style=\"display: none\"   class=\"dtr37 dtc2\"><\/td><td  style=\"display: none\"   class=\"dtr37 dtc3\"><\/td><\/tr><tr class=\" row38\"><td    class=\"dtr38 dtc0\">Sewage Treatment Plant<\/td><td    class=\"dtr38 dtc1\">25 liters\/hr<\/td><td    class=\"dtr38 dtc2\">50 liters\/hr<\/td><td    class=\"dtr38 dtc3\">100 liters\/hr<\/td><\/tr><tr class=\" row39\"><td    class=\"dtr39 dtc0\">Oily Water Separator<\/td><td    class=\"dtr39 dtc1\">1 x 0.5 m\u00b3\/hr<\/td><td    class=\"dtr39 dtc2\">1 x 1.0 m\u00b3\/hr<\/td><td    class=\"dtr39 dtc3\">1 x 1.5 m\u00b3\/hr<\/td><\/tr><tr class=\" row40\"><td    class=\"dtr40 dtc0\">Generator Sets<\/td><td    class=\"dtr40 dtc1\">2 x 150 Kw<\/td><td    class=\"dtr40 dtc2\">3 x 200 Kw<\/td><td    class=\"dtr40 dtc3\">3 x 280 Kw<\/td><\/tr><tr class=\" row41\"><td    class=\"dtr41 dtc0\"><\/td><td    class=\"dtr41 dtc1\"><\/td><td    class=\"dtr41 dtc2\"><\/td><td    class=\"dtr41 dtc3\"><\/td><\/tr><tr class=\" row42\"><td  colspan=\"4\"   class=\"dtr42 dtc0\">Electronic and Navigation<\/td><td  style=\"display: none\"   class=\"dtr42 dtc1\"><\/td><td  style=\"display: none\"   class=\"dtr42 dtc2\"><\/td><td  style=\"display: none\"   class=\"dtr42 dtc3\"><\/td><\/tr><tr class=\" row43\"><td    class=\"dtr43 dtc0\">Standard<\/td><td  colspan=\"3\"   class=\"dtr43 dtc1\">GMDSS Sea Area A3, GPS, Echo Sounder, Compass, VHF. Navigational Safety Lights, Autopilot, Radar, Internet Access (all cabins), Intercom<\/td><td  style=\"display: none\"   class=\"dtr43 dtc2\"><\/td><td  style=\"display: none\"   class=\"dtr43 dtc3\"><\/td><\/tr><tr class=\" row44\"><td    class=\"dtr44 dtc0\">Optional<\/td><td  colspan=\"3\"   class=\"dtr44 dtc1\">Hydrographic Survey System ( Multi beam echo sounder , Single beam echo sounder, hull mounted sonar ) \/ Dynamic Position System ( DP 1 - DP 2 ) \/ Search Light<\/td><td  style=\"display: none\"   class=\"dtr44 dtc2\"><\/td><td  style=\"display: none\"   class=\"dtr44 dtc3\"><\/td><\/tr><tr class=\" row45\"><td    class=\"dtr45 dtc0\"><\/td><td    class=\"dtr45 dtc1\"><\/td><td    class=\"dtr45 dtc2\"><\/td><td    class=\"dtr45 dtc3\"><\/td><\/tr><tr class=\" row46\"><td  colspan=\"4\"   class=\"dtr46 dtc0\">Deck System<\/td><td  style=\"display: none\"   class=\"dtr46 dtc1\"><\/td><td  style=\"display: none\"   class=\"dtr46 dtc2\"><\/td><td  style=\"display: none\"   class=\"dtr46 dtc3\"><\/td><\/tr><tr class=\" row47\"><td    class=\"dtr47 dtc0\">Crane<\/td><td  colspan=\"3\"   class=\"dtr47 dtc1\">Hydraulic Foldable Knuckle Crane - Up to 5 tons @ 8m  | ( A- Frame up to 20 tons ) Optional<\/td><td  style=\"display: none\"   class=\"dtr47 dtc2\"><\/td><td  style=\"display: none\"   class=\"dtr47 dtc3\"><\/td><\/tr><tr class=\" row48\"><td    class=\"dtr48 dtc0\">Rescue Device<\/td><td  colspan=\"3\"   class=\"dtr48 dtc1\">1 x Rescue Boat<\/td><td  style=\"display: none\"   class=\"dtr48 dtc2\"><\/td><td  style=\"display: none\"   class=\"dtr48 dtc3\"><\/td><\/tr><tr class=\" row49\"><td    class=\"dtr49 dtc0\">Anchor Windlasses<\/td><td    class=\"dtr49 dtc1\">1x High Holding Power<\/td><td    class=\"dtr49 dtc2\">2 x High Holding Power<\/td><td    class=\"dtr49 dtc3\">2 x High Holding Power<\/td><\/tr><tr class=\" row50\"><td    class=\"dtr50 dtc0\">Optional<\/td><td  colspan=\"3\"   class=\"dtr50 dtc1\">Towing Winch \/ Hydrographic Equipment \/ Diving Equipments \/ Fire Fighting Equipment (Up to 600 m3\/h monitor) \/ Helideck<\/td><td  style=\"display: none\"   class=\"dtr50 dtc2\"><\/td><td  style=\"display: none\"   class=\"dtr50 dtc3\"><\/td><\/tr><tr class=\" row51\"><td    class=\"dtr51 dtc0\"><\/td><td    class=\"dtr51 dtc1\"><\/td><td    class=\"dtr51 dtc2\"><\/td><td    class=\"dtr51 dtc3\"><\/td><\/tr><tr class=\" row52\"><td  colspan=\"4\"   class=\"dtr52 dtc0\">Accommodation<\/td><td  style=\"display: none\"   class=\"dtr52 dtc1\"><\/td><td  style=\"display: none\"   class=\"dtr52 dtc2\"><\/td><td  style=\"display: none\"   class=\"dtr52 dtc3\"><\/td><\/tr><tr class=\" row53\"><td    class=\"dtr53 dtc0\">Optional<\/td><td  colspan=\"3\"   class=\"dtr53 dtc1\">Upto 30 Persons - WC \/ Changing Room \/ Mess Room \/ Spare Berths \/ Private Sanitary Facilities \/ Lounges \/ Conferance Room \/ Office \/ Gymnasium<\/td><td  style=\"display: none\"   class=\"dtr53 dtc2\"><\/td><td  style=\"display: none\"   class=\"dtr53 dtc3\"><\/td><\/tr><\/tbody><tfoot><tr><td class=\"dtr53 dtc0\" style=\"height: 0;\"><\/td><td class=\"dtr53 dtc1\" style=\"height: 0;\"><\/td><td class=\"dtr53 dtc2\" style=\"height: 0;\"><\/td><td class=\"dtr53 dtc3\" style=\"height: 0;\"><\/td><\/tr><\/tfoot><\/table><\/div><style>#wptmtable77 .dataTables_wrapper > .dataTables_scroll {max-height:2000px;overflow: auto;}<\/style><script>window.wptm_ajaxurl = 'https:\/\/mavideniz.com.tr\/wp-admin\/admin-ajax.php?juwpfisadmin=false&action=Wptm&'; window.wptm_front = 'https:\/\/mavideniz.com.tr\/wp-content\/plugins\/wp-table-manager\/app\/site\/assets\/'; window.wptm_style = 'https:\/\/mavideniz.com.tr\/wp-content\/uploads\/wptm\/';<\/script><\/div><style><\/style>\n","protected":false},"excerpt":{"rendered":"<p>Mavi Deniz, \u00e7ok ama\u00e7l\u0131 a\u00e7\u0131k deniz petrol toplama gemilerinin tasar\u0131m\u0131 ve \u00fcretiminde pazar lideri\/d\u00fcnyan\u0131n en b\u00fcy\u00fck pazar lideridir Mavi Deniz, [&hellip;]<\/p>\n","protected":false},"author":1,"featured_media":0,"parent":27526,"menu_order":0,"comment_status":"closed","ping_status":"closed","template":"","meta":{"site-sidebar-layout":"default","site-content-layout":"","ast-site-content-layout":"default","site-content-style":"default","site-sidebar-style":"default","ast-global-header-display":"","ast-banner-title-visibility":"","ast-main-header-display":"","ast-hfb-above-header-display":"","ast-hfb-below-header-display":"","ast-hfb-mobile-header-display":"","site-post-title":"","ast-breadcrumbs-content":"","ast-featured-img":"","footer-sml-layout":"","ast-disable-related-posts":"","theme-transparent-header-meta":"","adv-header-id-meta":"","stick-header-meta":"","header-above-stick-meta":"","header-main-stick-meta":"","header-below-stick-meta":"","astra-migrate-meta-layouts":"default","ast-page-background-enabled":"default","ast-page-background-meta":{"desktop":{"background-color":"var(--ast-global-color-5)","background-image":"","background-repeat":"repeat","background-position":"center center","background-size":"auto","background-attachment":"scroll","background-type":"","background-media":"","overlay-type":"","overlay-color":"","overlay-opacity":"","overlay-gradient":""},"tablet":{"background-color":"","background-image":"","background-repeat":"repeat","background-position":"center center","background-size":"auto","background-attachment":"scroll","background-type":"","background-media":"","overlay-type":"","overlay-color":"","overlay-opacity":"","overlay-gradient":""},"mobile":{"background-color":"","background-image":"","background-repeat":"repeat","background-position":"center center","background-size":"auto","background-attachment":"scroll","background-type":"","background-media":"","overlay-type":"","overlay-color":"","overlay-opacity":"","overlay-gradient":""}},"ast-content-background-meta":{"desktop":{"background-color":"var(--ast-global-color-4)","background-image":"","background-repeat":"repeat","background-position":"center center","background-size":"auto","background-attachment":"scroll","background-type":"","background-media":"","overlay-type":"","overlay-color":"","overlay-opacity":"","overlay-gradient":""},"tablet":{"background-color":"var(--ast-global-color-4)","background-image":"","background-repeat":"repeat","background-position":"center center","background-size":"auto","background-attachment":"scroll","background-type":"","background-media":"","overlay-type":"","overlay-color":"","overlay-opacity":"","overlay-gradient":""},"mobile":{"background-color":"var(--ast-global-color-4)","background-image":"","background-repeat":"repeat","background-position":"center center","background-size":"auto","background-attachment":"scroll","background-type":"","background-media":"","overlay-type":"","overlay-color":"","overlay-opacity":"","overlay-gradient":""}},"footnotes":""},"class_list":["post-27543","page","type-page","status-publish","hentry"],"_links":{"self":[{"href":"https:\/\/mavideniz.com.tr\/tr\/wp-json\/wp\/v2\/pages\/27543","targetHints":{"allow":["GET"]}}],"collection":[{"href":"https:\/\/mavideniz.com.tr\/tr\/wp-json\/wp\/v2\/pages"}],"about":[{"href":"https:\/\/mavideniz.com.tr\/tr\/wp-json\/wp\/v2\/types\/page"}],"author":[{"embeddable":true,"href":"https:\/\/mavideniz.com.tr\/tr\/wp-json\/wp\/v2\/users\/1"}],"replies":[{"embeddable":true,"href":"https:\/\/mavideniz.com.tr\/tr\/wp-json\/wp\/v2\/comments?post=27543"}],"version-history":[{"count":0,"href":"https:\/\/mavideniz.com.tr\/tr\/wp-json\/wp\/v2\/pages\/27543\/revisions"}],"up":[{"embeddable":true,"href":"https:\/\/mavideniz.com.tr\/tr\/wp-json\/wp\/v2\/pages\/27526"}],"wp:attachment":[{"href":"https:\/\/mavideniz.com.tr\/tr\/wp-json\/wp\/v2\/media?parent=27543"}],"curies":[{"name":"wp","href":"https:\/\/api.w.org\/{rel}","templated":true}]}}