{"id":27551,"date":"2021-10-17T15:14:40","date_gmt":"2021-10-17T15:14:40","guid":{"rendered":"https:\/\/mavideniz.com.tr\/?page_id=27551"},"modified":"2023-07-02T13:17:42","modified_gmt":"2023-07-02T13:17:42","slug":"petrol-sizintisi-mudahale-botu","status":"publish","type":"page","link":"https:\/\/mavideniz.com.tr\/tr\/gemiler-tekneler\/petrol-sizintisi-kurtarma-mudahale-gemisi\/petrol-sizintisi-mudahale-botu\/","title":{"rendered":"Petrol S\u0131z\u0131nt\u0131s\u0131 M\u00fcdahale Botu"},"content":{"rendered":"\n<p>MINI CAT, Petrol S\u0131z\u0131nt\u0131s\u0131 M\u00fcdahale Botu, d\u00f6k\u00fclen petrol\u00fc k\u0131y\u0131 \u015feridine ula\u015fmadan toplamak i\u00e7in tasarlanm\u0131\u015f, son derece yenilik\u00e7i bir petrol M\u00fcdahale botudur. S\u0131n\u0131rl\u0131 alanlarda ve s\u0131\u011f sularda, ayn\u0131 operasyonel yeteneklere sahip daha b\u00fcy\u00fck gemilerin giremedi\u011fi alanlarda kullan\u0131lmak \u00fczere tasarlanm\u0131\u015ft\u0131r. \u0130\u00e7 uslar, Limanlar, kanallar, koylar, marinalar, g\u00f6ller, su yollar\u0131, k\u0131y\u0131ya yak\u0131n ve sahil boyunca a\u015fa\u011f\u0131daki hizmetleri y\u00fcr\u00fctmektedir:<\/p>\n<ul>\n<li>Y\u00fczen ve yar\u0131 bat\u0131k mikro kirleticileri (deniz yosunu, plastik, bitkiler, kutular, ah\u015fap, bitki \u00f6rt\u00fcs\u00fc vb.) toplay\u0131n, saklay\u0131n ve bo\u015falt\u0131n.<\/li>\n<li>Ya\u011flar\u0131n ve hidrokarbon \u00fcr\u00fcnlerinin toplanmas\u0131;<\/li>\n<li>G\u00fcvertede konu\u015fland\u0131r\u0131lm\u0131\u015f su topu ile yang\u0131nla m\u00fccadele ve r\u0131ht\u0131m temizleme i\u015flemleri;<\/li>\n<li>D\u00f6k\u00fclen k\u00f6p\u00fck ve y\u00fczey filmlerinin \u00e7\u0131kar\u0131lmas\u0131.<\/li>\n<li>Petrol S\u0131z\u0131nt\u0131s\u0131 M\u00fcdahae botu, ayn\u0131 zamanda, ya\u011f bariyeri, kimyasal p\u00fcsk\u00fcrtme ile petrol kirlili\u011fine m\u00fcdahale.<\/li>\n<\/ul>\n<p>Petrol S\u0131z\u0131nt\u0131s\u0131 M\u00fcdahale Botu, g\u00f6vdeye monte bir f\u0131r\u00e7al\u0131 s\u0131y\u0131r\u0131c\u0131ya sahiptir ve teknenin pruvas\u0131na veya yan\u0131na monte edilebilir, bu da geri kazan\u0131lan petrol t\u00fcrevinin do\u011frudan teknenin ortas\u0131ndaki geri kazan\u0131lan at\u0131k depolama tanklar\u0131na teslim edilmesini sa\u011flar. Petrol S\u0131z\u0131nt\u0131s\u0131 M\u00fcdahale Botu portatiftir ve operat\u00f6r\u00fcn deniz kazas\u0131na hemen m\u00fcdahale etmek i\u00e7in \u00fcniteyi h\u0131zl\u0131 bir \u015fekilde \u00f6nermesine veya yerini de\u011fi\u015ftirmesine olanak tan\u0131r. Ayr\u0131ca petrol m\u00fcdahale botlar\u0131 Konteyner veya R\u00f6mork ile transfer edilebilir.<\/p>\n<p>Petrol S\u0131z\u0131nt\u0131s\u0131 M\u00fcdahale Botu, m\u00fckemmel deniz niteliklerine sahiptir ve a\u00e7\u0131k denizde y\u00fcksek verimlilik seviyesini korur. Katamaran g\u00f6vdesi, toplama sepetinin arkas\u0131na yerle\u015ftirilmi\u015f vakum pervanesinin bir aspirasyon ak\u0131\u015f\u0131 olu\u015fturdu\u011fu teknenin i\u00e7 taraf\u0131na do\u011fru su ak\u0131\u015f\u0131n\u0131 vurgular. Emme vakum pervanesi, do\u011frudan kaptan k\u00f6\u015fk\u00fcnden \u00e7al\u0131\u015ft\u0131r\u0131l\u0131r. Toplama sepeti, i\u015flevselli\u011fini optimize etmek i\u00e7in d\u00f6\u015femeye g\u00f6re d\u00fczenlenebilir. Bir t\u00fcrbin, kat\u0131 at\u0131klar\u0131 filtrelemek i\u00e7in a\u011fl\u0131 bir tanktan bir su ak\u0131m\u0131 \u00e7eker.<\/p>\n<p>Ak\u0131\u015f daha sonra ikiye ayr\u0131l\u0131r:<\/p>\n<ul>\n<li>Birinci Ak\u0131\u015f: t\u00fcrbin pompalar\u0131 temiz sudan uzakla\u015ft\u0131r\u0131r.<\/li>\n<li>\u0130kinci Ak\u0131\u015f: Petrol ve hidrokarbonlarla kirlenmi\u015f y\u00fczey suyu, hidrokarbonlar\u0131n y\u00fczer halde tutuldu\u011fu bir hidrokarbon ay\u0131r\u0131c\u0131ya y\u00f6nlendirilir.<\/li>\n<\/ul>\n<p>MAV\u0130 DEN\u0130Z, \u00e7ok ama\u00e7l\u0131 ekolojik kirlilik \u00f6nleyici i\u015f tekneleri tasarlama ve \u00fcretme konusunda pazar lideri\/d\u00fcnyan\u0131n en b\u00fcy\u00fck \u00fcreticisidir.<\/p>\n<div class=\"wptm_table tablesorter-bootstrap \" data-id=\"78\" data-hightlight=\"0\"><div class=\"wptm_buttons buttons_wptmTbl78\"><\/div><div class=\"wptmresponsive dataTables-wptmtable wptmtable \" id=\"wptmtable78\" data-tableid=\"wptmTbl78\"><table data-count-header=\"1\"  data-format-decimal_count=\"0\" data-format-decimal_symbol=\".\" data-format-symbol_position=\"0\" data-format-thousand_symbol=\",\"  data-format-currency_symbol=\"$\"  data-name-style=\"78_1759811071.css\" data-format=\"YYYY-MM-DD\" id=\"wptmTbl78\" data-id=\"78\" data-responsive=\"false\" data-hideCols=\"false\"  data-type=\"html\" data-paging=\"false\" data-searching=\"true\"  data-ordering=\"false\" data-table-breakpoint=\"980\" data-scroll-x=\"true\" data-scroll-collapse=\"true\" data-align=\"center\" data-range=\"[]\" data-hideColumn=\"[0,0,0,0]\"  data-colwidths=\"[285,285,285,285]\"  data-colwidths_desktop=[]  data-colwidths_tablet=[]  data-colwidths_mobile=[]  class=\"wptm_main_table  disablePager hideScrollHeader\"><colgroup><col data-dtr=\"0\" data-dtc=\"0\" class=\"dtc0\"><col data-dtr=\"0\" data-dtc=\"1\" class=\"dtc1\"><col data-dtr=\"0\" data-dtc=\"2\" class=\"dtc2\"><col data-dtr=\"0\" data-dtc=\"3\" class=\"dtc3\"><\/colgroup><thead><tr class=\"wptm-header-cells-index\"><th rowspan=\"1\" colspan=\"1\" data-dtr=\"0\" data-dtc=\"0\" class=\"dtr0 dtc0\"><\/th><th rowspan=\"1\" colspan=\"1\" data-dtr=\"0\" data-dtc=\"1\" class=\"dtr0 dtc1\"><\/th><th rowspan=\"1\" colspan=\"1\" data-dtr=\"0\" data-dtc=\"2\" class=\"dtr0 dtc2\"><\/th><th rowspan=\"1\" colspan=\"1\" data-dtr=\"0\" data-dtc=\"3\" class=\"dtr0 dtc3\"><\/th><\/tr><tr class=\" row0\"><th   data-priority=\"0\" class=\"dtr0 dtc0\"><\/th><th   data-priority=\"0\" class=\"dtr0 dtc1\">MINI CAT OSR 5<\/th><th   data-priority=\"0\" class=\"dtr0 dtc2\">MINI CAT OSR 7<\/th><th   data-priority=\"0\" class=\"dtr0 dtc3\">MINI CAT OSR 9<\/th><\/thead><tbody><tr class=\" row1\"><td    class=\"dtr1 dtc0\"><\/td><td    class=\"dtr1 dtc1\"><\/td><td    class=\"dtr1 dtc2\"><\/td><td    class=\"dtr1 dtc3\"><\/td><\/tr><tr class=\" row2\"><td  colspan=\"4\"   class=\"dtr2 dtc0\">Dimensions<\/td><td  style=\"display: none\"   class=\"dtr2 dtc1\"><\/td><td  style=\"display: none\"   class=\"dtr2 dtc2\"><\/td><td  style=\"display: none\"   class=\"dtr2 dtc3\"><\/td><\/tr><tr class=\" row3\"><td    class=\"dtr3 dtc0\">Length<\/td><td    class=\"dtr3 dtc1\">5.1 m<\/td><td    class=\"dtr3 dtc2\">7.2 m<\/td><td    class=\"dtr3 dtc3\">9.1 m<\/td><\/tr><tr class=\" row4\"><td    class=\"dtr4 dtc0\">Beam<\/td><td    class=\"dtr4 dtc1\">2.2 m<\/td><td    class=\"dtr4 dtc2\">2.5 m<\/td><td    class=\"dtr4 dtc3\">2.5 m<\/td><\/tr><tr class=\" row5\"><td    class=\"dtr5 dtc0\">Draft<\/td><td    class=\"dtr5 dtc1\">0.8 m<\/td><td    class=\"dtr5 dtc2\">0.8 m<\/td><td    class=\"dtr5 dtc3\">0.9 m<\/td><\/tr><tr class=\" row6\"><td    class=\"dtr6 dtc0\"><\/td><td    class=\"dtr6 dtc1\"><\/td><td    class=\"dtr6 dtc2\"><\/td><td    class=\"dtr6 dtc3\"><\/td><\/tr><tr class=\" row7\"><td  colspan=\"4\"   class=\"dtr7 dtc0\">General<\/td><td  style=\"display: none\"   class=\"dtr7 dtc1\"><\/td><td  style=\"display: none\"   class=\"dtr7 dtc2\"><\/td><td  style=\"display: none\"   class=\"dtr7 dtc3\"><\/td><\/tr><tr class=\" row8\"><td    class=\"dtr8 dtc0\">Purpose Of Vessel<\/td><td  colspan=\"3\"   class=\"dtr8 dtc1\">Oil Spill Recovery + Oil Spill Response + Optional ( Trash Cleanup + Fire Fighting + Work Boat )  <\/td><td  style=\"display: none\"   class=\"dtr8 dtc2\"><\/td><td  style=\"display: none\"   class=\"dtr8 dtc3\"><\/td><\/tr><tr class=\" row9\"><td    class=\"dtr9 dtc0\">Material (Superstructure  + Hull)<\/td><td    class=\"dtr9 dtc1\">Aluminium<\/td><td    class=\"dtr9 dtc2\">Aluminium<\/td><td    class=\"dtr9 dtc3\">Aluminium<\/td><\/tr><tr class=\" row10\"><td    class=\"dtr10 dtc0\">Hull Type<\/td><td  colspan=\"3\"   class=\"dtr10 dtc1\">Mono Hull ( Standard ) or Catamaran ( Optional )<\/td><td  style=\"display: none\"   class=\"dtr10 dtc2\"><\/td><td  style=\"display: none\"   class=\"dtr10 dtc3\"><\/td><\/tr><tr class=\" row11\"><td    class=\"dtr11 dtc0\">Paint<\/td><td  colspan=\"3\"   class=\"dtr11 dtc1\">Epoxy coating underwater hull, decks & superstructure with a lifetime of about 3 years.<\/td><td  style=\"display: none\"   class=\"dtr11 dtc2\"><\/td><td  style=\"display: none\"   class=\"dtr11 dtc3\"><\/td><\/tr><tr class=\" row12\"><td    class=\"dtr12 dtc0\">Classification (Optional)<\/td><td  colspan=\"3\"   class=\"dtr12 dtc1\">B.V. Or Equivalent<\/td><td  style=\"display: none\"   class=\"dtr12 dtc2\"><\/td><td  style=\"display: none\"   class=\"dtr12 dtc3\"><\/td><\/tr><tr class=\" row13\"><td    class=\"dtr13 dtc0\"><\/td><td    class=\"dtr13 dtc1\"><\/td><td    class=\"dtr13 dtc2\"><\/td><td    class=\"dtr13 dtc3\"><\/td><\/tr><tr class=\" row14\"><td  colspan=\"4\"   class=\"dtr14 dtc0\">Tank Capacity<\/td><td  style=\"display: none\"   class=\"dtr14 dtc1\"><\/td><td  style=\"display: none\"   class=\"dtr14 dtc2\"><\/td><td  style=\"display: none\"   class=\"dtr14 dtc3\"><\/td><\/tr><tr class=\" row15\"><td    class=\"dtr15 dtc0\">Debris Capacity<\/td><td    class=\"dtr15 dtc1\">1 m\u00b3<\/td><td    class=\"dtr15 dtc2\">2 m\u00b3<\/td><td    class=\"dtr15 dtc3\">3 m\u00b3<\/td><\/tr><tr class=\" row16\"><td    class=\"dtr16 dtc0\">Oil Storage Tank<\/td><td    class=\"dtr16 dtc1\">1 m\u00b3<\/td><td    class=\"dtr16 dtc2\">2 m\u00b3<\/td><td    class=\"dtr16 dtc3\">3 m\u00b3<\/td><\/tr><tr class=\" row17\"><td    class=\"dtr17 dtc0\">Fuel Tank<\/td><td    class=\"dtr17 dtc1\">100 lt.<\/td><td    class=\"dtr17 dtc2\">150 lt.<\/td><td    class=\"dtr17 dtc3\">300 lt.<\/td><\/tr><tr class=\" row18\"><td    class=\"dtr18 dtc0\"><\/td><td    class=\"dtr18 dtc1\"><\/td><td    class=\"dtr18 dtc2\"><\/td><td    class=\"dtr18 dtc3\"><\/td><\/tr><tr class=\" row19\"><td  colspan=\"4\"   class=\"dtr19 dtc0\">Power and Propulsion<\/td><td  style=\"display: none\"   class=\"dtr19 dtc1\"><\/td><td  style=\"display: none\"   class=\"dtr19 dtc2\"><\/td><td  style=\"display: none\"   class=\"dtr19 dtc3\"><\/td><\/tr><tr class=\" row20\"><td    class=\"dtr20 dtc0\">Propulsion<\/td><td  colspan=\"3\"   class=\"dtr20 dtc1\">Outboard ( Optional ) | Sterndrive ( Optional ) | Fixed Pitch ( Optional ) | Azimuth Thruster ( Standard )<\/td><td  style=\"display: none\"   class=\"dtr20 dtc2\"><\/td><td  style=\"display: none\"   class=\"dtr20 dtc3\"><\/td><\/tr><tr class=\" row21\"><td    class=\"dtr21 dtc0\">Power<\/td><td  colspan=\"3\"   class=\"dtr21 dtc1\">Diesel ( Standard ) | Gasoline (Optional)<\/td><td  style=\"display: none\"   class=\"dtr21 dtc2\"><\/td><td  style=\"display: none\"   class=\"dtr21 dtc3\"><\/td><\/tr><tr class=\" row22\"><td    class=\"dtr22 dtc0\">Green Power<\/td><td  colspan=\"3\"   class=\"dtr22 dtc1\">Battery ( Optional ) | Hydroen Fuel Cell (Optional) | Solar Energy (Optional) | LPG System (Optional)<\/td><td  style=\"display: none\"   class=\"dtr22 dtc2\"><\/td><td  style=\"display: none\"   class=\"dtr22 dtc3\"><\/td><\/tr><tr class=\" row23\"><td    class=\"dtr23 dtc0\">Speed<\/td><td    class=\"dtr23 dtc1\">6 Knots<\/td><td    class=\"dtr23 dtc2\">6 Knots<\/td><td    class=\"dtr23 dtc3\">8 Knots<\/td><\/tr><tr class=\" row24\"><td    class=\"dtr24 dtc0\">High Speed (Optional)<\/td><td    class=\"dtr24 dtc1\">Optional<\/td><td    class=\"dtr24 dtc2\">Optional<\/td><td    class=\"dtr24 dtc3\">Optional<\/td><\/tr><tr class=\" row25\"><td    class=\"dtr25 dtc0\"><\/td><td    class=\"dtr25 dtc1\"><\/td><td    class=\"dtr25 dtc2\"><\/td><td    class=\"dtr25 dtc3\"><\/td><\/tr><tr class=\" row26\"><td  colspan=\"4\"   class=\"dtr26 dtc0\">Oil Pollution Recovery System<\/td><td  style=\"display: none\"   class=\"dtr26 dtc1\"><\/td><td  style=\"display: none\"   class=\"dtr26 dtc2\"><\/td><td  style=\"display: none\"   class=\"dtr26 dtc3\"><\/td><\/tr><tr class=\" row27\"><td    class=\"dtr27 dtc0\">Infrared Camera<\/td><td  colspan=\"3\"   class=\"dtr27 dtc1\">Infrared Tracking Camera<\/td><td  style=\"display: none\"   class=\"dtr27 dtc2\"><\/td><td  style=\"display: none\"   class=\"dtr27 dtc3\"><\/td><\/tr><tr class=\" row28\"><td    class=\"dtr28 dtc0\">Type of Oil Skimmer<\/td><td  colspan=\"3\"   class=\"dtr28 dtc1\">Bow Collector or Inclined Belt Oil Skimmer or Side Collector or  Multi Skimmer<\/td><td  style=\"display: none\"   class=\"dtr28 dtc2\"><\/td><td  style=\"display: none\"   class=\"dtr28 dtc3\"><\/td><\/tr><tr class=\" row29\"><td    class=\"dtr29 dtc0\">Oil Collection Speed<\/td><td    class=\"dtr29 dtc1\">0-3 knots<\/td><td    class=\"dtr29 dtc2\">0-3 knots<\/td><td    class=\"dtr29 dtc3\">0-3 knots<\/td><\/tr><tr class=\" row30\"><td    class=\"dtr30 dtc0\">Oil Recovery Rate<\/td><td    class=\"dtr30 dtc1\">Up to 35 m\u00b3 \/ hr<\/td><td    class=\"dtr30 dtc2\">Up to 50 m\u00b3 \/ hr<\/td><td    class=\"dtr30 dtc3\">Up to 80 m\u00b3 \/ hr<\/td><\/tr><tr class=\" row31\"><td    class=\"dtr31 dtc0\">Inflatable Boom<\/td><td    class=\"dtr31 dtc1\">1 x 100 m<\/td><td    class=\"dtr31 dtc2\">1 x 200 m Hydraulic Reel System<\/td><td    class=\"dtr31 dtc3\">1 x 200 m Hydraulic Reel System<\/td><\/tr><tr class=\" row32\"><td    class=\"dtr32 dtc0\">Floating Oil Storage Tank<\/td><td    class=\"dtr32 dtc1\">Up to 5 m3<\/td><td    class=\"dtr32 dtc2\">Up to 20 m3<\/td><td    class=\"dtr32 dtc3\">Up to 20 m3<\/td><\/tr><tr class=\" row33\"><td    class=\"dtr33 dtc0\">Dispersant Spray System<\/td><td    class=\"dtr33 dtc1\">MaviSpray - 100 lt\/min<\/td><td    class=\"dtr33 dtc2\">MaviSpray - 100 lt\/min<\/td><td    class=\"dtr33 dtc3\">MaviSpray - 100 lt\/min<\/td><\/tr><tr class=\" row34\"><td    class=\"dtr34 dtc0\"><\/td><td    class=\"dtr34 dtc1\"><\/td><td    class=\"dtr34 dtc2\"><\/td><td    class=\"dtr34 dtc3\"><\/td><\/tr><tr class=\" row35\"><td  colspan=\"4\"   class=\"dtr35 dtc0\">Deck System<\/td><td  style=\"display: none\"   class=\"dtr35 dtc1\"><\/td><td  style=\"display: none\"   class=\"dtr35 dtc2\"><\/td><td  style=\"display: none\"   class=\"dtr35 dtc3\"><\/td><\/tr><tr class=\" row36\"><td    class=\"dtr36 dtc0\">Crane<\/td><td  colspan=\"3\"   class=\"dtr36 dtc1\">Hydraulic Foldable Knuckle Boom or Jib Crane ( Hydraulic or Manual )<\/td><td  style=\"display: none\"   class=\"dtr36 dtc2\"><\/td><td  style=\"display: none\"   class=\"dtr36 dtc3\"><\/td><\/tr><tr class=\" row37\"><td    class=\"dtr37 dtc0\">Anchor<\/td><td    class=\"dtr37 dtc1\">1 pcs<\/td><td    class=\"dtr37 dtc2\">1 pcs<\/td><td    class=\"dtr37 dtc3\">1 pcs<\/td><\/tr><tr class=\" row38\"><td    class=\"dtr38 dtc0\">Optional<\/td><td  colspan=\"3\"   class=\"dtr38 dtc1\">Towing Winch \/ Hydrographic Equipment \/ Diving Equipments \/ Fire Fighting Equipment (Up to 600 m3\/h monitor)<\/td><td  style=\"display: none\"   class=\"dtr38 dtc2\"><\/td><td  style=\"display: none\"   class=\"dtr38 dtc3\"><\/td><\/tr><tr class=\" row39\"><td    class=\"dtr39 dtc0\"><\/td><td    class=\"dtr39 dtc1\"><\/td><td    class=\"dtr39 dtc2\"><\/td><td    class=\"dtr39 dtc3\"><\/td><\/tr><tr class=\" row40\"><td  colspan=\"4\"   class=\"dtr40 dtc0\">Electronic and Navigation<\/td><td  style=\"display: none\"   class=\"dtr40 dtc1\"><\/td><td  style=\"display: none\"   class=\"dtr40 dtc2\"><\/td><td  style=\"display: none\"   class=\"dtr40 dtc3\"><\/td><\/tr><tr class=\" row41\"><td    class=\"dtr41 dtc0\">Standard<\/td><td  colspan=\"3\"   class=\"dtr41 dtc1\">Gyro Compass \/ Rudder Indicator \/ Wiper \/ Lighting Projector \/ Navigation Lights<\/td><td  style=\"display: none\"   class=\"dtr41 dtc2\"><\/td><td  style=\"display: none\"   class=\"dtr41 dtc3\"><\/td><\/tr><tr class=\" row42\"><td    class=\"dtr42 dtc0\">Optional<\/td><td  colspan=\"3\"   class=\"dtr42 dtc1\">Screen Display \/ Radar \/ GPS \/ Echosounder \/ VHF \/  Wind Direction Indicator \/ Autopilot \/ CCTV \/ Modem \/ Solar Panel \/ Search Light<\/td><td  style=\"display: none\"   class=\"dtr42 dtc2\"><\/td><td  style=\"display: none\"   class=\"dtr42 dtc3\"><\/td><\/tr><tr class=\" row43\"><td    class=\"dtr43 dtc0\"><\/td><td    class=\"dtr43 dtc1\"><\/td><td    class=\"dtr43 dtc2\"><\/td><td    class=\"dtr43 dtc3\"><\/td><\/tr><tr class=\" row44\"><td  colspan=\"4\"   class=\"dtr44 dtc0\">Accommodations<\/td><td  style=\"display: none\"   class=\"dtr44 dtc1\"><\/td><td  style=\"display: none\"   class=\"dtr44 dtc2\"><\/td><td  style=\"display: none\"   class=\"dtr44 dtc3\"><\/td><\/tr><tr class=\" row45\"><td    class=\"dtr45 dtc0\">Air Condition<\/td><td  colspan=\"3\"   class=\"dtr45 dtc1\">Heated (Standard) \/ Air-conditioned (Optional)<\/td><td  style=\"display: none\"   class=\"dtr45 dtc2\"><\/td><td  style=\"display: none\"   class=\"dtr45 dtc3\"><\/td><\/tr><tr class=\" row46\"><td    class=\"dtr46 dtc0\">Cabin<\/td><td  colspan=\"3\"   class=\"dtr46 dtc1\">A fully glazed wheelhouse high quality fit-out which includes seat.<\/td><td  style=\"display: none\"   class=\"dtr46 dtc2\"><\/td><td  style=\"display: none\"   class=\"dtr46 dtc3\"><\/td><\/tr><tr class=\" row47\"><td    class=\"dtr47 dtc0\">Optional<\/td><td  colspan=\"3\"   class=\"dtr47 dtc1\">WC \/ Gallery<\/td><td  style=\"display: none\"   class=\"dtr47 dtc2\"><\/td><td  style=\"display: none\"   class=\"dtr47 dtc3\"><\/td><\/tr><\/tbody><tfoot><tr><td class=\"dtr47 dtc0\" style=\"height: 0;\"><\/td><td class=\"dtr47 dtc1\" style=\"height: 0;\"><\/td><td class=\"dtr47 dtc2\" style=\"height: 0;\"><\/td><td class=\"dtr47 dtc3\" style=\"height: 0;\"><\/td><\/tr><\/tfoot><\/table><\/div><style>#wptmtable78 .dataTables_wrapper > .dataTables_scroll {max-height:600px;overflow: auto;}<\/style><script>window.wptm_ajaxurl = 'https:\/\/mavideniz.com.tr\/wp-admin\/admin-ajax.php?juwpfisadmin=false&action=Wptm&'; window.wptm_front = 'https:\/\/mavideniz.com.tr\/wp-content\/plugins\/wp-table-manager\/app\/site\/assets\/'; window.wptm_style = 'https:\/\/mavideniz.com.tr\/wp-content\/uploads\/wptm\/';<\/script><\/div><style><\/style>\n","protected":false},"excerpt":{"rendered":"<p>MINI CAT, Petrol S\u0131z\u0131nt\u0131s\u0131 M\u00fcdahale Botu, d\u00f6k\u00fclen petrol\u00fc k\u0131y\u0131 \u015feridine ula\u015fmadan toplamak i\u00e7in tasarlanm\u0131\u015f, son derece yenilik\u00e7i bir petrol M\u00fcdahale [&hellip;]<\/p>\n","protected":false},"author":1,"featured_media":0,"parent":27526,"menu_order":0,"comment_status":"closed","ping_status":"closed","template":"","meta":{"site-sidebar-layout":"default","site-content-layout":"","ast-site-content-layout":"default","site-content-style":"default","site-sidebar-style":"default","ast-global-header-display":"","ast-banner-title-visibility":"","ast-main-header-display":"","ast-hfb-above-header-display":"","ast-hfb-below-header-display":"","ast-hfb-mobile-header-display":"","site-post-title":"","ast-breadcrumbs-content":"","ast-featured-img":"","footer-sml-layout":"","ast-disable-related-posts":"","theme-transparent-header-meta":"","adv-header-id-meta":"","stick-header-meta":"","header-above-stick-meta":"","header-main-stick-meta":"","header-below-stick-meta":"","astra-migrate-meta-layouts":"default","ast-page-background-enabled":"default","ast-page-background-meta":{"desktop":{"background-color":"var(--ast-global-color-5)","background-image":"","background-repeat":"repeat","background-position":"center center","background-size":"auto","background-attachment":"scroll","background-type":"","background-media":"","overlay-type":"","overlay-color":"","overlay-opacity":"","overlay-gradient":""},"tablet":{"background-color":"","background-image":"","background-repeat":"repeat","background-position":"center center","background-size":"auto","background-attachment":"scroll","background-type":"","background-media":"","overlay-type":"","overlay-color":"","overlay-opacity":"","overlay-gradient":""},"mobile":{"background-color":"","background-image":"","background-repeat":"repeat","background-position":"center center","background-size":"auto","background-attachment":"scroll","background-type":"","background-media":"","overlay-type":"","overlay-color":"","overlay-opacity":"","overlay-gradient":""}},"ast-content-background-meta":{"desktop":{"background-color":"var(--ast-global-color-4)","background-image":"","background-repeat":"repeat","background-position":"center center","background-size":"auto","background-attachment":"scroll","background-type":"","background-media":"","overlay-type":"","overlay-color":"","overlay-opacity":"","overlay-gradient":""},"tablet":{"background-color":"var(--ast-global-color-4)","background-image":"","background-repeat":"repeat","background-position":"center center","background-size":"auto","background-attachment":"scroll","background-type":"","background-media":"","overlay-type":"","overlay-color":"","overlay-opacity":"","overlay-gradient":""},"mobile":{"background-color":"var(--ast-global-color-4)","background-image":"","background-repeat":"repeat","background-position":"center center","background-size":"auto","background-attachment":"scroll","background-type":"","background-media":"","overlay-type":"","overlay-color":"","overlay-opacity":"","overlay-gradient":""}},"footnotes":""},"class_list":["post-27551","page","type-page","status-publish","hentry"],"_links":{"self":[{"href":"https:\/\/mavideniz.com.tr\/tr\/wp-json\/wp\/v2\/pages\/27551","targetHints":{"allow":["GET"]}}],"collection":[{"href":"https:\/\/mavideniz.com.tr\/tr\/wp-json\/wp\/v2\/pages"}],"about":[{"href":"https:\/\/mavideniz.com.tr\/tr\/wp-json\/wp\/v2\/types\/page"}],"author":[{"embeddable":true,"href":"https:\/\/mavideniz.com.tr\/tr\/wp-json\/wp\/v2\/users\/1"}],"replies":[{"embeddable":true,"href":"https:\/\/mavideniz.com.tr\/tr\/wp-json\/wp\/v2\/comments?post=27551"}],"version-history":[{"count":0,"href":"https:\/\/mavideniz.com.tr\/tr\/wp-json\/wp\/v2\/pages\/27551\/revisions"}],"up":[{"embeddable":true,"href":"https:\/\/mavideniz.com.tr\/tr\/wp-json\/wp\/v2\/pages\/27526"}],"wp:attachment":[{"href":"https:\/\/mavideniz.com.tr\/tr\/wp-json\/wp\/v2\/media?parent=27551"}],"curies":[{"name":"wp","href":"https:\/\/api.w.org\/{rel}","templated":true}]}}