{"id":27554,"date":"2021-10-17T15:20:34","date_gmt":"2021-10-17T15:20:34","guid":{"rendered":"https:\/\/mavideniz.com.tr\/?page_id=27554"},"modified":"2023-09-10T14:17:47","modified_gmt":"2023-09-10T14:17:47","slug":"kirlilige-mudahale-botu","status":"publish","type":"page","link":"https:\/\/mavideniz.com.tr\/tr\/gemiler-tekneler\/petrol-sizintisi-kurtarma-mudahale-gemisi\/kirlilige-mudahale-botu\/","title":{"rendered":"Kirlili\u011fe M\u00fcdahale Botu"},"content":{"rendered":"<p><br \/>\nKirlilik M\u00fcdahale Botu, y\u00fcksek kaliteli standartla\u015ft\u0131r\u0131lm\u0131\u015f bile\u015fenler ve ekipmanlarla kan\u0131tlanm\u0131\u015f g\u00fcvenilir standart tasar\u0131m ve ekipman i\u00e7in yerle\u015fik seri olarak limanlar\u0131, nehirleri, liman alanlar\u0131n\u0131 ve k\u0131y\u0131 sular\u0131n\u0131 temizleyerek kirlili\u011fe m\u00fcdahale hizmetleri sa\u011flamak \u00fczere tasarlanm\u0131\u015ft\u0131r.<\/p>\n<p>Kirlilik M\u00fcdahale Botu pruva k\u0131sm\u0131n\u0131 a\u00e7ararak Su, s\u00fcp\u00fcrme modu i\u00e7in bir vakum etkisi ile pruvaya ak\u0131t\u0131l\u0131r. Toplanan petrolle kirlenmi\u015f deniz suyu temizlenir ve otomatik olarak ayr\u0131l\u0131r.<\/p>\n<p>Uluslararas\u0131 Denizcilik \u00d6rg\u00fct\u00fc, bu y\u00fczy\u0131l\u0131n sonuna kadar sera gaz\u0131 (GHG) emisyonlar\u0131n\u0131 s\u0131f\u0131ra indirme stratejisini a\u00e7\u0131klarken, deniz \u00e7evre d\u00fczenlemeleri d\u00fcnya \u00e7ap\u0131nda s\u0131k\u0131la\u015ft\u0131r\u0131ld\u0131. Emisyon kontrol alanlar\u0131n\u0131n uygulanmas\u0131 gemi operasyonlar\u0131n\u0131 etkilemeye ba\u015flam\u0131\u015ft\u0131r. Mavi Deniz, \u00e7ift yak\u0131tl\u0131 \u00e7\u00f6z\u00fcmler ve daha temiz ye\u015fil g\u00fc\u00e7 teknolojileri geli\u015ftirerek yeni emisyon kontrol d\u00fczenlemelerini ba\u015far\u0131yla ba\u015flatt\u0131. Mavi Deniz&#8217;in Ye\u015fil G\u00fc\u00e7 Se\u00e7enekleri; G\u00fcne\u015f Enerjisi Sistemi, Batarya G\u00fc\u00e7 Sistemi, Hidrojen Yak\u0131t Pili Sistemi, LPG Sistemi, g\u00fcverte ekipman\u0131 ve sevk sistemi dahil olmak \u00fczere Kirlilik M\u00fcdahale Gemisine tam olarak entegre edilebilir.<\/p>\n<p><span style=\"color: #339966;\"><strong>Kirlilik M\u00fcdahale Gemisi Ye\u015fil G\u00fc\u00e7 Se\u00e7enekleri<\/strong><\/span><\/p>\n<ul>\n<li>G\u00fcne\u015f Enerjisi Sistemiyle G\u00fc\u00e7lendirilir<\/li>\n<li>Pil G\u00fc\u00e7 Sistemi ile G\u00fc\u00e7lendirilir<\/li>\n<li>Hidrojen Yak\u0131t H\u00fccresi Sistemi ile G\u00fc\u00e7lendirilir<\/li>\n<li>LPG Sistemi ile G\u00fc\u00e7lendirilir<\/li>\n<\/ul>\n<p><strong>\u00d6zellikleri<\/strong><\/p>\n<ul>\n<li>Tekne, sa\u011flam bir \u00e7elik monohull\/katamaran g\u00f6vdesine dayanmaktad\u0131r ve kabin iste\u011fe ba\u011fl\u0131 olarak al\u00fcminyumdur.<\/li>\n<li>M\u00fckemmel manevra kabiliyeti.<\/li>\n<li>Y\u00fcksek Etkili M\u00fckemmel S\u0131\u011f draft.<\/li>\n<li>M\u00fckemmel stabilite.<\/li>\n<li>Tek veya \u0130kiz Motorlar.<\/li>\n<li>Hidrolik Vin\u00e7.<\/li>\n<li>Petrol s\u0131z\u0131nt\u0131s\u0131 kurtarma<\/li>\n<li>Da\u011f\u0131t\u0131c\u0131 p\u00fcsk\u00fcrtme<\/li>\n<li>Petrol bomlar\u0131n\u0131n d\u00f6\u015fenmesi<\/li>\n<li>Yang\u0131n s\u00f6nd\u00fcrme<\/li>\n<li>Kat\u0131 y\u00fczen ve yar\u0131 bat\u0131k at\u0131klar\u0131 depolar<\/li>\n<li>Ya\u011f at\u0131klar\u0131n\u0131 ve s\u0131v\u0131lar\u0131 depolar<\/li>\n<li>Deniz Piranhas\u0131 \u00fczerine h\u0131zl\u0131 ve ekonomik bir \u015fekilde \u00d6zel Tasar\u0131mlar yap\u0131labilir.<\/li>\n<\/ul>\n\n","protected":false},"excerpt":{"rendered":"<p>Kirlilik M\u00fcdahale Botu, y\u00fcksek kaliteli standartla\u015ft\u0131r\u0131lm\u0131\u015f bile\u015fenler ve ekipmanlarla kan\u0131tlanm\u0131\u015f g\u00fcvenilir standart tasar\u0131m ve ekipman i\u00e7in yerle\u015fik seri olarak limanlar\u0131, [&hellip;]<\/p>\n","protected":false},"author":1,"featured_media":0,"parent":27526,"menu_order":0,"comment_status":"closed","ping_status":"closed","template":"","meta":{"site-sidebar-layout":"default","site-content-layout":"","ast-site-content-layout":"default","site-content-style":"default","site-sidebar-style":"default","ast-global-header-display":"","ast-banner-title-visibility":"","ast-main-header-display":"","ast-hfb-above-header-display":"","ast-hfb-below-header-display":"","ast-hfb-mobile-header-display":"","site-post-title":"","ast-breadcrumbs-content":"","ast-featured-img":"","footer-sml-layout":"","ast-disable-related-posts":"","theme-transparent-header-meta":"","adv-header-id-meta":"","stick-header-meta":"","header-above-stick-meta":"","header-main-stick-meta":"","header-below-stick-meta":"","astra-migrate-meta-layouts":"default","ast-page-background-enabled":"default","ast-page-background-meta":{"desktop":{"background-color":"var(--ast-global-color-5)","background-image":"","background-repeat":"repeat","background-position":"center center","background-size":"auto","background-attachment":"scroll","background-type":"","background-media":"","overlay-type":"","overlay-color":"","overlay-opacity":"","overlay-gradient":""},"tablet":{"background-color":"","background-image":"","background-repeat":"repeat","background-position":"center center","background-size":"auto","background-attachment":"scroll","background-type":"","background-media":"","overlay-type":"","overlay-color":"","overlay-opacity":"","overlay-gradient":""},"mobile":{"background-color":"","background-image":"","background-repeat":"repeat","background-position":"center center","background-size":"auto","background-attachment":"scroll","background-type":"","background-media":"","overlay-type":"","overlay-color":"","overlay-opacity":"","overlay-gradient":""}},"ast-content-background-meta":{"desktop":{"background-color":"var(--ast-global-color-4)","background-image":"","background-repeat":"repeat","background-position":"center center","background-size":"auto","background-attachment":"scroll","background-type":"","background-media":"","overlay-type":"","overlay-color":"","overlay-opacity":"","overlay-gradient":""},"tablet":{"background-color":"var(--ast-global-color-4)","background-image":"","background-repeat":"repeat","background-position":"center center","background-size":"auto","background-attachment":"scroll","background-type":"","background-media":"","overlay-type":"","overlay-color":"","overlay-opacity":"","overlay-gradient":""},"mobile":{"background-color":"var(--ast-global-color-4)","background-image":"","background-repeat":"repeat","background-position":"center center","background-size":"auto","background-attachment":"scroll","background-type":"","background-media":"","overlay-type":"","overlay-color":"","overlay-opacity":"","overlay-gradient":""}},"footnotes":""},"class_list":["post-27554","page","type-page","status-publish","hentry"],"_links":{"self":[{"href":"https:\/\/mavideniz.com.tr\/tr\/wp-json\/wp\/v2\/pages\/27554","targetHints":{"allow":["GET"]}}],"collection":[{"href":"https:\/\/mavideniz.com.tr\/tr\/wp-json\/wp\/v2\/pages"}],"about":[{"href":"https:\/\/mavideniz.com.tr\/tr\/wp-json\/wp\/v2\/types\/page"}],"author":[{"embeddable":true,"href":"https:\/\/mavideniz.com.tr\/tr\/wp-json\/wp\/v2\/users\/1"}],"replies":[{"embeddable":true,"href":"https:\/\/mavideniz.com.tr\/tr\/wp-json\/wp\/v2\/comments?post=27554"}],"version-history":[{"count":0,"href":"https:\/\/mavideniz.com.tr\/tr\/wp-json\/wp\/v2\/pages\/27554\/revisions"}],"up":[{"embeddable":true,"href":"https:\/\/mavideniz.com.tr\/tr\/wp-json\/wp\/v2\/pages\/27526"}],"wp:attachment":[{"href":"https:\/\/mavideniz.com.tr\/tr\/wp-json\/wp\/v2\/media?parent=27554"}],"curies":[{"name":"wp","href":"https:\/\/api.w.org\/{rel}","templated":true}]}}