{"id":27560,"date":"2021-10-17T15:25:44","date_gmt":"2021-10-17T15:25:44","guid":{"rendered":"https:\/\/mavideniz.com.tr\/?page_id=27560"},"modified":"2023-07-01T22:14:58","modified_gmt":"2023-07-01T22:14:58","slug":"petrol-sizintisina-mudahale-mavna-duba","status":"publish","type":"page","link":"https:\/\/mavideniz.com.tr\/tr\/gemiler-tekneler\/petrol-sizintisi-kurtarma-mudahale-gemisi\/petrol-sizintisina-mudahale-mavna-duba\/","title":{"rendered":"Petrol S\u0131z\u0131nt\u0131s\u0131na M\u00fcdahale Mavnas\u0131"},"content":{"rendered":"\n<p>Petrol S\u0131z\u0131nt\u0131s\u0131na M\u00fcdahale Mavnas\u0131, biriken \u00e7amur veya petrol s\u0131z\u0131nt\u0131s\u0131 operasyonlar\u0131n\u0131n ta\u015f\u0131nmas\u0131 ve bertaraf edilmesi i\u00e7in in\u015fa edilmi\u015f, kendinden tahrikli olmayan petrol depolama ve ta\u015f\u0131ma mavnas\u0131d\u0131r. Mavna, tamamen sertifikal\u0131 bir a\u00e7\u0131k deniz m\u00fcdahale gemisi olarak i\u015flev g\u00f6rmesi i\u00e7in gerekli \u00f6zel s\u0131y\u0131rma sistemleri, \u00e7amur pompas\u0131, okyanus patlamas\u0131, konu\u015fland\u0131rma ekipman\u0131 ve ileti\u015fim tesisleri ile donat\u0131lm\u0131\u015ft\u0131r. Oil Spill Response Barge, a\u00e7\u0131k deniz operasyonlar\u0131 i\u00e7in dengeli, geni\u015f bir \u00e7al\u0131\u015fma platformu sa\u011flar. \u00c7amur, gemi tanklar\u0131ndan mavnaya pompalan\u0131r. Mavna deniza\u015f\u0131r\u0131 bir \u00fcsse teslim edilmek \u00fczere bir okyanus yolculu\u011funda \u00e7ekilebilir.<\/p>\n<p><strong>Petrol S\u0131z\u0131nt\u0131s\u0131 M\u00fcdahale Mavnas\u0131 i\u00e7in tasarlanm\u0131\u015f<\/strong><\/p>\n<ul>\n<li>Y\u0131kama suyu kald\u0131rma e\u011fimlerini destekleme<\/li>\n<li>Gemiden gemiye tank temizli\u011fi ve acil durum ayd\u0131nlatma operasyonlar\u0131<\/li>\n<li>60\u00b0C&#8217;nin alt\u0131nda parlama noktas\u0131 ile denizden d\u00f6k\u00fclen petrol\u00fcn kurtar\u0131lmas\u0131<\/li>\n<li>Devlet onay\u0131\/g\u00f6zetim alt\u0131nda temiz suyu do\u011frudan \u00e7evreye geri bo\u015faltma kabiliyetine sahip deniz s\u00fcp\u00fcr\u00fcc\u00fclerinden ve daha k\u00fc\u00e7\u00fck kurtarma<\/li>\n<li>Gemilerinden geri kazan\u0131lan ya\u011flar i\u00e7in merkezi bir toplama noktas\u0131 olarak b\u00fcy\u00fck veya k\u00fc\u00e7\u00fck d\u00f6k\u00fclme m\u00fcdahalesi.<\/li>\n<\/ul>\n<p>Petrol S\u0131z\u0131nt\u0131s\u0131 M\u00fcdahale Mavnas\u0131, a\u00e7\u0131k deniz end\u00fcstrisi i\u00e7in, kanalizasyon sular\u0131n\u0131n (di\u011fer gemilerden veya sabit tesislerden al\u0131nan) depolanmas\u0131 ve ta\u015f\u0131nmas\u0131 i\u00e7in uygun ve deniz al\u0131c\u0131s\u0131ndan petrol s\u0131z\u0131nt\u0131lar\u0131n\u0131 geri almak i\u00e7in donat\u0131lm\u0131\u015f, sevk edilmeyen bir kargo mavnas\u0131d\u0131r. Ya\u011f geri kazan\u0131m i\u015flemlerinin gerekli olmad\u0131\u011f\u0131n\u0131 varsayal\u0131m. Bu durumda, d\u00f6k\u00fclen petrol toplama ekipman\u0131 Ana g\u00fcverte alan\u0131ndan \u00e7\u0131kar\u0131labilir ve Depo alan\u0131nda istiflenebilir: bu, mavnay\u0131 Ana g\u00fcvertede kargo i\u00e7in &#8220;D\u00fcz \u00fcst\u00fc mavna&#8221; olarak kullanma imkan\u0131 verir. Petrol S\u0131z\u0131nt\u0131s\u0131 M\u00fcdahale Mavnas\u0131n\u0131n \u015fekli, buzlu deniz ko\u015fullar\u0131nda itilirken iyi davran\u0131\u015f\u0131, iyi rota stabilitesini ve a\u00e7\u0131k suda \u00e7ekme s\u0131ras\u0131nda deniz tutma davran\u0131\u015f\u0131n\u0131 garanti edecek \u015fekilde tasarlanacakt\u0131r.<\/p>\n<div class=\"wptm_table tablesorter-bootstrap \" data-id=\"81\" data-hightlight=\"0\"><div class=\"wptm_buttons buttons_wptmTbl81\"><\/div><div class=\"wptmresponsive dataTables-wptmtable wptmtable \" id=\"wptmtable81\" data-tableid=\"wptmTbl81\"><table data-count-header=\"1\"  data-format-decimal_count=\"0\" data-format-decimal_symbol=\".\" data-format-symbol_position=\"0\" data-format-thousand_symbol=\",\"  data-format-currency_symbol=\"$\"  data-name-style=\"81_1759811362.css\" data-format=\"YYYY-MM-DD\" id=\"wptmTbl81\" data-id=\"81\" data-responsive=\"false\" data-hideCols=\"false\"  data-type=\"html\" data-paging=\"false\" data-searching=\"true\"  data-ordering=\"false\" data-table-breakpoint=\"980\" data-scroll-x=\"true\" data-scroll-collapse=\"true\" data-align=\"center\" data-range=\"[]\" data-hideColumn=\"[0,0,0,0,0,0,0,0]\"  data-colwidths=\"[142,142,142,142,142,142,142,142]\"  data-colwidths_desktop=[]  data-colwidths_tablet=[]  data-colwidths_mobile=[]  class=\"wptm_main_table  disablePager hideScrollHeader\"><colgroup><col data-dtr=\"0\" data-dtc=\"0\" class=\"dtc0\"><col data-dtr=\"0\" data-dtc=\"1\" class=\"dtc1\"><col data-dtr=\"0\" data-dtc=\"2\" class=\"dtc2\"><col data-dtr=\"0\" data-dtc=\"3\" class=\"dtc3\"><col data-dtr=\"0\" data-dtc=\"4\" class=\"dtc4\"><col data-dtr=\"0\" data-dtc=\"5\" class=\"dtc5\"><col data-dtr=\"0\" data-dtc=\"6\" class=\"dtc6\"><col data-dtr=\"0\" data-dtc=\"7\" class=\"dtc7\"><\/colgroup><thead><tr class=\"wptm-header-cells-index\"><th rowspan=\"1\" colspan=\"1\" data-dtr=\"0\" data-dtc=\"0\" class=\"dtr0 dtc0\"><\/th><th rowspan=\"1\" colspan=\"1\" data-dtr=\"0\" data-dtc=\"1\" class=\"dtr0 dtc1\"><\/th><th rowspan=\"1\" colspan=\"1\" data-dtr=\"0\" data-dtc=\"2\" class=\"dtr0 dtc2\"><\/th><th rowspan=\"1\" colspan=\"1\" data-dtr=\"0\" data-dtc=\"3\" class=\"dtr0 dtc3\"><\/th><th rowspan=\"1\" colspan=\"1\" data-dtr=\"0\" data-dtc=\"4\" class=\"dtr0 dtc4\"><\/th><th rowspan=\"1\" colspan=\"1\" data-dtr=\"0\" data-dtc=\"5\" class=\"dtr0 dtc5\"><\/th><th rowspan=\"1\" colspan=\"1\" data-dtr=\"0\" data-dtc=\"6\" class=\"dtr0 dtc6\"><\/th><th rowspan=\"1\" colspan=\"1\" data-dtr=\"0\" data-dtc=\"7\" class=\"dtr0 dtc7\"><\/th><\/tr><tr class=\" row0\"><th   data-priority=\"0\" class=\"dtr0 dtc0\"><\/th><th   data-priority=\"0\" class=\"dtr0 dtc1\">Spill Barge 12<\/th><th   data-priority=\"0\" class=\"dtr0 dtc2\">Spill Barge 28<\/th><th   data-priority=\"0\" class=\"dtr0 dtc3\">Spill Barge 40<\/th><th   data-priority=\"0\" class=\"dtr0 dtc4\">Spill Barge 50<\/th><th   data-priority=\"0\" class=\"dtr0 dtc5\">Spill Barge 60<\/th><th   data-priority=\"0\" class=\"dtr0 dtc6\">Spill Barge 70<\/th><th   data-priority=\"0\" class=\"dtr0 dtc7\">Spill Barge 80<\/th><\/thead><tbody><tr class=\" row1\"><td    class=\"dtr1 dtc0\">Material<\/td><td  colspan=\"7\"   class=\"dtr1 dtc1\">Aluminium ( Optional ) | Steel ( Standard )<\/td><td  style=\"display: none\"   class=\"dtr1 dtc2\"><\/td><td  style=\"display: none\"   class=\"dtr1 dtc3\"><\/td><td  style=\"display: none\"   class=\"dtr1 dtc4\"><\/td><td  style=\"display: none\"   class=\"dtr1 dtc5\"><\/td><td  style=\"display: none\"   class=\"dtr1 dtc6\"><\/td><td  style=\"display: none\"   class=\"dtr1 dtc7\"><\/td><\/tr><tr class=\" row2\"><td    class=\"dtr2 dtc0\">Length<\/td><td    class=\"dtr2 dtc1\">12 m<\/td><td    class=\"dtr2 dtc2\">28 m<\/td><td    class=\"dtr2 dtc3\">40 m<\/td><td    class=\"dtr2 dtc4\">50 m<\/td><td    class=\"dtr2 dtc5\">60 m<\/td><td    class=\"dtr2 dtc6\">70 m<\/td><td    class=\"dtr2 dtc7\">80 m<\/td><\/tr><tr class=\" row3\"><td    class=\"dtr3 dtc0\">Width<\/td><td    class=\"dtr3 dtc1\">2.4 m<\/td><td    class=\"dtr3 dtc2\">9 \/ 12 \/ 15 m<\/td><td    class=\"dtr3 dtc3\">12 \/ 15 \/ 17 \/20 m<\/td><td    class=\"dtr3 dtc4\">15 \/ 17 \/ 20 \/ 23 m<\/td><td    class=\"dtr3 dtc5\">17 \/ 20 \/ 23 \/ 26 m<\/td><td    class=\"dtr3 dtc6\">17 \/ 20 \/ 23 \/ 26 m<\/td><td    class=\"dtr3 dtc7\">17 \/ 20 \/ 23 \/ 26 m<\/td><\/tr><tr class=\" row4\"><td    class=\"dtr4 dtc0\">Depth<\/td><td    class=\"dtr4 dtc1\">2.8 m<\/td><td    class=\"dtr4 dtc2\">3 m<\/td><td    class=\"dtr4 dtc3\">4 m<\/td><td    class=\"dtr4 dtc4\">4 m<\/td><td    class=\"dtr4 dtc5\">4 m<\/td><td    class=\"dtr4 dtc6\">4 m<\/td><td    class=\"dtr4 dtc7\">4 m<\/td><\/tr><tr class=\" row5\"><td    class=\"dtr5 dtc0\">Oil Spill Capacity<\/td><td    class=\"dtr5 dtc1\">80 lt.<\/td><td    class=\"dtr5 dtc2\">0.5 \/ 0.8 \/ 1 T<\/td><td    class=\"dtr5 dtc3\">1.5 \/ 2 \/ 2.5 \/ 3 T<\/td><td    class=\"dtr5 dtc4\">2.5 \/ 3 \/ 3.5 \/ 4 T<\/td><td    class=\"dtr5 dtc5\">4 \/ 4.5 \/ 5.5 \/ 6 T<\/td><td    class=\"dtr5 dtc6\">4.5 \/ 5 \/ 6 \/ 6.8 T<\/td><td    class=\"dtr5 dtc7\">5 \/ 6 \/ 7 \/ 8 T<\/td><\/tr><tr class=\" row6\"><td    class=\"dtr6 dtc0\">Deck Load Capacity<\/td><td    class=\"dtr6 dtc1\">4 T \/m\u00b2<\/td><td    class=\"dtr6 dtc2\">6 \/ 10 \/ 20 T \/m\u00b2<\/td><td    class=\"dtr6 dtc3\">10 \/ 20 T \/m\u00b2<\/td><td    class=\"dtr6 dtc4\">10 \/ 20 T \/m\u00b2<\/td><td    class=\"dtr6 dtc5\">10 \/ 20 T \/m\u00b2<\/td><td    class=\"dtr6 dtc6\">20 T \/m\u00b2<\/td><td    class=\"dtr6 dtc7\">20 T \/m\u00b2<\/td><\/tr><\/tbody><tfoot><tr><td class=\"dtr6 dtc0\" style=\"height: 0;\"><\/td><td class=\"dtr6 dtc1\" style=\"height: 0;\"><\/td><td class=\"dtr6 dtc2\" style=\"height: 0;\"><\/td><td class=\"dtr6 dtc3\" style=\"height: 0;\"><\/td><td class=\"dtr6 dtc4\" style=\"height: 0;\"><\/td><td class=\"dtr6 dtc5\" style=\"height: 0;\"><\/td><td class=\"dtr6 dtc6\" style=\"height: 0;\"><\/td><td class=\"dtr6 dtc7\" style=\"height: 0;\"><\/td><\/tr><\/tfoot><\/table><\/div><style>#wptmtable81 .dataTables_wrapper > .dataTables_scroll {max-height:500px;overflow: auto;}<\/style><script>window.wptm_ajaxurl = 'https:\/\/mavideniz.com.tr\/wp-admin\/admin-ajax.php?juwpfisadmin=false&action=Wptm&'; window.wptm_front = 'https:\/\/mavideniz.com.tr\/wp-content\/plugins\/wp-table-manager\/app\/site\/assets\/'; window.wptm_style = 'https:\/\/mavideniz.com.tr\/wp-content\/uploads\/wptm\/';<\/script><\/div><style><\/style>\n","protected":false},"excerpt":{"rendered":"<p>Petrol S\u0131z\u0131nt\u0131s\u0131na M\u00fcdahale Mavnas\u0131, biriken \u00e7amur veya petrol s\u0131z\u0131nt\u0131s\u0131 operasyonlar\u0131n\u0131n ta\u015f\u0131nmas\u0131 ve bertaraf edilmesi i\u00e7in in\u015fa edilmi\u015f, kendinden tahrikli olmayan [&hellip;]<\/p>\n","protected":false},"author":1,"featured_media":0,"parent":27526,"menu_order":0,"comment_status":"closed","ping_status":"closed","template":"","meta":{"site-sidebar-layout":"default","site-content-layout":"","ast-site-content-layout":"default","site-content-style":"default","site-sidebar-style":"default","ast-global-header-display":"","ast-banner-title-visibility":"","ast-main-header-display":"","ast-hfb-above-header-display":"","ast-hfb-below-header-display":"","ast-hfb-mobile-header-display":"","site-post-title":"","ast-breadcrumbs-content":"","ast-featured-img":"","footer-sml-layout":"","ast-disable-related-posts":"","theme-transparent-header-meta":"","adv-header-id-meta":"","stick-header-meta":"","header-above-stick-meta":"","header-main-stick-meta":"","header-below-stick-meta":"","astra-migrate-meta-layouts":"default","ast-page-background-enabled":"default","ast-page-background-meta":{"desktop":{"background-color":"var(--ast-global-color-5)","background-image":"","background-repeat":"repeat","background-position":"center center","background-size":"auto","background-attachment":"scroll","background-type":"","background-media":"","overlay-type":"","overlay-color":"","overlay-opacity":"","overlay-gradient":""},"tablet":{"background-color":"","background-image":"","background-repeat":"repeat","background-position":"center center","background-size":"auto","background-attachment":"scroll","background-type":"","background-media":"","overlay-type":"","overlay-color":"","overlay-opacity":"","overlay-gradient":""},"mobile":{"background-color":"","background-image":"","background-repeat":"repeat","background-position":"center center","background-size":"auto","background-attachment":"scroll","background-type":"","background-media":"","overlay-type":"","overlay-color":"","overlay-opacity":"","overlay-gradient":""}},"ast-content-background-meta":{"desktop":{"background-color":"var(--ast-global-color-4)","background-image":"","background-repeat":"repeat","background-position":"center center","background-size":"auto","background-attachment":"scroll","background-type":"","background-media":"","overlay-type":"","overlay-color":"","overlay-opacity":"","overlay-gradient":""},"tablet":{"background-color":"var(--ast-global-color-4)","background-image":"","background-repeat":"repeat","background-position":"center center","background-size":"auto","background-attachment":"scroll","background-type":"","background-media":"","overlay-type":"","overlay-color":"","overlay-opacity":"","overlay-gradient":""},"mobile":{"background-color":"var(--ast-global-color-4)","background-image":"","background-repeat":"repeat","background-position":"center center","background-size":"auto","background-attachment":"scroll","background-type":"","background-media":"","overlay-type":"","overlay-color":"","overlay-opacity":"","overlay-gradient":""}},"footnotes":""},"class_list":["post-27560","page","type-page","status-publish","hentry"],"_links":{"self":[{"href":"https:\/\/mavideniz.com.tr\/tr\/wp-json\/wp\/v2\/pages\/27560","targetHints":{"allow":["GET"]}}],"collection":[{"href":"https:\/\/mavideniz.com.tr\/tr\/wp-json\/wp\/v2\/pages"}],"about":[{"href":"https:\/\/mavideniz.com.tr\/tr\/wp-json\/wp\/v2\/types\/page"}],"author":[{"embeddable":true,"href":"https:\/\/mavideniz.com.tr\/tr\/wp-json\/wp\/v2\/users\/1"}],"replies":[{"embeddable":true,"href":"https:\/\/mavideniz.com.tr\/tr\/wp-json\/wp\/v2\/comments?post=27560"}],"version-history":[{"count":0,"href":"https:\/\/mavideniz.com.tr\/tr\/wp-json\/wp\/v2\/pages\/27560\/revisions"}],"up":[{"embeddable":true,"href":"https:\/\/mavideniz.com.tr\/tr\/wp-json\/wp\/v2\/pages\/27526"}],"wp:attachment":[{"href":"https:\/\/mavideniz.com.tr\/tr\/wp-json\/wp\/v2\/media?parent=27560"}],"curies":[{"name":"wp","href":"https:\/\/api.w.org\/{rel}","templated":true}]}}