{"id":27562,"date":"2021-10-17T16:47:20","date_gmt":"2021-10-17T16:47:20","guid":{"rendered":"https:\/\/mavideniz.com.tr\/?page_id=27562"},"modified":"2023-09-10T14:06:10","modified_gmt":"2023-09-10T14:06:10","slug":"petrol-sizintisi-mudahale-gemisi","status":"publish","type":"page","link":"https:\/\/mavideniz.com.tr\/tr\/gemiler-tekneler\/petrol-sizintisi-kurtarma-mudahale-gemisi\/petrol-sizintisi-mudahale-gemisi\/","title":{"rendered":"Petrol S\u0131z\u0131nt\u0131s\u0131na M\u00fcdahale Gemisi"},"content":{"rendered":"\n<p>Mavi Deniz, Petrol S\u0131z\u0131nt\u0131s\u0131na M\u00fcdahale Gemisi tasar\u0131m\u0131 ve \u00fcretiminde pazar lideri\/d\u00fcnyan\u0131n en b\u00fcy\u00fck \u00fcreticisidir. Sea Horse, \u00c7ok Ama\u00e7l\u0131 Petrol S\u0131z\u0131nt\u0131s\u0131na M\u00fcdahale Gemisi olarak kirlili\u011fe m\u00fcdahale operasyonlar\u0131 i\u00e7in tasarlanm\u0131\u015ft\u0131r. Mavi Deniz&#8217;in Petrol S\u0131z\u0131nt\u0131s\u0131 M\u00fcdahale Gemisi ( OSRV ) d\u00fcnya \u00e7ap\u0131nda kullan\u0131l\u0131yor. Petrol S\u0131z\u0131nt\u0131s\u0131 M\u00fcdahale Gemisi, verimli ve h\u0131zl\u0131 bir deniz temizleme operasyonu uygulamak i\u00e7in gerekli t\u00fcm ekipman\u0131 sa\u011flayabilir.<\/p>\n<p>Mavi Deniz k\u0131sa s\u00fcre \u00f6nce \u00e7ok ama\u00e7l\u0131 bir Petrol S\u0131z\u0131nt\u0131s\u0131 M\u00fcdahale Gemisi (OSRV) olan Sea Horse tan\u0131tt\u0131.<\/p>\n<p>\u00c7ok ama\u00e7l\u0131 OSRV, bariyer yerle\u015ftirme, yang\u0131nla m\u00fccadele, \u015famand\u0131ra elle\u015fleme, \u00e7eki, genel i\u015f teknesi g\u00f6revleri, izleme, kimyasal p\u00fcsk\u00fcrtme, petrol geri kazan\u0131m\u0131, at\u0131k toplama, depolama dahil olmak \u00fczere bir\u00e7ok farkl\u0131 uygulamada kullan\u0131labilecek \u00e7e\u015fitli kirlilik m\u00fcdahale ekipman\u0131 t\u00fcrleri ile donat\u0131labilir. ve mikro kirleticilerin deniz ve sahil temizleme i\u015flemlerinden uzakla\u015ft\u0131r\u0131lmas\u0131. Denizdeki kirlilikle m\u00fccadele etmek i\u00e7in, Kirlilik m\u00fcdahale gemisi: hidrokarbon s\u0131z\u0131nt\u0131lar\u0131n\u0131 kurtarmak i\u00e7in gemide ta\u015f\u0131nan petrol s\u0131y\u0131r\u0131c\u0131lar\u0131 ile kirlenmi\u015f alan\u0131 izole eder; kat\u0131 y\u00fczen ve yar\u0131 bat\u0131k at\u0131klar\u0131 toplar ve depolar; yang\u0131nlarla sava\u015f\u0131r, kayalar\u0131 ve resifleri temizler, ayr\u0131ca b\u00f6lgede genel destek sa\u011flar. Geri kazan\u0131lan petrol deposu, hidrolik g\u00fc\u00e7 ve hidrolik vin\u00e7li temiz bir g\u00fcverte, liman ve terminal \u00e7evresindeki bir\u00e7ok operasyon i\u00e7in \u00e7ok y\u00f6nl\u00fc bir deniz arac\u0131 sunar.<\/p>\n<p>Sea Horse, t\u00fcm petrol t\u00fcrevi viskozitelerde geri kazan\u0131lmas\u0131n\u0131 sa\u011flamak i\u00e7in g\u00f6vdenin yan\u0131na yak\u0131n bir yerde payandal\u0131 ve s\u00fcp\u00fcr\u00fcc\u00fc kollar\u0131 ve f\u0131r\u00e7al\u0131 s\u0131y\u0131r\u0131c\u0131 sistemiyle birlikte gelen amaca y\u00f6nelik bir Petrol S\u0131z\u0131nt\u0131s\u0131na M\u00fcdahale Gemisidir (OSRV); bu benzersiz \u015fekilde tasarlanm\u0131\u015f, amaca y\u00f6nelik petrol s\u0131z\u0131nt\u0131s\u0131 geri kazan\u0131m\u0131 ve d\u00fc\u015f\u00fck viskoziteden y\u00fcksek viskoziteye ham petrollere kadar petrolleri sadece gemiyi ya\u011f\u0131n i\u00e7inden ge\u00e7irerek geri kazanabilen tek teknedir. \u0130ste\u011fe ba\u011fl\u0131 olarak teknenin yan taraf\u0131na ya\u011fl\u0131 paspas skimmer sistemi tak\u0131l\u0131r. \u0130ste\u011fe ba\u011fl\u0131 bir bariyer makaras\u0131, yang\u0131nla m\u00fccadele i\u00e7in \u00e7e\u015fitli bariyerler veya k\u00f6p\u00fck\/su monit\u00f6rlerini depolayabilir ve da\u011f\u0131tabilir. Da\u011f\u0131t\u0131c\u0131 p\u00fcsk\u00fcrtme sistemi, kimyasal da\u011f\u0131tma maddesinin kab\u0131n her iki taraf\u0131na monte edilmi\u015f mafsall\u0131 kollar arac\u0131l\u0131\u011f\u0131yla uygulanmas\u0131 i\u00e7in donat\u0131lm\u0131\u015ft\u0131r. Petrol S\u0131z\u0131nt\u0131s\u0131 M\u00fcdahale Gemisi ayr\u0131ca \u00f6n konvey\u00f6r sistemi ile at\u0131k toplar. Sea Horse, liman alanlar\u0131nda ve yak\u0131ndaki sularda ve a\u00e7\u0131k denizlerde veya a\u00e7\u0131k deniz faaliyetlerinde kullan\u0131lmak \u00fczere \u00f6zel olarak tasarlanm\u0131\u015ft\u0131r. Petrol S\u0131z\u0131nt\u0131s\u0131 M\u00fcdahale Gemisi, sa\u011flam bir \u00e7elik mono g\u00f6vdeye dayanmaktad\u0131r. Kirlilik m\u00fcdahale gemisi, geminin a\u00e7\u0131k sularda ayn\u0131 y\u00fcksek performans seviyesine ula\u015fmas\u0131n\u0131 sa\u011flayan m\u00fckemmel denizcilik \u00f6zelliklerine sahiptir.<\/p>\n<p>Uluslararas\u0131 Denizcilik \u00d6rg\u00fct\u00fc, bu y\u00fczy\u0131l\u0131n sonuna kadar sera gaz\u0131 (GHG) emisyonlar\u0131n\u0131 s\u0131f\u0131ra indirme stratejisini a\u00e7\u0131klarken, deniz \u00e7evre d\u00fczenlemeleri d\u00fcnya \u00e7ap\u0131nda s\u0131k\u0131la\u015ft\u0131r\u0131ld\u0131. Emisyon kontrol alanlar\u0131n\u0131n uygulanmas\u0131 gemi operasyonlar\u0131n\u0131 etkilemeye ba\u015flam\u0131\u015ft\u0131r. Mavi Deniz, \u00e7ift yak\u0131tl\u0131 \u00e7\u00f6z\u00fcmler ve daha temiz ye\u015fil g\u00fc\u00e7 teknolojileri geli\u015ftirerek yeni emisyon kontrol d\u00fczenlemelerini ba\u015far\u0131yla ba\u015flatt\u0131.<\/p>\n<p>Mavi Deniz&#8217;in Ye\u015fil G\u00fc\u00e7 Se\u00e7enekleri; G\u00fcne\u015f Enerjisi Sistemi, Batarya G\u00fc\u00e7 Sistemi, Hidrojen Yak\u0131t Pili Sistemi, LPG Sistemi, g\u00fcverte ekipman\u0131 ve sevk sistemi dahil olmak \u00fczere Petrol Yay\u0131l\u0131m\u0131 M\u00fcdahale Gemisine tam olarak entegre edilebilir.<\/p>\n<p><span style=\"color: #339966;\"><strong>Petrol S\u0131z\u0131nt\u0131s\u0131 M\u00fcdahale Gemisi Ye\u015fil G\u00fc\u00e7 Se\u00e7enekleri<\/strong><\/span><\/p>\n<ul>\n<li>G\u00fcne\u015f Enerjisi Sistemiyle G\u00fc\u00e7lendirilir<\/li>\n<li>Pil G\u00fc\u00e7 Sistemi ile G\u00fc\u00e7lendirilir<\/li>\n<li>Hidrojen Yak\u0131t H\u00fccresi Sistemi ile G\u00fc\u00e7lendirilir<\/li>\n<li>LPG Sistemi ile G\u00fc\u00e7lendirilir<\/li>\n<\/ul>\n<p><strong>\u00d6zellikleri<\/strong><\/p>\n<ul>\n<li>Petrol S\u0131z\u0131nt\u0131s\u0131 M\u00fcdahale Gemisi (OSRV), sa\u011flam bir \u00e7elik monog\u00f6vdeye dayanmaktad\u0131r. 360 derece yerinde d\u00f6nd\u00fcr\u00fcn.<\/li>\n<li>\u0130kiz Motorlar. Genel tekne g\u00f6revleri<\/li>\n<li>Ekipman ta\u015f\u0131ma operasyonlar\u0131na yard\u0131mc\u0131 olmak i\u00e7in hidrolik mafsall\u0131 vin\u00e7<\/li>\n<li>Sea Horse, t\u00fcm petrol t\u00fcrlerinin denizden viskozitelerini geri kazanmak i\u00e7in tekne sisteminin yan\u0131na yak\u0131n ayakl\u0131 ve s\u00fcp\u00fcr\u00fcc\u00fc bomlu f\u0131r\u00e7al\u0131 s\u0131y\u0131r\u0131c\u0131 sistemi ile. \u0130ste\u011fe ba\u011fl\u0131 olarak, tekneyi kayganl\u0131ktan ge\u00e7irerek ya\u011f paspas\u0131 s\u0131y\u0131r\u0131c\u0131 sistemi tak\u0131l\u0131r.<\/li>\n<li>Kirlilik M\u00fcdahale Gemisi, Petrol Yay\u0131l\u0131m\u0131 M\u00fcdahale Gemisi, Petrol Geri Kazan\u0131m Oran\u0131; 100 m\u00b3\/saat<\/li>\n<li>At\u0131k geri kazan\u0131m sistemleri. Ya\u011fl\u0131 su al\u0131m\u0131. (\u00e7amur, slop, sintine ve ya\u011fl\u0131 at\u0131k s\u0131v\u0131lar)<\/li>\n<li>Petrol bariyeri da\u011f\u0131t\u0131m ve bom makaral\u0131 depolama<\/li>\n<li>Yang\u0131n s\u00f6nd\u00fcrme<\/li>\n<li>Da\u011f\u0131t\u0131c\u0131 sprey sistemi<\/li>\n<li>Kanalizasyon Ar\u0131tma Sistemleri &amp; Ya\u011fl\u0131 Su Ay\u0131r\u0131c\u0131<\/li>\n<li>\u00c7ekme kancas\u0131 ile \u00e7ekme g\u00f6revleri<\/li>\n<li>M\u00fcrettebat i\u00e7in bir kabin, WC &amp; Banyo veya bir at\u00f6lye ile konaklama<\/li>\n<\/ul>\n<div class=\"wptm_table tablesorter-bootstrap \" data-id=\"79\" data-hightlight=\"0\"><div class=\"wptm_buttons buttons_wptmTbl79\"><\/div><div class=\"wptmresponsive dataTables-wptmtable wptmtable \" id=\"wptmtable79\" data-tableid=\"wptmTbl79\"><table data-count-header=\"1\"  data-format-decimal_count=\"0\" data-format-decimal_symbol=\".\" data-format-symbol_position=\"0\" data-format-thousand_symbol=\",\"  data-format-currency_symbol=\"$\"  data-name-style=\"79_1759811197.css\" data-format=\"YYYY-MM-DD\" id=\"wptmTbl79\" data-id=\"79\" data-responsive=\"false\" data-hideCols=\"false\"  data-type=\"html\" data-paging=\"false\" data-searching=\"true\"  data-ordering=\"false\" data-table-breakpoint=\"980\" data-scroll-x=\"true\" data-scroll-collapse=\"true\" data-align=\"center\" data-range=\"[]\" data-hideColumn=\"[0,0,0,0]\"  data-colwidths=\"[285,285,285,285]\"  data-colwidths_desktop=[]  data-colwidths_tablet=[]  data-colwidths_mobile=[]  class=\"wptm_main_table  disablePager hideScrollHeader\"><colgroup><col data-dtr=\"0\" data-dtc=\"0\" class=\"dtc0\"><col data-dtr=\"0\" data-dtc=\"1\" class=\"dtc1\"><col data-dtr=\"0\" data-dtc=\"2\" class=\"dtc2\"><col data-dtr=\"0\" data-dtc=\"3\" class=\"dtc3\"><\/colgroup><thead><tr class=\"wptm-header-cells-index\"><th rowspan=\"1\" colspan=\"1\" data-dtr=\"0\" data-dtc=\"0\" class=\"dtr0 dtc0\"><\/th><th rowspan=\"1\" colspan=\"1\" data-dtr=\"0\" data-dtc=\"1\" class=\"dtr0 dtc1\"><\/th><th rowspan=\"1\" colspan=\"1\" data-dtr=\"0\" data-dtc=\"2\" class=\"dtr0 dtc2\"><\/th><th rowspan=\"1\" colspan=\"1\" data-dtr=\"0\" data-dtc=\"3\" class=\"dtr0 dtc3\"><\/th><\/tr><tr class=\" row0\"><th   data-priority=\"0\" class=\"dtr0 dtc0\"><\/th><th   data-priority=\"0\" class=\"dtr0 dtc1\">SEA HORSE 22<\/th><th   data-priority=\"0\" class=\"dtr0 dtc2\">SEA HORSE 26<\/th><th   data-priority=\"0\" class=\"dtr0 dtc3\">SEA HORSE 30<\/th><\/thead><tbody><tr class=\" row1\"><td    class=\"dtr1 dtc0\"><\/td><td    class=\"dtr1 dtc1\"><\/td><td    class=\"dtr1 dtc2\"><\/td><td    class=\"dtr1 dtc3\"><\/td><\/tr><tr class=\" row2\"><td  colspan=\"4\"   class=\"dtr2 dtc0\">Dimensions<\/td><td  style=\"display: none\"   class=\"dtr2 dtc1\"><\/td><td  style=\"display: none\"   class=\"dtr2 dtc2\"><\/td><td  style=\"display: none\"   class=\"dtr2 dtc3\"><\/td><\/tr><tr class=\" row3\"><td    class=\"dtr3 dtc0\">Length<\/td><td    class=\"dtr3 dtc1\">22 m<\/td><td    class=\"dtr3 dtc2\">26 m<\/td><td    class=\"dtr3 dtc3\">30 m<\/td><\/tr><tr class=\" row4\"><td    class=\"dtr4 dtc0\">Beam<\/td><td    class=\"dtr4 dtc1\">6 m<\/td><td    class=\"dtr4 dtc2\">6 m<\/td><td    class=\"dtr4 dtc3\">6 m<\/td><\/tr><tr class=\" row5\"><td    class=\"dtr5 dtc0\">Draft<\/td><td    class=\"dtr5 dtc1\">1.2 m<\/td><td    class=\"dtr5 dtc2\">1.5 m<\/td><td    class=\"dtr5 dtc3\">2.0 m<\/td><\/tr><tr class=\" row6\"><td    class=\"dtr6 dtc0\"><\/td><td    class=\"dtr6 dtc1\"><\/td><td    class=\"dtr6 dtc2\"><\/td><td    class=\"dtr6 dtc3\"><\/td><\/tr><tr class=\" row7\"><td  colspan=\"4\"   class=\"dtr7 dtc0\">General<\/td><td  style=\"display: none\"   class=\"dtr7 dtc1\"><\/td><td  style=\"display: none\"   class=\"dtr7 dtc2\"><\/td><td  style=\"display: none\"   class=\"dtr7 dtc3\"><\/td><\/tr><tr class=\" row8\"><td    class=\"dtr8 dtc0\">Purpose Of Vessel<\/td><td  colspan=\"3\"   class=\"dtr8 dtc1\">Oil Spill Recovery + Oil Spill Response + Optional ( Trash Cleanup + Fire Fighting + Waste Collection )  <\/td><td  style=\"display: none\"   class=\"dtr8 dtc2\"><\/td><td  style=\"display: none\"   class=\"dtr8 dtc3\"><\/td><\/tr><tr class=\" row9\"><td    class=\"dtr9 dtc0\">Material (Superstructure  + Hull)<\/td><td  colspan=\"3\"   class=\"dtr9 dtc1\">Steel ( Standard ) or Aluminium ( Optional )<\/td><td  style=\"display: none\"   class=\"dtr9 dtc2\"><\/td><td  style=\"display: none\"   class=\"dtr9 dtc3\"><\/td><\/tr><tr class=\" row10\"><td    class=\"dtr10 dtc0\">Hull Type<\/td><td  colspan=\"3\"   class=\"dtr10 dtc1\">Mono Hull ( Standard ) or Catamaran ( Optional ) | Ice Class (Optional)<\/td><td  style=\"display: none\"   class=\"dtr10 dtc2\"><\/td><td  style=\"display: none\"   class=\"dtr10 dtc3\"><\/td><\/tr><tr class=\" row11\"><td    class=\"dtr11 dtc0\">Paint<\/td><td  colspan=\"3\"   class=\"dtr11 dtc1\">Epoxy coating underwater hull, decks & superstructure with a lifetime of about 3 years.<\/td><td  style=\"display: none\"   class=\"dtr11 dtc2\"><\/td><td  style=\"display: none\"   class=\"dtr11 dtc3\"><\/td><\/tr><tr class=\" row12\"><td    class=\"dtr12 dtc0\">Classification<\/td><td  colspan=\"3\"   class=\"dtr12 dtc1\">B.V. Or Equivalent<\/td><td  style=\"display: none\"   class=\"dtr12 dtc2\"><\/td><td  style=\"display: none\"   class=\"dtr12 dtc3\"><\/td><\/tr><tr class=\" row13\"><td    class=\"dtr13 dtc0\"><\/td><td    class=\"dtr13 dtc1\"><\/td><td    class=\"dtr13 dtc2\"><\/td><td    class=\"dtr13 dtc3\"><\/td><\/tr><tr class=\" row14\"><td  colspan=\"4\"   class=\"dtr14 dtc0\">Tank Capacity<\/td><td  style=\"display: none\"   class=\"dtr14 dtc1\"><\/td><td  style=\"display: none\"   class=\"dtr14 dtc2\"><\/td><td  style=\"display: none\"   class=\"dtr14 dtc3\"><\/td><\/tr><tr class=\" row15\"><td    class=\"dtr15 dtc0\">Solid Waste Tank<\/td><td    class=\"dtr15 dtc1\">10 m\u00b3<\/td><td    class=\"dtr15 dtc2\">10 m\u00b3<\/td><td    class=\"dtr15 dtc3\">10 m\u00b3<\/td><\/tr><tr class=\" row16\"><td    class=\"dtr16 dtc0\">Recovered Oil Tank<\/td><td    class=\"dtr16 dtc1\">120 m\u00b3<\/td><td    class=\"dtr16 dtc2\">150 m\u00b3<\/td><td    class=\"dtr16 dtc3\">200 m\u00b3<\/td><\/tr><tr class=\" row17\"><td    class=\"dtr17 dtc0\">F\/O Tank<\/td><td    class=\"dtr17 dtc1\">5 m\u00b3<\/td><td    class=\"dtr17 dtc2\">6 m\u00b3<\/td><td    class=\"dtr17 dtc3\">8 m\u00b3<\/td><\/tr><tr class=\" row18\"><td    class=\"dtr18 dtc0\">Fresh Water Tank<\/td><td    class=\"dtr18 dtc1\">2 m\u00b3<\/td><td    class=\"dtr18 dtc2\">3 m\u00b3<\/td><td    class=\"dtr18 dtc3\">4 m\u00b3<\/td><\/tr><tr class=\" row19\"><td    class=\"dtr19 dtc0\"><\/td><td    class=\"dtr19 dtc1\"><\/td><td    class=\"dtr19 dtc2\"><\/td><td    class=\"dtr19 dtc3\"><\/td><\/tr><tr class=\" row20\"><td  colspan=\"4\"   class=\"dtr20 dtc0\">Power and Propulsion<\/td><td  style=\"display: none\"   class=\"dtr20 dtc1\"><\/td><td  style=\"display: none\"   class=\"dtr20 dtc2\"><\/td><td  style=\"display: none\"   class=\"dtr20 dtc3\"><\/td><\/tr><tr class=\" row21\"><td    class=\"dtr21 dtc0\">Propulsion<\/td><td  colspan=\"3\"   class=\"dtr21 dtc1\">Fixed Pitch ( Standard ) | Azimuth Thruster ( Optional )<\/td><td  style=\"display: none\"   class=\"dtr21 dtc2\"><\/td><td  style=\"display: none\"   class=\"dtr21 dtc3\"><\/td><\/tr><tr class=\" row22\"><td    class=\"dtr22 dtc0\">Power<\/td><td  colspan=\"3\"   class=\"dtr22 dtc1\">Diesel ( Standard ) | Battrry ( Optional )<\/td><td  style=\"display: none\"   class=\"dtr22 dtc2\"><\/td><td  style=\"display: none\"   class=\"dtr22 dtc3\"><\/td><\/tr><tr class=\" row23\"><td    class=\"dtr23 dtc0\">Green Power<\/td><td  colspan=\"3\"   class=\"dtr23 dtc1\">Battery ( Optional ) | Hydroen Fuel Cell (Optional) | Solar Energy (Optional) | LNG System (Optional)<\/td><td  style=\"display: none\"   class=\"dtr23 dtc2\"><\/td><td  style=\"display: none\"   class=\"dtr23 dtc3\"><\/td><\/tr><tr class=\" row24\"><td    class=\"dtr24 dtc0\">Engine<\/td><td    class=\"dtr24 dtc1\">2 x 265 HP<\/td><td    class=\"dtr24 dtc2\">2 x 300 HP<\/td><td    class=\"dtr24 dtc3\">2 x 360 HP<\/td><\/tr><tr class=\" row25\"><td    class=\"dtr25 dtc0\">Speed<\/td><td    class=\"dtr25 dtc1\">10 Knots<\/td><td    class=\"dtr25 dtc2\">11 Knots<\/td><td    class=\"dtr25 dtc3\">12 Knots<\/td><\/tr><tr class=\" row26\"><td    class=\"dtr26 dtc0\"><\/td><td    class=\"dtr26 dtc1\"><\/td><td    class=\"dtr26 dtc2\"><\/td><td    class=\"dtr26 dtc3\"><\/td><\/tr><tr class=\" row27\"><td  colspan=\"4\"   class=\"dtr27 dtc0\">Oil Pollution Recovery System<\/td><td  style=\"display: none\"   class=\"dtr27 dtc1\"><\/td><td  style=\"display: none\"   class=\"dtr27 dtc2\"><\/td><td  style=\"display: none\"   class=\"dtr27 dtc3\"><\/td><\/tr><tr class=\" row28\"><td    class=\"dtr28 dtc0\">Oil Recovery Rate<\/td><td    class=\"dtr28 dtc1\">100 m\u00b3 \/ hr<\/td><td    class=\"dtr28 dtc2\">150 m\u00b3 \/ hr<\/td><td    class=\"dtr28 dtc3\">200 m\u00b3 \/ hr<\/td><\/tr><tr class=\" row29\"><td    class=\"dtr29 dtc0\">Oil Skimmer Type<\/td><td  colspan=\"3\"   class=\"dtr29 dtc1\">Side Collector or Multi Skimmer<\/td><td  style=\"display: none\"   class=\"dtr29 dtc2\"><\/td><td  style=\"display: none\"   class=\"dtr29 dtc3\"><\/td><\/tr><tr class=\" row30\"><td    class=\"dtr30 dtc0\">Oil Collection Speed<\/td><td    class=\"dtr30 dtc1\">0-4+knots<\/td><td    class=\"dtr30 dtc2\">0-4+knots<\/td><td    class=\"dtr30 dtc3\">0-4+knots<\/td><\/tr><tr class=\" row31\"><td    class=\"dtr31 dtc0\">Oil Spill Detection System<\/td><td    class=\"dtr31 dtc1\">1 - 4 miles radius<\/td><td    class=\"dtr31 dtc2\">1 - 4 miles radius<\/td><td    class=\"dtr31 dtc3\">1 - 4 miles radius<\/td><\/tr><tr class=\" row32\"><td    class=\"dtr32 dtc0\">Infrared Camera<\/td><td  colspan=\"3\"   class=\"dtr32 dtc1\">Infrared Tracking Camera<\/td><td  style=\"display: none\"   class=\"dtr32 dtc2\"><\/td><td  style=\"display: none\"   class=\"dtr32 dtc3\"><\/td><\/tr><tr class=\" row33\"><td    class=\"dtr33 dtc0\">Offloading  Pump<\/td><td    class=\"dtr33 dtc1\">200 m3 - pending on viscosity<\/td><td    class=\"dtr33 dtc2\">200 m3 - pending on viscosity<\/td><td    class=\"dtr33 dtc3\">200 m3 - pending on viscosity<\/td><\/tr><tr class=\" row34\"><td    class=\"dtr34 dtc0\">Inflatable Boom<\/td><td    class=\"dtr34 dtc1\">1 x 600 m Hydraulic Reel System<\/td><td    class=\"dtr34 dtc2\">1 x 600 m Hydraulic Reel System<\/td><td    class=\"dtr34 dtc3\">1 x 600 m Hydraulic Reel System<\/td><\/tr><tr class=\" row35\"><td    class=\"dtr35 dtc0\">Dispersant Spray System<\/td><td    class=\"dtr35 dtc1\">MaviSpray - 100 lt\/min<\/td><td    class=\"dtr35 dtc2\">MaviSpray - 100 lt\/min<\/td><td    class=\"dtr35 dtc3\">MaviSpray - 100 lt\/min<\/td><\/tr><tr class=\" row36\"><td    class=\"dtr36 dtc0\">Workboat<\/td><td    class=\"dtr36 dtc1\">1 x 6 m Work Boat<\/td><td    class=\"dtr36 dtc2\">1 x 6 m Work Boat<\/td><td    class=\"dtr36 dtc3\">1 x 6 m Work Boat<\/td><\/tr><tr class=\" row37\"><td    class=\"dtr37 dtc0\"><\/td><td    class=\"dtr37 dtc1\"><\/td><td    class=\"dtr37 dtc2\"><\/td><td    class=\"dtr37 dtc3\"><\/td><\/tr><tr class=\" row38\"><td  colspan=\"4\"   class=\"dtr38 dtc0\">Auxiliary Equipment<\/td><td  style=\"display: none\"   class=\"dtr38 dtc1\"><\/td><td  style=\"display: none\"   class=\"dtr38 dtc2\"><\/td><td  style=\"display: none\"   class=\"dtr38 dtc3\"><\/td><\/tr><tr class=\" row39\"><td    class=\"dtr39 dtc0\">Sewage Treatment Plant<\/td><td    class=\"dtr39 dtc1\">25 liters\/hr<\/td><td    class=\"dtr39 dtc2\">50 liters\/hr<\/td><td    class=\"dtr39 dtc3\">100 liters\/hr<\/td><\/tr><tr class=\" row40\"><td    class=\"dtr40 dtc0\">Oily Water Separator<\/td><td    class=\"dtr40 dtc1\">1 x 0.5 m\u00b3\/hr<\/td><td    class=\"dtr40 dtc2\">1 x 1.0 m\u00b3\/hr<\/td><td    class=\"dtr40 dtc3\">1 x 1.5 m\u00b3\/hr<\/td><\/tr><tr class=\" row41\"><td    class=\"dtr41 dtc0\"><\/td><td    class=\"dtr41 dtc1\"><\/td><td    class=\"dtr41 dtc2\"><\/td><td    class=\"dtr41 dtc3\"><\/td><\/tr><tr class=\" row42\"><td  colspan=\"4\"   class=\"dtr42 dtc0\">Electronic and Navigation<\/td><td  style=\"display: none\"   class=\"dtr42 dtc1\"><\/td><td  style=\"display: none\"   class=\"dtr42 dtc2\"><\/td><td  style=\"display: none\"   class=\"dtr42 dtc3\"><\/td><\/tr><tr class=\" row43\"><td    class=\"dtr43 dtc0\">Standard<\/td><td  colspan=\"3\"   class=\"dtr43 dtc1\">GMDSS Sea Area A3, GPS, Echo Sounder, Compass, VHF. Navigational Safety Lights, Autopilot, Radar, Internet Access (all cabins), Intercom<\/td><td  style=\"display: none\"   class=\"dtr43 dtc2\"><\/td><td  style=\"display: none\"   class=\"dtr43 dtc3\"><\/td><\/tr><tr class=\" row44\"><td    class=\"dtr44 dtc0\">Optional<\/td><td  colspan=\"3\"   class=\"dtr44 dtc1\">Hydrographic Survey System ( Multi beam echo sounder , Single beam echo sounder, hull mounted sonar ) \/ Dynamic Position System ( DP 1 - DP 2 ) \/ Search Light<\/td><td  style=\"display: none\"   class=\"dtr44 dtc2\"><\/td><td  style=\"display: none\"   class=\"dtr44 dtc3\"><\/td><\/tr><tr class=\" row45\"><td    class=\"dtr45 dtc0\"><\/td><td    class=\"dtr45 dtc1\"><\/td><td    class=\"dtr45 dtc2\"><\/td><td    class=\"dtr45 dtc3\"><\/td><\/tr><tr class=\" row46\"><td  colspan=\"4\"   class=\"dtr46 dtc0\">Deck System<\/td><td  style=\"display: none\"   class=\"dtr46 dtc1\"><\/td><td  style=\"display: none\"   class=\"dtr46 dtc2\"><\/td><td  style=\"display: none\"   class=\"dtr46 dtc3\"><\/td><\/tr><tr class=\" row47\"><td    class=\"dtr47 dtc0\">Crane<\/td><td  colspan=\"3\"   class=\"dtr47 dtc1\">1 x Hydraulic Foldable Knuckle Crane - capacity up to 20m @ 3500 kg<\/td><td  style=\"display: none\"   class=\"dtr47 dtc2\"><\/td><td  style=\"display: none\"   class=\"dtr47 dtc3\"><\/td><\/tr><tr class=\" row48\"><td    class=\"dtr48 dtc0\">Anchor Windlasses<\/td><td  colspan=\"3\"   class=\"dtr48 dtc1\">1 pcs<\/td><td  style=\"display: none\"   class=\"dtr48 dtc2\"><\/td><td  style=\"display: none\"   class=\"dtr48 dtc3\"><\/td><\/tr><tr class=\" row49\"><td    class=\"dtr49 dtc0\">Optional<\/td><td  colspan=\"3\"   class=\"dtr49 dtc1\">Towing Winch \/ Hydrographic Equipment \/ Diving Equipments \/ Fire Fighting Equipment (Up to 600 m3\/h monitor)<\/td><td  style=\"display: none\"   class=\"dtr49 dtc2\"><\/td><td  style=\"display: none\"   class=\"dtr49 dtc3\"><\/td><\/tr><tr class=\" row50\"><td    class=\"dtr50 dtc0\"><\/td><td    class=\"dtr50 dtc1\"><\/td><td    class=\"dtr50 dtc2\"><\/td><td    class=\"dtr50 dtc3\"><\/td><\/tr><tr class=\" row51\"><td  colspan=\"4\"   class=\"dtr51 dtc0\">Accommodation<\/td><td  style=\"display: none\"   class=\"dtr51 dtc1\"><\/td><td  style=\"display: none\"   class=\"dtr51 dtc2\"><\/td><td  style=\"display: none\"   class=\"dtr51 dtc3\"><\/td><\/tr><tr class=\" row52\"><td    class=\"dtr52 dtc0\">Optional<\/td><td  colspan=\"3\"   class=\"dtr52 dtc1\">Upto 10 Persons - WC \/ Changing Room \/ Mess Room \/ Spare Berths \/ Private Sanitary Facilities \/ Lounges \/ Conferance Room \/ Office \/ Gymnasium<\/td><td  style=\"display: none\"   class=\"dtr52 dtc2\"><\/td><td  style=\"display: none\"   class=\"dtr52 dtc3\"><\/td><\/tr><\/tbody><tfoot><tr><td class=\"dtr52 dtc0\" style=\"height: 0;\"><\/td><td class=\"dtr52 dtc1\" style=\"height: 0;\"><\/td><td class=\"dtr52 dtc2\" style=\"height: 0;\"><\/td><td class=\"dtr52 dtc3\" style=\"height: 0;\"><\/td><\/tr><\/tfoot><\/table><\/div><style>#wptmtable79 .dataTables_wrapper > .dataTables_scroll {max-height:700px;overflow: auto;}<\/style><script>window.wptm_ajaxurl = 'https:\/\/mavideniz.com.tr\/wp-admin\/admin-ajax.php?juwpfisadmin=false&action=Wptm&'; window.wptm_front = 'https:\/\/mavideniz.com.tr\/wp-content\/plugins\/wp-table-manager\/app\/site\/assets\/'; window.wptm_style = 'https:\/\/mavideniz.com.tr\/wp-content\/uploads\/wptm\/';<\/script><\/div><style><\/style>\n","protected":false},"excerpt":{"rendered":"<p>Mavi Deniz, Petrol S\u0131z\u0131nt\u0131s\u0131na M\u00fcdahale Gemisi tasar\u0131m\u0131 ve \u00fcretiminde pazar lideri\/d\u00fcnyan\u0131n en b\u00fcy\u00fck \u00fcreticisidir. Sea Horse, \u00c7ok Ama\u00e7l\u0131 Petrol S\u0131z\u0131nt\u0131s\u0131na [&hellip;]<\/p>\n","protected":false},"author":1,"featured_media":0,"parent":27526,"menu_order":0,"comment_status":"closed","ping_status":"closed","template":"","meta":{"site-sidebar-layout":"default","site-content-layout":"","ast-site-content-layout":"default","site-content-style":"default","site-sidebar-style":"default","ast-global-header-display":"","ast-banner-title-visibility":"","ast-main-header-display":"","ast-hfb-above-header-display":"","ast-hfb-below-header-display":"","ast-hfb-mobile-header-display":"","site-post-title":"","ast-breadcrumbs-content":"","ast-featured-img":"","footer-sml-layout":"","ast-disable-related-posts":"","theme-transparent-header-meta":"","adv-header-id-meta":"","stick-header-meta":"","header-above-stick-meta":"","header-main-stick-meta":"","header-below-stick-meta":"","astra-migrate-meta-layouts":"default","ast-page-background-enabled":"default","ast-page-background-meta":{"desktop":{"background-color":"var(--ast-global-color-5)","background-image":"","background-repeat":"repeat","background-position":"center center","background-size":"auto","background-attachment":"scroll","background-type":"","background-media":"","overlay-type":"","overlay-color":"","overlay-opacity":"","overlay-gradient":""},"tablet":{"background-color":"","background-image":"","background-repeat":"repeat","background-position":"center center","background-size":"auto","background-attachment":"scroll","background-type":"","background-media":"","overlay-type":"","overlay-color":"","overlay-opacity":"","overlay-gradient":""},"mobile":{"background-color":"","background-image":"","background-repeat":"repeat","background-position":"center center","background-size":"auto","background-attachment":"scroll","background-type":"","background-media":"","overlay-type":"","overlay-color":"","overlay-opacity":"","overlay-gradient":""}},"ast-content-background-meta":{"desktop":{"background-color":"var(--ast-global-color-4)","background-image":"","background-repeat":"repeat","background-position":"center center","background-size":"auto","background-attachment":"scroll","background-type":"","background-media":"","overlay-type":"","overlay-color":"","overlay-opacity":"","overlay-gradient":""},"tablet":{"background-color":"var(--ast-global-color-4)","background-image":"","background-repeat":"repeat","background-position":"center center","background-size":"auto","background-attachment":"scroll","background-type":"","background-media":"","overlay-type":"","overlay-color":"","overlay-opacity":"","overlay-gradient":""},"mobile":{"background-color":"var(--ast-global-color-4)","background-image":"","background-repeat":"repeat","background-position":"center center","background-size":"auto","background-attachment":"scroll","background-type":"","background-media":"","overlay-type":"","overlay-color":"","overlay-opacity":"","overlay-gradient":""}},"footnotes":""},"class_list":["post-27562","page","type-page","status-publish","hentry"],"_links":{"self":[{"href":"https:\/\/mavideniz.com.tr\/tr\/wp-json\/wp\/v2\/pages\/27562","targetHints":{"allow":["GET"]}}],"collection":[{"href":"https:\/\/mavideniz.com.tr\/tr\/wp-json\/wp\/v2\/pages"}],"about":[{"href":"https:\/\/mavideniz.com.tr\/tr\/wp-json\/wp\/v2\/types\/page"}],"author":[{"embeddable":true,"href":"https:\/\/mavideniz.com.tr\/tr\/wp-json\/wp\/v2\/users\/1"}],"replies":[{"embeddable":true,"href":"https:\/\/mavideniz.com.tr\/tr\/wp-json\/wp\/v2\/comments?post=27562"}],"version-history":[{"count":0,"href":"https:\/\/mavideniz.com.tr\/tr\/wp-json\/wp\/v2\/pages\/27562\/revisions"}],"up":[{"embeddable":true,"href":"https:\/\/mavideniz.com.tr\/tr\/wp-json\/wp\/v2\/pages\/27526"}],"wp:attachment":[{"href":"https:\/\/mavideniz.com.tr\/tr\/wp-json\/wp\/v2\/media?parent=27562"}],"curies":[{"name":"wp","href":"https:\/\/api.w.org\/{rel}","templated":true}]}}