{"id":27574,"date":"2021-10-17T17:20:08","date_gmt":"2021-10-17T17:20:08","guid":{"rendered":"https:\/\/mavideniz.com.tr\/?page_id=27574"},"modified":"2023-09-10T16:01:43","modified_gmt":"2023-09-10T16:01:43","slug":"balikcilik-osinografik-arastirma-gemisi","status":"publish","type":"page","link":"https:\/\/mavideniz.com.tr\/tr\/gemiler-tekneler\/arastirma-gemisi\/balikcilik-osinografik-arastirma-gemisi\/","title":{"rendered":"Bal\u0131k\u00e7\u0131l\u0131k + O\u015finografik Ara\u015ft\u0131rma Gemisi"},"content":{"rendered":"<p><br \/>\nMavi Deniz Bal\u0131k\u00e7\u0131l\u0131k + O\u015finografik Ara\u015ft\u0131rma Gemisi Habitat Haritalama + Biyo\u00e7e\u015fitlilik \u00c7al\u0131\u015fmalar\u0131, Bilimsel Dal\u0131\u015f ve Sualt\u0131 Foto\u011fraf\u00e7\u0131l\u0131\u011f\u0131 + Video Yay\u0131nlar\u0131, \u00c7evresel \u0130zleme + O\u015finografi Ara\u015ft\u0131rmalar\u0131 + Bal\u0131k\u00e7\u0131l\u0131k Ara\u015ft\u0131rmalar\u0131 + \u00c7evre Ara\u015ft\u0131rmalar\u0131 + Bal\u0131k stok de\u011ferlendirmesi + \u0130klim &#8211; Atmosfer Bilimleri yapmak \u00fczere tasarlanm\u0131\u015f ve ayn\u0131 zamanda donan\u0131ml\u0131d\u0131r. kaynak izleme, o\u015finografik ve \u00e7evresel ara\u015ft\u0131rmalar, ekosistem ara\u015ft\u0131rmalar\u0131, dip habitat haritalama, pelajik ve demersal trol av\u0131, iletkenlik\/s\u0131cakl\u0131k\/derinlik (CTD) su \u00f6rneklemesi, tek ve \u00e7ok \u0131\u015f\u0131nl\u0131 iskandil ara\u015ft\u0131rmalar\u0131, entegre veri kayd\u0131, petrol kurtarma ve acil durum \u00e7ekme Ulusal ve Uluslararas\u0131 Deniz Sular\u0131 S\u0131n\u0131f ve Bayrak gereksinimlerine g\u00f6re. Operasyonel profiliniz ve ihtiya\u00e7lar\u0131n\u0131z i\u00e7in Bal\u0131k\u00e7\u0131l\u0131k + O\u015finografik Ara\u015ft\u0131rma Gemisinin tasar\u0131m\u0131n\u0131 ayarlayabiliriz.<\/p>\n<p>Standart Bal\u0131k\u00e7\u0131l\u0131k + O\u015finografik Ara\u015ft\u0131rmada, Gemi, iste\u011fe ba\u011fl\u0131 \u00e7ift yak\u0131tl\u0131 motor olarak dizel motorlara sahiptir. Hafif akaryak\u0131t (LFO), a\u011f\u0131r akaryak\u0131t (HFO), s\u0131v\u0131 biyoyak\u0131t veya LNG gibi geleneksel s\u0131v\u0131 deniz yak\u0131tlar\u0131n\u0131 yakabilir. G\u00fc\u00e7 ve h\u0131z kayb\u0131 olmadan yak\u0131tlar aras\u0131nda ge\u00e7i\u015f yapabilir.<\/p>\n<p>Bal\u0131k\u00e7\u0131l\u0131k + O\u015finografik Ara\u015ft\u0131rma Gemisinin Tasar\u0131m\u0131 D\u00fcnyan\u0131n en iyi tasar\u0131mc\u0131lar\u0131 ve bilim adamlar\u0131yla \u00e7al\u0131\u015f\u0131yoruz \u00e7\u00fcnk\u00fc bu Ara\u015ft\u0131rma Gemisi m\u00fckemmel hidrodinamik performansa, modern laboratuvarlara, sessiz \u00e7al\u0131\u015fma alanlar\u0131na ve m\u00fckemmel deniz tutma ve istikrarl\u0131 platforma sahip ta\u015f\u0131ma ekipmanlar\u0131n\u0131 kullanmaya yetecek kadar. Bilimsel sens\u00f6rlerin optimum performans\u0131 i\u00e7in \u00fcst\u00fcn manevra ve konumland\u0131rma sa\u011flayan dinamik konumland\u0131rma sistemine sahiptir. Benzersiz malzeme + \u00fcr\u00fcnler, operasyonlar ve \u00fcretim i\u00e7in geni\u015f bir \u00e7al\u0131\u015fma g\u00fcvertesi ile gemideki ve su alt\u0131ndaki g\u00fcr\u00fclt\u00fcy\u00fc azaltmay\u0131 se\u00e7er. Makine bile\u015fenleri, g\u00fcr\u00fclt\u00fc ve titre\u015fimleri en aza indirmek i\u00e7in esnek bir \u015fekilde monte edilecektir.<\/p>\n<p>Bal\u0131k\u00e7\u0131l\u0131k + O\u015finografik Ara\u015ft\u0131rma Gemisini teslim ettikten sonra ayn\u0131 performans\u0131 ve kaliteyi y\u0131llar y\u0131llar sonra da g\u00f6receksiniz; performans\u0131 ve kaliteyi yakalaman\u0131n bir nedeni var; ucuz \u00fcr\u00fcnleri se\u00e7miyoruz; ara\u015ft\u0131rma gemisini yapmak i\u00e7in en iyi malzeme ve \u00fcr\u00fcnleri se\u00e7iyoruz ve ayn\u0131 zamanda en iyi \u00e7al\u0131\u015fanlar\u0131, m\u00fchendisleri de se\u00e7iyoruz.<\/p>\n<p><strong>\u00d6zellikleri<\/strong><\/p>\n<ul>\n<li>Sismik ara\u015ft\u0131rmalar i\u00e7in y\u00fcksek \u00e7ekme kapasiteleri<\/li>\n<li>Bal\u0131k\u00e7\u0131l\u0131k gemileri i\u00e7in sessiz \u00e7al\u0131\u015fma<\/li>\n<li>S\u0131\u011f s\u0131cakl\u0131klarda \u00e7al\u0131\u015f\u0131n,<\/li>\n<li>S\u0131\u011f suya uygun<\/li>\n<li>Fiziksel, kimyasal ve biyolojik o\u015finografi<\/li>\n<\/ul>\n<p><strong>Konaklama + \u0130leti\u015fim | \u0130ste\u011fe ba\u011fl\u0131<\/strong><\/p>\n<ul>\n<li>Da\u011f\u0131n\u0131k oda<\/li>\n<li>VIP odas\u0131<\/li>\n<li>Toplant\u0131<\/li>\n<li>Oda \/ Salon<\/li>\n<li>Hastane<\/li>\n<li>\u00c7ama\u015f\u0131r<\/li>\n<li>Jimnastik<\/li>\n<li>PC Lab &amp; LAN &amp; Kablosuz eri\u015fim + Y\u00fcksek kapasiteli 4g haberle\u015fme +Uydu Haberle\u015fmesi<\/li>\n<li>Bilimsel Veri A\u011f\u0131<\/li>\n<li>Sualt\u0131 G\u00f6zlemi i\u00e7in Yerle\u015fik Ger\u00e7ek Zamanl\u0131 Medya Eri\u015fimi<\/li>\n<\/ul>\n<p><strong>\u00c7al\u0131\u015fma Alan\u0131 | \u0130ste\u011fe ba\u011fl\u0131<\/strong><\/p>\n<ul>\n<li>Islak Laboratuvar.<\/li>\n<li>CTD Laboratuvar\u0131<\/li>\n<li>Biyo Jeokimyasal Lab.<\/li>\n<li>kuru laboratuvar<\/li>\n<li>Kulu\u00e7ka Laboratuvar\u0131<\/li>\n<li>Ana Laboratuvar<\/li>\n<li>Bilgisayar laboratuvar\u0131<\/li>\n<li>Bilimsel Buzdolab\u0131<\/li>\n<li>G\u00fcverte ofis<\/li>\n<li>Bilimsel Veri a\u011f\u0131<\/li>\n<li>Ekipman Odas\u0131<\/li>\n<\/ul>\n<p><strong>G\u00dcVERTE MAK\u0130NALARI | \u0130ste\u011fe ba\u011fl\u0131<\/strong><\/p>\n<ul>\n<li>\u00c7apa ba\u011flama vinci<\/li>\n<li>Irgatlar<\/li>\n<li>A-\u00c7er\u00e7eve &#8211; Yan veya K\u0131\u00e7<\/li>\n<li>B\u00f6l\u00fcnm\u00fc\u015f net tambur<\/li>\n<li>A\u011f tambur<\/li>\n<li>Trol vin\u00e7leri<\/li>\n<li>Kep\u00e7e vinci<\/li>\n<li>Plankton \u00f6rneklemesi &#8211; Dikey + \u00c7ekili<\/li>\n<li>Vin\u00e7 ( Koaksiyel Kablo + G\u00f6bek + \u00c7elik tel )<\/li>\n<li>G\u00fcverte vinci<\/li>\n<li>CTD &#8211; Davit + Vin\u00e7<\/li>\n<li>Vibrocore \u00d6rnekleyici<\/li>\n<li>Giri\u015f G\u00fcverte + K\u0131\u00e7 Platformu<\/li>\n<\/ul>\n<p><strong>Bal\u0131k\u00e7\u0131l\u0131k ve O\u015finografi Ekipmanlar\u0131 + Sistemi | \u0130ste\u011fe ba\u011fl\u0131<\/strong><\/p>\n<ul>\n<li>Bilimsel S\u0131\u011f ( Su + Derin Deniz ) Eko Siren + \u00c7oklu I\u015f\u0131n + Tek I\u015f\u0131n<\/li>\n<li>Ses H\u0131z\u0131 @ Kafa + Prob<\/li>\n<li>Hava kirlili\u011fi \u00f6l\u00e7\u00fcm istasyonu<\/li>\n<li>Yan Tarama Sonar\u0131<\/li>\n<li>Alt-alt Profil Olu\u015fturucu<\/li>\n<li>Trol izleme sistemi<\/li>\n<li>Ultra K\u0131sa BaseLine SONAR Sistemi<\/li>\n<li>Dijital Kay\u0131t<\/li>\n<li>Meteoroloji istasyonu<\/li>\n<li>Deniz dibi \u00f6rneklemesi<\/li>\n<li>CPT + Vibrokorat\u00f6r<\/li>\n<li>CTD sistemi<\/li>\n<li>ADCP<\/li>\n<li>Elektromanyetik G\u00fcnl\u00fck<\/li>\n<li>Akustik konumland\u0131rma sistemi<\/li>\n<li>Deniz Veri Y\u00f6netim sistemi<\/li>\n<li>Hareket Referans sistemi<\/li>\n<li>\u00c7oklu \u00d6rnekleme Rozet<\/li>\n<li>Sediment Tarama sistemi<\/li>\n<li>ROV<\/li>\n<\/ul>\n<div class=\"wptm_table tablesorter-bootstrap \" data-id=\"70\" data-hightlight=\"0\"><div class=\"wptm_buttons buttons_wptmTbl70\"><\/div><div class=\"wptmresponsive dataTables-wptmtable wptmtable \" id=\"wptmtable70\" data-tableid=\"wptmTbl70\"><table data-count-header=\"1\"  data-format-decimal_count=\"0\" data-format-decimal_symbol=\".\" data-format-symbol_position=\"0\" data-format-thousand_symbol=\",\"  data-format-currency_symbol=\"$\"  data-name-style=\"70_1759812801.css\" data-format=\"YYYY-MM-DD\" id=\"wptmTbl70\" data-id=\"70\" data-responsive=\"false\" data-hideCols=\"false\"  data-type=\"html\" data-paging=\"false\" data-searching=\"true\"  data-ordering=\"false\" data-table-breakpoint=\"980\" data-scroll-x=\"true\" data-scroll-collapse=\"true\" data-align=\"center\" data-range=\"[]\" data-hideColumn=\"[0,0,0,0,0,0,0,0]\"  data-colwidths=\"[142,142,142,142,142,142,142,142]\"  data-colwidths_desktop=[]  data-colwidths_tablet=[]  data-colwidths_mobile=[]  class=\"wptm_main_table  disablePager hideScrollHeader\"><colgroup><col data-dtr=\"0\" data-dtc=\"0\" class=\"dtc0\"><col data-dtr=\"0\" data-dtc=\"1\" class=\"dtc1\"><col data-dtr=\"0\" data-dtc=\"2\" class=\"dtc2\"><col data-dtr=\"0\" data-dtc=\"3\" class=\"dtc3\"><col data-dtr=\"0\" data-dtc=\"4\" class=\"dtc4\"><col data-dtr=\"0\" data-dtc=\"5\" class=\"dtc5\"><col data-dtr=\"0\" data-dtc=\"6\" class=\"dtc6\"><col data-dtr=\"0\" data-dtc=\"7\" class=\"dtc7\"><\/colgroup><thead><tr class=\"wptm-header-cells-index\"><th rowspan=\"1\" colspan=\"1\" data-dtr=\"0\" data-dtc=\"0\" class=\"dtr0 dtc0\"><\/th><th rowspan=\"1\" colspan=\"1\" data-dtr=\"0\" data-dtc=\"1\" class=\"dtr0 dtc1\"><\/th><th rowspan=\"1\" colspan=\"1\" data-dtr=\"0\" data-dtc=\"2\" class=\"dtr0 dtc2\"><\/th><th rowspan=\"1\" colspan=\"1\" data-dtr=\"0\" data-dtc=\"3\" class=\"dtr0 dtc3\"><\/th><th rowspan=\"1\" colspan=\"1\" data-dtr=\"0\" data-dtc=\"4\" class=\"dtr0 dtc4\"><\/th><th rowspan=\"1\" colspan=\"1\" data-dtr=\"0\" data-dtc=\"5\" class=\"dtr0 dtc5\"><\/th><th rowspan=\"1\" colspan=\"1\" data-dtr=\"0\" data-dtc=\"6\" class=\"dtr0 dtc6\"><\/th><th rowspan=\"1\" colspan=\"1\" data-dtr=\"0\" data-dtc=\"7\" class=\"dtr0 dtc7\"><\/th><\/tr><tr class=\" row0\"><th   data-priority=\"0\" class=\"dtr0 dtc0\"><\/th><th   data-priority=\"0\" class=\"dtr0 dtc1\">Research 24<\/th><th   data-priority=\"0\" class=\"dtr0 dtc2\">Research 28<\/th><th   data-priority=\"0\" class=\"dtr0 dtc3\">Research 32<\/th><th   data-priority=\"0\" class=\"dtr0 dtc4\">Research 36<\/th><th   data-priority=\"0\" class=\"dtr0 dtc5\">Research 40<\/th><th   data-priority=\"0\" class=\"dtr0 dtc6\">Research 65<\/th><th   data-priority=\"0\" class=\"dtr0 dtc7\">Research 76<\/th><\/thead><tbody><tr class=\" row1\"><td    class=\"dtr1 dtc0\">Length (m)<\/td><td    class=\"dtr1 dtc1\">24<\/td><td    class=\"dtr1 dtc2\">28<\/td><td    class=\"dtr1 dtc3\">32<\/td><td    class=\"dtr1 dtc4\">36<\/td><td    class=\"dtr1 dtc5\">40<\/td><td    class=\"dtr1 dtc6\">65<\/td><td    class=\"dtr1 dtc7\">76<\/td><\/tr><tr class=\" row2\"><td    class=\"dtr2 dtc0\">Beam (m)<\/td><td    class=\"dtr2 dtc1\">6<\/td><td    class=\"dtr2 dtc2\">8<\/td><td    class=\"dtr2 dtc3\">8<\/td><td    class=\"dtr2 dtc4\">9<\/td><td    class=\"dtr2 dtc5\">10<\/td><td    class=\"dtr2 dtc6\">15<\/td><td    class=\"dtr2 dtc7\">16<\/td><\/tr><tr class=\" row3\"><td    class=\"dtr3 dtc0\">Draft (m)<\/td><td    class=\"dtr3 dtc1\">1-Jun<\/td><td    class=\"dtr3 dtc2\">2<\/td><td    class=\"dtr3 dtc3\">2-May<\/td><td    class=\"dtr3 dtc4\">3<\/td><td    class=\"dtr3 dtc5\">3-Apr<\/td><td    class=\"dtr3 dtc6\">3.5<\/td><td    class=\"dtr3 dtc7\">4.3<\/td><\/tr><tr class=\" row4\"><td    class=\"dtr4 dtc0\">Hull<\/td><td  colspan=\"7\"   class=\"dtr4 dtc1\">Mono Hull (Standard) | Catamaran Hull (Optional)<\/td><td  style=\"display: none\"   class=\"dtr4 dtc2\"><\/td><td  style=\"display: none\"   class=\"dtr4 dtc3\"><\/td><td  style=\"display: none\"   class=\"dtr4 dtc4\"><\/td><td  style=\"display: none\"   class=\"dtr4 dtc5\"><\/td><td  style=\"display: none\"   class=\"dtr4 dtc6\"><\/td><td  style=\"display: none\"   class=\"dtr4 dtc7\"><\/td><\/tr><tr class=\" row5\"><td    class=\"dtr5 dtc0\">Material<\/td><td  colspan=\"7\"   class=\"dtr5 dtc1\">Steel (Standard) | Marine Grade Aluminium (Optional)<\/td><td  style=\"display: none\"   class=\"dtr5 dtc2\"><\/td><td  style=\"display: none\"   class=\"dtr5 dtc3\"><\/td><td  style=\"display: none\"   class=\"dtr5 dtc4\"><\/td><td  style=\"display: none\"   class=\"dtr5 dtc5\"><\/td><td  style=\"display: none\"   class=\"dtr5 dtc6\"><\/td><td  style=\"display: none\"   class=\"dtr5 dtc7\"><\/td><\/tr><tr class=\" row6\"><td    class=\"dtr6 dtc0\">Propellers<\/td><td  colspan=\"7\"   class=\"dtr6 dtc1\">Fixed Pitch ( Standard )<\/td><td  style=\"display: none\"   class=\"dtr6 dtc2\"><\/td><td  style=\"display: none\"   class=\"dtr6 dtc3\"><\/td><td  style=\"display: none\"   class=\"dtr6 dtc4\"><\/td><td  style=\"display: none\"   class=\"dtr6 dtc5\"><\/td><td  style=\"display: none\"   class=\"dtr6 dtc6\"><\/td><td  style=\"display: none\"   class=\"dtr6 dtc7\"><\/td><\/tr><tr class=\" row7\"><td    class=\"dtr7 dtc0\">Speed (knots)<\/td><td  colspan=\"7\"   class=\"dtr7 dtc1\">Min 10 - 15 Knots<\/td><td  style=\"display: none\"   class=\"dtr7 dtc2\"><\/td><td  style=\"display: none\"   class=\"dtr7 dtc3\"><\/td><td  style=\"display: none\"   class=\"dtr7 dtc4\"><\/td><td  style=\"display: none\"   class=\"dtr7 dtc5\"><\/td><td  style=\"display: none\"   class=\"dtr7 dtc6\"><\/td><td  style=\"display: none\"   class=\"dtr7 dtc7\"><\/td><\/tr><\/tbody><tfoot><tr><td class=\"dtr7 dtc0\" style=\"height: 0;\"><\/td><td class=\"dtr7 dtc1\" style=\"height: 0;\"><\/td><td class=\"dtr7 dtc2\" style=\"height: 0;\"><\/td><td class=\"dtr7 dtc3\" style=\"height: 0;\"><\/td><td class=\"dtr7 dtc4\" style=\"height: 0;\"><\/td><td class=\"dtr7 dtc5\" style=\"height: 0;\"><\/td><td class=\"dtr7 dtc6\" style=\"height: 0;\"><\/td><td class=\"dtr7 dtc7\" style=\"height: 0;\"><\/td><\/tr><\/tfoot><\/table><\/div><style>#wptmtable70 .dataTables_wrapper > .dataTables_scroll {max-height:500px;overflow: auto;}<\/style><script>window.wptm_ajaxurl = 'https:\/\/mavideniz.com.tr\/wp-admin\/admin-ajax.php?juwpfisadmin=false&action=Wptm&'; window.wptm_front = 'https:\/\/mavideniz.com.tr\/wp-content\/plugins\/wp-table-manager\/app\/site\/assets\/'; window.wptm_style = 'https:\/\/mavideniz.com.tr\/wp-content\/uploads\/wptm\/';<\/script><\/div><style><\/style>\n","protected":false},"excerpt":{"rendered":"<p>Mavi Deniz Bal\u0131k\u00e7\u0131l\u0131k + O\u015finografik Ara\u015ft\u0131rma Gemisi Habitat Haritalama + Biyo\u00e7e\u015fitlilik \u00c7al\u0131\u015fmalar\u0131, Bilimsel Dal\u0131\u015f ve Sualt\u0131 Foto\u011fraf\u00e7\u0131l\u0131\u011f\u0131 + Video Yay\u0131nlar\u0131, [&hellip;]<\/p>\n","protected":false},"author":1,"featured_media":0,"parent":27572,"menu_order":0,"comment_status":"closed","ping_status":"closed","template":"","meta":{"site-sidebar-layout":"default","site-content-layout":"","ast-site-content-layout":"default","site-content-style":"default","site-sidebar-style":"default","ast-global-header-display":"","ast-banner-title-visibility":"","ast-main-header-display":"","ast-hfb-above-header-display":"","ast-hfb-below-header-display":"","ast-hfb-mobile-header-display":"","site-post-title":"","ast-breadcrumbs-content":"","ast-featured-img":"","footer-sml-layout":"","ast-disable-related-posts":"","theme-transparent-header-meta":"","adv-header-id-meta":"","stick-header-meta":"","header-above-stick-meta":"","header-main-stick-meta":"","header-below-stick-meta":"","astra-migrate-meta-layouts":"default","ast-page-background-enabled":"default","ast-page-background-meta":{"desktop":{"background-color":"var(--ast-global-color-5)","background-image":"","background-repeat":"repeat","background-position":"center center","background-size":"auto","background-attachment":"scroll","background-type":"","background-media":"","overlay-type":"","overlay-color":"","overlay-opacity":"","overlay-gradient":""},"tablet":{"background-color":"","background-image":"","background-repeat":"repeat","background-position":"center center","background-size":"auto","background-attachment":"scroll","background-type":"","background-media":"","overlay-type":"","overlay-color":"","overlay-opacity":"","overlay-gradient":""},"mobile":{"background-color":"","background-image":"","background-repeat":"repeat","background-position":"center center","background-size":"auto","background-attachment":"scroll","background-type":"","background-media":"","overlay-type":"","overlay-color":"","overlay-opacity":"","overlay-gradient":""}},"ast-content-background-meta":{"desktop":{"background-color":"var(--ast-global-color-4)","background-image":"","background-repeat":"repeat","background-position":"center center","background-size":"auto","background-attachment":"scroll","background-type":"","background-media":"","overlay-type":"","overlay-color":"","overlay-opacity":"","overlay-gradient":""},"tablet":{"background-color":"var(--ast-global-color-4)","background-image":"","background-repeat":"repeat","background-position":"center center","background-size":"auto","background-attachment":"scroll","background-type":"","background-media":"","overlay-type":"","overlay-color":"","overlay-opacity":"","overlay-gradient":""},"mobile":{"background-color":"var(--ast-global-color-4)","background-image":"","background-repeat":"repeat","background-position":"center center","background-size":"auto","background-attachment":"scroll","background-type":"","background-media":"","overlay-type":"","overlay-color":"","overlay-opacity":"","overlay-gradient":""}},"footnotes":""},"class_list":["post-27574","page","type-page","status-publish","hentry"],"_links":{"self":[{"href":"https:\/\/mavideniz.com.tr\/tr\/wp-json\/wp\/v2\/pages\/27574","targetHints":{"allow":["GET"]}}],"collection":[{"href":"https:\/\/mavideniz.com.tr\/tr\/wp-json\/wp\/v2\/pages"}],"about":[{"href":"https:\/\/mavideniz.com.tr\/tr\/wp-json\/wp\/v2\/types\/page"}],"author":[{"embeddable":true,"href":"https:\/\/mavideniz.com.tr\/tr\/wp-json\/wp\/v2\/users\/1"}],"replies":[{"embeddable":true,"href":"https:\/\/mavideniz.com.tr\/tr\/wp-json\/wp\/v2\/comments?post=27574"}],"version-history":[{"count":0,"href":"https:\/\/mavideniz.com.tr\/tr\/wp-json\/wp\/v2\/pages\/27574\/revisions"}],"up":[{"embeddable":true,"href":"https:\/\/mavideniz.com.tr\/tr\/wp-json\/wp\/v2\/pages\/27572"}],"wp:attachment":[{"href":"https:\/\/mavideniz.com.tr\/tr\/wp-json\/wp\/v2\/media?parent=27574"}],"curies":[{"name":"wp","href":"https:\/\/api.w.org\/{rel}","templated":true}]}}