{"id":27611,"date":"2021-10-23T18:30:53","date_gmt":"2021-10-23T18:30:53","guid":{"rendered":"https:\/\/mavideniz.com.tr\/?page_id=27611"},"modified":"2022-02-14T17:51:07","modified_gmt":"2022-02-14T17:51:07","slug":"deniz-yuzeyi-temizleme-teknesi-maxi-deniz-supurgesi","status":"publish","type":"page","link":"https:\/\/mavideniz.com.tr\/tr\/gemiler-tekneler\/cop-atik-deniz-yosunu-sargassum-temizleme-gemisi\/deniz-yuzeyi-temizleme-teknesi-maxi-deniz-supurgesi\/","title":{"rendered":"Deniz Y\u00fczeyi Temizleme Teknesi &#8211; Sea Cat Deniz S\u00fcp\u00fcrgesi"},"content":{"rendered":"\n<p>Mavi Deniz, \u00c7\u00f6p S\u0131y\u0131r\u0131c\u0131 Gemi tasar\u0131m\u0131 ve \u00fcretiminde pazar lideri\/d\u00fcnyan\u0131n en b\u00fcy\u00fck \u00fcreticisidir. Mavi Deniz enkaz ve \u00e7\u00f6p toplama gemileri g\u00fcvenli ve kullan\u0131m\u0131 kolayd\u0131r ve bir\u00e7ok s\u0131\u011f deniz kirlili\u011fi kontrol uygulamas\u0131 i\u00e7in pratik ve uygun maliyetli bir \u00e7\u00f6z\u00fcm sunar.<\/p>\n<p>Deniz Enkaz\u0131, Deniz \u00c7\u00f6p\u00fc, Deniz \u00c7\u00f6p\u00fc, korunan ku\u015flar, k\u00f6pekbal\u0131klar\u0131, kaplumba\u011falar ve deniz memelileri dahil olmak \u00fczere deniz ya\u015fam\u0131na zararl\u0131d\u0131r. Denizdeki enkazlar, yutulmas\u0131n\u0131n ard\u0131ndan bo\u011fulma, dola\u015fma, i\u00e7 yaralanmalar veya a\u00e7l\u0131k nedeniyle yaralanmalara veya \u00f6l\u00fcme neden olabilir. Deniz yosunlar\u0131, k\u0131y\u0131 b\u00f6lgelerinde kayalara veya di\u011fer sert y\u00fczeylere ba\u011fl\u0131 olarak ya\u015fayan bitki benzeri organizmalard\u0131r. Deniz yosunlar\u0131, on dokuzuncu y\u00fczy\u0131l\u0131n ortalar\u0131ndan itibaren thallus rengiyle ampirik olarak ay\u0131rt edilen \u00fc\u00e7 gruba aittir: kahverengi algler, k\u0131rm\u0131z\u0131 algler ve ye\u015fil algler.<\/p>\n<p>Her t\u00fcrl\u00fc y\u00fczer ve yar\u0131 bat\u0131k kirleticilerin geri kazan\u0131labilmesi i\u00e7in katamaran g\u00f6vdeleri aras\u0131nda bantl\u0131 konvey\u00f6r sistemi ile birlikte gelen \u00c7\u00f6p S\u0131y\u0131r\u0131c\u0131 Gemi Kirlilik Kontrol\u00fc ve Kirlilik M\u00fcdahalesi, plastik malzemeler, \u00e7\u00f6pler, \u00e7\u00f6pler, \u015fi\u015feler, sigaralar, odunlar, algler, kat\u0131 kal\u0131nt\u0131lar, organik maddeler. \u00c7ok y\u00f6nl\u00fc Kirlilik Kontrol Gemisi, bom yerle\u015ftirme, yang\u0131nla m\u00fccadele, \u015famand\u0131ra ta\u015f\u0131ma, \u00e7ekme, genel i\u015f teknesi g\u00f6revleri, izleme, da\u011f\u0131t\u0131c\u0131 p\u00fcsk\u00fcrtme, ya\u011f geri kazan\u0131m\u0131, \u00e7\u00f6p toplama dahil olmak \u00fczere bir\u00e7ok farkl\u0131 uygulamada kullan\u0131labilmesi i\u00e7in \u00e7e\u015fitli m\u00fcdahale ekipman\u0131 t\u00fcrleri ile donat\u0131labilir. deniz ve sahil temizleme i\u015flemlerinden kaynaklanan mikro kirleticilerin depolanmas\u0131 ve bertaraf\u0131.<\/p>\n<p>\u00c7\u00f6p S\u0131y\u0131r\u0131c\u0131 Gemisi denizde kirlilikle m\u00fccadele i\u00e7in tasar\u0131mlar, Kirlilik Kontrol Gemisi hidrokarbon s\u0131z\u0131nt\u0131lar\u0131n\u0131 kurtarmak ve tanklar\u0131n i\u00e7inde depolamak i\u00e7in gemide ta\u015f\u0131nan petrol bariyerleri ile kirli alan\u0131 izole eder, kat\u0131 y\u00fczer ve yar\u0131 bat\u0131k at\u0131klar\u0131 toplar ve depolar; yang\u0131nlarla sava\u015f\u0131r, kayalar\u0131 temizler ve resiflerle sava\u015f\u0131r, ayr\u0131ca b\u00f6lgede genel destek sa\u011flar.<\/p>\n<p>\u00c7\u00f6p S\u0131y\u0131r\u0131c\u0131 Gemisi hidrolik g\u00fcce sahiptir ve hidrolik vin\u00e7li a\u00e7\u0131k bir g\u00fcverte, limanda veya denizde bir\u00e7ok operasyon i\u00e7in \u00e7ok y\u00f6nl\u00fc bir ara\u00e7 sa\u011flar. \u0130ste\u011fe ba\u011fl\u0131 bir bom makaras\u0131, yang\u0131nla m\u00fccadele i\u00e7in \u00e7e\u015fitli farkl\u0131 boyutlardaki bomlar\u0131 veya k\u00f6p\u00fck\/su monit\u00f6rlerini depolamak ve yerle\u015ftirmek i\u00e7in kullan\u0131labilir. Kimyasal dispersiyon ajan\u0131n\u0131 teknenin her iki taraf\u0131na monte edilmi\u015f mafsall\u0131 kollar arac\u0131l\u0131\u011f\u0131yla uygulamak i\u00e7in g\u00f6n\u00fcll\u00fc bir Dispersant sprey sistemi yerle\u015ftirilmi\u015ftir. Opsiyonel bir kirlilik \u00f6nleyici m\u00fcdahale kab\u0131 ayr\u0131ca ya\u011f s\u0131y\u0131r\u0131c\u0131 sistemi ile su \u00fczerindeki ya\u011f ve hidrokarbon tabakalar\u0131n\u0131 toplar. Kirlilik Kontrol Gemisi, liman alanlar\u0131nda, yak\u0131ndaki sularda ve a\u00e7\u0131k denizlerde veya a\u00e7\u0131k deniz faaliyetlerinde \u00e7al\u0131\u015fmak \u00fczere \u00f6zel olarak tasarlanm\u0131\u015ft\u0131r.<\/p>\n<p>Uluslararas\u0131 Denizcilik \u00d6rg\u00fct\u00fc, bu y\u00fczy\u0131l\u0131n sonuna kadar sera gaz\u0131 (GHG) emisyonlar\u0131n\u0131 s\u0131f\u0131ra indirme stratejisini a\u00e7\u0131klarken, deniz \u00e7evre d\u00fczenlemeleri d\u00fcnya \u00e7ap\u0131nda s\u0131k\u0131la\u015ft\u0131r\u0131ld\u0131. Emisyon kontrol alanlar\u0131n\u0131n uygulanmas\u0131 gemi operasyonlar\u0131n\u0131 etkilemeye ba\u015flam\u0131\u015ft\u0131r. Mavi Deniz, \u00e7ift yak\u0131tl\u0131 \u00e7\u00f6z\u00fcmler ve daha temiz ye\u015fil g\u00fc\u00e7 teknolojileri geli\u015ftirerek yeni emisyon kontrol d\u00fczenlemelerini ba\u015far\u0131yla ba\u015flatt\u0131. Mavi Deniz&#8217;in Ye\u015fil G\u00fc\u00e7 Se\u00e7enekleri; G\u00fcne\u015f Enerjisi Sistemi, Batarya G\u00fc\u00e7 Sistemi, Hidrojen Yak\u0131t H\u00fccresi Sistemi, LPG Sistemi, g\u00fcverte ekipman\u0131 ve sevk sistemi dahil olmak \u00fczere \u00c7\u00f6p S\u0131y\u0131r\u0131c\u0131 Gemisine tam olarak entegre edilebilir.<\/p>\n<p><span style=\"color: #339966;\"><strong>Deniz S\u00fcp\u00fcrgesi Ye\u015fil G\u00fc\u00e7 Se\u00e7enekleri<\/strong><\/span><\/p>\n<ul>\n<li>G\u00fcne\u015f Enerjisi Sistemiyle G\u00fc\u00e7lendirilir<\/li>\n<li>Pil G\u00fc\u00e7 Sistemi ile G\u00fc\u00e7lendirilir<\/li>\n<li>Hidrojen Yak\u0131t H\u00fccresi Sistemi ile G\u00fc\u00e7lendirilir<\/li>\n<li>LPG Sistemi ile G\u00fc\u00e7lendirilir<\/li>\n<\/ul>\n<p><strong>\u00d6zellikleri<\/strong><\/p>\n<ul>\n<li>Kirlilik Kontrol\u00fc, Deniz Temizleme Gemisi, sa\u011flam bir \u00e7elik katamaran g\u00f6vdesine dayanmaktad\u0131r.<\/li>\n<li>Kirlilik Kontrol Gemisi yerinde 360 \u200b\u200bderece d\u00f6nebilir.<\/li>\n<li>\u00c7\u00f6p S\u0131y\u0131r\u0131c\u0131 Gemisi \u00c7ift Motorludur.<\/li>\n<li>Genel tekne g\u00f6revleri.<\/li>\n<li>\u00c7\u00f6p transfer operasyonlar\u0131na yard\u0131mc\u0131 olmak i\u00e7in hidrolik vin\u00e7.<\/li>\n<li>Denizden t\u00fcm \u00e7\u00f6pleri\/\u00e7\u00f6pleri\/\u00e7\u00f6pleri toplamak i\u00e7in dahili konvey\u00f6r bant sistemi ile Kirlilik M\u00fcdahalesi.<\/li>\n<li>Konteyner kutular\u0131nda veya tutma tanklar\u0131nda depolanan \u00e7\u00f6pler.<\/li>\n<li>30 m\u00b3&#8217;e kadar \u00e7\u00f6p depolama tank\u0131.<\/li>\n<li>Ya\u011f geri kazan\u0131m sistemi.<\/li>\n<li>Ya\u011fl\u0131 su al\u0131m\u0131. (\u00e7amur, slop, sintine ve ya\u011fl\u0131 at\u0131k s\u0131v\u0131lar)<\/li>\n<li>Petrol bomlar\u0131 da\u011f\u0131t\u0131m ve bom makaras\u0131 ile depolan\u0131r.<\/li>\n<li>Yang\u0131n s\u00f6nd\u00fcrme.<\/li>\n<li>Da\u011f\u0131t\u0131c\u0131 sprey sistemi.<\/li>\n<li>\u00c7ekme kancas\u0131 ile \u00e7ekme g\u00f6revleri.<\/li>\n<li>Hava Durumu.<\/li>\n<li>M\u00fcrettebat i\u00e7in kabin<\/li>\n<li>At\u00f6lye ve Ma\u011faza<\/li>\n<li>G\u00fcr\u00fclt\u00fc, rahats\u0131z edici kokular ve kurum emisyonlar\u0131 olmadan konfor-g\u00fcvenlik.<\/li>\n<\/ul>\n<p>Okyanus Enkaz\u0131, Okyanus \u00c7\u00f6p\u00fc, Deniz Enkaz\u0131, Deniz \u00c7\u00f6p\u00fc, Yosun Ana kayna\u011f\u0131n\u0131n baz\u0131 \u00f6rnekleri \u015funlard\u0131r:<\/p>\n<p><strong>Kara Tabanl\u0131<\/strong><\/p>\n<ul>\n<li>\u00c7\u00f6pl\u00fckler<\/li>\n<li>Nehirler ve sel sular\u0131<\/li>\n<li>End\u00fcstriyel de\u015farjlar<\/li>\n<li>Ya\u011fmur suyu drenajlar\u0131ndan de\u015farj<\/li>\n<li>Ar\u0131t\u0131lmam\u0131\u015f belediye kanalizasyon<\/li>\n<li>Sahillerin, k\u0131y\u0131 b\u00f6lgelerinin (turizm) \u00e7\u00f6pe at\u0131lmas\u0131<\/li>\n<\/ul>\n<p><strong>Deniz Bazl\u0131<\/strong><\/p>\n<ul>\n<li>Bal\u0131k\u00e7\u0131l\u0131k end\u00fcstrisi<\/li>\n<li>Nakliye (\u00f6rne\u011fin, ula\u015f\u0131m, turizm, bal\u0131k\u00e7\u0131l\u0131k)<\/li>\n<li>A\u00e7\u0131k deniz madencili\u011fi ve \u00e7\u0131karma<\/li>\n<li>Denize yasa d\u0131\u015f\u0131 bo\u015faltma<\/li>\n<li>At\u0131lan olta tak\u0131m\u0131<\/li>\n<li>A\u00e7\u0131k deniz petrol ve gaz platformu<\/li>\n<li>Su \u00fcr\u00fcnleri tesisleri<\/li>\n<li>Bir\u00e7ok deniz arac\u0131<\/li>\n<\/ul>\n<p><strong>Mavi Deniz&#8217;in Kirlilik Kontrol Gemisi t\u00fcm d\u00fcnyada kullan\u0131mda g\u00f6r\u00fclebilir.<\/strong><\/p>\n<div class=\"wptm_table tablesorter-bootstrap \" data-id=\"72\" data-hightlight=\"0\"><div class=\"wptm_buttons buttons_wptmTbl72\"><\/div><div class=\"wptmresponsive dataTables-wptmtable wptmtable \" id=\"wptmtable72\" data-tableid=\"wptmTbl72\"><table data-count-header=\"1\"  data-format-decimal_count=\"0\" data-format-decimal_symbol=\".\" data-format-symbol_position=\"0\" data-format-thousand_symbol=\",\"  data-format-currency_symbol=\"$\"  data-name-style=\"72_1759811958.css\" data-format=\"YYYY-MM-DD\" id=\"wptmTbl72\" data-id=\"72\" data-responsive=\"false\" data-hideCols=\"false\"  data-type=\"html\" data-paging=\"false\" data-searching=\"true\"  data-ordering=\"false\" data-table-breakpoint=\"980\" data-scroll-x=\"true\" data-scroll-collapse=\"true\" data-align=\"center\" data-range=\"[]\" data-hideColumn=\"[0,0,0,0]\"  data-colwidths=\"[285,285,285,285]\"  data-colwidths_desktop=[]  data-colwidths_tablet=[]  data-colwidths_mobile=[]  class=\"wptm_main_table  disablePager hideScrollHeader\"><colgroup><col data-dtr=\"0\" data-dtc=\"0\" class=\"dtc0\"><col data-dtr=\"0\" data-dtc=\"1\" class=\"dtc1\"><col data-dtr=\"0\" data-dtc=\"2\" class=\"dtc2\"><col data-dtr=\"0\" data-dtc=\"3\" class=\"dtc3\"><\/colgroup><thead><tr class=\"wptm-header-cells-index\"><th rowspan=\"1\" colspan=\"1\" data-dtr=\"0\" data-dtc=\"0\" class=\"dtr0 dtc0\"><\/th><th rowspan=\"1\" colspan=\"1\" data-dtr=\"0\" data-dtc=\"1\" class=\"dtr0 dtc1\"><\/th><th rowspan=\"1\" colspan=\"1\" data-dtr=\"0\" data-dtc=\"2\" class=\"dtr0 dtc2\"><\/th><th rowspan=\"1\" colspan=\"1\" data-dtr=\"0\" data-dtc=\"3\" class=\"dtr0 dtc3\"><\/th><\/tr><tr class=\" row0\"><th   data-priority=\"0\" class=\"dtr0 dtc0\"><\/th><th   data-priority=\"0\" class=\"dtr0 dtc1\">Sea Cat 12<\/th><th   data-priority=\"0\" class=\"dtr0 dtc2\">Sea Cat 15<\/th><th   data-priority=\"0\" class=\"dtr0 dtc3\">Sea Cat 17<\/th><\/thead><tbody><tr class=\" row1\"><td    class=\"dtr1 dtc0\"><\/td><td    class=\"dtr1 dtc1\"><\/td><td    class=\"dtr1 dtc2\"><\/td><td    class=\"dtr1 dtc3\"><\/td><\/tr><tr class=\" row2\"><td  colspan=\"4\"   class=\"dtr2 dtc0\">Dimensions<\/td><td  style=\"display: none\"   class=\"dtr2 dtc1\"><\/td><td  style=\"display: none\"   class=\"dtr2 dtc2\"><\/td><td  style=\"display: none\"   class=\"dtr2 dtc3\"><\/td><\/tr><tr class=\" row3\"><td    class=\"dtr3 dtc0\">Length<\/td><td    class=\"dtr3 dtc1\">12 m<\/td><td    class=\"dtr3 dtc2\">15 m<\/td><td    class=\"dtr3 dtc3\">17 m<\/td><\/tr><tr class=\" row4\"><td    class=\"dtr4 dtc0\">Beam<\/td><td    class=\"dtr4 dtc1\">3.2 m<\/td><td    class=\"dtr4 dtc2\">5 m\u00b3<\/td><td    class=\"dtr4 dtc3\">6 m<\/td><\/tr><tr class=\" row5\"><td    class=\"dtr5 dtc0\">Draft<\/td><td    class=\"dtr5 dtc1\">1 m\u00b3<\/td><td    class=\"dtr5 dtc2\">1.2 m<\/td><td    class=\"dtr5 dtc3\">1.4 m<\/td><\/tr><tr class=\" row6\"><td    class=\"dtr6 dtc0\"><\/td><td    class=\"dtr6 dtc1\"><\/td><td    class=\"dtr6 dtc2\"><\/td><td    class=\"dtr6 dtc3\"><\/td><\/tr><tr class=\" row7\"><td  colspan=\"4\"   class=\"dtr7 dtc0\">General<\/td><td  style=\"display: none\"   class=\"dtr7 dtc1\"><\/td><td  style=\"display: none\"   class=\"dtr7 dtc2\"><\/td><td  style=\"display: none\"   class=\"dtr7 dtc3\"><\/td><\/tr><tr class=\" row8\"><td    class=\"dtr8 dtc0\">Purpose Of Vessel<\/td><td  colspan=\"3\"   class=\"dtr8 dtc1\">Trash and Debris Cleanup (Sea , River , Sea, Lake) + Pollution Control + Workboat + Fire fighting (Optional) + Oil Spill Response (Optional)<\/td><td  style=\"display: none\"   class=\"dtr8 dtc2\"><\/td><td  style=\"display: none\"   class=\"dtr8 dtc3\"><\/td><\/tr><tr class=\" row9\"><td    class=\"dtr9 dtc0\">Hull Type<\/td><td    class=\"dtr9 dtc1\">Catamaran<\/td><td    class=\"dtr9 dtc2\">Catamaran<\/td><td    class=\"dtr9 dtc3\">Catamaran<\/td><\/tr><tr class=\" row10\"><td    class=\"dtr10 dtc0\">Material ( Superstructure  + Hull )<\/td><td  colspan=\"3\"   class=\"dtr10 dtc1\">Steel ( Standard ) or Aluminium ( Optional )<\/td><td  style=\"display: none\"   class=\"dtr10 dtc2\"><\/td><td  style=\"display: none\"   class=\"dtr10 dtc3\"><\/td><\/tr><tr class=\" row11\"><td    class=\"dtr11 dtc0\">Paint<\/td><td  colspan=\"3\"   class=\"dtr11 dtc1\">Epoxy coating underwater hull, decks & superstructure with a lifetime of about 3 years.<\/td><td  style=\"display: none\"   class=\"dtr11 dtc2\"><\/td><td  style=\"display: none\"   class=\"dtr11 dtc3\"><\/td><\/tr><tr class=\" row12\"><td    class=\"dtr12 dtc0\">Classification (Optional)<\/td><td  colspan=\"3\"   class=\"dtr12 dtc1\">B.V. or Equivalent<\/td><td  style=\"display: none\"   class=\"dtr12 dtc2\"><\/td><td  style=\"display: none\"   class=\"dtr12 dtc3\"><\/td><\/tr><tr class=\" row13\"><td    class=\"dtr13 dtc0\"><\/td><td    class=\"dtr13 dtc1\"><\/td><td    class=\"dtr13 dtc2\"><\/td><td    class=\"dtr13 dtc3\"><\/td><\/tr><tr class=\" row14\"><td  colspan=\"4\"   class=\"dtr14 dtc0\">Tank Capacity<\/td><td  style=\"display: none\"   class=\"dtr14 dtc1\"><\/td><td  style=\"display: none\"   class=\"dtr14 dtc2\"><\/td><td  style=\"display: none\"   class=\"dtr14 dtc3\"><\/td><\/tr><tr class=\" row15\"><td    class=\"dtr15 dtc0\">Solid Waste Tank<\/td><td    class=\"dtr15 dtc1\">12 m\u00b3<\/td><td    class=\"dtr15 dtc2\">15 m\u00b3<\/td><td    class=\"dtr15 dtc3\">18 m\u00b3<\/td><\/tr><tr class=\" row16\"><td    class=\"dtr16 dtc0\">Recovered Oil tank<\/td><td    class=\"dtr16 dtc1\">5 m\u00b3<\/td><td    class=\"dtr16 dtc2\">5 m\u00b3<\/td><td    class=\"dtr16 dtc3\">5 m\u00b3<\/td><\/tr><tr class=\" row17\"><td    class=\"dtr17 dtc0\">F\/O Tank<\/td><td    class=\"dtr17 dtc1\">800 lt<\/td><td    class=\"dtr17 dtc2\">900 lt<\/td><td    class=\"dtr17 dtc3\">900 lt<\/td><\/tr><tr class=\" row18\"><td    class=\"dtr18 dtc0\">Fresh Water Tank (Optional)<\/td><td    class=\"dtr18 dtc1\">250 lt<\/td><td    class=\"dtr18 dtc2\">250 lt<\/td><td    class=\"dtr18 dtc3\">250 lt<\/td><\/tr><tr class=\" row19\"><td    class=\"dtr19 dtc0\"><\/td><td    class=\"dtr19 dtc1\"><\/td><td    class=\"dtr19 dtc2\"><\/td><td    class=\"dtr19 dtc3\"><\/td><\/tr><tr class=\" row20\"><td  colspan=\"4\"   class=\"dtr20 dtc0\">Power and Propulsion<\/td><td  style=\"display: none\"   class=\"dtr20 dtc1\"><\/td><td  style=\"display: none\"   class=\"dtr20 dtc2\"><\/td><td  style=\"display: none\"   class=\"dtr20 dtc3\"><\/td><\/tr><tr class=\" row21\"><td    class=\"dtr21 dtc0\">Propulsion<\/td><td  colspan=\"3\"   class=\"dtr21 dtc1\">Sterndrive ( Optional ) | Azimuth Thruster ( Optional ) |  Fixed Pitch ( Standard )<\/td><td  style=\"display: none\"   class=\"dtr21 dtc2\"><\/td><td  style=\"display: none\"   class=\"dtr21 dtc3\"><\/td><\/tr><tr class=\" row22\"><td    class=\"dtr22 dtc0\">Standard Power<\/td><td  colspan=\"3\"   class=\"dtr22 dtc1\">Diesel ( Standard )<\/td><td  style=\"display: none\"   class=\"dtr22 dtc2\"><\/td><td  style=\"display: none\"   class=\"dtr22 dtc3\"><\/td><\/tr><tr class=\" row23\"><td    class=\"dtr23 dtc0\">Green Power<\/td><td  colspan=\"3\"   class=\"dtr23 dtc1\">Battery ( Optional ) | Hydroen Fuel Cell (Optional) | Solar Energy (Optional) | LNG System (Optional)<\/td><td  style=\"display: none\"   class=\"dtr23 dtc2\"><\/td><td  style=\"display: none\"   class=\"dtr23 dtc3\"><\/td><\/tr><tr class=\" row24\"><td    class=\"dtr24 dtc0\">Engine<\/td><td    class=\"dtr24 dtc1\">2 x 125 hp<\/td><td    class=\"dtr24 dtc2\">2 x 300 hp<\/td><td    class=\"dtr24 dtc3\">2 x 300 hp<\/td><\/tr><tr class=\" row25\"><td    class=\"dtr25 dtc0\">Bow Thruster<\/td><td    class=\"dtr25 dtc1\">Optional<\/td><td    class=\"dtr25 dtc2\">Optional<\/td><td    class=\"dtr25 dtc3\">Optional<\/td><\/tr><tr class=\" row26\"><td    class=\"dtr26 dtc0\">Speed (Standard)<\/td><td    class=\"dtr26 dtc1\">8 Knots<\/td><td    class=\"dtr26 dtc2\">10 Knots<\/td><td    class=\"dtr26 dtc3\">12 Knots<\/td><\/tr><tr class=\" row27\"><td    class=\"dtr27 dtc0\">High Speed (Optional)<\/td><td    class=\"dtr27 dtc1\">Optional<\/td><td    class=\"dtr27 dtc2\">Optional<\/td><td    class=\"dtr27 dtc3\">Optional<\/td><\/tr><tr class=\" row28\"><td    class=\"dtr28 dtc0\"><\/td><td    class=\"dtr28 dtc1\"><\/td><td    class=\"dtr28 dtc2\"><\/td><td    class=\"dtr28 dtc3\"><\/td><\/tr><tr class=\" row29\"><td  colspan=\"4\"   class=\"dtr29 dtc0\">Oil Pollution Recovery System<\/td><td  style=\"display: none\"   class=\"dtr29 dtc1\"><\/td><td  style=\"display: none\"   class=\"dtr29 dtc2\"><\/td><td  style=\"display: none\"   class=\"dtr29 dtc3\"><\/td><\/tr><tr class=\" row30\"><td    class=\"dtr30 dtc0\">Oil Recovery Rate  (Optional)<\/td><td  colspan=\"3\"   class=\"dtr30 dtc1\">50 m\u00b3 \/ hr<\/td><td  style=\"display: none\"   class=\"dtr30 dtc2\"><\/td><td  style=\"display: none\"   class=\"dtr30 dtc3\"><\/td><\/tr><tr class=\" row31\"><td    class=\"dtr31 dtc0\">Type of Oil Skimmer  (Optional)<\/td><td  colspan=\"3\"   class=\"dtr31 dtc1\">Bow Collector or Inclined Belt Oil Skimmer or Side Collector or  Multi Skimmer<\/td><td  style=\"display: none\"   class=\"dtr31 dtc2\"><\/td><td  style=\"display: none\"   class=\"dtr31 dtc3\"><\/td><\/tr><tr class=\" row32\"><td    class=\"dtr32 dtc0\">Oil Collection Speed <\/td><td    class=\"dtr32 dtc1\">0-4 knots<\/td><td    class=\"dtr32 dtc2\">0-4 knots<\/td><td    class=\"dtr32 dtc3\">0-4 knots<\/td><\/tr><tr class=\" row33\"><td    class=\"dtr33 dtc0\">Oil Boom (Optional)<\/td><td  colspan=\"3\"   class=\"dtr33 dtc1\">Up to 400 m with Hydraulic Reel System<\/td><td  style=\"display: none\"   class=\"dtr33 dtc2\"><\/td><td  style=\"display: none\"   class=\"dtr33 dtc3\"><\/td><\/tr><tr class=\" row34\"><td    class=\"dtr34 dtc0\">Infrared Camera (Optional)<\/td><td  colspan=\"3\"   class=\"dtr34 dtc1\">Infrared Spill Tracking Camera<\/td><td  style=\"display: none\"   class=\"dtr34 dtc2\"><\/td><td  style=\"display: none\"   class=\"dtr34 dtc3\"><\/td><\/tr><tr class=\" row35\"><td    class=\"dtr35 dtc0\">Offloading  Pump (Optional)<\/td><td  colspan=\"3\"   class=\"dtr35 dtc1\">Up to 50 m\u00b3 \/ hr<\/td><td  style=\"display: none\"   class=\"dtr35 dtc2\"><\/td><td  style=\"display: none\"   class=\"dtr35 dtc3\"><\/td><\/tr><tr class=\" row36\"><td    class=\"dtr36 dtc0\">Dispersant Spray System (Optional)<\/td><td    class=\"dtr36 dtc1\">MaviSpray - 100 lt\/min<\/td><td    class=\"dtr36 dtc2\">MaviSpray - 100 lt\/min<\/td><td    class=\"dtr36 dtc3\">MaviSpray - 100 lt\/min<\/td><\/tr><tr class=\" row37\"><td    class=\"dtr37 dtc0\"><\/td><td    class=\"dtr37 dtc1\"><\/td><td    class=\"dtr37 dtc2\"><\/td><td    class=\"dtr37 dtc3\"><\/td><\/tr><tr class=\" row38\"><td  colspan=\"4\"   class=\"dtr38 dtc0\">Deck System<\/td><td  style=\"display: none\"   class=\"dtr38 dtc1\"><\/td><td  style=\"display: none\"   class=\"dtr38 dtc2\"><\/td><td  style=\"display: none\"   class=\"dtr38 dtc3\"><\/td><\/tr><tr class=\" row39\"><td    class=\"dtr39 dtc0\">Trash Conveyor<\/td><td  colspan=\"3\"   class=\"dtr39 dtc1\">Stainless Steel<\/td><td  style=\"display: none\"   class=\"dtr39 dtc2\"><\/td><td  style=\"display: none\"   class=\"dtr39 dtc3\"><\/td><\/tr><tr class=\" row40\"><td    class=\"dtr40 dtc0\">Crane<\/td><td  colspan=\"3\"   class=\"dtr40 dtc1\">Hydraulic Foldable Knuckle Crane - Up to 1 ton @ 8m<\/td><td  style=\"display: none\"   class=\"dtr40 dtc2\"><\/td><td  style=\"display: none\"   class=\"dtr40 dtc3\"><\/td><\/tr><tr class=\" row41\"><td    class=\"dtr41 dtc0\">Anchor<\/td><td    class=\"dtr41 dtc1\">1 pcs<\/td><td    class=\"dtr41 dtc2\">1 pcs<\/td><td    class=\"dtr41 dtc3\">1 pcs<\/td><\/tr><tr class=\" row42\"><td    class=\"dtr42 dtc0\">Optional<\/td><td  colspan=\"3\"   class=\"dtr42 dtc1\">Towing Winch \/ Hydrographic Equipment \/ Diving Equipments \/ Fire Fighting Equipment (Up to 600 m3\/h monitor) \/ Workboat<\/td><td  style=\"display: none\"   class=\"dtr42 dtc2\"><\/td><td  style=\"display: none\"   class=\"dtr42 dtc3\"><\/td><\/tr><tr class=\" row43\"><td    class=\"dtr43 dtc0\"><\/td><td    class=\"dtr43 dtc1\"><\/td><td    class=\"dtr43 dtc2\"><\/td><td    class=\"dtr43 dtc3\"><\/td><\/tr><tr class=\" row44\"><td  colspan=\"4\"   class=\"dtr44 dtc0\">Electronic and Navigation<\/td><td  style=\"display: none\"   class=\"dtr44 dtc1\"><\/td><td  style=\"display: none\"   class=\"dtr44 dtc2\"><\/td><td  style=\"display: none\"   class=\"dtr44 dtc3\"><\/td><\/tr><tr class=\" row45\"><td    class=\"dtr45 dtc0\">Standard<\/td><td  colspan=\"3\"   class=\"dtr45 dtc1\">Gyro Compass \/ Rudder Indicator \/ Wiper \/ Lighting Projector<\/td><td  style=\"display: none\"   class=\"dtr45 dtc2\"><\/td><td  style=\"display: none\"   class=\"dtr45 dtc3\"><\/td><\/tr><tr class=\" row46\"><td    class=\"dtr46 dtc0\">Optional<\/td><td  colspan=\"3\"   class=\"dtr46 dtc1\">Screen Display \/ Radar \/ GPS \/ Echosounder \/ VHF \/  Wind Direction Indicator \/ Autopilot \/ CCTV \/ Modem \/ Solar Panel \/ Search Light<\/td><td  style=\"display: none\"   class=\"dtr46 dtc2\"><\/td><td  style=\"display: none\"   class=\"dtr46 dtc3\"><\/td><\/tr><tr class=\" row47\"><td    class=\"dtr47 dtc0\"><\/td><td    class=\"dtr47 dtc1\"><\/td><td    class=\"dtr47 dtc2\"><\/td><td    class=\"dtr47 dtc3\"><\/td><\/tr><tr class=\" row48\"><td  colspan=\"4\"   class=\"dtr48 dtc0\">Accommodations<\/td><td  style=\"display: none\"   class=\"dtr48 dtc1\"><\/td><td  style=\"display: none\"   class=\"dtr48 dtc2\"><\/td><td  style=\"display: none\"   class=\"dtr48 dtc3\"><\/td><\/tr><tr class=\" row49\"><td    class=\"dtr49 dtc0\">Air Condition<\/td><td  colspan=\"3\"   class=\"dtr49 dtc1\">Heated (Standard) \/ Air-conditioned (Optional)<\/td><td  style=\"display: none\"   class=\"dtr49 dtc2\"><\/td><td  style=\"display: none\"   class=\"dtr49 dtc3\"><\/td><\/tr><tr class=\" row50\"><td    class=\"dtr50 dtc0\">Cabin<\/td><td  colspan=\"3\"   class=\"dtr50 dtc1\">A fully glazed wheelhouse high quality fit-out which includes seat.<\/td><td  style=\"display: none\"   class=\"dtr50 dtc2\"><\/td><td  style=\"display: none\"   class=\"dtr50 dtc3\"><\/td><\/tr><tr class=\" row51\"><td    class=\"dtr51 dtc0\">Optional<\/td><td  colspan=\"3\"   class=\"dtr51 dtc1\">WC \/ Gallery \/ Bed Cabin<\/td><td  style=\"display: none\"   class=\"dtr51 dtc2\"><\/td><td  style=\"display: none\"   class=\"dtr51 dtc3\"><\/td><\/tr><\/tbody><tfoot><tr><td class=\"dtr51 dtc0\" style=\"height: 0;\"><\/td><td class=\"dtr51 dtc1\" style=\"height: 0;\"><\/td><td class=\"dtr51 dtc2\" style=\"height: 0;\"><\/td><td class=\"dtr51 dtc3\" style=\"height: 0;\"><\/td><\/tr><\/tfoot><\/table><\/div><style>#wptmtable72 .dataTables_wrapper > .dataTables_scroll {max-height:850px;overflow: auto;}<\/style><script>window.wptm_ajaxurl = 'https:\/\/mavideniz.com.tr\/wp-admin\/admin-ajax.php?juwpfisadmin=false&action=Wptm&'; window.wptm_front = 'https:\/\/mavideniz.com.tr\/wp-content\/plugins\/wp-table-manager\/app\/site\/assets\/'; window.wptm_style = 'https:\/\/mavideniz.com.tr\/wp-content\/uploads\/wptm\/';<\/script><\/div><style><\/style>\n","protected":false},"excerpt":{"rendered":"<p>Mavi Deniz, \u00c7\u00f6p S\u0131y\u0131r\u0131c\u0131 Gemi tasar\u0131m\u0131 ve \u00fcretiminde pazar lideri\/d\u00fcnyan\u0131n en b\u00fcy\u00fck \u00fcreticisidir. Mavi Deniz enkaz ve \u00e7\u00f6p toplama gemileri [&hellip;]<\/p>\n","protected":false},"author":1,"featured_media":0,"parent":27585,"menu_order":0,"comment_status":"closed","ping_status":"closed","template":"","meta":{"site-sidebar-layout":"default","site-content-layout":"","ast-site-content-layout":"default","site-content-style":"default","site-sidebar-style":"default","ast-global-header-display":"","ast-banner-title-visibility":"","ast-main-header-display":"","ast-hfb-above-header-display":"","ast-hfb-below-header-display":"","ast-hfb-mobile-header-display":"","site-post-title":"","ast-breadcrumbs-content":"","ast-featured-img":"","footer-sml-layout":"","ast-disable-related-posts":"","theme-transparent-header-meta":"","adv-header-id-meta":"","stick-header-meta":"","header-above-stick-meta":"","header-main-stick-meta":"","header-below-stick-meta":"","astra-migrate-meta-layouts":"default","ast-page-background-enabled":"default","ast-page-background-meta":{"desktop":{"background-color":"var(--ast-global-color-5)","background-image":"","background-repeat":"repeat","background-position":"center center","background-size":"auto","background-attachment":"scroll","background-type":"","background-media":"","overlay-type":"","overlay-color":"","overlay-opacity":"","overlay-gradient":""},"tablet":{"background-color":"","background-image":"","background-repeat":"repeat","background-position":"center center","background-size":"auto","background-attachment":"scroll","background-type":"","background-media":"","overlay-type":"","overlay-color":"","overlay-opacity":"","overlay-gradient":""},"mobile":{"background-color":"","background-image":"","background-repeat":"repeat","background-position":"center center","background-size":"auto","background-attachment":"scroll","background-type":"","background-media":"","overlay-type":"","overlay-color":"","overlay-opacity":"","overlay-gradient":""}},"ast-content-background-meta":{"desktop":{"background-color":"var(--ast-global-color-4)","background-image":"","background-repeat":"repeat","background-position":"center center","background-size":"auto","background-attachment":"scroll","background-type":"","background-media":"","overlay-type":"","overlay-color":"","overlay-opacity":"","overlay-gradient":""},"tablet":{"background-color":"var(--ast-global-color-4)","background-image":"","background-repeat":"repeat","background-position":"center center","background-size":"auto","background-attachment":"scroll","background-type":"","background-media":"","overlay-type":"","overlay-color":"","overlay-opacity":"","overlay-gradient":""},"mobile":{"background-color":"var(--ast-global-color-4)","background-image":"","background-repeat":"repeat","background-position":"center center","background-size":"auto","background-attachment":"scroll","background-type":"","background-media":"","overlay-type":"","overlay-color":"","overlay-opacity":"","overlay-gradient":""}},"footnotes":""},"class_list":["post-27611","page","type-page","status-publish","hentry"],"_links":{"self":[{"href":"https:\/\/mavideniz.com.tr\/tr\/wp-json\/wp\/v2\/pages\/27611","targetHints":{"allow":["GET"]}}],"collection":[{"href":"https:\/\/mavideniz.com.tr\/tr\/wp-json\/wp\/v2\/pages"}],"about":[{"href":"https:\/\/mavideniz.com.tr\/tr\/wp-json\/wp\/v2\/types\/page"}],"author":[{"embeddable":true,"href":"https:\/\/mavideniz.com.tr\/tr\/wp-json\/wp\/v2\/users\/1"}],"replies":[{"embeddable":true,"href":"https:\/\/mavideniz.com.tr\/tr\/wp-json\/wp\/v2\/comments?post=27611"}],"version-history":[{"count":0,"href":"https:\/\/mavideniz.com.tr\/tr\/wp-json\/wp\/v2\/pages\/27611\/revisions"}],"up":[{"embeddable":true,"href":"https:\/\/mavideniz.com.tr\/tr\/wp-json\/wp\/v2\/pages\/27585"}],"wp:attachment":[{"href":"https:\/\/mavideniz.com.tr\/tr\/wp-json\/wp\/v2\/media?parent=27611"}],"curies":[{"name":"wp","href":"https:\/\/api.w.org\/{rel}","templated":true}]}}