{"id":27619,"date":"2021-10-23T19:15:58","date_gmt":"2021-10-23T19:15:58","guid":{"rendered":"https:\/\/mavideniz.com.tr\/?page_id=27619"},"modified":"2023-09-10T17:02:09","modified_gmt":"2023-09-10T17:02:09","slug":"hizli-murettebat-teknesi","status":"publish","type":"page","link":"https:\/\/mavideniz.com.tr\/tr\/gemiler-tekneler\/suyolu-tasimaciligi\/hizli-murettebat-teknesi\/","title":{"rendered":"H\u0131zl\u0131 M\u00fcrettebat Teknesi"},"content":{"rendered":"<p><br \/>\nMavi Deniz H\u0131zl\u0131 M\u00fcrettebat Teknesi, t\u00fcm sularda ve Klas ve Bayrak gerekliliklerinin \u00f6tesinde \u00e7al\u0131\u015facak \u015fekilde tasarlanm\u0131\u015ft\u0131r. Optimize edilmi\u015f g\u00f6vde tasar\u0131m\u0131, DNV konfor s\u0131n\u0131f\u0131 notasyonuna g\u00f6re gemideki g\u00fcr\u00fclt\u00fcy\u00fc, titre\u015fimi ve i\u00e7 mekan iklimini azalt\u0131r. Tekne ayr\u0131ca IMO Y\u00fcksek H\u0131zl\u0131 Tekne (HSC) Kodu standartlar\u0131na da uygundur. H\u0131zl\u0131 M\u00fcrettebat Teknesi tasar\u0131m\u0131, d\u00fcnya \u00e7ap\u0131nda en iyi tasar\u0131mc\u0131larla \u00e7al\u0131\u015f\u0131yoruz. H\u0131zl\u0131 M\u00fcrettebat Teknesi, m\u00fckemmel deniz tutu\u015fu ve operasyonlar ve \u00fcretim i\u00e7in istikrarl\u0131 bir platform ile y\u00fckleri ta\u015f\u0131mak i\u00e7in m\u00fckemmel h\u0131z, g\u00fc\u00e7 ve \u00e7evikli\u011fe sahiptir; kalitemizi, standartlar\u0131m\u0131z\u0131 ve farkl\u0131l\u0131klar\u0131m\u0131z\u0131 g\u00f6r\u00fcn.<\/p>\n<p>K\u00f6pr\u00fc operasyon istasyonlar\u0131 bu h\u0131zl\u0131 m\u00fcrettebat teknesini kontrol ediyor. Teknenin dinamik konumland\u0131rma sistemiyle sorunsuz bir \u015fekilde entegre edilen bu sistem, Ampelmann&#8217;\u0131n i\u015fe y\u00fcr\u00fcyerek yolcu transfer sistemini kullanarak m\u00fcrettebat transferleri s\u0131ras\u0131nda istasyon tutma ve geli\u015fmi\u015f g\u00fcvenlik sa\u011flayacakt\u0131r. Her kontrol istasyonu bir \u00e7ift gaz kelebe\u011fi ve geri vites kollar\u0131ndan olu\u015fur ve iskele ve sancak k\u00f6pr\u00fcs\u00fc istasyonlar\u0131na sahip bir direksiyon cihaz\u0131 ayr\u0131ca bir manevra joystick&#8217;ine sahiptir. T\u00fcm istasyonlar, uygun Hamilton Jet mod\u00fclleri arac\u0131l\u0131\u011f\u0131yla yolculuk veri kaydedicisine, otopilot&#8217;a, DP Sistemine ve izleme sistemine ba\u011flan\u0131r. H\u0131zl\u0131 M\u00fcrettebat Teknesi \u00a0\u00dcstyap\u0131 d\u00fczenlemesi, bak\u0131m s\u0131ras\u0131nda makine dairesine kolay eri\u015fim sa\u011flar. Bu ergonomik d\u00fczenleme, kullan\u0131m s\u0131ras\u0131nda maksimum konfor ve yolcular ve m\u00fcrettebat i\u00e7in memnuniyet sa\u011flayacakt\u0131r.<\/p>\n<p>H\u0131zl\u0131 M\u00fcrettebat Tekne Yolcular\u0131 hem ana g\u00fcvertede hem de orta g\u00fcvertede a\u011f\u0131rlan\u0131r, ana g\u00fcvertede ayr\u0131ca VIP odalar, depolama alanlar\u0131 ve donan\u0131ml\u0131 bir at\u00f6lye bulunurken, m\u00fcrettebat kabinleri ve mutfak, orta g\u00fcvertededir. Yerel ko\u015fullara ve gereksinimlere \u00f6zel i\u00e7 tasar\u0131m i\u00e7in (birinci s\u0131n\u0131f koltuklar + LCD + Klima + Uzun \u00d6m\u00fcrl\u00fc d\u00f6\u015feme \u2013 tavan kaplamas\u0131 \u2013 duvar kaplamas\u0131\u00a0 )<\/p>\n<p>Biz gemiyi teslim ettikten sonra ayn\u0131 performans ve kalitenin y\u0131llar ve y\u0131llar sonra de\u011fi\u015fmedi\u011fini g\u00f6receksiniz; Performans\u0131 ve kaliteyi yakalamak i\u00e7in bir neden var, Ucuz \u00fcr\u00fcnleri se\u00e7miyoruz, H\u0131zl\u0131 M\u00fcrettebat Teknesini in\u015fa etmek i\u00e7in en iyi malzeme ve \u00fcr\u00fcnleri se\u00e7iyoruz ve ayr\u0131ca en iyi i\u015f\u00e7ileri, m\u00fchendisleri se\u00e7iyoruz. Operasyonel profiliniz ve ihtiya\u00e7lar\u0131n\u0131z i\u00e7in tasar\u0131mlar\u0131 d\u00fczenleyebiliriz.<\/p>\n<p><strong>\u00d6zellikler | \u0130ste\u011fe ba\u011fl\u0131<\/strong><\/p>\n<ul>\n<li>D\u00fc\u015f\u00fck Yak\u0131t T\u00fcketimi<\/li>\n<li>Petrol s\u0131z\u0131nt\u0131s\u0131 kurtarma<\/li>\n<li>Daha d\u00fc\u015f\u00fck i\u015fletme maliyeti<\/li>\n<li>Nakliye Ekibi + H\u0131zl\u0131 Kargo<\/li>\n<li>M\u00fcrettebat ve Yolcu Konforu \u0130\u00e7in Y\u00fcksek Kalite<\/li>\n<li>G\u00fcvenlik, yang\u0131n s\u00f6nd\u00fcrme dahil<\/li>\n<li>Davit + Vin\u00e7 + A-\u00e7er\u00e7evesi<\/li>\n<li>Rekabet\u00e7i fiyatland\u0131rma<\/li>\n<li>Acil durum \u00e7ekme kancas\u0131<\/li>\n<li>Modern ergonomik tasar\u0131m<\/li>\n<li>\u0130yile\u015ftirilmi\u015f Stabilite ve G\u00fcvenlik<\/li>\n<li>S\u0131\u011f taslak<\/li>\n<li>\u0130leti\u015fim ekipmanlar\u0131<\/li>\n<\/ul>\n<div class=\"wptm_table tablesorter-bootstrap \" data-id=\"49\" data-hightlight=\"0\"><div class=\"wptm_buttons buttons_wptmTbl49\"><\/div><div class=\"wptmresponsive dataTables-wptmtable wptmtable \" id=\"wptmtable49\" data-tableid=\"wptmTbl49\"><table data-count-header=\"1\"  data-format-decimal_count=\"0\" data-format-decimal_symbol=\".\" data-format-symbol_position=\"0\" data-format-thousand_symbol=\",\"  data-format-currency_symbol=\"$\"  data-name-style=\"49_1759814503.css\" data-format=\"YYYY-MM-DD\" id=\"wptmTbl49\" data-id=\"49\" data-responsive=\"false\" data-hideCols=\"false\"  data-type=\"html\" data-paging=\"false\" data-searching=\"true\"  data-ordering=\"false\" data-table-breakpoint=\"980\" data-scroll-x=\"true\" data-scroll-collapse=\"true\" data-align=\"center\" data-range=\"[]\" data-hideColumn=\"[0,0,0,0,0,0,0]\"  data-colwidths=\"[190,190,190,190,190,190,190]\"  data-colwidths_desktop=[]  data-colwidths_tablet=[]  data-colwidths_mobile=[]  class=\"wptm_main_table  disablePager hideScrollHeader\"><colgroup><col data-dtr=\"0\" data-dtc=\"0\" class=\"dtc0\"><col data-dtr=\"0\" data-dtc=\"1\" class=\"dtc1\"><col data-dtr=\"0\" data-dtc=\"2\" class=\"dtc2\"><col data-dtr=\"0\" data-dtc=\"3\" class=\"dtc3\"><col data-dtr=\"0\" data-dtc=\"4\" class=\"dtc4\"><col data-dtr=\"0\" data-dtc=\"5\" class=\"dtc5\"><col data-dtr=\"0\" data-dtc=\"6\" class=\"dtc6\"><\/colgroup><thead><tr class=\"wptm-header-cells-index\"><th rowspan=\"1\" colspan=\"1\" data-dtr=\"0\" data-dtc=\"0\" class=\"dtr0 dtc0\"><\/th><th rowspan=\"1\" colspan=\"1\" data-dtr=\"0\" data-dtc=\"1\" class=\"dtr0 dtc1\"><\/th><th rowspan=\"1\" colspan=\"1\" data-dtr=\"0\" data-dtc=\"2\" class=\"dtr0 dtc2\"><\/th><th rowspan=\"1\" colspan=\"1\" data-dtr=\"0\" data-dtc=\"3\" class=\"dtr0 dtc3\"><\/th><th rowspan=\"1\" colspan=\"1\" data-dtr=\"0\" data-dtc=\"4\" class=\"dtr0 dtc4\"><\/th><th rowspan=\"1\" colspan=\"1\" data-dtr=\"0\" data-dtc=\"5\" class=\"dtr0 dtc5\"><\/th><th rowspan=\"1\" colspan=\"1\" data-dtr=\"0\" data-dtc=\"6\" class=\"dtr0 dtc6\"><\/th><\/tr><tr class=\" row0\"><th   data-priority=\"0\" class=\"dtr0 dtc0\"><\/th><th   data-priority=\"0\" class=\"dtr0 dtc1\">Crew VI<\/th><th   data-priority=\"0\" class=\"dtr0 dtc2\">Crew V<\/th><th   data-priority=\"0\" class=\"dtr0 dtc3\">Crew IV<\/th><th   data-priority=\"0\" class=\"dtr0 dtc4\">Crew III<\/th><th   data-priority=\"0\" class=\"dtr0 dtc5\">Crew II<\/th><th   data-priority=\"0\" class=\"dtr0 dtc6\">Crew I<\/th><\/thead><tbody><tr class=\" row1\"><td    class=\"dtr1 dtc0\">Material<\/td><td  colspan=\"6\"   class=\"dtr1 dtc1\">Aluminium \/ Steel<\/td><td  style=\"display: none\"   class=\"dtr1 dtc2\"><\/td><td  style=\"display: none\"   class=\"dtr1 dtc3\"><\/td><td  style=\"display: none\"   class=\"dtr1 dtc4\"><\/td><td  style=\"display: none\"   class=\"dtr1 dtc5\"><\/td><td  style=\"display: none\"   class=\"dtr1 dtc6\"><\/td><\/tr><tr class=\" row2\"><td    class=\"dtr2 dtc0\">Length<\/td><td    class=\"dtr2 dtc1\">45 m<\/td><td    class=\"dtr2 dtc2\">40 m<\/td><td    class=\"dtr2 dtc3\">36 m<\/td><td    class=\"dtr2 dtc4\">32 m<\/td><td    class=\"dtr2 dtc5\">28 m<\/td><td    class=\"dtr2 dtc6\">24 m<\/td><\/tr><tr class=\" row3\"><td    class=\"dtr3 dtc0\">Width<\/td><td    class=\"dtr3 dtc1\">8 m<\/td><td    class=\"dtr3 dtc2\">7.5 m<\/td><td    class=\"dtr3 dtc3\">7.5 m<\/td><td    class=\"dtr3 dtc4\">7 m<\/td><td    class=\"dtr3 dtc5\">6.5 m<\/td><td    class=\"dtr3 dtc6\">6 m<\/td><\/tr><tr class=\" row4\"><td    class=\"dtr4 dtc0\">Draught<\/td><td    class=\"dtr4 dtc1\">2 m<\/td><td    class=\"dtr4 dtc2\">1.8 m<\/td><td    class=\"dtr4 dtc3\">1.7 m<\/td><td    class=\"dtr4 dtc4\">1.6 m<\/td><td    class=\"dtr4 dtc5\">1.5 m<\/td><td    class=\"dtr4 dtc6\">1.4 m<\/td><\/tr><tr class=\" row5\"><td    class=\"dtr5 dtc0\">Deck Area<\/td><td    class=\"dtr5 dtc1\">140 m2<\/td><td    class=\"dtr5 dtc2\">125 m2<\/td><td    class=\"dtr5 dtc3\">100 m2<\/td><td    class=\"dtr5 dtc4\">80 m2<\/td><td    class=\"dtr5 dtc5\">60 m2<\/td><td    class=\"dtr5 dtc6\">50 m2<\/td><\/tr><tr class=\" row6\"><td    class=\"dtr6 dtc0\">Deck Load Capacity<\/td><td    class=\"dtr6 dtc1\">85 T - 2 T\/m2<\/td><td    class=\"dtr6 dtc2\">70 T - 2 T\/m2<\/td><td    class=\"dtr6 dtc3\">50 T - 2 T\/m2<\/td><td    class=\"dtr6 dtc4\">35 T - 2 T\/m2<\/td><td    class=\"dtr6 dtc5\">20 T - 2 T\/m2<\/td><td    class=\"dtr6 dtc6\">10 T - 2 T\/m2<\/td><\/tr><tr class=\" row7\"><td    class=\"dtr7 dtc0\">Engine<\/td><td  colspan=\"6\"   class=\"dtr7 dtc1\">Twin or Triple<\/td><td  style=\"display: none\"   class=\"dtr7 dtc2\"><\/td><td  style=\"display: none\"   class=\"dtr7 dtc3\"><\/td><td  style=\"display: none\"   class=\"dtr7 dtc4\"><\/td><td  style=\"display: none\"   class=\"dtr7 dtc5\"><\/td><td  style=\"display: none\"   class=\"dtr7 dtc6\"><\/td><\/tr><tr class=\" row8\"><td    class=\"dtr8 dtc0\">Propellers<\/td><td  colspan=\"6\"   class=\"dtr8 dtc1\">Waterjet \/ Fixed Pitch<\/td><td  style=\"display: none\"   class=\"dtr8 dtc2\"><\/td><td  style=\"display: none\"   class=\"dtr8 dtc3\"><\/td><td  style=\"display: none\"   class=\"dtr8 dtc4\"><\/td><td  style=\"display: none\"   class=\"dtr8 dtc5\"><\/td><td  style=\"display: none\"   class=\"dtr8 dtc6\"><\/td><\/tr><tr class=\" row9\"><td    class=\"dtr9 dtc0\">Speed<\/td><td  colspan=\"6\"   class=\"dtr9 dtc1\">Up to 30 Knots<\/td><td  style=\"display: none\"   class=\"dtr9 dtc2\"><\/td><td  style=\"display: none\"   class=\"dtr9 dtc3\"><\/td><td  style=\"display: none\"   class=\"dtr9 dtc4\"><\/td><td  style=\"display: none\"   class=\"dtr9 dtc5\"><\/td><td  style=\"display: none\"   class=\"dtr9 dtc6\"><\/td><\/tr><tr class=\" row10\"><td    class=\"dtr10 dtc0\">Fuel Capacity<\/td><td    class=\"dtr10 dtc1\">100 T<\/td><td    class=\"dtr10 dtc2\">80 T<\/td><td    class=\"dtr10 dtc3\">50 T<\/td><td    class=\"dtr10 dtc4\">30 T<\/td><td    class=\"dtr10 dtc5\">20 T<\/td><td    class=\"dtr10 dtc6\">10 T<\/td><\/tr><tr class=\" row11\"><td    class=\"dtr11 dtc0\">Water Capacity<\/td><td    class=\"dtr11 dtc1\">30 T<\/td><td    class=\"dtr11 dtc2\">30 T<\/td><td    class=\"dtr11 dtc3\">20 T<\/td><td    class=\"dtr11 dtc4\">15 T<\/td><td    class=\"dtr11 dtc5\">10 T<\/td><td    class=\"dtr11 dtc6\">5 T<\/td><\/tr><tr class=\" row12\"><td    class=\"dtr12 dtc0\">Total Passenger<\/td><td    class=\"dtr12 dtc1\">100<\/td><td    class=\"dtr12 dtc2\">90<\/td><td    class=\"dtr12 dtc3\">80<\/td><td    class=\"dtr12 dtc4\">60<\/td><td    class=\"dtr12 dtc5\">40<\/td><td    class=\"dtr12 dtc6\">20<\/td><\/tr><tr class=\" row13\"><td    class=\"dtr13 dtc0\">Crew<\/td><td    class=\"dtr13 dtc1\">10<\/td><td    class=\"dtr13 dtc2\">10<\/td><td    class=\"dtr13 dtc3\">8<\/td><td    class=\"dtr13 dtc4\">15<\/td><td    class=\"dtr13 dtc5\">6<\/td><td    class=\"dtr13 dtc6\">5<\/td><\/tr><tr class=\" row14\"><td    class=\"dtr14 dtc0\">Optional<\/td><td  colspan=\"6\"   class=\"dtr14 dtc1\">Fire Fighting - Fast Rescue Boat - Deck Crane - Oil Spill Equipments - Additional Fendering - DP 1 \/ 2 \/ 3 - Water Maker - Bilge System<\/td><td  style=\"display: none\"   class=\"dtr14 dtc2\"><\/td><td  style=\"display: none\"   class=\"dtr14 dtc3\"><\/td><td  style=\"display: none\"   class=\"dtr14 dtc4\"><\/td><td  style=\"display: none\"   class=\"dtr14 dtc5\"><\/td><td  style=\"display: none\"   class=\"dtr14 dtc6\"><\/td><\/tr><\/tbody><tfoot><tr><td class=\"dtr14 dtc0\" style=\"height: 0;\"><\/td><td class=\"dtr14 dtc1\" style=\"height: 0;\"><\/td><td class=\"dtr14 dtc2\" style=\"height: 0;\"><\/td><td class=\"dtr14 dtc3\" style=\"height: 0;\"><\/td><td class=\"dtr14 dtc4\" style=\"height: 0;\"><\/td><td class=\"dtr14 dtc5\" style=\"height: 0;\"><\/td><td class=\"dtr14 dtc6\" style=\"height: 0;\"><\/td><\/tr><\/tfoot><\/table><\/div><style>#wptmtable49 .dataTables_wrapper > .dataTables_scroll {max-height:500px;overflow: auto;}<\/style><script>window.wptm_ajaxurl = 'https:\/\/mavideniz.com.tr\/wp-admin\/admin-ajax.php?juwpfisadmin=false&action=Wptm&'; window.wptm_front = 'https:\/\/mavideniz.com.tr\/wp-content\/plugins\/wp-table-manager\/app\/site\/assets\/'; window.wptm_style = 'https:\/\/mavideniz.com.tr\/wp-content\/uploads\/wptm\/';<\/script><\/div><style><\/style>\n","protected":false},"excerpt":{"rendered":"<p>Mavi Deniz H\u0131zl\u0131 M\u00fcrettebat Teknesi, t\u00fcm sularda ve Klas ve Bayrak gerekliliklerinin \u00f6tesinde \u00e7al\u0131\u015facak \u015fekilde tasarlanm\u0131\u015ft\u0131r. Optimize edilmi\u015f g\u00f6vde tasar\u0131m\u0131, [&hellip;]<\/p>\n","protected":false},"author":1,"featured_media":0,"parent":27587,"menu_order":0,"comment_status":"closed","ping_status":"closed","template":"","meta":{"site-sidebar-layout":"default","site-content-layout":"","ast-site-content-layout":"default","site-content-style":"default","site-sidebar-style":"default","ast-global-header-display":"","ast-banner-title-visibility":"","ast-main-header-display":"","ast-hfb-above-header-display":"","ast-hfb-below-header-display":"","ast-hfb-mobile-header-display":"","site-post-title":"","ast-breadcrumbs-content":"","ast-featured-img":"","footer-sml-layout":"","ast-disable-related-posts":"","theme-transparent-header-meta":"","adv-header-id-meta":"","stick-header-meta":"","header-above-stick-meta":"","header-main-stick-meta":"","header-below-stick-meta":"","astra-migrate-meta-layouts":"default","ast-page-background-enabled":"default","ast-page-background-meta":{"desktop":{"background-color":"var(--ast-global-color-5)","background-image":"","background-repeat":"repeat","background-position":"center center","background-size":"auto","background-attachment":"scroll","background-type":"","background-media":"","overlay-type":"","overlay-color":"","overlay-opacity":"","overlay-gradient":""},"tablet":{"background-color":"","background-image":"","background-repeat":"repeat","background-position":"center center","background-size":"auto","background-attachment":"scroll","background-type":"","background-media":"","overlay-type":"","overlay-color":"","overlay-opacity":"","overlay-gradient":""},"mobile":{"background-color":"","background-image":"","background-repeat":"repeat","background-position":"center center","background-size":"auto","background-attachment":"scroll","background-type":"","background-media":"","overlay-type":"","overlay-color":"","overlay-opacity":"","overlay-gradient":""}},"ast-content-background-meta":{"desktop":{"background-color":"var(--ast-global-color-4)","background-image":"","background-repeat":"repeat","background-position":"center center","background-size":"auto","background-attachment":"scroll","background-type":"","background-media":"","overlay-type":"","overlay-color":"","overlay-opacity":"","overlay-gradient":""},"tablet":{"background-color":"var(--ast-global-color-4)","background-image":"","background-repeat":"repeat","background-position":"center center","background-size":"auto","background-attachment":"scroll","background-type":"","background-media":"","overlay-type":"","overlay-color":"","overlay-opacity":"","overlay-gradient":""},"mobile":{"background-color":"var(--ast-global-color-4)","background-image":"","background-repeat":"repeat","background-position":"center center","background-size":"auto","background-attachment":"scroll","background-type":"","background-media":"","overlay-type":"","overlay-color":"","overlay-opacity":"","overlay-gradient":""}},"footnotes":""},"class_list":["post-27619","page","type-page","status-publish","hentry"],"_links":{"self":[{"href":"https:\/\/mavideniz.com.tr\/tr\/wp-json\/wp\/v2\/pages\/27619","targetHints":{"allow":["GET"]}}],"collection":[{"href":"https:\/\/mavideniz.com.tr\/tr\/wp-json\/wp\/v2\/pages"}],"about":[{"href":"https:\/\/mavideniz.com.tr\/tr\/wp-json\/wp\/v2\/types\/page"}],"author":[{"embeddable":true,"href":"https:\/\/mavideniz.com.tr\/tr\/wp-json\/wp\/v2\/users\/1"}],"replies":[{"embeddable":true,"href":"https:\/\/mavideniz.com.tr\/tr\/wp-json\/wp\/v2\/comments?post=27619"}],"version-history":[{"count":0,"href":"https:\/\/mavideniz.com.tr\/tr\/wp-json\/wp\/v2\/pages\/27619\/revisions"}],"up":[{"embeddable":true,"href":"https:\/\/mavideniz.com.tr\/tr\/wp-json\/wp\/v2\/pages\/27587"}],"wp:attachment":[{"href":"https:\/\/mavideniz.com.tr\/tr\/wp-json\/wp\/v2\/media?parent=27619"}],"curies":[{"name":"wp","href":"https:\/\/api.w.org\/{rel}","templated":true}]}}