{"id":27627,"date":"2021-10-23T20:14:47","date_gmt":"2021-10-23T20:14:47","guid":{"rendered":"https:\/\/mavideniz.com.tr\/?page_id=27627"},"modified":"2023-09-10T17:17:26","modified_gmt":"2023-09-10T17:17:26","slug":"deniz-servis-teknesi","status":"publish","type":"page","link":"https:\/\/mavideniz.com.tr\/tr\/gemiler-tekneler\/suyolu-tasimaciligi\/deniz-servis-teknesi\/","title":{"rendered":"Deniz Servis Teknesi"},"content":{"rendered":"<p><br \/>\nYolcular\u0131, arabalar\u0131, bisikletleri su yollar\u0131 (deniz, nehirler, g\u00f6ller, lag\u00fcnler, kanallar vb.) \u00fczerinden ta\u015f\u0131mak i\u00e7in tasarlanm\u0131\u015f Deniz Meki\u011fi. Sea Shuttle, \u015fehir hayat\u0131n\u0131n vazge\u00e7ilmez bir par\u00e7as\u0131 olarak m\u00fckemmel bir potansiyel, di\u011fer ula\u015f\u0131m modlar\u0131ndan daha keyifli bir deneyim, trafik sorunu olmadan sabit seyahat s\u00fcresi, konforlu seyahat ve araba ve bisikletler i\u00e7in bol alan sunuyor. Sonu\u00e7 olarak, \u015fehirler suya geri d\u00f6ner.<\/p>\n<p>Mavi Deniz Sea Shuttle modellerinde, t\u00fcm hava ko\u015fullar\u0131nda daha iyi yolcu konforu i\u00e7in y\u00fcksek manevra kabiliyeti, y\u00fcksek h\u0131z, sessiz tahrik ve azalt\u0131lm\u0131\u015f yuvarlanma ve titre\u015fim fark\u0131n\u0131 g\u00f6receksiniz. Deniz Meki\u011fi \u00fcretimi i\u00e7in gemideki ve su alt\u0131ndaki g\u00fcr\u00fclt\u00fcy\u00fc azaltmak i\u00e7in benzersiz izolasyon kullan\u0131yoruz ve makine bile\u015fenleri g\u00fcr\u00fclt\u00fc ve titre\u015fimleri en aza indirmek i\u00e7in esnek bir \u015fekilde monte edilecek.<\/p>\n<p>Yerel ko\u015fullar ve gereksinimler i\u00e7in \u00f6zel olarak haz\u0131rlanm\u0131\u015f Sea Shuttle i\u00e7 tasar\u0131m\u0131 (birinci s\u0131n\u0131f koltuklar + LCD + Klima + Uzun \u00d6m\u00fcrl\u00fc d\u00f6\u015feme \u2013 tavan kaplamas\u0131 \u2013 duvar kaplamas\u0131)<\/p>\n<p>Shuttle&#8217;\u0131 teslim ettikten sonra, ayn\u0131 performans ve kalitenin y\u0131llar ve y\u0131llar sonra de\u011fi\u015fmedi\u011fini g\u00f6receksiniz, performans ve kaliteyi yakalamak i\u00e7in bir neden var, Ucuz \u00fcr\u00fcnleri tercih etmiyoruz, Sea Shuttle&#8217;\u0131 in\u015fa etmek i\u00e7in en iyi malzeme ve \u00fcr\u00fcnleri se\u00e7iyoruz. ve ayr\u0131ca en iyi i\u015f\u00e7ileri, m\u00fchendisleri se\u00e7in. Operasyonel profiliniz ve ihtiya\u00e7lar\u0131n\u0131z i\u00e7in tasar\u0131mlar\u0131 d\u00fczenleyebiliriz.<\/p>\n<p><strong>\u00d6zellikleri<\/strong><\/p>\n<ul>\n<li>Pahal\u0131 terminal tasar\u0131m\u0131na, dubaya, limana veya iskeleye gerek yok<\/li>\n<li>G\u00fcr\u00fclt\u00fcs\u00fcz seyahat<\/li>\n<li>K\u0131sa ve g\u00fcvenilir teslimat s\u00fcreleri<\/li>\n<li>rekabet\u00e7i fiyatland\u0131rma<\/li>\n<li>D\u00fc\u015f\u00fck Yak\u0131t T\u00fcketimi<\/li>\n<li>Modern ergonomik tasar\u0131m<\/li>\n<li>\u0130yile\u015ftirilmi\u015f Stabilite ve G\u00fcvenlik<\/li>\n<li>s\u0131\u011f taslak<\/li>\n<li>Daha Y\u00fcksek H\u0131z<\/li>\n<li>D\u00fc\u015f\u00fck su dalgas\u0131<\/li>\n<\/ul>\n","protected":false},"excerpt":{"rendered":"<p>Yolcular\u0131, arabalar\u0131, bisikletleri su yollar\u0131 (deniz, nehirler, g\u00f6ller, lag\u00fcnler, kanallar vb.) \u00fczerinden ta\u015f\u0131mak i\u00e7in tasarlanm\u0131\u015f Deniz Meki\u011fi. Sea Shuttle, \u015fehir [&hellip;]<\/p>\n","protected":false},"author":1,"featured_media":0,"parent":27587,"menu_order":0,"comment_status":"closed","ping_status":"closed","template":"","meta":{"site-sidebar-layout":"default","site-content-layout":"","ast-site-content-layout":"default","site-content-style":"default","site-sidebar-style":"default","ast-global-header-display":"","ast-banner-title-visibility":"","ast-main-header-display":"","ast-hfb-above-header-display":"","ast-hfb-below-header-display":"","ast-hfb-mobile-header-display":"","site-post-title":"","ast-breadcrumbs-content":"","ast-featured-img":"","footer-sml-layout":"","ast-disable-related-posts":"","theme-transparent-header-meta":"","adv-header-id-meta":"","stick-header-meta":"","header-above-stick-meta":"","header-main-stick-meta":"","header-below-stick-meta":"","astra-migrate-meta-layouts":"default","ast-page-background-enabled":"default","ast-page-background-meta":{"desktop":{"background-color":"var(--ast-global-color-5)","background-image":"","background-repeat":"repeat","background-position":"center center","background-size":"auto","background-attachment":"scroll","background-type":"","background-media":"","overlay-type":"","overlay-color":"","overlay-opacity":"","overlay-gradient":""},"tablet":{"background-color":"","background-image":"","background-repeat":"repeat","background-position":"center center","background-size":"auto","background-attachment":"scroll","background-type":"","background-media":"","overlay-type":"","overlay-color":"","overlay-opacity":"","overlay-gradient":""},"mobile":{"background-color":"","background-image":"","background-repeat":"repeat","background-position":"center center","background-size":"auto","background-attachment":"scroll","background-type":"","background-media":"","overlay-type":"","overlay-color":"","overlay-opacity":"","overlay-gradient":""}},"ast-content-background-meta":{"desktop":{"background-color":"var(--ast-global-color-4)","background-image":"","background-repeat":"repeat","background-position":"center center","background-size":"auto","background-attachment":"scroll","background-type":"","background-media":"","overlay-type":"","overlay-color":"","overlay-opacity":"","overlay-gradient":""},"tablet":{"background-color":"var(--ast-global-color-4)","background-image":"","background-repeat":"repeat","background-position":"center center","background-size":"auto","background-attachment":"scroll","background-type":"","background-media":"","overlay-type":"","overlay-color":"","overlay-opacity":"","overlay-gradient":""},"mobile":{"background-color":"var(--ast-global-color-4)","background-image":"","background-repeat":"repeat","background-position":"center center","background-size":"auto","background-attachment":"scroll","background-type":"","background-media":"","overlay-type":"","overlay-color":"","overlay-opacity":"","overlay-gradient":""}},"footnotes":""},"class_list":["post-27627","page","type-page","status-publish","hentry"],"_links":{"self":[{"href":"https:\/\/mavideniz.com.tr\/tr\/wp-json\/wp\/v2\/pages\/27627","targetHints":{"allow":["GET"]}}],"collection":[{"href":"https:\/\/mavideniz.com.tr\/tr\/wp-json\/wp\/v2\/pages"}],"about":[{"href":"https:\/\/mavideniz.com.tr\/tr\/wp-json\/wp\/v2\/types\/page"}],"author":[{"embeddable":true,"href":"https:\/\/mavideniz.com.tr\/tr\/wp-json\/wp\/v2\/users\/1"}],"replies":[{"embeddable":true,"href":"https:\/\/mavideniz.com.tr\/tr\/wp-json\/wp\/v2\/comments?post=27627"}],"version-history":[{"count":0,"href":"https:\/\/mavideniz.com.tr\/tr\/wp-json\/wp\/v2\/pages\/27627\/revisions"}],"up":[{"embeddable":true,"href":"https:\/\/mavideniz.com.tr\/tr\/wp-json\/wp\/v2\/pages\/27587"}],"wp:attachment":[{"href":"https:\/\/mavideniz.com.tr\/tr\/wp-json\/wp\/v2\/media?parent=27627"}],"curies":[{"name":"wp","href":"https:\/\/api.w.org\/{rel}","templated":true}]}}