{"id":27631,"date":"2021-10-23T20:21:57","date_gmt":"2021-10-23T20:21:57","guid":{"rendered":"https:\/\/mavideniz.com.tr\/?page_id=27631"},"modified":"2023-09-10T17:36:53","modified_gmt":"2023-09-10T17:36:53","slug":"deniz-otobusu","status":"publish","type":"page","link":"https:\/\/mavideniz.com.tr\/tr\/gemiler-tekneler\/suyolu-tasimaciligi\/deniz-otobusu\/","title":{"rendered":"Deniz Otob\u00fcs\u00fc"},"content":{"rendered":"<p><br \/>\nMavideniz Su Otob\u00fcs\u00fc, herkesin seyahat s\u00fcresini k\u0131saltmak i\u00e7in h\u0131zl\u0131 ve g\u00fcvenilir bir alternatif olacak \u015fekilde tasarlanm\u0131\u015f ve \u00fcretilmi\u015ftir. \u00dcstelik nehir, deniz veya g\u00f6lden yolcu ta\u015f\u0131man\u0131n en iyi yollar\u0131ndan biridir.<\/p>\n<p>Mavi Deniz Su Otob\u00fcs\u00fc modellerinde, t\u00fcm hava ko\u015fullar\u0131nda daha iyi yolcu konforu i\u00e7in y\u00fcksek manevra kabiliyeti, y\u00fcksek h\u0131z, sessiz tahrik ve azalt\u0131lm\u0131\u015f yuvarlanma ve titre\u015fim fark\u0131n\u0131 g\u00f6receksiniz.<\/p>\n<p>Su Otob\u00fcs\u00fc \u00dcstyap\u0131 d\u00fczenlemesi, bak\u0131m s\u0131ras\u0131nda makine dairesine kolay eri\u015fim sa\u011flar. Bu ergonomik d\u00fczenleme, kullan\u0131m s\u0131ras\u0131nda maksimum konfor ve yolcular ve m\u00fcrettebat i\u00e7in memnuniyet sa\u011flayacakt\u0131r.<\/p>\n<p>Yerel ko\u015fullar ve gereksinimler i\u00e7in \u00f6zel olarak haz\u0131rlanm\u0131\u015f Su Otob\u00fcs\u00fc i\u00e7 tasar\u0131m\u0131 (birinci s\u0131n\u0131f koltuklar + LCD + Klima + Uzun \u00d6m\u00fcrl\u00fc d\u00f6\u015feme &#8211; tavan kaplamas\u0131 &#8211; duvar kaplamas\u0131\u00a0 )<\/p>\n<p>Gemiyi teslim ettikten sonra ayn\u0131 performans ve kalitenin y\u0131llar sonra de\u011fi\u015fmedi\u011fini g\u00f6receksiniz, performans ve kaliteyi yakalamak i\u00e7in bir neden var, Ucuz \u00fcr\u00fcnleri tercih etmiyoruz, Su Otob\u00fcs\u00fcn\u00fc in\u015fa etmek i\u00e7in en iyi malzeme ve \u00fcr\u00fcnleri se\u00e7iyoruz. ve ayr\u0131ca en iyi i\u015f\u00e7ileri, m\u00fchendisleri se\u00e7iyoruz Operasyonel profiliniz ve ihtiya\u00e7lar\u0131n\u0131z i\u00e7in tasar\u0131mlar\u0131 d\u00fczenleyebiliriz.<\/p>\n<p><strong>\u00d6zellikleri<\/strong><\/p>\n<ul>\n<li>K\u0131sa ve g\u00fcvenilir teslimat s\u00fcreleri<\/li>\n<li>Rekabet\u00e7i fiyatland\u0131rma<\/li>\n<li>D\u00fc\u015f\u00fck Yak\u0131t T\u00fcketimi<\/li>\n<li>Modern ergonomik tasar\u0131m<\/li>\n<li>\u0130yile\u015ftirilmi\u015f Stabilite ve G\u00fcvenlik<\/li>\n<li>S\u0131\u011f Su<\/li>\n<li>Daha Y\u00fcksek H\u0131z<\/li>\n<li>D\u00fc\u015f\u00fck y\u0131kama<\/li>\n<\/ul>\n<div class=\"wptm_table tablesorter-bootstrap \" data-id=\"52\" data-hightlight=\"0\"><div class=\"wptm_buttons buttons_wptmTbl52\"><\/div><div class=\"wptmresponsive dataTables-wptmtable wptmtable \" id=\"wptmtable52\" data-tableid=\"wptmTbl52\"><table data-count-header=\"1\"  data-format-decimal_count=\"0\" data-format-decimal_symbol=\".\" data-format-symbol_position=\"0\" data-format-thousand_symbol=\",\"  data-format-currency_symbol=\"$\"  data-name-style=\"52_1759814758.css\" data-format=\"YYYY-MM-DD\" id=\"wptmTbl52\" data-id=\"52\" data-responsive=\"false\" data-hideCols=\"false\"  data-type=\"html\" data-paging=\"false\" data-searching=\"true\"  data-ordering=\"false\" data-table-breakpoint=\"980\" data-scroll-x=\"true\" data-scroll-collapse=\"true\" data-align=\"center\" data-range=\"[]\" data-hideColumn=\"[0,0,0,0,0,0,0]\"  data-colwidths=\"[162,162,162,162,162,162,162]\"  data-colwidths_desktop=[]  data-colwidths_tablet=[]  data-colwidths_mobile=[]  class=\"wptm_main_table  disablePager hideScrollHeader\"><colgroup><col data-dtr=\"0\" data-dtc=\"0\" class=\"dtc0\"><col data-dtr=\"0\" data-dtc=\"1\" class=\"dtc1\"><col data-dtr=\"0\" data-dtc=\"2\" class=\"dtc2\"><col data-dtr=\"0\" data-dtc=\"3\" class=\"dtc3\"><col data-dtr=\"0\" data-dtc=\"4\" class=\"dtc4\"><col data-dtr=\"0\" data-dtc=\"5\" class=\"dtc5\"><col data-dtr=\"0\" data-dtc=\"6\" class=\"dtc6\"><\/colgroup><thead><tr class=\"wptm-header-cells-index\"><th rowspan=\"1\" colspan=\"1\" data-dtr=\"0\" data-dtc=\"0\" class=\"dtr0 dtc0\"><\/th><th rowspan=\"1\" colspan=\"1\" data-dtr=\"0\" data-dtc=\"1\" class=\"dtr0 dtc1\"><\/th><th rowspan=\"1\" colspan=\"1\" data-dtr=\"0\" data-dtc=\"2\" class=\"dtr0 dtc2\"><\/th><th rowspan=\"1\" colspan=\"1\" data-dtr=\"0\" data-dtc=\"3\" class=\"dtr0 dtc3\"><\/th><th rowspan=\"1\" colspan=\"1\" data-dtr=\"0\" data-dtc=\"4\" class=\"dtr0 dtc4\"><\/th><th rowspan=\"1\" colspan=\"1\" data-dtr=\"0\" data-dtc=\"5\" class=\"dtr0 dtc5\"><\/th><th rowspan=\"1\" colspan=\"1\" data-dtr=\"0\" data-dtc=\"6\" class=\"dtr0 dtc6\"><\/th><\/tr><tr class=\" row0\"><th   data-priority=\"0\" class=\"dtr0 dtc0\"><\/th><th   data-priority=\"0\" class=\"dtr0 dtc1\">Water Bus VI<\/th><th   data-priority=\"0\" class=\"dtr0 dtc2\">Water Bus V<\/th><th   data-priority=\"0\" class=\"dtr0 dtc3\">Water Bus IV<\/th><th   data-priority=\"0\" class=\"dtr0 dtc4\">Water Bus III<\/th><th   data-priority=\"0\" class=\"dtr0 dtc5\">Water Bus II<\/th><th   data-priority=\"0\" class=\"dtr0 dtc6\">Water Bus I<\/th><\/thead><tbody><tr class=\" row1\"><td    class=\"dtr1 dtc0\">Material<\/td><td  colspan=\"6\"   class=\"dtr1 dtc1\">Aluminium Alloy | Steel | GRP<\/td><td  style=\"display: none\"   class=\"dtr1 dtc2\"><\/td><td  style=\"display: none\"   class=\"dtr1 dtc3\"><\/td><td  style=\"display: none\"   class=\"dtr1 dtc4\"><\/td><td  style=\"display: none\"   class=\"dtr1 dtc5\"><\/td><td  style=\"display: none\"   class=\"dtr1 dtc6\"><\/td><\/tr><tr class=\" row2\"><td    class=\"dtr2 dtc0\">Passanger<\/td><td    class=\"dtr2 dtc1\">100<\/td><td    class=\"dtr2 dtc2\">80<\/td><td    class=\"dtr2 dtc3\">70<\/td><td    class=\"dtr2 dtc4\">60<\/td><td    class=\"dtr2 dtc5\">50<\/td><td    class=\"dtr2 dtc6\">40<\/td><\/tr><tr class=\" row3\"><td    class=\"dtr3 dtc0\">Bicyles<\/td><td    class=\"dtr3 dtc1\">20<\/td><td    class=\"dtr3 dtc2\">20<\/td><td    class=\"dtr3 dtc3\">15<\/td><td    class=\"dtr3 dtc4\">15<\/td><td    class=\"dtr3 dtc5\">15<\/td><td    class=\"dtr3 dtc6\">15<\/td><\/tr><tr class=\" row4\"><td    class=\"dtr4 dtc0\">Length<\/td><td    class=\"dtr4 dtc1\">22 m<\/td><td    class=\"dtr4 dtc2\">20 m<\/td><td    class=\"dtr4 dtc3\">19 m<\/td><td    class=\"dtr4 dtc4\">18 m<\/td><td    class=\"dtr4 dtc5\">17 m<\/td><td    class=\"dtr4 dtc6\">16 m<\/td><\/tr><tr class=\" row5\"><td    class=\"dtr5 dtc0\">Width<\/td><td    class=\"dtr5 dtc1\">7 m<\/td><td    class=\"dtr5 dtc2\">6.5 m<\/td><td    class=\"dtr5 dtc3\">6.5 m<\/td><td    class=\"dtr5 dtc4\">6 m<\/td><td    class=\"dtr5 dtc5\">6 m<\/td><td    class=\"dtr5 dtc6\">6 m<\/td><\/tr><tr class=\" row6\"><td    class=\"dtr6 dtc0\">Draught<\/td><td    class=\"dtr6 dtc1\">1,4 m<\/td><td    class=\"dtr6 dtc2\">1,3 m<\/td><td    class=\"dtr6 dtc3\">1.1 m<\/td><td    class=\"dtr6 dtc4\">0.9 m<\/td><td    class=\"dtr6 dtc5\">0.9 m<\/td><td    class=\"dtr6 dtc6\">0.9 m<\/td><\/tr><tr class=\" row7\"><td    class=\"dtr7 dtc0\">Propellers<\/td><td  colspan=\"6\"   class=\"dtr7 dtc1\">Waterjet | Fixed Pitch<\/td><td  style=\"display: none\"   class=\"dtr7 dtc2\"><\/td><td  style=\"display: none\"   class=\"dtr7 dtc3\"><\/td><td  style=\"display: none\"   class=\"dtr7 dtc4\"><\/td><td  style=\"display: none\"   class=\"dtr7 dtc5\"><\/td><td  style=\"display: none\"   class=\"dtr7 dtc6\"><\/td><\/tr><tr class=\" row8\"><td    class=\"dtr8 dtc0\">Speed<\/td><td    class=\"dtr8 dtc1\">20 - 30 Knots<\/td><td    class=\"dtr8 dtc2\">20 - 30 Knots<\/td><td    class=\"dtr8 dtc3\">20 - 30 Knots<\/td><td    class=\"dtr8 dtc4\">20 - 30 Knots<\/td><td    class=\"dtr8 dtc5\">20 - 30 Knots<\/td><td    class=\"dtr8 dtc6\">20 - 30 Knots<\/td><\/tr><tr class=\" row9\"><td    class=\"dtr9 dtc0\">Fuel Capacity<\/td><td    class=\"dtr9 dtc1\">3000 lt.<\/td><td    class=\"dtr9 dtc2\">3000 lt.<\/td><td    class=\"dtr9 dtc3\">3000 lt.<\/td><td    class=\"dtr9 dtc4\">3000 lt.<\/td><td    class=\"dtr9 dtc5\">3000 lt.<\/td><td    class=\"dtr9 dtc6\">3000 lt.<\/td><\/tr><\/tbody><tfoot><tr><td class=\"dtr9 dtc0\" style=\"height: 0;\"><\/td><td class=\"dtr9 dtc1\" style=\"height: 0;\"><\/td><td class=\"dtr9 dtc2\" style=\"height: 0;\"><\/td><td class=\"dtr9 dtc3\" style=\"height: 0;\"><\/td><td class=\"dtr9 dtc4\" style=\"height: 0;\"><\/td><td class=\"dtr9 dtc5\" style=\"height: 0;\"><\/td><td class=\"dtr9 dtc6\" style=\"height: 0;\"><\/td><\/tr><\/tfoot><\/table><\/div><style>#wptmtable52 .dataTables_wrapper > .dataTables_scroll {max-height:500px;overflow: auto;}<\/style><script>window.wptm_ajaxurl = 'https:\/\/mavideniz.com.tr\/wp-admin\/admin-ajax.php?juwpfisadmin=false&action=Wptm&'; window.wptm_front = 'https:\/\/mavideniz.com.tr\/wp-content\/plugins\/wp-table-manager\/app\/site\/assets\/'; window.wptm_style = 'https:\/\/mavideniz.com.tr\/wp-content\/uploads\/wptm\/';<\/script><\/div><style><\/style>\n","protected":false},"excerpt":{"rendered":"<p>Mavideniz Su Otob\u00fcs\u00fc, herkesin seyahat s\u00fcresini k\u0131saltmak i\u00e7in h\u0131zl\u0131 ve g\u00fcvenilir bir alternatif olacak \u015fekilde tasarlanm\u0131\u015f ve \u00fcretilmi\u015ftir. \u00dcstelik nehir, [&hellip;]<\/p>\n","protected":false},"author":1,"featured_media":0,"parent":27587,"menu_order":0,"comment_status":"closed","ping_status":"closed","template":"","meta":{"site-sidebar-layout":"default","site-content-layout":"","ast-site-content-layout":"default","site-content-style":"default","site-sidebar-style":"default","ast-global-header-display":"","ast-banner-title-visibility":"","ast-main-header-display":"","ast-hfb-above-header-display":"","ast-hfb-below-header-display":"","ast-hfb-mobile-header-display":"","site-post-title":"","ast-breadcrumbs-content":"","ast-featured-img":"","footer-sml-layout":"","ast-disable-related-posts":"","theme-transparent-header-meta":"","adv-header-id-meta":"","stick-header-meta":"","header-above-stick-meta":"","header-main-stick-meta":"","header-below-stick-meta":"","astra-migrate-meta-layouts":"default","ast-page-background-enabled":"default","ast-page-background-meta":{"desktop":{"background-color":"var(--ast-global-color-5)","background-image":"","background-repeat":"repeat","background-position":"center center","background-size":"auto","background-attachment":"scroll","background-type":"","background-media":"","overlay-type":"","overlay-color":"","overlay-opacity":"","overlay-gradient":""},"tablet":{"background-color":"","background-image":"","background-repeat":"repeat","background-position":"center center","background-size":"auto","background-attachment":"scroll","background-type":"","background-media":"","overlay-type":"","overlay-color":"","overlay-opacity":"","overlay-gradient":""},"mobile":{"background-color":"","background-image":"","background-repeat":"repeat","background-position":"center center","background-size":"auto","background-attachment":"scroll","background-type":"","background-media":"","overlay-type":"","overlay-color":"","overlay-opacity":"","overlay-gradient":""}},"ast-content-background-meta":{"desktop":{"background-color":"var(--ast-global-color-4)","background-image":"","background-repeat":"repeat","background-position":"center center","background-size":"auto","background-attachment":"scroll","background-type":"","background-media":"","overlay-type":"","overlay-color":"","overlay-opacity":"","overlay-gradient":""},"tablet":{"background-color":"var(--ast-global-color-4)","background-image":"","background-repeat":"repeat","background-position":"center center","background-size":"auto","background-attachment":"scroll","background-type":"","background-media":"","overlay-type":"","overlay-color":"","overlay-opacity":"","overlay-gradient":""},"mobile":{"background-color":"var(--ast-global-color-4)","background-image":"","background-repeat":"repeat","background-position":"center center","background-size":"auto","background-attachment":"scroll","background-type":"","background-media":"","overlay-type":"","overlay-color":"","overlay-opacity":"","overlay-gradient":""}},"footnotes":""},"class_list":["post-27631","page","type-page","status-publish","hentry"],"_links":{"self":[{"href":"https:\/\/mavideniz.com.tr\/tr\/wp-json\/wp\/v2\/pages\/27631","targetHints":{"allow":["GET"]}}],"collection":[{"href":"https:\/\/mavideniz.com.tr\/tr\/wp-json\/wp\/v2\/pages"}],"about":[{"href":"https:\/\/mavideniz.com.tr\/tr\/wp-json\/wp\/v2\/types\/page"}],"author":[{"embeddable":true,"href":"https:\/\/mavideniz.com.tr\/tr\/wp-json\/wp\/v2\/users\/1"}],"replies":[{"embeddable":true,"href":"https:\/\/mavideniz.com.tr\/tr\/wp-json\/wp\/v2\/comments?post=27631"}],"version-history":[{"count":0,"href":"https:\/\/mavideniz.com.tr\/tr\/wp-json\/wp\/v2\/pages\/27631\/revisions"}],"up":[{"embeddable":true,"href":"https:\/\/mavideniz.com.tr\/tr\/wp-json\/wp\/v2\/pages\/27587"}],"wp:attachment":[{"href":"https:\/\/mavideniz.com.tr\/tr\/wp-json\/wp\/v2\/media?parent=27631"}],"curies":[{"name":"wp","href":"https:\/\/api.w.org\/{rel}","templated":true}]}}