{"id":27635,"date":"2021-10-23T20:26:03","date_gmt":"2021-10-23T20:26:03","guid":{"rendered":"https:\/\/mavideniz.com.tr\/?page_id=27635"},"modified":"2023-09-10T18:41:47","modified_gmt":"2023-09-10T18:41:47","slug":"su-taksisi","status":"publish","type":"page","link":"https:\/\/mavideniz.com.tr\/tr\/gemiler-tekneler\/suyolu-tasimaciligi\/su-taksisi\/","title":{"rendered":"Su Taksisi"},"content":{"rendered":"<p><br \/>\nMavideniz Su Taksisi, herkesin seyahat s\u00fcresini k\u0131saltmas\u0131 i\u00e7in h\u0131zl\u0131 ve g\u00fcvenilir bir alternatif olacak \u015fekilde tasarlanm\u0131\u015f ve in\u015fa edilmi\u015ftir. \u00dcstelik nehir, deniz veya g\u00f6lden yolcu ta\u015f\u0131man\u0131n en iyi yollar\u0131ndan biridir.<\/p>\n<p>Mavi Deniz Su Taksi modelleri, t\u00fcm hava ko\u015fullar\u0131nda daha iyi yolcu konforu i\u00e7in y\u00fcksek manevra kabiliyeti, y\u00fcksek h\u0131z, sessiz tahrik ve azalt\u0131lm\u0131\u015f yuvarlanma ve titre\u015fim fark\u0131n\u0131 g\u00f6recek.<\/p>\n<p>Su Taksi \u00dcstyap\u0131 d\u00fczenlemesi, bak\u0131m s\u0131ras\u0131nda makine dairesine kolay eri\u015fim sa\u011flar. Bu ergonomik d\u00fczenleme, kullan\u0131m s\u0131ras\u0131nda maksimum konfor ve yolcular ve m\u00fcrettebat i\u00e7in memnuniyet sa\u011flayacakt\u0131r.<\/p>\n<p>Yerel ko\u015fullara ve gereksinimlere g\u00f6re \u00f6zel olarak haz\u0131rlanm\u0131\u015f Su Taksi i\u00e7 tasar\u0131m\u0131 (birinci s\u0131n\u0131f koltuklar + LCD + Klima + Uzun \u00d6m\u00fcrl\u00fc d\u00f6\u015feme \u2013 tavan kaplamas\u0131 \u2013 duvar kaplamas\u0131\u00a0 )<\/p>\n<p>Su Taksisi Devasa cam duvarlar, yolcu kabininin i\u00e7indeki her koltuktan panoramay\u0131 g\u00f6rme imkan\u0131 sa\u011flar. Ayr\u0131ca yolcu kabini d\u00fczeni, iki engelli seferine ve dola\u015fmaya olanak sa\u011fl\u0131yor.<\/p>\n<p>Su Taksisi, engelliler nedeniyle tuvalet say\u0131s\u0131 ve ge\u00e7i\u015f yollar\u0131n\u0131n geni\u015fli\u011fine yans\u0131yan mimari ile ilgili arazi d\u00fczenlemelerine de uygundur.<\/p>\n<p>Gemiyi teslim ettikten sonra ayn\u0131 performans ve kalitenin y\u0131llar sonra de\u011fi\u015fmedi\u011fini g\u00f6receksiniz, performans ve kaliteyi yakalamak i\u00e7in bir neden var, Ucuz \u00fcr\u00fcnleri tercih etmiyoruz, Su Taksisi in\u015fa etmek i\u00e7in en iyi malzeme ve \u00fcr\u00fcnleri se\u00e7iyoruz. ve ayr\u0131ca en iyi i\u015f\u00e7ileri, m\u00fchendisleri se\u00e7in. Operasyonel profiliniz ve ihtiya\u00e7lar\u0131n\u0131z i\u00e7in tasar\u0131mlar\u0131 d\u00fczenleyebiliriz.<\/p>\n<p><strong>\u00d6zellikleri<\/strong><\/p>\n<ul>\n<li>K\u0131sa ve g\u00fcvenilir teslimat s\u00fcreleri<\/li>\n<li>Rekabet\u00e7i fiyatland\u0131rma<\/li>\n<li>D\u00fc\u015f\u00fck Yak\u0131t T\u00fcketimi<\/li>\n<li>Modern ergonomik tasar\u0131m<\/li>\n<li>\u0130yile\u015ftirilmi\u015f Stabilite ve G\u00fcvenlik<\/li>\n<li>S\u0131\u011f su<\/li>\n<li>Daha Y\u00fcksek H\u0131z<\/li>\n<li>D\u00fc\u015f\u00fck y\u0131kama<\/li>\n<\/ul>\n<div class=\"wptm_table tablesorter-bootstrap \" data-id=\"53\" data-hightlight=\"0\"><div class=\"wptm_buttons buttons_wptmTbl53\"><\/div><div class=\"wptmresponsive dataTables-wptmtable wptmtable \" id=\"wptmtable53\" data-tableid=\"wptmTbl53\"><table data-count-header=\"1\"  data-format-decimal_count=\"0\" data-format-decimal_symbol=\".\" data-format-symbol_position=\"0\" data-format-thousand_symbol=\",\"  data-format-currency_symbol=\"$\"  data-name-style=\"53_1759814819.css\" data-format=\"YYYY-MM-DD\" id=\"wptmTbl53\" data-id=\"53\" data-responsive=\"false\" data-hideCols=\"false\"  data-type=\"html\" data-paging=\"false\" data-searching=\"true\"  data-ordering=\"false\" data-table-breakpoint=\"980\" data-scroll-x=\"true\" data-scroll-collapse=\"true\" data-align=\"center\" data-range=\"[]\" data-hideColumn=\"[0,0,0,0,0]\"  data-colwidths=\"[228,228,228,228,228]\"  data-colwidths_desktop=[]  data-colwidths_tablet=[]  data-colwidths_mobile=[]  class=\"wptm_main_table  disablePager hideScrollHeader\"><colgroup><col data-dtr=\"0\" data-dtc=\"0\" class=\"dtc0\"><col data-dtr=\"0\" data-dtc=\"1\" class=\"dtc1\"><col data-dtr=\"0\" data-dtc=\"2\" class=\"dtc2\"><col data-dtr=\"0\" data-dtc=\"3\" class=\"dtc3\"><col data-dtr=\"0\" data-dtc=\"4\" class=\"dtc4\"><\/colgroup><thead><tr class=\"wptm-header-cells-index\"><th rowspan=\"1\" colspan=\"1\" data-dtr=\"0\" data-dtc=\"0\" class=\"dtr0 dtc0\"><\/th><th rowspan=\"1\" colspan=\"1\" data-dtr=\"0\" data-dtc=\"1\" class=\"dtr0 dtc1\"><\/th><th rowspan=\"1\" colspan=\"1\" data-dtr=\"0\" data-dtc=\"2\" class=\"dtr0 dtc2\"><\/th><th rowspan=\"1\" colspan=\"1\" data-dtr=\"0\" data-dtc=\"3\" class=\"dtr0 dtc3\"><\/th><th rowspan=\"1\" colspan=\"1\" data-dtr=\"0\" data-dtc=\"4\" class=\"dtr0 dtc4\"><\/th><\/tr><tr class=\" row0\"><th   data-priority=\"0\" class=\"dtr0 dtc0\"><\/th><th   data-priority=\"0\" class=\"dtr0 dtc1\">Water Taxi IV<\/th><th   data-priority=\"0\" class=\"dtr0 dtc2\">Water Taxi III<\/th><th   data-priority=\"0\" class=\"dtr0 dtc3\">Water Taxi II<\/th><th   data-priority=\"0\" class=\"dtr0 dtc4\">Water Taxi I<\/th><\/thead><tbody><tr class=\" row1\"><td    class=\"dtr1 dtc0\">Material<\/td><td  colspan=\"4\"   class=\"dtr1 dtc1\">Aluminium Alloy | GRP<\/td><td  style=\"display: none\"   class=\"dtr1 dtc2\"><\/td><td  style=\"display: none\"   class=\"dtr1 dtc3\"><\/td><td  style=\"display: none\"   class=\"dtr1 dtc4\"><\/td><\/tr><tr class=\" row2\"><td    class=\"dtr2 dtc0\">Passanger<\/td><td    class=\"dtr2 dtc1\">26<\/td><td    class=\"dtr2 dtc2\">18<\/td><td    class=\"dtr2 dtc3\">10<\/td><td    class=\"dtr2 dtc4\">8<\/td><\/tr><tr class=\" row3\"><td    class=\"dtr3 dtc0\">Length<\/td><td    class=\"dtr3 dtc1\">16 m<\/td><td    class=\"dtr3 dtc2\">15 m<\/td><td    class=\"dtr3 dtc3\">11 m<\/td><td    class=\"dtr3 dtc4\">9 m<\/td><\/tr><tr class=\" row4\"><td    class=\"dtr4 dtc0\">Width<\/td><td    class=\"dtr4 dtc1\">5.7 m<\/td><td    class=\"dtr4 dtc2\">4 m<\/td><td    class=\"dtr4 dtc3\">4 m<\/td><td    class=\"dtr4 dtc4\">4 m<\/td><\/tr><tr class=\" row5\"><td    class=\"dtr5 dtc0\">Draught<\/td><td    class=\"dtr5 dtc1\">1 m<\/td><td    class=\"dtr5 dtc2\">0.6 m<\/td><td    class=\"dtr5 dtc3\">0.6 m<\/td><td    class=\"dtr5 dtc4\">0.6 m<\/td><\/tr><tr class=\" row6\"><td    class=\"dtr6 dtc0\">Propellers<\/td><td  colspan=\"4\"   class=\"dtr6 dtc1\">Waterjet | Fixed Pitch<\/td><td  style=\"display: none\"   class=\"dtr6 dtc2\"><\/td><td  style=\"display: none\"   class=\"dtr6 dtc3\"><\/td><td  style=\"display: none\"   class=\"dtr6 dtc4\"><\/td><\/tr><tr class=\" row7\"><td    class=\"dtr7 dtc0\">Speed<\/td><td    class=\"dtr7 dtc1\">22 - 40 Knots<\/td><td    class=\"dtr7 dtc2\">22 - 40 Knots<\/td><td    class=\"dtr7 dtc3\">22 - 40 Knots<\/td><td    class=\"dtr7 dtc4\">22 - 40 Knots<\/td><\/tr><tr class=\" row8\"><td    class=\"dtr8 dtc0\">Fuel Capacity<\/td><td    class=\"dtr8 dtc1\">2000 lt.<\/td><td    class=\"dtr8 dtc2\">1500 lt.<\/td><td    class=\"dtr8 dtc3\">1250 lt.<\/td><td    class=\"dtr8 dtc4\">1000 lt.<\/td><\/tr><\/tbody><tfoot><tr><td class=\"dtr8 dtc0\" style=\"height: 0;\"><\/td><td class=\"dtr8 dtc1\" style=\"height: 0;\"><\/td><td class=\"dtr8 dtc2\" style=\"height: 0;\"><\/td><td class=\"dtr8 dtc3\" style=\"height: 0;\"><\/td><td class=\"dtr8 dtc4\" style=\"height: 0;\"><\/td><\/tr><\/tfoot><\/table><\/div><style>#wptmtable53 .dataTables_wrapper > .dataTables_scroll {max-height:500px;overflow: auto;}<\/style><script>window.wptm_ajaxurl = 'https:\/\/mavideniz.com.tr\/wp-admin\/admin-ajax.php?juwpfisadmin=false&action=Wptm&'; window.wptm_front = 'https:\/\/mavideniz.com.tr\/wp-content\/plugins\/wp-table-manager\/app\/site\/assets\/'; window.wptm_style = 'https:\/\/mavideniz.com.tr\/wp-content\/uploads\/wptm\/';<\/script><\/div><style><\/style>\n","protected":false},"excerpt":{"rendered":"<p>Mavideniz Su Taksisi, herkesin seyahat s\u00fcresini k\u0131saltmas\u0131 i\u00e7in h\u0131zl\u0131 ve g\u00fcvenilir bir alternatif olacak \u015fekilde tasarlanm\u0131\u015f ve in\u015fa edilmi\u015ftir. \u00dcstelik [&hellip;]<\/p>\n","protected":false},"author":1,"featured_media":0,"parent":27587,"menu_order":0,"comment_status":"closed","ping_status":"closed","template":"","meta":{"site-sidebar-layout":"default","site-content-layout":"","ast-site-content-layout":"default","site-content-style":"default","site-sidebar-style":"default","ast-global-header-display":"","ast-banner-title-visibility":"","ast-main-header-display":"","ast-hfb-above-header-display":"","ast-hfb-below-header-display":"","ast-hfb-mobile-header-display":"","site-post-title":"","ast-breadcrumbs-content":"","ast-featured-img":"","footer-sml-layout":"","ast-disable-related-posts":"","theme-transparent-header-meta":"","adv-header-id-meta":"","stick-header-meta":"","header-above-stick-meta":"","header-main-stick-meta":"","header-below-stick-meta":"","astra-migrate-meta-layouts":"default","ast-page-background-enabled":"default","ast-page-background-meta":{"desktop":{"background-color":"var(--ast-global-color-5)","background-image":"","background-repeat":"repeat","background-position":"center center","background-size":"auto","background-attachment":"scroll","background-type":"","background-media":"","overlay-type":"","overlay-color":"","overlay-opacity":"","overlay-gradient":""},"tablet":{"background-color":"","background-image":"","background-repeat":"repeat","background-position":"center center","background-size":"auto","background-attachment":"scroll","background-type":"","background-media":"","overlay-type":"","overlay-color":"","overlay-opacity":"","overlay-gradient":""},"mobile":{"background-color":"","background-image":"","background-repeat":"repeat","background-position":"center center","background-size":"auto","background-attachment":"scroll","background-type":"","background-media":"","overlay-type":"","overlay-color":"","overlay-opacity":"","overlay-gradient":""}},"ast-content-background-meta":{"desktop":{"background-color":"var(--ast-global-color-4)","background-image":"","background-repeat":"repeat","background-position":"center center","background-size":"auto","background-attachment":"scroll","background-type":"","background-media":"","overlay-type":"","overlay-color":"","overlay-opacity":"","overlay-gradient":""},"tablet":{"background-color":"var(--ast-global-color-4)","background-image":"","background-repeat":"repeat","background-position":"center center","background-size":"auto","background-attachment":"scroll","background-type":"","background-media":"","overlay-type":"","overlay-color":"","overlay-opacity":"","overlay-gradient":""},"mobile":{"background-color":"var(--ast-global-color-4)","background-image":"","background-repeat":"repeat","background-position":"center center","background-size":"auto","background-attachment":"scroll","background-type":"","background-media":"","overlay-type":"","overlay-color":"","overlay-opacity":"","overlay-gradient":""}},"footnotes":""},"class_list":["post-27635","page","type-page","status-publish","hentry"],"_links":{"self":[{"href":"https:\/\/mavideniz.com.tr\/tr\/wp-json\/wp\/v2\/pages\/27635","targetHints":{"allow":["GET"]}}],"collection":[{"href":"https:\/\/mavideniz.com.tr\/tr\/wp-json\/wp\/v2\/pages"}],"about":[{"href":"https:\/\/mavideniz.com.tr\/tr\/wp-json\/wp\/v2\/types\/page"}],"author":[{"embeddable":true,"href":"https:\/\/mavideniz.com.tr\/tr\/wp-json\/wp\/v2\/users\/1"}],"replies":[{"embeddable":true,"href":"https:\/\/mavideniz.com.tr\/tr\/wp-json\/wp\/v2\/comments?post=27635"}],"version-history":[{"count":0,"href":"https:\/\/mavideniz.com.tr\/tr\/wp-json\/wp\/v2\/pages\/27635\/revisions"}],"up":[{"embeddable":true,"href":"https:\/\/mavideniz.com.tr\/tr\/wp-json\/wp\/v2\/pages\/27587"}],"wp:attachment":[{"href":"https:\/\/mavideniz.com.tr\/tr\/wp-json\/wp\/v2\/media?parent=27635"}],"curies":[{"name":"wp","href":"https:\/\/api.w.org\/{rel}","templated":true}]}}