{"id":28172,"date":"2021-11-14T12:51:53","date_gmt":"2021-11-14T12:51:53","guid":{"rendered":"https:\/\/mavideniz.com.tr\/?page_id=28172"},"modified":"2021-11-14T12:51:54","modified_gmt":"2021-11-14T12:51:54","slug":"sucul-ot-temizleme-su-yollari-barajlar","status":"publish","type":"page","link":"https:\/\/mavideniz.com.tr\/tr\/servislerimiz\/sucul-ot-temizleme-su-yollari-barajlar\/","title":{"rendered":"Sucul Ot Temizleme &#8211; Su Yollar\u0131 + Barajlar"},"content":{"rendered":"\n<p>Su bitkileri, bir su sisteminde, baz\u0131lar\u0131 su ortam\u0131n\u0131n genel sa\u011fl\u0131\u011f\u0131 i\u00e7in hayati \u00f6nem ta\u015f\u0131yan \u00e7e\u015fitli kullan\u0131mlara hizmet eder. \u00c7iftlik barajlar\u0131nda, akarsularda ve su yollar\u0131nda \u00e7ok say\u0131da su bitkisi yeti\u015fir ve neyse ki \u00e7o\u011fu nadiren bir sorundur. Bununla birlikte, su besinler a\u00e7\u0131s\u0131ndan zengin hale geldi\u011finde, su bitkileri, ba\u015f belas\u0131 olana veya yabani ot olarak kabul edilene kadar kuvvetli bir \u015fekilde b\u00fcy\u00fcyebilir.<\/p>\n<p>Baz\u0131 su bitkileri, bir\u00e7ok faydal\u0131 i\u015flevi yerine getirir ve su ortamlar\u0131nda hayati bir rol oynar. Bu bitkilerin ortadan kald\u0131r\u0131lmas\u0131, su kalitesini ve habitat\u0131 ger\u00e7ek bir fayda sa\u011flamadan yok edebilir. Bir\u00e7ok kenar tesisi, besin tamponlama, banka stabilizasyonu ve tortu yakalamada \u00f6nemli bir rol oynar. Oksijen en kritik su kalitesidir<br \/>\nparametre ve bat\u0131k bitkiler suyun oksijenlenmesine yard\u0131mc\u0131 olur. Su bitkileri de sa\u011flanmas\u0131nda \u00f6nemli bir rol oynamaktad\u0131r.<br \/>\nbir\u00e7ok organizma, \u00f6zellikle ku\u015flar, amfibiler, bal\u0131klar ve bir\u00e7ok b\u00f6cek ve di\u011fer k\u00fc\u00e7\u00fck g\u00f6let canl\u0131lar\u0131 i\u00e7in ya\u015fam alan\u0131. Y\u00fczen bitkiler g\u00f6lge verir, buharla\u015fma oranlar\u0131n\u0131 d\u00fc\u015f\u00fcr\u00fcr ve su s\u0131cakl\u0131\u011f\u0131n\u0131 sabit tutar.<\/p>\n<p>\u00c7o\u011fu durumda, bir su k\u00fctlesi \u00e7e\u015fitli ve dengeli bir ekosistemdir ve bu dengeyi avantajl\u0131 tutmak i\u00e7in \u00f6zen g\u00f6sterilmesi gerekir. A\u015f\u0131r\u0131 b\u00fcy\u00fcme bir dengesizli\u011fi g\u00f6sterebilir ve ekosistemin bozulmas\u0131na yol a\u00e7abilir.<\/p>\n<p><strong>Su bitkileri bir sorun haline gelir.<\/strong><\/p>\n<ul>\n<li>T\u00fcm su y\u00fczeyini \u00f6rt\u00fcn, oksijen t\u00fckenmesine neden olun &#8211; bu, y\u00fczey alt\u0131 ekosistemini yok edebilir ve su t\u00fcrlerini \u00f6ld\u00fcrebilir.<\/li>\n<li>Tan\u0131t\u0131lan t\u00fcrler olarak yerli t\u00fcrlerle rekabet edin ve biyo\u00e7e\u015fitlili\u011fi azalt\u0131n<\/li>\n<li>Ku\u015f t\u00fcrlerinin su habitat\u0131 \u00fczerindeki etkisi ve yer de\u011fi\u015ftirmelerine neden olur<\/li>\n<li>Ticari ve e\u011flence faaliyetlerine m\u00fcdahale etmek<\/li>\n<li>Pompalama ekipman\u0131nda t\u0131kanmalara veya su giri\u015fini engellemeye neden olabilir \u2013 dip valfini otlardan uzak tutmak i\u00e7in kafes kafeslerin yap\u0131lmas\u0131 gerekebilir.<\/li>\n<\/ul>\n<p><strong>Mekanik ve Fiziksel Uzakla\u015ft\u0131rma \u00c7\u00f6z\u00fcmleri<\/strong><\/p>\n<ul>\n<li>Amfibi Makine<\/li>\n<li>Ot bi\u00e7erd\u00f6ver<\/li>\n<li>\u00c7ok Ama\u00e7l\u0131 Tarak Gemisi<\/li>\n<li>Sahil Konvey\u00f6r\u00fc<\/li>\n<li>Sucul Bitki Patlamas\u0131<\/li>\n<\/ul>\n","protected":false},"excerpt":{"rendered":"<p>Su bitkileri, bir su sisteminde, baz\u0131lar\u0131 su ortam\u0131n\u0131n genel sa\u011fl\u0131\u011f\u0131 i\u00e7in hayati \u00f6nem ta\u015f\u0131yan \u00e7e\u015fitli kullan\u0131mlara hizmet eder. \u00c7iftlik barajlar\u0131nda, [&hellip;]<\/p>\n","protected":false},"author":1,"featured_media":0,"parent":26739,"menu_order":0,"comment_status":"closed","ping_status":"closed","template":"","meta":{"site-sidebar-layout":"default","site-content-layout":"","ast-site-content-layout":"default","site-content-style":"default","site-sidebar-style":"default","ast-global-header-display":"","ast-banner-title-visibility":"","ast-main-header-display":"","ast-hfb-above-header-display":"","ast-hfb-below-header-display":"","ast-hfb-mobile-header-display":"","site-post-title":"","ast-breadcrumbs-content":"","ast-featured-img":"","footer-sml-layout":"","ast-disable-related-posts":"","theme-transparent-header-meta":"","adv-header-id-meta":"","stick-header-meta":"","header-above-stick-meta":"","header-main-stick-meta":"","header-below-stick-meta":"","astra-migrate-meta-layouts":"default","ast-page-background-enabled":"default","ast-page-background-meta":{"desktop":{"background-color":"var(--ast-global-color-5)","background-image":"","background-repeat":"repeat","background-position":"center center","background-size":"auto","background-attachment":"scroll","background-type":"","background-media":"","overlay-type":"","overlay-color":"","overlay-opacity":"","overlay-gradient":""},"tablet":{"background-color":"","background-image":"","background-repeat":"repeat","background-position":"center center","background-size":"auto","background-attachment":"scroll","background-type":"","background-media":"","overlay-type":"","overlay-color":"","overlay-opacity":"","overlay-gradient":""},"mobile":{"background-color":"","background-image":"","background-repeat":"repeat","background-position":"center center","background-size":"auto","background-attachment":"scroll","background-type":"","background-media":"","overlay-type":"","overlay-color":"","overlay-opacity":"","overlay-gradient":""}},"ast-content-background-meta":{"desktop":{"background-color":"var(--ast-global-color-4)","background-image":"","background-repeat":"repeat","background-position":"center center","background-size":"auto","background-attachment":"scroll","background-type":"","background-media":"","overlay-type":"","overlay-color":"","overlay-opacity":"","overlay-gradient":""},"tablet":{"background-color":"var(--ast-global-color-4)","background-image":"","background-repeat":"repeat","background-position":"center center","background-size":"auto","background-attachment":"scroll","background-type":"","background-media":"","overlay-type":"","overlay-color":"","overlay-opacity":"","overlay-gradient":""},"mobile":{"background-color":"var(--ast-global-color-4)","background-image":"","background-repeat":"repeat","background-position":"center center","background-size":"auto","background-attachment":"scroll","background-type":"","background-media":"","overlay-type":"","overlay-color":"","overlay-opacity":"","overlay-gradient":""}},"footnotes":""},"class_list":["post-28172","page","type-page","status-publish","hentry"],"_links":{"self":[{"href":"https:\/\/mavideniz.com.tr\/tr\/wp-json\/wp\/v2\/pages\/28172","targetHints":{"allow":["GET"]}}],"collection":[{"href":"https:\/\/mavideniz.com.tr\/tr\/wp-json\/wp\/v2\/pages"}],"about":[{"href":"https:\/\/mavideniz.com.tr\/tr\/wp-json\/wp\/v2\/types\/page"}],"author":[{"embeddable":true,"href":"https:\/\/mavideniz.com.tr\/tr\/wp-json\/wp\/v2\/users\/1"}],"replies":[{"embeddable":true,"href":"https:\/\/mavideniz.com.tr\/tr\/wp-json\/wp\/v2\/comments?post=28172"}],"version-history":[{"count":0,"href":"https:\/\/mavideniz.com.tr\/tr\/wp-json\/wp\/v2\/pages\/28172\/revisions"}],"up":[{"embeddable":true,"href":"https:\/\/mavideniz.com.tr\/tr\/wp-json\/wp\/v2\/pages\/26739"}],"wp:attachment":[{"href":"https:\/\/mavideniz.com.tr\/tr\/wp-json\/wp\/v2\/media?parent=28172"}],"curies":[{"name":"wp","href":"https:\/\/api.w.org\/{rel}","templated":true}]}}