{"id":28178,"date":"2021-11-14T13:14:31","date_gmt":"2021-11-14T13:14:31","guid":{"rendered":"https:\/\/mavideniz.com.tr\/?page_id=28178"},"modified":"2023-07-02T19:31:55","modified_gmt":"2023-07-02T19:31:55","slug":"denizde-petrol-sizintisi-mudahalesi","status":"publish","type":"page","link":"https:\/\/mavideniz.com.tr\/tr\/servislerimiz\/petrol-sizintisi-mudahalesi-onleme\/denizde-petrol-sizintisi-mudahalesi\/","title":{"rendered":"Denizde Petrol S\u0131z\u0131nt\u0131s\u0131na M\u00fcdahale"},"content":{"rendered":"\n<p>MAV\u0130 DEN\u0130Z, \u0130stanbul, T\u00fcrkiye&#8217;de yerle\u015fik olup, y\u0131lda 365 g\u00fcn, g\u00fcnde 24 saat s\u00fcrekli haz\u0131r bekleyen m\u00fcdahale ekiplerine, Petrol S\u0131z\u0131nt\u0131s\u0131na M\u00fcdahale ve D\u00f6k\u00fclme \u00d6nleme Hizmetine sahiptir.<\/p>\n<p>MAV\u0130 DEN\u0130Z, ekipman\u0131 ve personeli ile b\u00f6lgenin lider Petrol S\u0131z\u0131nt\u0131s\u0131 M\u00fcdahale ve Petrol S\u0131z\u0131nt\u0131s\u0131n\u0131 \u00d6nleme y\u00fcklenicisidir. Firmam\u0131z tam donan\u0131ml\u0131 olup, \u00e7arp\u0131\u015fma, yang\u0131n veya karaya oturma sonucu denize yay\u0131lan yak\u0131t, ya\u011f ve kimyasallar\u0131n neden oldu\u011fu \u00e7evre kirlili\u011finin \u00f6nlenmesinde ve en aza indirilmesinde \u00f6nemli rol oynamaktad\u0131r.<\/p>\n<p>Petrol S\u0131z\u0131nt\u0131s\u0131 M\u00fcdahale ekibi en y\u00fcksek end\u00fcstri standartlar\u0131na g\u00f6re e\u011fitilmi\u015ftir ve Denizde d\u00fczenli olarak tatbikat yapmaktad\u0131r. Denizde, Petrol S\u0131z\u0131nt\u0131s\u0131 M\u00fcdahale ekibi denizdeki petrol s\u0131z\u0131nt\u0131lar\u0131na m\u00fcdahale edebilir.<\/p>\n<p>Mavi Deniz, denizde, nehirlerde, hali\u00e7lerde veya k\u0131y\u0131 \u015feridinde bu t\u00fcr olaylara m\u00fcdahale etmek i\u00e7in g\u00fcnde 24 saat beklemede. Kurulu\u015fundan bu yana Mavi Deniz, T\u00fcrkiye&#8217;deki hemen hemen her \u00f6nemli deniz s\u0131z\u0131nt\u0131s\u0131 m\u00fcdahalesi ve s\u0131z\u0131nt\u0131 \u00f6nleme faaliyetinde yer alm\u0131\u015ft\u0131r.<\/p>\n<p>Mavi Deniz limanlar, marina, tersane, rafineri, petrol, boru hatlar\u0131, petrol\/gaz arama ve \u00fcretim \u015firketlerine Tier1, Tier 2 ve Tier 3 stand-by deste\u011fi sa\u011flar. Ekipmanlar\u0131m\u0131z ve gemimiz ayr\u0131ca, Tier 1 veya Tier 2 kitleri olarak veya m\u00fc\u015fterinin mevcut envanterini, operasyonlara ba\u011fl\u0131 olarak k\u0131sa veya uzun s\u00fcre gereksinimlerini desteklemek i\u00e7in esnek bir \u015fekilde kiralanabilir. T\u00fcm ekipmanlar\u0131m\u0131z B.V. veya E\u015fde\u011feri taraf\u0131ndan onaylanm\u0131\u015ft\u0131r ve dahili bir bak\u0131m prosed\u00fcr\u00fcne g\u00f6re iyi bir \u015fekilde korunur.<\/p>\n<p>Ayr\u0131ca, Ege Denizi, Karadeniz, Marmara Denizi ve Akdeniz&#8217;deki m\u00fc\u015fterilere yard\u0131mc\u0131 olmak i\u00e7in Mavi Deniz&#8217;in uzmanl\u0131\u011f\u0131 talep edilmi\u015ftir.<\/p>\n<p>Mavi Deniz, a\u00e7\u0131k deniz \/ k\u0131y\u0131ya yak\u0131n su kurtarma, k\u0131y\u0131 \u015feridi temizleme ve kargo \u00e7akma ile kurtarma enkaz\u0131 kald\u0131rma konular\u0131nda Petrol S\u0131z\u0131nt\u0131lar\u0131 konusunda uzmanla\u015fm\u0131\u015ft\u0131r.<\/p>\n<p>Petrol denize d\u00f6k\u00fcld\u00fc\u011f\u00fcnde, Petrol S\u0131z\u0131nt\u0131lar\u0131 r\u00fczgar, dalga ve ak\u0131nt\u0131lar\u0131n etkisi alt\u0131nda do\u011fal olarak yay\u0131lacak, par\u00e7alanacak ve da\u011f\u0131lacakt\u0131r. Mavi Deniz, d\u00fcnya \u00e7ap\u0131nda y\u00fcksek verimli kirlilik \u00f6nleme gemileri SEACAT dahil olmak \u00fczere \u00f6zel D\u00f6k\u00fclme M\u00fcdahale ve Petrol S\u0131z\u0131nt\u0131s\u0131 \u00d6nleme ekipman\u0131n\u0131 hemen g\u00f6nderebilir.<\/p>\n<p>Mavi Deniz, ihtiya\u00e7lar\u0131n\u0131za uygun olarak proje y\u00f6netimi, s\u00f6zle\u015fmeli i\u015f\u00e7ilik, m\u00fcdahaleye \u00f6zel ekipman, malzeme temini ve bertaraf se\u00e7eneklerini tamamen veya k\u0131smen sa\u011flayabilir.<\/p>\n<p>Mavi Deniz, deniz ortam\u0131n\u0131n korunmas\u0131 ve temizlenmesi, petrol ve kimyasal s\u0131z\u0131nt\u0131 hizmetlerine m\u00fcdahale konusunda eksiksiz hizmetler sunmaktad\u0131r.<\/p>\n<p>Mavi Deniz, deniz ve kara k\u00f6kenli Petrol S\u0131z\u0131nt\u0131s\u0131 M\u00fcdahalesi + Petrol S\u0131z\u0131nt\u0131s\u0131n\u0131 \u00d6nleme konular\u0131nda b\u00f6lgenin en \u00f6nemli \u00f6zel \u015firketidir. Uzmanl\u0131\u011f\u0131m\u0131z, b\u00fcy\u00fck \u00f6l\u00e7ekli deniz petrol\u00fc petrol s\u0131z\u0131nt\u0131s\u0131 m\u00fcdahalesinden k\u00fc\u00e7\u00fck bilinmeyen tehlikeli madde m\u00fcdahalesine kadar uzan\u0131r. Mavi Deniz, k\u0131y\u0131 sular\u0131nda ve a\u00e7\u0131k denizlerde Petrol S\u0131z\u0131nt\u0131s\u0131 M\u00fcdahalesi i\u00e7in eksiksiz paketler sunuyor.<\/p>\n<p>Acil D\u00f6k\u00fclme M\u00fcdahalesi ve D\u00f6k\u00fclme \u00d6nleme anahtar teslimi sa\u011flamak i\u00e7in ekipman ve materyallerin yan\u0131 s\u0131ra \u00f6zel m\u00fcdahale ihtiya\u00e7lar\u0131n\u0131za yard\u0131mc\u0131 olmak i\u00e7in e\u011fitimli y\u00f6neticilere, denet\u00e7ilere ve teknisyenlere sahibiz. Personel ve projeye \u00f6zel \u00f6zge\u00e7mi\u015fler, istek ve m\u00fc\u015fteri referanslar\u0131 \u00fczerine mevcuttur.<\/p>\n<p>Petrol denize d\u00f6k\u00fcld\u00fckten sonra r\u00fczgar, dalga ve ak\u0131nt\u0131lar\u0131n etkisiyle do\u011fal olarak yay\u0131lacak, par\u00e7alanacak ve da\u011f\u0131lacakt\u0131r.<\/p>\n<p>End\u00fcstri, d\u00fczenleyici kurumlar ve yerel kayg\u0131larla ili\u015fkilerimiz benzersizdir. \u00c7ok az kurulu\u015f daha geni\u015f bir deneyim sunabilir.<\/p>\n<p><strong>Mavi Deniz&#8217;in sunduklar\u0131:<\/strong><\/p>\n<ul>\n<li>7 x 24 acil Petrol S\u0131z\u0131nt\u0131s\u0131 M\u00fcdahalesi ve Olaylarda Petrol S\u0131z\u0131nt\u0131s\u0131n\u0131n \u00d6nlenmesi<\/li>\n<li>D\u00f6k\u00fcnt\u00fcn\u00fcn k\u0131y\u0131ya ula\u015fmas\u0131n\u0131 \u00f6nlemek i\u00e7in,<\/li>\n<li>Deniz ya\u015fam\u0131 \u00fczerindeki etkiyi azaltmak i\u00e7in<\/li>\n<li>Geri kazan\u0131lmam\u0131\u015f herhangi bir ya\u011f\u0131n bozulmas\u0131n\u0131 h\u0131zland\u0131rmak i\u00e7in.<\/li>\n<\/ul>\n<p>Da\u011f\u0131t\u0131c\u0131lar, bir ya\u011f tabakas\u0131n\u0131 k\u00fc\u00e7\u00fck damlac\u0131klara ay\u0131rmaya yard\u0131mc\u0131 olan ve suyu seyrelten kimyasal maddelerdir (sabunlara ve deterjanlara benzer). Bu, d\u00f6k\u00fclen malzemeyi ortadan kald\u0131rmasa da, daha k\u00fc\u00e7\u00fck petrol par\u00e7ac\u0131klar\u0131 daha kolay biyolojik olarak bozunur ve bir y\u00fczey tabakas\u0131 taraf\u0131ndan tehdit edilen hassas habitatlar i\u00e7in bir koruma \u00f6nlemi sa\u011flar. Da\u011f\u0131t\u0131c\u0131lar, \u00f6zel donan\u0131ml\u0131 tekneler veya u\u00e7aklar taraf\u0131ndan d\u00f6k\u00fcnt\u00fclerin \u00fczerine p\u00fcsk\u00fcrt\u00fcl\u00fcr.<\/p>\n<p>D\u00f6k\u00fcnt\u00fcye gemiler veya u\u00e7aklar yoluyla uygulanan da\u011f\u0131t\u0131c\u0131lar, di\u011fer m\u00fcdahale se\u00e7enekleri kullan\u0131ld\u0131ktan sonra son bir \u201cparlatma\u201d olarak hafif veya orta yo\u011funluklu petrollerin d\u00f6k\u00fclmelerini etkili bir \u015fekilde par\u00e7alayabilir.<\/p>\n<p>Acil petrol transferleri ger\u00e7ekle\u015ftirmek, \u00e7evreleme patlamas\u0131 gibi \u00f6nleyici kirlilik \u00f6nlemleri uygulamak, yedek kurtarma ekipman\u0131 kiralamak ve \u015firkete \u00f6zel m\u00fcdahale e\u011fitimi gibi di\u011fer hizmetleri ger\u00e7ekle\u015ftirmek i\u00e7in donan\u0131ml\u0131y\u0131z. \u0130ster i\u015f botlar\u0131na, a\u00e7\u0131k deniz sondaj platformu elle\u00e7leme i\u00e7in r\u00f6mork\u00f6rlere, muhafaza bomlar\u0131na, \u00e7akma i\u015flemi i\u00e7in \u00e7amurluklara, vakum \u00fcnitelerine, bir plaj temizleme projesi i\u00e7in k\u0131y\u0131 \u015feridi bomlar\u0131na veya saha iyile\u015ftirme i\u00e7in tarak gemilerine ihtiyac\u0131n\u0131z olsun, Mavi Deniz size uygun bir sistemin tasarlanmas\u0131 ve kurulmas\u0131nda yard\u0131mc\u0131 olabilir. \u00f6zel ihtiya\u00e7lar\u0131n\u0131z.<\/p>\n<p>Ge\u00e7mi\u015f Petrol S\u0131z\u0131nt\u0131s\u0131 M\u00fcdahale Operasyonlar\u0131<\/p>\n","protected":false},"excerpt":{"rendered":"<p>MAV\u0130 DEN\u0130Z, \u0130stanbul, T\u00fcrkiye&#8217;de yerle\u015fik olup, y\u0131lda 365 g\u00fcn, g\u00fcnde 24 saat s\u00fcrekli haz\u0131r bekleyen m\u00fcdahale ekiplerine, Petrol S\u0131z\u0131nt\u0131s\u0131na M\u00fcdahale [&hellip;]<\/p>\n","protected":false},"author":1,"featured_media":0,"parent":28176,"menu_order":0,"comment_status":"closed","ping_status":"closed","template":"","meta":{"site-sidebar-layout":"default","site-content-layout":"","ast-site-content-layout":"default","site-content-style":"default","site-sidebar-style":"default","ast-global-header-display":"","ast-banner-title-visibility":"","ast-main-header-display":"","ast-hfb-above-header-display":"","ast-hfb-below-header-display":"","ast-hfb-mobile-header-display":"","site-post-title":"","ast-breadcrumbs-content":"","ast-featured-img":"","footer-sml-layout":"","ast-disable-related-posts":"","theme-transparent-header-meta":"","adv-header-id-meta":"","stick-header-meta":"","header-above-stick-meta":"","header-main-stick-meta":"","header-below-stick-meta":"","astra-migrate-meta-layouts":"default","ast-page-background-enabled":"default","ast-page-background-meta":{"desktop":{"background-color":"var(--ast-global-color-5)","background-image":"","background-repeat":"repeat","background-position":"center center","background-size":"auto","background-attachment":"scroll","background-type":"","background-media":"","overlay-type":"","overlay-color":"","overlay-opacity":"","overlay-gradient":""},"tablet":{"background-color":"","background-image":"","background-repeat":"repeat","background-position":"center center","background-size":"auto","background-attachment":"scroll","background-type":"","background-media":"","overlay-type":"","overlay-color":"","overlay-opacity":"","overlay-gradient":""},"mobile":{"background-color":"","background-image":"","background-repeat":"repeat","background-position":"center center","background-size":"auto","background-attachment":"scroll","background-type":"","background-media":"","overlay-type":"","overlay-color":"","overlay-opacity":"","overlay-gradient":""}},"ast-content-background-meta":{"desktop":{"background-color":"var(--ast-global-color-4)","background-image":"","background-repeat":"repeat","background-position":"center center","background-size":"auto","background-attachment":"scroll","background-type":"","background-media":"","overlay-type":"","overlay-color":"","overlay-opacity":"","overlay-gradient":""},"tablet":{"background-color":"var(--ast-global-color-4)","background-image":"","background-repeat":"repeat","background-position":"center center","background-size":"auto","background-attachment":"scroll","background-type":"","background-media":"","overlay-type":"","overlay-color":"","overlay-opacity":"","overlay-gradient":""},"mobile":{"background-color":"var(--ast-global-color-4)","background-image":"","background-repeat":"repeat","background-position":"center center","background-size":"auto","background-attachment":"scroll","background-type":"","background-media":"","overlay-type":"","overlay-color":"","overlay-opacity":"","overlay-gradient":""}},"footnotes":""},"class_list":["post-28178","page","type-page","status-publish","hentry"],"_links":{"self":[{"href":"https:\/\/mavideniz.com.tr\/tr\/wp-json\/wp\/v2\/pages\/28178","targetHints":{"allow":["GET"]}}],"collection":[{"href":"https:\/\/mavideniz.com.tr\/tr\/wp-json\/wp\/v2\/pages"}],"about":[{"href":"https:\/\/mavideniz.com.tr\/tr\/wp-json\/wp\/v2\/types\/page"}],"author":[{"embeddable":true,"href":"https:\/\/mavideniz.com.tr\/tr\/wp-json\/wp\/v2\/users\/1"}],"replies":[{"embeddable":true,"href":"https:\/\/mavideniz.com.tr\/tr\/wp-json\/wp\/v2\/comments?post=28178"}],"version-history":[{"count":0,"href":"https:\/\/mavideniz.com.tr\/tr\/wp-json\/wp\/v2\/pages\/28178\/revisions"}],"up":[{"embeddable":true,"href":"https:\/\/mavideniz.com.tr\/tr\/wp-json\/wp\/v2\/pages\/28176"}],"wp:attachment":[{"href":"https:\/\/mavideniz.com.tr\/tr\/wp-json\/wp\/v2\/media?parent=28178"}],"curies":[{"name":"wp","href":"https:\/\/api.w.org\/{rel}","templated":true}]}}