{"id":28179,"date":"2021-11-14T13:20:52","date_gmt":"2021-11-14T13:20:52","guid":{"rendered":"https:\/\/mavideniz.com.tr\/?page_id=28179"},"modified":"2023-07-02T19:31:13","modified_gmt":"2023-07-02T19:31:13","slug":"kimyasal-dokulme-mudahalesi","status":"publish","type":"page","link":"https:\/\/mavideniz.com.tr\/tr\/servislerimiz\/petrol-sizintisi-mudahalesi-onleme\/kimyasal-dokulme-mudahalesi\/","title":{"rendered":"Kimyasal S\u0131z\u0131nt\u0131ya M\u00fcdahale"},"content":{"rendered":"\n<p>Kimyasallar, elle\u00e7leme ve nakliyede \u00f6zel bak\u0131m gerektirir. Buna ra\u011fmen, kazalar olabilir ve hala oluyor. Mavi Deniz, yaln\u0131zca nakliye \u015firketleri, kimyasal \u00fcreticileri, petrol \u015firketleri, demiryollar\u0131, havayolu end\u00fcstrisi, limanlar ve limanlar, kamu hizmetleri ve yerel, eyalet i\u00e7in kimyasal d\u00f6k\u00fclmelere ve s\u0131z\u0131nt\u0131lara m\u00fcdahale etmeye adanm\u0131\u015f, tamam\u0131 kal\u0131c\u0131 beklemede bulunan kimyasal d\u00f6k\u00fclme m\u00fcdahale hizmetleri sunmaktad\u0131r. ve federal devlet kurumlar\u0131.<br \/>\nMavi Deniz, saha de\u011ferlendirmesi ve herhangi bir kimyasal olay \u00f6l\u00e7e\u011finin dekontaminasyonu dahil olmak \u00fczere 7\/24 acil kimyasal m\u00fcdahale hizmetleri sunmaktad\u0131r. Profesyonel ekiplerle en son Kimyasal D\u00f6k\u00fclme M\u00fcdahale y\u00f6ntemlerini, teknolojileri kullanarak. Y\u00fcksek e\u011fitimli operat\u00f6rleri ustaca koordine ederek, ister denizde \u00e7ok uzaklarda isterse ula\u015f\u0131m altyap\u0131s\u0131n\u0131n \u00f6nemli bir noktas\u0131nda olsun, herhangi bir duruma h\u0131zl\u0131 bir \u015fekilde m\u00fcdahale etmek, kamu g\u00fcvenli\u011fini korumak ve bir s\u0131z\u0131nt\u0131n\u0131n \u00e7evre \u00fczerindeki etkisini en aza indirmek i\u00e7in h\u0131zla harekete ge\u00e7erler.<br \/>\nRadyoaktif malzemelerin ta\u015f\u0131nmas\u0131, i\u015flenmesi veya \u00fcretimi tehlikelidir ve acil durum planlamas\u0131 esast\u0131r. Mavi Deniz, t\u00fcm\u00fc kal\u0131c\u0131 olarak beklemede olan eksiksiz bir Kimyasal D\u00f6k\u00fclme M\u00fcdahalesi yelpazesi sunar.<br \/>\nTransit veya yerinde radyoaktif s\u0131z\u0131nt\u0131lar herhangi bir zamanda meydana gelebilir. \u00dclkenin en iyi uzmanlar\u0131n\u0131n bir telefon kadar uza\u011f\u0131n\u0131zda oldu\u011funu bilerek daha iyi uyuman\u0131z\u0131 istiyoruz. Radyasyon etkilerini en aza indirgemek, tesislerin, ara\u00e7lar\u0131n ve ekipmanlar\u0131n dekontaminasyonunun \u00fcstesinden gelmek ve \u00e7evre ve risk alt\u0131ndaki t\u00fcm personel \u00fczerinde titiz testler uygulamak i\u00e7in kapsaml\u0131 bir \u015fekilde e\u011fitilmi\u015flerdir.<\/p>\n<p><strong>Olaylar i\u00e7in, Mavideniz, kimyasallar\u0131 bilinen \u00fc\u00e7 m\u00fcdahale a\u015famas\u0131nda i\u00e7erir:<\/strong><\/p>\n<ul>\n<li>A\u015fama 1. Tehlikeli maddeleri i\u00e7eren bir olay, yarg\u0131 yetkisine sahip kamu sekt\u00f6r\u00fc m\u00fcdahale ekiplerinin hemen eri\u015febilece\u011fi kaynaklar kullan\u0131larak kontrol alt\u0131na al\u0131nabilir, s\u00f6nd\u00fcr\u00fclebilir ve azalt\u0131labilir. Katman 1 olaylar\u0131, \u00e7evreleme ve temizleme ile \u00e7evre ve halk sa\u011fl\u0131\u011f\u0131 i\u00e7in \u00e7ok az risk olu\u015fturur.<\/li>\n<li>A\u015fama 2. Olay yerindeki ilk m\u00fcdahale ekiplerinin yeteneklerinin \u00f6tesinde tehlikeli maddeler i\u00e7eren bir olay, yarg\u0131 yetkisine sahip kamu sekt\u00f6r\u00fc m\u00fcdahale ekiplerinin kapasitesinin \u00f6tesinde olabilir. Katman 2 olaylar\u0131, bir eyalet veya b\u00f6lgesel m\u00fcdahale ekibinin hizmetlerini veya ba\u015fka bir eyalet veya federal yard\u0131m\u0131 gerektirebilir. Bu seviye anl\u0131k ve uzun vadeli olabilir.<br \/>\n\u00c7evre ve halk sa\u011fl\u0131\u011f\u0131 i\u00e7in risk.<\/li>\n<li>A\u015fama 3. Tek bir eyalet veya b\u00f6lgesel m\u00fcdahale ekibinin yeteneklerinin \u00f6tesinde tehlikeli maddeler i\u00e7eren bir olay ek yard\u0131m gerektirir. Tier 3 etkinlikleri, eyalet ve federal kurumlardan ve \u00f6zel sekt\u00f6rden kaynak gerektirebilir. Bu geli\u015fmeler \u00e7evre ve halk sa\u011fl\u0131\u011f\u0131 i\u00e7in a\u015f\u0131r\u0131, acil ve uzun vadeli riskler olu\u015fturmaktad\u0131r.<\/li>\n<\/ul>\n","protected":false},"excerpt":{"rendered":"<p>Kimyasallar, elle\u00e7leme ve nakliyede \u00f6zel bak\u0131m gerektirir. Buna ra\u011fmen, kazalar olabilir ve hala oluyor. Mavi Deniz, yaln\u0131zca nakliye \u015firketleri, kimyasal [&hellip;]<\/p>\n","protected":false},"author":1,"featured_media":0,"parent":28176,"menu_order":0,"comment_status":"closed","ping_status":"closed","template":"","meta":{"site-sidebar-layout":"default","site-content-layout":"","ast-site-content-layout":"default","site-content-style":"default","site-sidebar-style":"default","ast-global-header-display":"","ast-banner-title-visibility":"","ast-main-header-display":"","ast-hfb-above-header-display":"","ast-hfb-below-header-display":"","ast-hfb-mobile-header-display":"","site-post-title":"","ast-breadcrumbs-content":"","ast-featured-img":"","footer-sml-layout":"","ast-disable-related-posts":"","theme-transparent-header-meta":"","adv-header-id-meta":"","stick-header-meta":"","header-above-stick-meta":"","header-main-stick-meta":"","header-below-stick-meta":"","astra-migrate-meta-layouts":"default","ast-page-background-enabled":"default","ast-page-background-meta":{"desktop":{"background-color":"var(--ast-global-color-5)","background-image":"","background-repeat":"repeat","background-position":"center center","background-size":"auto","background-attachment":"scroll","background-type":"","background-media":"","overlay-type":"","overlay-color":"","overlay-opacity":"","overlay-gradient":""},"tablet":{"background-color":"","background-image":"","background-repeat":"repeat","background-position":"center center","background-size":"auto","background-attachment":"scroll","background-type":"","background-media":"","overlay-type":"","overlay-color":"","overlay-opacity":"","overlay-gradient":""},"mobile":{"background-color":"","background-image":"","background-repeat":"repeat","background-position":"center center","background-size":"auto","background-attachment":"scroll","background-type":"","background-media":"","overlay-type":"","overlay-color":"","overlay-opacity":"","overlay-gradient":""}},"ast-content-background-meta":{"desktop":{"background-color":"var(--ast-global-color-4)","background-image":"","background-repeat":"repeat","background-position":"center center","background-size":"auto","background-attachment":"scroll","background-type":"","background-media":"","overlay-type":"","overlay-color":"","overlay-opacity":"","overlay-gradient":""},"tablet":{"background-color":"var(--ast-global-color-4)","background-image":"","background-repeat":"repeat","background-position":"center center","background-size":"auto","background-attachment":"scroll","background-type":"","background-media":"","overlay-type":"","overlay-color":"","overlay-opacity":"","overlay-gradient":""},"mobile":{"background-color":"var(--ast-global-color-4)","background-image":"","background-repeat":"repeat","background-position":"center center","background-size":"auto","background-attachment":"scroll","background-type":"","background-media":"","overlay-type":"","overlay-color":"","overlay-opacity":"","overlay-gradient":""}},"footnotes":""},"class_list":["post-28179","page","type-page","status-publish","hentry"],"_links":{"self":[{"href":"https:\/\/mavideniz.com.tr\/tr\/wp-json\/wp\/v2\/pages\/28179","targetHints":{"allow":["GET"]}}],"collection":[{"href":"https:\/\/mavideniz.com.tr\/tr\/wp-json\/wp\/v2\/pages"}],"about":[{"href":"https:\/\/mavideniz.com.tr\/tr\/wp-json\/wp\/v2\/types\/page"}],"author":[{"embeddable":true,"href":"https:\/\/mavideniz.com.tr\/tr\/wp-json\/wp\/v2\/users\/1"}],"replies":[{"embeddable":true,"href":"https:\/\/mavideniz.com.tr\/tr\/wp-json\/wp\/v2\/comments?post=28179"}],"version-history":[{"count":0,"href":"https:\/\/mavideniz.com.tr\/tr\/wp-json\/wp\/v2\/pages\/28179\/revisions"}],"up":[{"embeddable":true,"href":"https:\/\/mavideniz.com.tr\/tr\/wp-json\/wp\/v2\/pages\/28176"}],"wp:attachment":[{"href":"https:\/\/mavideniz.com.tr\/tr\/wp-json\/wp\/v2\/media?parent=28179"}],"curies":[{"name":"wp","href":"https:\/\/api.w.org\/{rel}","templated":true}]}}