{"id":28207,"date":"2020-10-07T17:21:00","date_gmt":"2020-10-07T17:21:00","guid":{"rendered":"https:\/\/mavideniz.com.tr\/?page_id=28207"},"modified":"2024-04-22T20:17:59","modified_gmt":"2024-04-22T20:17:59","slug":"hizli-feribot-petrol-sizintisina-mudahale-operasyonu","status":"publish","type":"page","link":"https:\/\/mavideniz.com.tr\/tr\/servislerimiz\/petrol-sizintisi-mudahalesi-onleme\/petrol-sizintisi-mudahale-operasyonlari-yonetimi\/hizli-feribot-petrol-sizintisina-mudahale-operasyonu\/","title":{"rendered":"2020\/10\/07H\u0131zl\u0131 Feribot Petrol S\u0131z\u0131nt\u0131s\u0131na M\u00fcdahale Operasyonu"},"content":{"rendered":"<p>7 Ekim 2020&#8217;de \u0130DO-\u0130stanbul Deniz Otob\u00fcsleri San. ve Tic. A.\u015e., \u0130DO-Bostanc\u0131 iskelesinde ya\u015fanan deniz kirlili\u011fine m\u00fcdahale talebi \u00fczerine, saat 21:30 s\u0131ralar\u0131nda gerekli m\u00fcdahaleyi yapmak i\u00e7in gerekli t\u00fcm ekipman ve personel ile \u0130DO-Bostanc\u0131 iskelesine ula\u015ft\u0131.<\/p>\n<p>Geri \u00e7ekilen yak\u0131t bariyeri ile deniz kirlili\u011finin kontroll\u00fc alana al\u0131nd\u0131\u011f\u0131 g\u00f6zlemlendi ve b\u00f6lgede temizlik \u00e7al\u0131\u015fmalar\u0131na ba\u015fland\u0131.<\/p>\n<p>8 ki\u015filik temizlik ekibi ve m\u00fcdahale ekipmanlar\u0131 ile \u015firket personelimiz d\u00fczenli olarak kirlilik kontrol\u00fc, kirlilik analizi ve temizlik \u00e7al\u0131\u015fmas\u0131 yapm\u0131\u015ft\u0131r.<\/p>\n<p>Firmam\u0131z taraf\u0131ndan y\u00fcr\u00fct\u00fclen temizlik \u00e7al\u0131\u015fmalar\u0131 s\u0131ras\u0131nda Sahil G\u00fcvenlik TCSG-10 ve \u0130BB. \u00c7evre Koruma ve Kontrol botu, \u0130DO yetkilileri ba\u015fta olmak \u00fczere t\u00fcm taraflarla yap\u0131lan m\u00fcdahaleler, durum de\u011ferlendirmeleri ve fikir al\u0131\u015fveri\u015fi s\u0131ras\u0131nda olay yerini s\u00fcrekli takip etti. Deniz y\u00fczeyi, gemiler, kaya ve iskeleler \u00fc\u00e7 g\u00fcnde temizlendi.<\/p>\n","protected":false},"excerpt":{"rendered":"<p>7 Ekim 2020&#8217;de \u0130DO-\u0130stanbul Deniz Otob\u00fcsleri San. ve Tic. A.\u015e., \u0130DO-Bostanc\u0131 iskelesinde ya\u015fanan deniz kirlili\u011fine m\u00fcdahale talebi \u00fczerine, saat 21:30 [&hellip;]<\/p>\n","protected":false},"author":1,"featured_media":0,"parent":28192,"menu_order":0,"comment_status":"closed","ping_status":"closed","template":"","meta":{"site-sidebar-layout":"default","site-content-layout":"","ast-site-content-layout":"default","site-content-style":"default","site-sidebar-style":"default","ast-global-header-display":"","ast-banner-title-visibility":"","ast-main-header-display":"","ast-hfb-above-header-display":"","ast-hfb-below-header-display":"","ast-hfb-mobile-header-display":"","site-post-title":"","ast-breadcrumbs-content":"","ast-featured-img":"","footer-sml-layout":"","ast-disable-related-posts":"","theme-transparent-header-meta":"","adv-header-id-meta":"","stick-header-meta":"","header-above-stick-meta":"","header-main-stick-meta":"","header-below-stick-meta":"","astra-migrate-meta-layouts":"default","ast-page-background-enabled":"default","ast-page-background-meta":{"desktop":{"background-color":"var(--ast-global-color-5)","background-image":"","background-repeat":"repeat","background-position":"center center","background-size":"auto","background-attachment":"scroll","background-type":"","background-media":"","overlay-type":"","overlay-color":"","overlay-opacity":"","overlay-gradient":""},"tablet":{"background-color":"","background-image":"","background-repeat":"repeat","background-position":"center center","background-size":"auto","background-attachment":"scroll","background-type":"","background-media":"","overlay-type":"","overlay-color":"","overlay-opacity":"","overlay-gradient":""},"mobile":{"background-color":"","background-image":"","background-repeat":"repeat","background-position":"center center","background-size":"auto","background-attachment":"scroll","background-type":"","background-media":"","overlay-type":"","overlay-color":"","overlay-opacity":"","overlay-gradient":""}},"ast-content-background-meta":{"desktop":{"background-color":"var(--ast-global-color-4)","background-image":"","background-repeat":"repeat","background-position":"center center","background-size":"auto","background-attachment":"scroll","background-type":"","background-media":"","overlay-type":"","overlay-color":"","overlay-opacity":"","overlay-gradient":""},"tablet":{"background-color":"var(--ast-global-color-4)","background-image":"","background-repeat":"repeat","background-position":"center center","background-size":"auto","background-attachment":"scroll","background-type":"","background-media":"","overlay-type":"","overlay-color":"","overlay-opacity":"","overlay-gradient":""},"mobile":{"background-color":"var(--ast-global-color-4)","background-image":"","background-repeat":"repeat","background-position":"center center","background-size":"auto","background-attachment":"scroll","background-type":"","background-media":"","overlay-type":"","overlay-color":"","overlay-opacity":"","overlay-gradient":""}},"footnotes":""},"class_list":["post-28207","page","type-page","status-publish","hentry"],"_links":{"self":[{"href":"https:\/\/mavideniz.com.tr\/tr\/wp-json\/wp\/v2\/pages\/28207","targetHints":{"allow":["GET"]}}],"collection":[{"href":"https:\/\/mavideniz.com.tr\/tr\/wp-json\/wp\/v2\/pages"}],"about":[{"href":"https:\/\/mavideniz.com.tr\/tr\/wp-json\/wp\/v2\/types\/page"}],"author":[{"embeddable":true,"href":"https:\/\/mavideniz.com.tr\/tr\/wp-json\/wp\/v2\/users\/1"}],"replies":[{"embeddable":true,"href":"https:\/\/mavideniz.com.tr\/tr\/wp-json\/wp\/v2\/comments?post=28207"}],"version-history":[{"count":0,"href":"https:\/\/mavideniz.com.tr\/tr\/wp-json\/wp\/v2\/pages\/28207\/revisions"}],"up":[{"embeddable":true,"href":"https:\/\/mavideniz.com.tr\/tr\/wp-json\/wp\/v2\/pages\/28192"}],"wp:attachment":[{"href":"https:\/\/mavideniz.com.tr\/tr\/wp-json\/wp\/v2\/media?parent=28207"}],"curies":[{"name":"wp","href":"https:\/\/api.w.org\/{rel}","templated":true}]}}