{"id":28211,"date":"2012-05-14T17:34:00","date_gmt":"2012-05-14T17:34:00","guid":{"rendered":"https:\/\/mavideniz.com.tr\/?page_id=28211"},"modified":"2024-04-22T21:00:31","modified_gmt":"2024-04-22T21:00:31","slug":"grimaldi-napoli-petrol-sizintisi-mudahale-operasyonu","status":"publish","type":"page","link":"https:\/\/mavideniz.com.tr\/tr\/servislerimiz\/petrol-sizintisi-mudahalesi-onleme\/petrol-sizintisi-mudahale-operasyonlari-yonetimi\/grimaldi-napoli-petrol-sizintisi-mudahale-operasyonu\/","title":{"rendered":"Grimaldi Napoli Petrol S\u0131z\u0131nt\u0131s\u0131 M\u00fcdahale Operasyonu"},"content":{"rendered":"<p>Grimaldi Grande Napoli Gemisi, Ford Otomotiv Kocaeli Liman\u0131&#8217;na gelerek petrol kirlili\u011fine neden oldu. K\u0131y\u0131 ve deniz, petrol s\u0131z\u0131nt\u0131s\u0131 kurtarma gemisi, petrol s\u0131y\u0131r\u0131c\u0131s\u0131, ya\u011f emiciler ile temizlenmi\u015f ve geri d\u00f6n\u00fc\u015f\u00fcm tesisine g\u00f6nderilen toplanan at\u0131klar toplanm\u0131\u015ft\u0131r.<\/p>\n","protected":false},"excerpt":{"rendered":"<p>Grimaldi Grande Napoli Gemisi, Ford Otomotiv Kocaeli Liman\u0131&#8217;na gelerek petrol kirlili\u011fine neden oldu. K\u0131y\u0131 ve deniz, petrol s\u0131z\u0131nt\u0131s\u0131 kurtarma gemisi, [&hellip;]<\/p>\n","protected":false},"author":1,"featured_media":0,"parent":28192,"menu_order":0,"comment_status":"closed","ping_status":"closed","template":"","meta":{"site-sidebar-layout":"default","site-content-layout":"","ast-site-content-layout":"default","site-content-style":"default","site-sidebar-style":"default","ast-global-header-display":"","ast-banner-title-visibility":"","ast-main-header-display":"","ast-hfb-above-header-display":"","ast-hfb-below-header-display":"","ast-hfb-mobile-header-display":"","site-post-title":"","ast-breadcrumbs-content":"","ast-featured-img":"","footer-sml-layout":"","ast-disable-related-posts":"","theme-transparent-header-meta":"","adv-header-id-meta":"","stick-header-meta":"","header-above-stick-meta":"","header-main-stick-meta":"","header-below-stick-meta":"","astra-migrate-meta-layouts":"default","ast-page-background-enabled":"default","ast-page-background-meta":{"desktop":{"background-color":"var(--ast-global-color-5)","background-image":"","background-repeat":"repeat","background-position":"center center","background-size":"auto","background-attachment":"scroll","background-type":"","background-media":"","overlay-type":"","overlay-color":"","overlay-opacity":"","overlay-gradient":""},"tablet":{"background-color":"","background-image":"","background-repeat":"repeat","background-position":"center center","background-size":"auto","background-attachment":"scroll","background-type":"","background-media":"","overlay-type":"","overlay-color":"","overlay-opacity":"","overlay-gradient":""},"mobile":{"background-color":"","background-image":"","background-repeat":"repeat","background-position":"center center","background-size":"auto","background-attachment":"scroll","background-type":"","background-media":"","overlay-type":"","overlay-color":"","overlay-opacity":"","overlay-gradient":""}},"ast-content-background-meta":{"desktop":{"background-color":"var(--ast-global-color-4)","background-image":"","background-repeat":"repeat","background-position":"center center","background-size":"auto","background-attachment":"scroll","background-type":"","background-media":"","overlay-type":"","overlay-color":"","overlay-opacity":"","overlay-gradient":""},"tablet":{"background-color":"var(--ast-global-color-4)","background-image":"","background-repeat":"repeat","background-position":"center center","background-size":"auto","background-attachment":"scroll","background-type":"","background-media":"","overlay-type":"","overlay-color":"","overlay-opacity":"","overlay-gradient":""},"mobile":{"background-color":"var(--ast-global-color-4)","background-image":"","background-repeat":"repeat","background-position":"center center","background-size":"auto","background-attachment":"scroll","background-type":"","background-media":"","overlay-type":"","overlay-color":"","overlay-opacity":"","overlay-gradient":""}},"footnotes":""},"class_list":["post-28211","page","type-page","status-publish","hentry"],"_links":{"self":[{"href":"https:\/\/mavideniz.com.tr\/tr\/wp-json\/wp\/v2\/pages\/28211","targetHints":{"allow":["GET"]}}],"collection":[{"href":"https:\/\/mavideniz.com.tr\/tr\/wp-json\/wp\/v2\/pages"}],"about":[{"href":"https:\/\/mavideniz.com.tr\/tr\/wp-json\/wp\/v2\/types\/page"}],"author":[{"embeddable":true,"href":"https:\/\/mavideniz.com.tr\/tr\/wp-json\/wp\/v2\/users\/1"}],"replies":[{"embeddable":true,"href":"https:\/\/mavideniz.com.tr\/tr\/wp-json\/wp\/v2\/comments?post=28211"}],"version-history":[{"count":0,"href":"https:\/\/mavideniz.com.tr\/tr\/wp-json\/wp\/v2\/pages\/28211\/revisions"}],"up":[{"embeddable":true,"href":"https:\/\/mavideniz.com.tr\/tr\/wp-json\/wp\/v2\/pages\/28192"}],"wp:attachment":[{"href":"https:\/\/mavideniz.com.tr\/tr\/wp-json\/wp\/v2\/media?parent=28211"}],"curies":[{"name":"wp","href":"https:\/\/api.w.org\/{rel}","templated":true}]}}