{"id":28220,"date":"2004-12-18T17:54:00","date_gmt":"2004-12-18T17:54:00","guid":{"rendered":"https:\/\/mavideniz.com.tr\/?page_id=28220"},"modified":"2024-04-22T21:07:22","modified_gmt":"2024-04-22T21:07:22","slug":"m-t-british-enterprise-petrol-sizintisi-mudahalesi","status":"publish","type":"page","link":"https:\/\/mavideniz.com.tr\/tr\/servislerimiz\/petrol-sizintisi-mudahalesi-onleme\/petrol-sizintisi-mudahale-operasyonlari-yonetimi\/m-t-british-enterprise-petrol-sizintisi-mudahalesi\/","title":{"rendered":"M\/T BRITISH ENTERPRISE Petrol S\u0131z\u0131nt\u0131s\u0131 M\u00fcdahalesi"},"content":{"rendered":"<p>Kaza Yeri: Ah1rkap1 Demir \/ \u0130stanbul<\/p>\n<p>M\/V BRITISH ENTERPRISE&#8217;\u0131n 16.02.2004 tarihinde Marmara Denizi&#8217;nde Ye\u015filk\u00f6y yak\u0131nlar\u0131nda karaya \u00e7\u0131kt\u0131\u011f\u0131 olay yerine, k\u00f6t\u00fc hava ko\u015fullar\u0131 nedeniyle acil ani petrol s\u0131z\u0131nt\u0131s\u0131 m\u00fcdahale ekiplerimiz sevk edildi. Yan\u0131ndaki di\u011fer k\u00fc\u00e7\u00fck tankerlere 2450 ton petrol ta\u015f\u0131nd\u0131. Birka\u00e7 g\u00fcn boyunca kurtar\u0131c\u0131lar, yeniden y\u00fczd\u00fcrme giri\u015fiminin yap\u0131labilmesi i\u00e7in gemiyi hafifletmek i\u00e7in haz\u0131rl\u0131klar yapt\u0131 ve STS gemiden gemiye operasyon ba\u015far\u0131yla tamamland\u0131. Sonunda ba\u015far\u0131yla yeniden y\u00fczd\u00fcr\u00fcld\u00fc ve Mavi Deniz \u00c7evre Koruma Hizmetleri A.\u015e.&#8217;nin m\u00fcdahale operasyonlar\u0131 devam etti. Bu arada geminin etraf\u0131 deniz y\u00fczeyinden petrol s\u0131z\u0131nt\u0131s\u0131n\u0131 \u00f6nlemek i\u00e7in 600 m&#8217;lik \u015fi\u015firilebilir petrol bomlar\u0131 ve lisansl\u0131 Sintine At\u0131k Toplama Gemileri ile tankerden al\u0131nan 1.000 ton balast suyunu At\u0131k Geri D\u00f6n\u00fc\u015f\u00fcm Fabrikas\u0131&#8217;na sevk etti.<\/p>\n","protected":false},"excerpt":{"rendered":"<p>Kaza Yeri: Ah1rkap1 Demir \/ \u0130stanbul M\/V BRITISH ENTERPRISE&#8217;\u0131n 16.02.2004 tarihinde Marmara Denizi&#8217;nde Ye\u015filk\u00f6y yak\u0131nlar\u0131nda karaya \u00e7\u0131kt\u0131\u011f\u0131 olay yerine, k\u00f6t\u00fc [&hellip;]<\/p>\n","protected":false},"author":1,"featured_media":0,"parent":28192,"menu_order":0,"comment_status":"closed","ping_status":"closed","template":"","meta":{"site-sidebar-layout":"default","site-content-layout":"","ast-site-content-layout":"default","site-content-style":"default","site-sidebar-style":"default","ast-global-header-display":"","ast-banner-title-visibility":"","ast-main-header-display":"","ast-hfb-above-header-display":"","ast-hfb-below-header-display":"","ast-hfb-mobile-header-display":"","site-post-title":"","ast-breadcrumbs-content":"","ast-featured-img":"","footer-sml-layout":"","ast-disable-related-posts":"","theme-transparent-header-meta":"","adv-header-id-meta":"","stick-header-meta":"","header-above-stick-meta":"","header-main-stick-meta":"","header-below-stick-meta":"","astra-migrate-meta-layouts":"default","ast-page-background-enabled":"default","ast-page-background-meta":{"desktop":{"background-color":"var(--ast-global-color-5)","background-image":"","background-repeat":"repeat","background-position":"center center","background-size":"auto","background-attachment":"scroll","background-type":"","background-media":"","overlay-type":"","overlay-color":"","overlay-opacity":"","overlay-gradient":""},"tablet":{"background-color":"","background-image":"","background-repeat":"repeat","background-position":"center center","background-size":"auto","background-attachment":"scroll","background-type":"","background-media":"","overlay-type":"","overlay-color":"","overlay-opacity":"","overlay-gradient":""},"mobile":{"background-color":"","background-image":"","background-repeat":"repeat","background-position":"center center","background-size":"auto","background-attachment":"scroll","background-type":"","background-media":"","overlay-type":"","overlay-color":"","overlay-opacity":"","overlay-gradient":""}},"ast-content-background-meta":{"desktop":{"background-color":"var(--ast-global-color-4)","background-image":"","background-repeat":"repeat","background-position":"center center","background-size":"auto","background-attachment":"scroll","background-type":"","background-media":"","overlay-type":"","overlay-color":"","overlay-opacity":"","overlay-gradient":""},"tablet":{"background-color":"var(--ast-global-color-4)","background-image":"","background-repeat":"repeat","background-position":"center center","background-size":"auto","background-attachment":"scroll","background-type":"","background-media":"","overlay-type":"","overlay-color":"","overlay-opacity":"","overlay-gradient":""},"mobile":{"background-color":"var(--ast-global-color-4)","background-image":"","background-repeat":"repeat","background-position":"center center","background-size":"auto","background-attachment":"scroll","background-type":"","background-media":"","overlay-type":"","overlay-color":"","overlay-opacity":"","overlay-gradient":""}},"footnotes":""},"class_list":["post-28220","page","type-page","status-publish","hentry"],"_links":{"self":[{"href":"https:\/\/mavideniz.com.tr\/tr\/wp-json\/wp\/v2\/pages\/28220","targetHints":{"allow":["GET"]}}],"collection":[{"href":"https:\/\/mavideniz.com.tr\/tr\/wp-json\/wp\/v2\/pages"}],"about":[{"href":"https:\/\/mavideniz.com.tr\/tr\/wp-json\/wp\/v2\/types\/page"}],"author":[{"embeddable":true,"href":"https:\/\/mavideniz.com.tr\/tr\/wp-json\/wp\/v2\/users\/1"}],"replies":[{"embeddable":true,"href":"https:\/\/mavideniz.com.tr\/tr\/wp-json\/wp\/v2\/comments?post=28220"}],"version-history":[{"count":0,"href":"https:\/\/mavideniz.com.tr\/tr\/wp-json\/wp\/v2\/pages\/28220\/revisions"}],"up":[{"embeddable":true,"href":"https:\/\/mavideniz.com.tr\/tr\/wp-json\/wp\/v2\/pages\/28192"}],"wp:attachment":[{"href":"https:\/\/mavideniz.com.tr\/tr\/wp-json\/wp\/v2\/media?parent=28220"}],"curies":[{"name":"wp","href":"https:\/\/api.w.org\/{rel}","templated":true}]}}