{"id":28229,"date":"2011-02-20T18:15:00","date_gmt":"2011-02-20T18:15:00","guid":{"rendered":"https:\/\/mavideniz.com.tr\/?page_id=28229"},"modified":"2024-04-22T21:12:18","modified_gmt":"2024-04-22T21:12:18","slug":"m-v-altenavi-petrol-sizintisi-mudahale-operasyonu","status":"publish","type":"page","link":"https:\/\/mavideniz.com.tr\/tr\/servislerimiz\/petrol-sizintisi-mudahalesi-onleme\/petrol-sizintisi-mudahale-operasyonlari-yonetimi\/m-v-altenavi-petrol-sizintisi-mudahale-operasyonu\/","title":{"rendered":"M\/V ALTENAVI Petrol S\u0131z\u0131nt\u0131s\u0131 M\u00fcdahale Operasyonu"},"content":{"rendered":"<p>Hereke Diler Liman\u0131&#8217;na ba\u011fl\u0131 M\/V Altenavi isimli gemiye yak\u0131t transferi s\u0131ras\u0131nda g\u00fcvertedeki gemi ta\u015fmas\u0131ndan yak\u0131t d\u00f6k\u00fcld\u00fc. Bu olay sonucunda limanlar, gemiler ve k\u0131y\u0131 \u015feritleri petrolle kirlenmi\u015ftir. Mavi Deniz \u00c7evre Hizmetleri A.\u015e., bir petrol kurtarma gemisi, petrol bariyeri, e\u011fitimli personel ve di\u011fer ekipmanlarla bir saat i\u00e7inde petrol s\u0131z\u0131nt\u0131s\u0131na m\u00fcdahale operasyonu ger\u00e7ekle\u015ftirdi. Deniz ve temizlenmi\u015f ve operasyon 03.03.2011 tarihinde tamamlanm\u0131\u015ft\u0131r. Toplanan at\u0131klar \u0130ZAYDA\u015e at\u0131k bertaraf tesisine teslim edilmi\u015ftir.<\/p>\n","protected":false},"excerpt":{"rendered":"<p>Hereke Diler Liman\u0131&#8217;na ba\u011fl\u0131 M\/V Altenavi isimli gemiye yak\u0131t transferi s\u0131ras\u0131nda g\u00fcvertedeki gemi ta\u015fmas\u0131ndan yak\u0131t d\u00f6k\u00fcld\u00fc. Bu olay sonucunda limanlar, [&hellip;]<\/p>\n","protected":false},"author":1,"featured_media":0,"parent":28192,"menu_order":0,"comment_status":"closed","ping_status":"closed","template":"","meta":{"site-sidebar-layout":"default","site-content-layout":"","ast-site-content-layout":"default","site-content-style":"default","site-sidebar-style":"default","ast-global-header-display":"","ast-banner-title-visibility":"","ast-main-header-display":"","ast-hfb-above-header-display":"","ast-hfb-below-header-display":"","ast-hfb-mobile-header-display":"","site-post-title":"","ast-breadcrumbs-content":"","ast-featured-img":"","footer-sml-layout":"","ast-disable-related-posts":"","theme-transparent-header-meta":"","adv-header-id-meta":"","stick-header-meta":"","header-above-stick-meta":"","header-main-stick-meta":"","header-below-stick-meta":"","astra-migrate-meta-layouts":"default","ast-page-background-enabled":"default","ast-page-background-meta":{"desktop":{"background-color":"var(--ast-global-color-5)","background-image":"","background-repeat":"repeat","background-position":"center center","background-size":"auto","background-attachment":"scroll","background-type":"","background-media":"","overlay-type":"","overlay-color":"","overlay-opacity":"","overlay-gradient":""},"tablet":{"background-color":"","background-image":"","background-repeat":"repeat","background-position":"center center","background-size":"auto","background-attachment":"scroll","background-type":"","background-media":"","overlay-type":"","overlay-color":"","overlay-opacity":"","overlay-gradient":""},"mobile":{"background-color":"","background-image":"","background-repeat":"repeat","background-position":"center center","background-size":"auto","background-attachment":"scroll","background-type":"","background-media":"","overlay-type":"","overlay-color":"","overlay-opacity":"","overlay-gradient":""}},"ast-content-background-meta":{"desktop":{"background-color":"var(--ast-global-color-4)","background-image":"","background-repeat":"repeat","background-position":"center center","background-size":"auto","background-attachment":"scroll","background-type":"","background-media":"","overlay-type":"","overlay-color":"","overlay-opacity":"","overlay-gradient":""},"tablet":{"background-color":"var(--ast-global-color-4)","background-image":"","background-repeat":"repeat","background-position":"center center","background-size":"auto","background-attachment":"scroll","background-type":"","background-media":"","overlay-type":"","overlay-color":"","overlay-opacity":"","overlay-gradient":""},"mobile":{"background-color":"var(--ast-global-color-4)","background-image":"","background-repeat":"repeat","background-position":"center center","background-size":"auto","background-attachment":"scroll","background-type":"","background-media":"","overlay-type":"","overlay-color":"","overlay-opacity":"","overlay-gradient":""}},"footnotes":""},"class_list":["post-28229","page","type-page","status-publish","hentry"],"_links":{"self":[{"href":"https:\/\/mavideniz.com.tr\/tr\/wp-json\/wp\/v2\/pages\/28229","targetHints":{"allow":["GET"]}}],"collection":[{"href":"https:\/\/mavideniz.com.tr\/tr\/wp-json\/wp\/v2\/pages"}],"about":[{"href":"https:\/\/mavideniz.com.tr\/tr\/wp-json\/wp\/v2\/types\/page"}],"author":[{"embeddable":true,"href":"https:\/\/mavideniz.com.tr\/tr\/wp-json\/wp\/v2\/users\/1"}],"replies":[{"embeddable":true,"href":"https:\/\/mavideniz.com.tr\/tr\/wp-json\/wp\/v2\/comments?post=28229"}],"version-history":[{"count":0,"href":"https:\/\/mavideniz.com.tr\/tr\/wp-json\/wp\/v2\/pages\/28229\/revisions"}],"up":[{"embeddable":true,"href":"https:\/\/mavideniz.com.tr\/tr\/wp-json\/wp\/v2\/pages\/28192"}],"wp:attachment":[{"href":"https:\/\/mavideniz.com.tr\/tr\/wp-json\/wp\/v2\/media?parent=28229"}],"curies":[{"name":"wp","href":"https:\/\/api.w.org\/{rel}","templated":true}]}}