{"id":28233,"date":"2011-03-29T18:27:00","date_gmt":"2011-03-29T18:27:00","guid":{"rendered":"https:\/\/mavideniz.com.tr\/?page_id=28233"},"modified":"2024-04-22T21:14:19","modified_gmt":"2024-04-22T21:14:19","slug":"m-v-amal-petrol-sizintisi-mudahale-operasyonu","status":"publish","type":"page","link":"https:\/\/mavideniz.com.tr\/tr\/servislerimiz\/petrol-sizintisi-mudahalesi-onleme\/petrol-sizintisi-mudahale-operasyonlari-yonetimi\/m-v-amal-petrol-sizintisi-mudahale-operasyonu\/","title":{"rendered":"M\/V AMAL Petrol S\u0131z\u0131nt\u0131s\u0131 M\u00fcdahale Operasyonu"},"content":{"rendered":"<p>Yar\u0131mca Rota Liman\u0131&#8217;nda bulunan M\/V AMAL adl\u0131 gemi, akaryak\u0131t mavnas\u0131ndan \u00e7\u0131kan bunker s\u0131ras\u0131nda denizde akaryak\u0131t kirlili\u011fine neden oldu. Gemi kaptan\u0131 ve geminin P&amp;I Club Sigortas\u0131, denizdeki petrol kirlili\u011fini temizlemek i\u00e7in Mavi Deniz \u00c7evre Koruma Hizmetleri ile anla\u015ft\u0131. \u015eirketimiz petrol s\u0131z\u0131nt\u0131s\u0131 m\u00fcdahalesi ile su\u00e7land\u0131ktan sonra, ekipman ve e\u011fitimli personel ile \u015firket 30 dakika i\u00e7inde b\u00f6lgeye geldi. Petrol geri kazan\u0131m gemisi, petrol\u00fcn yay\u0131lmas\u0131n\u0131 \u00f6nlemek i\u00e7in 1200 metrelik ya\u011f bariyeri ile kirlenmi\u015f 4 gemiyi \u00e7evreledi. Operasyon 17.04.2011 tarihinde tamamlanm\u0131\u015ft\u0131r. Toplanan at\u0131klar \u0130ZAYDA\u015e at\u0131k bertaraf tesisine teslim edilmi\u015ftir.<\/p>\n","protected":false},"excerpt":{"rendered":"<p>Yar\u0131mca Rota Liman\u0131&#8217;nda bulunan M\/V AMAL adl\u0131 gemi, akaryak\u0131t mavnas\u0131ndan \u00e7\u0131kan bunker s\u0131ras\u0131nda denizde akaryak\u0131t kirlili\u011fine neden oldu. Gemi kaptan\u0131 [&hellip;]<\/p>\n","protected":false},"author":1,"featured_media":0,"parent":28192,"menu_order":0,"comment_status":"closed","ping_status":"closed","template":"","meta":{"site-sidebar-layout":"default","site-content-layout":"","ast-site-content-layout":"default","site-content-style":"default","site-sidebar-style":"default","ast-global-header-display":"","ast-banner-title-visibility":"","ast-main-header-display":"","ast-hfb-above-header-display":"","ast-hfb-below-header-display":"","ast-hfb-mobile-header-display":"","site-post-title":"","ast-breadcrumbs-content":"","ast-featured-img":"","footer-sml-layout":"","ast-disable-related-posts":"","theme-transparent-header-meta":"","adv-header-id-meta":"","stick-header-meta":"","header-above-stick-meta":"","header-main-stick-meta":"","header-below-stick-meta":"","astra-migrate-meta-layouts":"default","ast-page-background-enabled":"default","ast-page-background-meta":{"desktop":{"background-color":"var(--ast-global-color-5)","background-image":"","background-repeat":"repeat","background-position":"center center","background-size":"auto","background-attachment":"scroll","background-type":"","background-media":"","overlay-type":"","overlay-color":"","overlay-opacity":"","overlay-gradient":""},"tablet":{"background-color":"","background-image":"","background-repeat":"repeat","background-position":"center center","background-size":"auto","background-attachment":"scroll","background-type":"","background-media":"","overlay-type":"","overlay-color":"","overlay-opacity":"","overlay-gradient":""},"mobile":{"background-color":"","background-image":"","background-repeat":"repeat","background-position":"center center","background-size":"auto","background-attachment":"scroll","background-type":"","background-media":"","overlay-type":"","overlay-color":"","overlay-opacity":"","overlay-gradient":""}},"ast-content-background-meta":{"desktop":{"background-color":"var(--ast-global-color-4)","background-image":"","background-repeat":"repeat","background-position":"center center","background-size":"auto","background-attachment":"scroll","background-type":"","background-media":"","overlay-type":"","overlay-color":"","overlay-opacity":"","overlay-gradient":""},"tablet":{"background-color":"var(--ast-global-color-4)","background-image":"","background-repeat":"repeat","background-position":"center center","background-size":"auto","background-attachment":"scroll","background-type":"","background-media":"","overlay-type":"","overlay-color":"","overlay-opacity":"","overlay-gradient":""},"mobile":{"background-color":"var(--ast-global-color-4)","background-image":"","background-repeat":"repeat","background-position":"center center","background-size":"auto","background-attachment":"scroll","background-type":"","background-media":"","overlay-type":"","overlay-color":"","overlay-opacity":"","overlay-gradient":""}},"footnotes":""},"class_list":["post-28233","page","type-page","status-publish","hentry"],"_links":{"self":[{"href":"https:\/\/mavideniz.com.tr\/tr\/wp-json\/wp\/v2\/pages\/28233","targetHints":{"allow":["GET"]}}],"collection":[{"href":"https:\/\/mavideniz.com.tr\/tr\/wp-json\/wp\/v2\/pages"}],"about":[{"href":"https:\/\/mavideniz.com.tr\/tr\/wp-json\/wp\/v2\/types\/page"}],"author":[{"embeddable":true,"href":"https:\/\/mavideniz.com.tr\/tr\/wp-json\/wp\/v2\/users\/1"}],"replies":[{"embeddable":true,"href":"https:\/\/mavideniz.com.tr\/tr\/wp-json\/wp\/v2\/comments?post=28233"}],"version-history":[{"count":0,"href":"https:\/\/mavideniz.com.tr\/tr\/wp-json\/wp\/v2\/pages\/28233\/revisions"}],"up":[{"embeddable":true,"href":"https:\/\/mavideniz.com.tr\/tr\/wp-json\/wp\/v2\/pages\/28192"}],"wp:attachment":[{"href":"https:\/\/mavideniz.com.tr\/tr\/wp-json\/wp\/v2\/media?parent=28233"}],"curies":[{"name":"wp","href":"https:\/\/api.w.org\/{rel}","templated":true}]}}