{"id":28237,"date":"2013-07-06T18:31:00","date_gmt":"2013-07-06T18:31:00","guid":{"rendered":"https:\/\/mavideniz.com.tr\/?page_id=28237"},"modified":"2024-04-22T21:16:33","modified_gmt":"2024-04-22T21:16:33","slug":"m-v-cenk-a-roro-petrol-sizintisi-mudahale-operasyonu","status":"publish","type":"page","link":"https:\/\/mavideniz.com.tr\/tr\/servislerimiz\/petrol-sizintisi-mudahalesi-onleme\/petrol-sizintisi-mudahale-operasyonlari-yonetimi\/m-v-cenk-a-roro-petrol-sizintisi-mudahale-operasyonu\/","title":{"rendered":"M\/V Cenk A RORO Petrol S\u0131z\u0131nt\u0131s\u0131 M\u00fcdahale Operasyonu"},"content":{"rendered":"<p>Cenk A RORO, Zonguldak Karadeniz b\u00f6lgesinde, Bilgewater&#8217;\u0131n k\u00f6t\u00fc hava ko\u015fullar\u0131 nedeniyle liman kar\u015f\u0131lama tesisine aktarma operasyonu s\u0131ras\u0131nda suya petrol s\u0131z\u0131nt\u0131s\u0131 yap\u0131yor. Limana d\u00f6k\u00fclen tahmini iki Ton Ya\u011fl\u0131 at\u0131k s\u0131v\u0131. Mavi Deniz Tier 1 Petrol S\u0131z\u0131nt\u0131s\u0131 Ekipman\u0131, 40 DC&#8217;lik bir Konteynerde acil bir durum i\u00e7in limanda beklemede. 125 mt&#8217;lik Oil Boom RORO gemisinin etraf\u0131na f\u0131rlat\u0131ld\u0131 ve su \u00fczerinde ya\u011f toplamak i\u00e7in Oil Emici Pad, Oil Booms, Oil Skimmers kullan\u0131ld\u0131. 1 haftal\u0131k s\u00fcrede operasyon tamamland\u0131.<\/p>\n","protected":false},"excerpt":{"rendered":"<p>Cenk A RORO, Zonguldak Karadeniz b\u00f6lgesinde, Bilgewater&#8217;\u0131n k\u00f6t\u00fc hava ko\u015fullar\u0131 nedeniyle liman kar\u015f\u0131lama tesisine aktarma operasyonu s\u0131ras\u0131nda suya petrol s\u0131z\u0131nt\u0131s\u0131 [&hellip;]<\/p>\n","protected":false},"author":1,"featured_media":0,"parent":28192,"menu_order":0,"comment_status":"closed","ping_status":"closed","template":"","meta":{"site-sidebar-layout":"default","site-content-layout":"","ast-site-content-layout":"default","site-content-style":"default","site-sidebar-style":"default","ast-global-header-display":"","ast-banner-title-visibility":"","ast-main-header-display":"","ast-hfb-above-header-display":"","ast-hfb-below-header-display":"","ast-hfb-mobile-header-display":"","site-post-title":"","ast-breadcrumbs-content":"","ast-featured-img":"","footer-sml-layout":"","ast-disable-related-posts":"","theme-transparent-header-meta":"","adv-header-id-meta":"","stick-header-meta":"","header-above-stick-meta":"","header-main-stick-meta":"","header-below-stick-meta":"","astra-migrate-meta-layouts":"default","ast-page-background-enabled":"default","ast-page-background-meta":{"desktop":{"background-color":"var(--ast-global-color-5)","background-image":"","background-repeat":"repeat","background-position":"center center","background-size":"auto","background-attachment":"scroll","background-type":"","background-media":"","overlay-type":"","overlay-color":"","overlay-opacity":"","overlay-gradient":""},"tablet":{"background-color":"","background-image":"","background-repeat":"repeat","background-position":"center center","background-size":"auto","background-attachment":"scroll","background-type":"","background-media":"","overlay-type":"","overlay-color":"","overlay-opacity":"","overlay-gradient":""},"mobile":{"background-color":"","background-image":"","background-repeat":"repeat","background-position":"center center","background-size":"auto","background-attachment":"scroll","background-type":"","background-media":"","overlay-type":"","overlay-color":"","overlay-opacity":"","overlay-gradient":""}},"ast-content-background-meta":{"desktop":{"background-color":"var(--ast-global-color-4)","background-image":"","background-repeat":"repeat","background-position":"center center","background-size":"auto","background-attachment":"scroll","background-type":"","background-media":"","overlay-type":"","overlay-color":"","overlay-opacity":"","overlay-gradient":""},"tablet":{"background-color":"var(--ast-global-color-4)","background-image":"","background-repeat":"repeat","background-position":"center center","background-size":"auto","background-attachment":"scroll","background-type":"","background-media":"","overlay-type":"","overlay-color":"","overlay-opacity":"","overlay-gradient":""},"mobile":{"background-color":"var(--ast-global-color-4)","background-image":"","background-repeat":"repeat","background-position":"center center","background-size":"auto","background-attachment":"scroll","background-type":"","background-media":"","overlay-type":"","overlay-color":"","overlay-opacity":"","overlay-gradient":""}},"footnotes":""},"class_list":["post-28237","page","type-page","status-publish","hentry"],"_links":{"self":[{"href":"https:\/\/mavideniz.com.tr\/tr\/wp-json\/wp\/v2\/pages\/28237","targetHints":{"allow":["GET"]}}],"collection":[{"href":"https:\/\/mavideniz.com.tr\/tr\/wp-json\/wp\/v2\/pages"}],"about":[{"href":"https:\/\/mavideniz.com.tr\/tr\/wp-json\/wp\/v2\/types\/page"}],"author":[{"embeddable":true,"href":"https:\/\/mavideniz.com.tr\/tr\/wp-json\/wp\/v2\/users\/1"}],"replies":[{"embeddable":true,"href":"https:\/\/mavideniz.com.tr\/tr\/wp-json\/wp\/v2\/comments?post=28237"}],"version-history":[{"count":0,"href":"https:\/\/mavideniz.com.tr\/tr\/wp-json\/wp\/v2\/pages\/28237\/revisions"}],"up":[{"embeddable":true,"href":"https:\/\/mavideniz.com.tr\/tr\/wp-json\/wp\/v2\/pages\/28192"}],"wp:attachment":[{"href":"https:\/\/mavideniz.com.tr\/tr\/wp-json\/wp\/v2\/media?parent=28237"}],"curies":[{"name":"wp","href":"https:\/\/api.w.org\/{rel}","templated":true}]}}