{"id":28242,"date":"2004-02-28T18:38:00","date_gmt":"2004-02-28T18:38:00","guid":{"rendered":"https:\/\/mavideniz.com.tr\/?page_id=28242"},"modified":"2024-04-22T21:20:33","modified_gmt":"2024-04-22T21:20:33","slug":"m-v-endeavor-petrol-sizintisi-mudahale-operasyonu","status":"publish","type":"page","link":"https:\/\/mavideniz.com.tr\/tr\/servislerimiz\/petrol-sizintisi-mudahalesi-onleme\/petrol-sizintisi-mudahale-operasyonlari-yonetimi\/m-v-endeavor-petrol-sizintisi-mudahale-operasyonu\/","title":{"rendered":"M\/V ENDEAVOR Petrol S\u0131z\u0131nt\u0131s\u0131 M\u00fcdahale Operasyonu"},"content":{"rendered":"<p>M\/V ENDEAVOR, Derince, Oiler Liman\u0131&#8217;nda yak\u0131t ikmali s\u0131ras\u0131nda denize fuel oil bo\u015falt\u0131yor. Kazadan sonra Mavi Deniz, petrol kirlili\u011fi m\u00fcdahale ekipmanlar\u0131n\u0131 harekete ge\u00e7irdi; 2 saat i\u00e7inde s\u0131z\u0131nt\u0131n\u0131n 10 ton deniz yak\u0131t\u0131 oldu\u011fu tahmin edildi. Geminin etraf\u0131na 250 m petrol s\u0131z\u0131nt\u0131 bariyerleri yerle\u015ftirildi. Oiler Liman Ba\u015fkanl\u0131\u011f\u0131 da Mavi Deniz&#8217;den kara y\u00fczeyi i\u00e7in temizlik hizmeti talep ediyor. Sahili ve kayalar\u0131 temizlemek i\u00e7in petrol s\u0131z\u0131nt\u0131s\u0131 kurtarma botlar\u0131, ya\u011f s\u0131y\u0131r\u0131c\u0131, ya\u011f emici pedler, su bazl\u0131 kimyasallar ve \u0131s\u0131tma makineleri kullan\u0131ld\u0131. Ya\u011f temizleme i\u015flemi bir ay boyunca ger\u00e7ekle\u015fir. T\u00fcm ya\u011fl\u0131 at\u0131klar varillerde topland\u0131 ve lisansl\u0131 kamyonlarla lisansl\u0131 yakma fabrikas\u0131na ta\u015f\u0131nd\u0131.<\/p>\n","protected":false},"excerpt":{"rendered":"<p>M\/V ENDEAVOR, Derince, Oiler Liman\u0131&#8217;nda yak\u0131t ikmali s\u0131ras\u0131nda denize fuel oil bo\u015falt\u0131yor. Kazadan sonra Mavi Deniz, petrol kirlili\u011fi m\u00fcdahale ekipmanlar\u0131n\u0131 [&hellip;]<\/p>\n","protected":false},"author":1,"featured_media":0,"parent":28192,"menu_order":0,"comment_status":"closed","ping_status":"closed","template":"","meta":{"site-sidebar-layout":"default","site-content-layout":"","ast-site-content-layout":"default","site-content-style":"default","site-sidebar-style":"default","ast-global-header-display":"","ast-banner-title-visibility":"","ast-main-header-display":"","ast-hfb-above-header-display":"","ast-hfb-below-header-display":"","ast-hfb-mobile-header-display":"","site-post-title":"","ast-breadcrumbs-content":"","ast-featured-img":"","footer-sml-layout":"","ast-disable-related-posts":"","theme-transparent-header-meta":"","adv-header-id-meta":"","stick-header-meta":"","header-above-stick-meta":"","header-main-stick-meta":"","header-below-stick-meta":"","astra-migrate-meta-layouts":"default","ast-page-background-enabled":"default","ast-page-background-meta":{"desktop":{"background-color":"var(--ast-global-color-5)","background-image":"","background-repeat":"repeat","background-position":"center center","background-size":"auto","background-attachment":"scroll","background-type":"","background-media":"","overlay-type":"","overlay-color":"","overlay-opacity":"","overlay-gradient":""},"tablet":{"background-color":"","background-image":"","background-repeat":"repeat","background-position":"center center","background-size":"auto","background-attachment":"scroll","background-type":"","background-media":"","overlay-type":"","overlay-color":"","overlay-opacity":"","overlay-gradient":""},"mobile":{"background-color":"","background-image":"","background-repeat":"repeat","background-position":"center center","background-size":"auto","background-attachment":"scroll","background-type":"","background-media":"","overlay-type":"","overlay-color":"","overlay-opacity":"","overlay-gradient":""}},"ast-content-background-meta":{"desktop":{"background-color":"var(--ast-global-color-4)","background-image":"","background-repeat":"repeat","background-position":"center center","background-size":"auto","background-attachment":"scroll","background-type":"","background-media":"","overlay-type":"","overlay-color":"","overlay-opacity":"","overlay-gradient":""},"tablet":{"background-color":"var(--ast-global-color-4)","background-image":"","background-repeat":"repeat","background-position":"center center","background-size":"auto","background-attachment":"scroll","background-type":"","background-media":"","overlay-type":"","overlay-color":"","overlay-opacity":"","overlay-gradient":""},"mobile":{"background-color":"var(--ast-global-color-4)","background-image":"","background-repeat":"repeat","background-position":"center center","background-size":"auto","background-attachment":"scroll","background-type":"","background-media":"","overlay-type":"","overlay-color":"","overlay-opacity":"","overlay-gradient":""}},"footnotes":""},"class_list":["post-28242","page","type-page","status-publish","hentry"],"_links":{"self":[{"href":"https:\/\/mavideniz.com.tr\/tr\/wp-json\/wp\/v2\/pages\/28242","targetHints":{"allow":["GET"]}}],"collection":[{"href":"https:\/\/mavideniz.com.tr\/tr\/wp-json\/wp\/v2\/pages"}],"about":[{"href":"https:\/\/mavideniz.com.tr\/tr\/wp-json\/wp\/v2\/types\/page"}],"author":[{"embeddable":true,"href":"https:\/\/mavideniz.com.tr\/tr\/wp-json\/wp\/v2\/users\/1"}],"replies":[{"embeddable":true,"href":"https:\/\/mavideniz.com.tr\/tr\/wp-json\/wp\/v2\/comments?post=28242"}],"version-history":[{"count":0,"href":"https:\/\/mavideniz.com.tr\/tr\/wp-json\/wp\/v2\/pages\/28242\/revisions"}],"up":[{"embeddable":true,"href":"https:\/\/mavideniz.com.tr\/tr\/wp-json\/wp\/v2\/pages\/28192"}],"wp:attachment":[{"href":"https:\/\/mavideniz.com.tr\/tr\/wp-json\/wp\/v2\/media?parent=28242"}],"curies":[{"name":"wp","href":"https:\/\/api.w.org\/{rel}","templated":true}]}}