{"id":28244,"date":"2004-09-25T18:55:00","date_gmt":"2004-09-25T18:55:00","guid":{"rendered":"https:\/\/mavideniz.com.tr\/?page_id=28244"},"modified":"2024-04-22T21:54:25","modified_gmt":"2024-04-22T21:54:25","slug":"m-v-granba-petrol-sizintisi-mudahale-operasyonu","status":"publish","type":"page","link":"https:\/\/mavideniz.com.tr\/tr\/servislerimiz\/petrol-sizintisi-mudahalesi-onleme\/petrol-sizintisi-mudahale-operasyonlari-yonetimi\/m-v-granba-petrol-sizintisi-mudahale-operasyonu\/","title":{"rendered":"M\/V GRANBA Petrol S\u0131z\u0131nt\u0131s\u0131 M\u00fcdahale Operasyonu"},"content":{"rendered":"<p>M\/V GRANBA saat 02.00&#8217;de Assos Sahili&#8217;nde karaya \u00e7\u0131kt\u0131. Tanker 89m uzunlu\u011funda ve 2.500 ton petrol y\u00fckl\u00fc. Bu i\u015f, kurtarma \u015firketi taraf\u0131ndan sa\u011flanan deneyim, uzmanl\u0131k, benzersiz pompalar ve di\u011fer ekipmanlara ihtiya\u00e7 duyar. Armat\u00f6r, 2.500 tonluk petrol\u00fcn i\u015fletmesini yan\u0131nda gelen ba\u015fka bir tankere aktarmas\u0131 i\u00e7in Mavi Deniz&#8217;i se\u00e7er. Ayn\u0131 zamanda devlet kurumunun g\u00f6zetiminde gemiden gemiye limbo operasyonu sorunsuz bir \u015fekilde tamamlan\u0131r. \u0130ki r\u00f6mork\u00f6r tankeri kurtar\u0131yor. T\u00fcm acil durum ekipmanlar\u0131 (pompalar, botlar, \u00e7amurluklar, petrol bomlar\u0131, i\u015f g\u00fcc\u00fc vb.) Mavi Deniz taraf\u0131ndan sa\u011fland\u0131.<\/p>\n","protected":false},"excerpt":{"rendered":"<p>M\/V GRANBA saat 02.00&#8217;de Assos Sahili&#8217;nde karaya \u00e7\u0131kt\u0131. Tanker 89m uzunlu\u011funda ve 2.500 ton petrol y\u00fckl\u00fc. Bu i\u015f, kurtarma \u015firketi [&hellip;]<\/p>\n","protected":false},"author":1,"featured_media":0,"parent":28192,"menu_order":0,"comment_status":"closed","ping_status":"closed","template":"","meta":{"site-sidebar-layout":"default","site-content-layout":"","ast-site-content-layout":"default","site-content-style":"default","site-sidebar-style":"default","ast-global-header-display":"","ast-banner-title-visibility":"","ast-main-header-display":"","ast-hfb-above-header-display":"","ast-hfb-below-header-display":"","ast-hfb-mobile-header-display":"","site-post-title":"","ast-breadcrumbs-content":"","ast-featured-img":"","footer-sml-layout":"","ast-disable-related-posts":"","theme-transparent-header-meta":"","adv-header-id-meta":"","stick-header-meta":"","header-above-stick-meta":"","header-main-stick-meta":"","header-below-stick-meta":"","astra-migrate-meta-layouts":"default","ast-page-background-enabled":"default","ast-page-background-meta":{"desktop":{"background-color":"var(--ast-global-color-5)","background-image":"","background-repeat":"repeat","background-position":"center center","background-size":"auto","background-attachment":"scroll","background-type":"","background-media":"","overlay-type":"","overlay-color":"","overlay-opacity":"","overlay-gradient":""},"tablet":{"background-color":"","background-image":"","background-repeat":"repeat","background-position":"center center","background-size":"auto","background-attachment":"scroll","background-type":"","background-media":"","overlay-type":"","overlay-color":"","overlay-opacity":"","overlay-gradient":""},"mobile":{"background-color":"","background-image":"","background-repeat":"repeat","background-position":"center center","background-size":"auto","background-attachment":"scroll","background-type":"","background-media":"","overlay-type":"","overlay-color":"","overlay-opacity":"","overlay-gradient":""}},"ast-content-background-meta":{"desktop":{"background-color":"var(--ast-global-color-4)","background-image":"","background-repeat":"repeat","background-position":"center center","background-size":"auto","background-attachment":"scroll","background-type":"","background-media":"","overlay-type":"","overlay-color":"","overlay-opacity":"","overlay-gradient":""},"tablet":{"background-color":"var(--ast-global-color-4)","background-image":"","background-repeat":"repeat","background-position":"center center","background-size":"auto","background-attachment":"scroll","background-type":"","background-media":"","overlay-type":"","overlay-color":"","overlay-opacity":"","overlay-gradient":""},"mobile":{"background-color":"var(--ast-global-color-4)","background-image":"","background-repeat":"repeat","background-position":"center center","background-size":"auto","background-attachment":"scroll","background-type":"","background-media":"","overlay-type":"","overlay-color":"","overlay-opacity":"","overlay-gradient":""}},"footnotes":""},"class_list":["post-28244","page","type-page","status-publish","hentry"],"_links":{"self":[{"href":"https:\/\/mavideniz.com.tr\/tr\/wp-json\/wp\/v2\/pages\/28244","targetHints":{"allow":["GET"]}}],"collection":[{"href":"https:\/\/mavideniz.com.tr\/tr\/wp-json\/wp\/v2\/pages"}],"about":[{"href":"https:\/\/mavideniz.com.tr\/tr\/wp-json\/wp\/v2\/types\/page"}],"author":[{"embeddable":true,"href":"https:\/\/mavideniz.com.tr\/tr\/wp-json\/wp\/v2\/users\/1"}],"replies":[{"embeddable":true,"href":"https:\/\/mavideniz.com.tr\/tr\/wp-json\/wp\/v2\/comments?post=28244"}],"version-history":[{"count":0,"href":"https:\/\/mavideniz.com.tr\/tr\/wp-json\/wp\/v2\/pages\/28244\/revisions"}],"up":[{"embeddable":true,"href":"https:\/\/mavideniz.com.tr\/tr\/wp-json\/wp\/v2\/pages\/28192"}],"wp:attachment":[{"href":"https:\/\/mavideniz.com.tr\/tr\/wp-json\/wp\/v2\/media?parent=28244"}],"curies":[{"name":"wp","href":"https:\/\/api.w.org\/{rel}","templated":true}]}}