{"id":28267,"date":"2006-06-22T19:34:00","date_gmt":"2006-06-22T19:34:00","guid":{"rendered":"https:\/\/mavideniz.com.tr\/?page_id=28267"},"modified":"2024-04-22T22:00:05","modified_gmt":"2024-04-22T22:00:05","slug":"m-v-nikhil-petrol-sizintisi-mudahale-operasyonu","status":"publish","type":"page","link":"https:\/\/mavideniz.com.tr\/tr\/servislerimiz\/petrol-sizintisi-mudahalesi-onleme\/petrol-sizintisi-mudahale-operasyonlari-yonetimi\/m-v-nikhil-petrol-sizintisi-mudahale-operasyonu\/","title":{"rendered":"M\/V NIKHIL Petrol S\u0131z\u0131nt\u0131s\u0131 M\u00fcdahale Operasyonu"},"content":{"rendered":"<p>22 Temmuz 2004&#8217;te M\/V NIKHIL, Derince TCDD Liman\u0131&#8217;nda batt\u0131. Kazan\u0131n ard\u0131ndan, g\u00fc\u00e7l\u00fc y\u00fczey ak\u0131nt\u0131s\u0131 petrol\u00fc h\u0131zla g\u00fcneye, Marmara Denizi&#8217;ne a\u00e7\u0131lan g\u00fcney a\u011fz\u0131na ta\u015f\u0131d\u0131. D\u00f6k\u00fcnt\u00fc, 15 C&#8217;de 0.9454 g\/cm3 yo\u011funlu\u011fa sahip 10 ton deniz akaryak\u0131t\u0131 olarak tahmin edilmi\u015ftir. Petrol s\u0131z\u0131nt\u0131s\u0131 kurtarma gemisi. Acil m\u00fcdahale ekiplerimiz kaza meydana geldikten 15 dakika sonra d\u00f6k\u00fclme operasyonlar\u0131na ba\u015flad\u0131. Bo\u011faz&#8217;daki birincil ak\u0131nt\u0131 taraf\u0131ndan g\u00fcneye do\u011fru ta\u015f\u0131nan petrol birikintisini yakalamak i\u00e7in 200 m&#8217;lik petrol s\u0131z\u0131nt\u0131s\u0131 \u00f6nleme bariyerleri kullan\u0131ld\u0131. Sahili korumak i\u00e7in kullan\u0131lan en etkili ekipmanlardan biri, temizlik i\u015flemleri s\u0131ras\u0131nda emici bariyer ve pedlerdi. Kazadan sonra, daha fazla kirlenmeyi \u00f6nlemek i\u00e7in bariyerler temizlendi. Dalg\u0131\u00e7lar, gemide hayat\u0131n\u0131 kaybeden bir denizcinin cesetlerini \u00e7\u0131kard\u0131.<\/p>\n","protected":false},"excerpt":{"rendered":"<p>22 Temmuz 2004&#8217;te M\/V NIKHIL, Derince TCDD Liman\u0131&#8217;nda batt\u0131. Kazan\u0131n ard\u0131ndan, g\u00fc\u00e7l\u00fc y\u00fczey ak\u0131nt\u0131s\u0131 petrol\u00fc h\u0131zla g\u00fcneye, Marmara Denizi&#8217;ne a\u00e7\u0131lan [&hellip;]<\/p>\n","protected":false},"author":1,"featured_media":0,"parent":28192,"menu_order":0,"comment_status":"closed","ping_status":"closed","template":"","meta":{"site-sidebar-layout":"default","site-content-layout":"","ast-site-content-layout":"default","site-content-style":"default","site-sidebar-style":"default","ast-global-header-display":"","ast-banner-title-visibility":"","ast-main-header-display":"","ast-hfb-above-header-display":"","ast-hfb-below-header-display":"","ast-hfb-mobile-header-display":"","site-post-title":"","ast-breadcrumbs-content":"","ast-featured-img":"","footer-sml-layout":"","ast-disable-related-posts":"","theme-transparent-header-meta":"","adv-header-id-meta":"","stick-header-meta":"","header-above-stick-meta":"","header-main-stick-meta":"","header-below-stick-meta":"","astra-migrate-meta-layouts":"default","ast-page-background-enabled":"default","ast-page-background-meta":{"desktop":{"background-color":"var(--ast-global-color-5)","background-image":"","background-repeat":"repeat","background-position":"center center","background-size":"auto","background-attachment":"scroll","background-type":"","background-media":"","overlay-type":"","overlay-color":"","overlay-opacity":"","overlay-gradient":""},"tablet":{"background-color":"","background-image":"","background-repeat":"repeat","background-position":"center center","background-size":"auto","background-attachment":"scroll","background-type":"","background-media":"","overlay-type":"","overlay-color":"","overlay-opacity":"","overlay-gradient":""},"mobile":{"background-color":"","background-image":"","background-repeat":"repeat","background-position":"center center","background-size":"auto","background-attachment":"scroll","background-type":"","background-media":"","overlay-type":"","overlay-color":"","overlay-opacity":"","overlay-gradient":""}},"ast-content-background-meta":{"desktop":{"background-color":"var(--ast-global-color-4)","background-image":"","background-repeat":"repeat","background-position":"center center","background-size":"auto","background-attachment":"scroll","background-type":"","background-media":"","overlay-type":"","overlay-color":"","overlay-opacity":"","overlay-gradient":""},"tablet":{"background-color":"var(--ast-global-color-4)","background-image":"","background-repeat":"repeat","background-position":"center center","background-size":"auto","background-attachment":"scroll","background-type":"","background-media":"","overlay-type":"","overlay-color":"","overlay-opacity":"","overlay-gradient":""},"mobile":{"background-color":"var(--ast-global-color-4)","background-image":"","background-repeat":"repeat","background-position":"center center","background-size":"auto","background-attachment":"scroll","background-type":"","background-media":"","overlay-type":"","overlay-color":"","overlay-opacity":"","overlay-gradient":""}},"footnotes":""},"class_list":["post-28267","page","type-page","status-publish","hentry"],"_links":{"self":[{"href":"https:\/\/mavideniz.com.tr\/tr\/wp-json\/wp\/v2\/pages\/28267","targetHints":{"allow":["GET"]}}],"collection":[{"href":"https:\/\/mavideniz.com.tr\/tr\/wp-json\/wp\/v2\/pages"}],"about":[{"href":"https:\/\/mavideniz.com.tr\/tr\/wp-json\/wp\/v2\/types\/page"}],"author":[{"embeddable":true,"href":"https:\/\/mavideniz.com.tr\/tr\/wp-json\/wp\/v2\/users\/1"}],"replies":[{"embeddable":true,"href":"https:\/\/mavideniz.com.tr\/tr\/wp-json\/wp\/v2\/comments?post=28267"}],"version-history":[{"count":0,"href":"https:\/\/mavideniz.com.tr\/tr\/wp-json\/wp\/v2\/pages\/28267\/revisions"}],"up":[{"embeddable":true,"href":"https:\/\/mavideniz.com.tr\/tr\/wp-json\/wp\/v2\/pages\/28192"}],"wp:attachment":[{"href":"https:\/\/mavideniz.com.tr\/tr\/wp-json\/wp\/v2\/media?parent=28267"}],"curies":[{"name":"wp","href":"https:\/\/api.w.org\/{rel}","templated":true}]}}