{"id":28285,"date":"2007-04-09T19:49:00","date_gmt":"2007-04-09T19:49:00","guid":{"rendered":"https:\/\/mavideniz.com.tr\/?page_id=28285"},"modified":"2024-04-22T22:33:15","modified_gmt":"2024-04-22T22:33:15","slug":"m-v-turgut-kocabas-petrol-yayilimi-mudahale-operasyonu","status":"publish","type":"page","link":"https:\/\/mavideniz.com.tr\/tr\/servislerimiz\/petrol-sizintisi-mudahalesi-onleme\/petrol-sizintisi-mudahale-operasyonlari-yonetimi\/m-v-turgut-kocabas-petrol-yayilimi-mudahale-operasyonu\/","title":{"rendered":"M\/V TURGUT KOCABA\u015e Petrol Yay\u0131l\u0131m\u0131 M\u00fcdahale Operasyonu"},"content":{"rendered":"<p>Kocaeli&#8217;nin Gebze il\u00e7esine ba\u011fl\u0131 Dar\u0131ca mezras\u0131nda \u00e7arp\u0131\u015fan iki kargo gemisinden biri batt\u0131. \u00c7arp\u0131\u015fman\u0131n ard\u0131ndan bir ki\u015finin kay\u0131p oldu\u011fu, bir ki\u015finin de yaraland\u0131\u011f\u0131 bildirildi. Kaynaklar, A.A. Muhabiri, Sal\u0131 g\u00fcn\u00fc 2735 ton pik demir y\u00fckl\u00fc 2.247 gros ton &#8220;Turgut Kocaba\u015f&#8221; ve 11.500 ton kangal demir y\u00fckl\u00fc 8.220 gros ton &#8220;Zinnet Mete&#8221; adl\u0131 kargo gemisinin Dar\u0131ca a\u00e7\u0131klar\u0131nda \u00e7arp\u0131\u015ft\u0131\u011f\u0131n\u0131 bildirdi. 2.247 gros tonluk kargo gemisi \u00e7arp\u0131\u015fmadan sonra batt\u0131. &#8220;Turgut Kocaba\u015f&#8221; adl\u0131 geminin 16 m\u00fcrettebat\u0131ndan 15&#8217;i kurtar\u0131ld\u0131. Kazada yaralanan kurtar\u0131lan ekip \u00fcyelerinden biri hastaneye kald\u0131r\u0131ld\u0131.<br \/>\n\u00d6te yandan, arama kurtarma operasyonunda kaybolan ki\u015finin cesedi 06.09.2007 g\u00fcn\u00fc saat 09:50&#8217;de bulunarak Deniz Polisi&#8217;ne teslim edildi\u011fi ve \u00f6ld\u00fc\u011f\u00fc bildirildi. \u00c7arp\u0131\u015fma sonucunda TURGUT KOCABA\u015e adl\u0131 gemi 60 metre derinlikte batt\u0131. 40 45&#8242;.l 44N 029, 21.540 E. Mavi Deniz, pompalar, \u015fi\u015fme botlar, petrol geri kazan\u0131m gemisi, petrol bomlar\u0131, emici pedler, emici engeller, kimyasallar, \u00e7apalar dahil olmak \u00fczere ekipmanlar\u0131n\u0131 derhal kaza yerine seferber etti. petrol birikintilerinden deniz suyunun y\u00fczeyini temizlemek ve liman\u0131, sahil alanlar\u0131n\u0131, batakl\u0131klar\u0131, kayalar\u0131 ve hassas alanlar\u0131 vb. temizlemek i\u00e7in i\u015fg\u00fcc\u00fc ile temizlik operasyonu bittikten sonra kaza b\u00f6lgelerine 600 m petrol bumbalar\u0131 konu\u015fland\u0131r\u0131ld\u0131, l O ton ya\u011fl\u0131 lzayda\u015f At\u0131k kabul tesisine ta\u015f\u0131nan at\u0131k malzemeler.<\/p>\n","protected":false},"excerpt":{"rendered":"<p>Kocaeli&#8217;nin Gebze il\u00e7esine ba\u011fl\u0131 Dar\u0131ca mezras\u0131nda \u00e7arp\u0131\u015fan iki kargo gemisinden biri batt\u0131. \u00c7arp\u0131\u015fman\u0131n ard\u0131ndan bir ki\u015finin kay\u0131p oldu\u011fu, bir ki\u015finin [&hellip;]<\/p>\n","protected":false},"author":1,"featured_media":0,"parent":28192,"menu_order":0,"comment_status":"closed","ping_status":"closed","template":"","meta":{"site-sidebar-layout":"default","site-content-layout":"","ast-site-content-layout":"default","site-content-style":"default","site-sidebar-style":"default","ast-global-header-display":"","ast-banner-title-visibility":"","ast-main-header-display":"","ast-hfb-above-header-display":"","ast-hfb-below-header-display":"","ast-hfb-mobile-header-display":"","site-post-title":"","ast-breadcrumbs-content":"","ast-featured-img":"","footer-sml-layout":"","ast-disable-related-posts":"","theme-transparent-header-meta":"","adv-header-id-meta":"","stick-header-meta":"","header-above-stick-meta":"","header-main-stick-meta":"","header-below-stick-meta":"","astra-migrate-meta-layouts":"default","ast-page-background-enabled":"default","ast-page-background-meta":{"desktop":{"background-color":"var(--ast-global-color-5)","background-image":"","background-repeat":"repeat","background-position":"center center","background-size":"auto","background-attachment":"scroll","background-type":"","background-media":"","overlay-type":"","overlay-color":"","overlay-opacity":"","overlay-gradient":""},"tablet":{"background-color":"","background-image":"","background-repeat":"repeat","background-position":"center center","background-size":"auto","background-attachment":"scroll","background-type":"","background-media":"","overlay-type":"","overlay-color":"","overlay-opacity":"","overlay-gradient":""},"mobile":{"background-color":"","background-image":"","background-repeat":"repeat","background-position":"center center","background-size":"auto","background-attachment":"scroll","background-type":"","background-media":"","overlay-type":"","overlay-color":"","overlay-opacity":"","overlay-gradient":""}},"ast-content-background-meta":{"desktop":{"background-color":"var(--ast-global-color-4)","background-image":"","background-repeat":"repeat","background-position":"center center","background-size":"auto","background-attachment":"scroll","background-type":"","background-media":"","overlay-type":"","overlay-color":"","overlay-opacity":"","overlay-gradient":""},"tablet":{"background-color":"var(--ast-global-color-4)","background-image":"","background-repeat":"repeat","background-position":"center center","background-size":"auto","background-attachment":"scroll","background-type":"","background-media":"","overlay-type":"","overlay-color":"","overlay-opacity":"","overlay-gradient":""},"mobile":{"background-color":"var(--ast-global-color-4)","background-image":"","background-repeat":"repeat","background-position":"center center","background-size":"auto","background-attachment":"scroll","background-type":"","background-media":"","overlay-type":"","overlay-color":"","overlay-opacity":"","overlay-gradient":""}},"footnotes":""},"class_list":["post-28285","page","type-page","status-publish","hentry"],"_links":{"self":[{"href":"https:\/\/mavideniz.com.tr\/tr\/wp-json\/wp\/v2\/pages\/28285","targetHints":{"allow":["GET"]}}],"collection":[{"href":"https:\/\/mavideniz.com.tr\/tr\/wp-json\/wp\/v2\/pages"}],"about":[{"href":"https:\/\/mavideniz.com.tr\/tr\/wp-json\/wp\/v2\/types\/page"}],"author":[{"embeddable":true,"href":"https:\/\/mavideniz.com.tr\/tr\/wp-json\/wp\/v2\/users\/1"}],"replies":[{"embeddable":true,"href":"https:\/\/mavideniz.com.tr\/tr\/wp-json\/wp\/v2\/comments?post=28285"}],"version-history":[{"count":0,"href":"https:\/\/mavideniz.com.tr\/tr\/wp-json\/wp\/v2\/pages\/28285\/revisions"}],"up":[{"embeddable":true,"href":"https:\/\/mavideniz.com.tr\/tr\/wp-json\/wp\/v2\/pages\/28192"}],"wp:attachment":[{"href":"https:\/\/mavideniz.com.tr\/tr\/wp-json\/wp\/v2\/media?parent=28285"}],"curies":[{"name":"wp","href":"https:\/\/api.w.org\/{rel}","templated":true}]}}