{"id":28289,"date":"2002-01-12T19:52:00","date_gmt":"2002-01-12T19:52:00","guid":{"rendered":"https:\/\/mavideniz.com.tr\/?page_id=28289"},"modified":"2024-04-22T22:35:11","modified_gmt":"2024-04-22T22:35:11","slug":"m-v-yang-ming-comfort-petrol-sizintisina-mudahale-operasyonu","status":"publish","type":"page","link":"https:\/\/mavideniz.com.tr\/tr\/servislerimiz\/petrol-sizintisi-mudahalesi-onleme\/petrol-sizintisi-mudahale-operasyonlari-yonetimi\/m-v-yang-ming-comfort-petrol-sizintisina-mudahale-operasyonu\/","title":{"rendered":"M\/V YANG MING COMFORT Petrol S\u0131z\u0131nt\u0131s\u0131na M\u00fcdahale Operasyonu"},"content":{"rendered":"<p>Yang Ming Hatt\u0131nda \u00e7al\u0131\u015fan ve i\u00e7inde k\u00f6m\u00fcr konteyn\u0131rlar\u0131n\u0131n bulundu\u011fu M\/V YM Comfort Gemisinde yak\u0131t\u0131n konteyn\u0131rlara d\u00f6k\u00fclmesi nedeniyle yang\u0131n \u00e7\u0131kt\u0131. S\u00f6nd\u00fcrmenin ard\u0131ndan Mavi Deniz \u00c7evre Koruma A.\u015e. 50 ton akaryak\u0131t temizleme i\u015flemini ger\u00e7ekle\u015ftirdi. Gemi g\u00fcvertesi ve liman temizlendi. Toplanan at\u0131klar lisansl\u0131 at\u0131k nakil ara\u00e7lar\u0131 ile \u0130stanbul Belediyesi&#8217;ne g\u00f6nderildi. Y\u00fck gemileri ve lazaretler temizlenerek 12.01.2012 tarihinde armat\u00f6re teslim edilmi\u015ftir.<\/p>\n","protected":false},"excerpt":{"rendered":"<p>Yang Ming Hatt\u0131nda \u00e7al\u0131\u015fan ve i\u00e7inde k\u00f6m\u00fcr konteyn\u0131rlar\u0131n\u0131n bulundu\u011fu M\/V YM Comfort Gemisinde yak\u0131t\u0131n konteyn\u0131rlara d\u00f6k\u00fclmesi nedeniyle yang\u0131n \u00e7\u0131kt\u0131. S\u00f6nd\u00fcrmenin [&hellip;]<\/p>\n","protected":false},"author":1,"featured_media":0,"parent":28192,"menu_order":0,"comment_status":"closed","ping_status":"closed","template":"","meta":{"site-sidebar-layout":"default","site-content-layout":"","ast-site-content-layout":"default","site-content-style":"default","site-sidebar-style":"default","ast-global-header-display":"","ast-banner-title-visibility":"","ast-main-header-display":"","ast-hfb-above-header-display":"","ast-hfb-below-header-display":"","ast-hfb-mobile-header-display":"","site-post-title":"","ast-breadcrumbs-content":"","ast-featured-img":"","footer-sml-layout":"","ast-disable-related-posts":"","theme-transparent-header-meta":"","adv-header-id-meta":"","stick-header-meta":"","header-above-stick-meta":"","header-main-stick-meta":"","header-below-stick-meta":"","astra-migrate-meta-layouts":"default","ast-page-background-enabled":"default","ast-page-background-meta":{"desktop":{"background-color":"var(--ast-global-color-5)","background-image":"","background-repeat":"repeat","background-position":"center center","background-size":"auto","background-attachment":"scroll","background-type":"","background-media":"","overlay-type":"","overlay-color":"","overlay-opacity":"","overlay-gradient":""},"tablet":{"background-color":"","background-image":"","background-repeat":"repeat","background-position":"center center","background-size":"auto","background-attachment":"scroll","background-type":"","background-media":"","overlay-type":"","overlay-color":"","overlay-opacity":"","overlay-gradient":""},"mobile":{"background-color":"","background-image":"","background-repeat":"repeat","background-position":"center center","background-size":"auto","background-attachment":"scroll","background-type":"","background-media":"","overlay-type":"","overlay-color":"","overlay-opacity":"","overlay-gradient":""}},"ast-content-background-meta":{"desktop":{"background-color":"var(--ast-global-color-4)","background-image":"","background-repeat":"repeat","background-position":"center center","background-size":"auto","background-attachment":"scroll","background-type":"","background-media":"","overlay-type":"","overlay-color":"","overlay-opacity":"","overlay-gradient":""},"tablet":{"background-color":"var(--ast-global-color-4)","background-image":"","background-repeat":"repeat","background-position":"center center","background-size":"auto","background-attachment":"scroll","background-type":"","background-media":"","overlay-type":"","overlay-color":"","overlay-opacity":"","overlay-gradient":""},"mobile":{"background-color":"var(--ast-global-color-4)","background-image":"","background-repeat":"repeat","background-position":"center center","background-size":"auto","background-attachment":"scroll","background-type":"","background-media":"","overlay-type":"","overlay-color":"","overlay-opacity":"","overlay-gradient":""}},"footnotes":""},"class_list":["post-28289","page","type-page","status-publish","hentry"],"_links":{"self":[{"href":"https:\/\/mavideniz.com.tr\/tr\/wp-json\/wp\/v2\/pages\/28289","targetHints":{"allow":["GET"]}}],"collection":[{"href":"https:\/\/mavideniz.com.tr\/tr\/wp-json\/wp\/v2\/pages"}],"about":[{"href":"https:\/\/mavideniz.com.tr\/tr\/wp-json\/wp\/v2\/types\/page"}],"author":[{"embeddable":true,"href":"https:\/\/mavideniz.com.tr\/tr\/wp-json\/wp\/v2\/users\/1"}],"replies":[{"embeddable":true,"href":"https:\/\/mavideniz.com.tr\/tr\/wp-json\/wp\/v2\/comments?post=28289"}],"version-history":[{"count":0,"href":"https:\/\/mavideniz.com.tr\/tr\/wp-json\/wp\/v2\/pages\/28289\/revisions"}],"up":[{"embeddable":true,"href":"https:\/\/mavideniz.com.tr\/tr\/wp-json\/wp\/v2\/pages\/28192"}],"wp:attachment":[{"href":"https:\/\/mavideniz.com.tr\/tr\/wp-json\/wp\/v2\/media?parent=28289"}],"curies":[{"name":"wp","href":"https:\/\/api.w.org\/{rel}","templated":true}]}}