{"id":28293,"date":"2019-03-06T19:54:00","date_gmt":"2019-03-06T19:54:00","guid":{"rendered":"https:\/\/mavideniz.com.tr\/?page_id=28293"},"modified":"2024-04-22T22:36:46","modified_gmt":"2024-04-22T22:36:46","slug":"msb-nato-pol-tesisi-petrol-sizintisi-mudahale-operasyonu","status":"publish","type":"page","link":"https:\/\/mavideniz.com.tr\/tr\/servislerimiz\/petrol-sizintisi-mudahalesi-onleme\/petrol-sizintisi-mudahale-operasyonlari-yonetimi\/msb-nato-pol-tesisi-petrol-sizintisi-mudahale-operasyonu\/","title":{"rendered":"Msb Nato Pol Tesisi Petrol S\u0131z\u0131nt\u0131s\u0131 M\u00fcdahale Operasyonu"},"content":{"rendered":"<p>\u0130skenderun &#8211; Hatay&#8217;da nehre yay\u0131lan yakla\u015f\u0131k 9,5 tonluk petrol s\u0131z\u0131nt\u0131s\u0131; profesyonel ekibimiz petrol s\u0131z\u0131nt\u0131s\u0131 m\u00fcdahale teknesi, emici ped ve emici bariyerleri kullanarak ilk m\u00fcdahaleyi yapt\u0131.<\/p>\n<p>Denize d\u00f6k\u00fclen k\u0131y\u0131ya Mersin nehri, denizden m\u00fcdahale gemisi ile petrol emici bomlarla elendi. M\u00fcdahale gemisi taraf\u0131ndan deniz y\u00fczeyi temizlendi. Emici pedler taraf\u0131ndan toplanan d\u00f6k\u00fcnt\u00fcler ve nehir topra\u011f\u0131ndaki petrol d\u00f6k\u00fcnt\u00fcs\u00fc kirlilikleri nehir suyu y\u00fczeyinin i\u00e7inde giderildi. Toplanan petrol d\u00f6k\u00fcnt\u00fcs\u00fc at\u0131klar\u0131, lisansl\u0131 bir at\u0131k bertaraf tesisi olan Ayta\u00e7 hano\u011flu&#8217;na bertaraf edilmek \u00fczere lisansl\u0131 ara\u00e7lara teslim edildi.<\/p>\n","protected":false},"excerpt":{"rendered":"<p>\u0130skenderun &#8211; Hatay&#8217;da nehre yay\u0131lan yakla\u015f\u0131k 9,5 tonluk petrol s\u0131z\u0131nt\u0131s\u0131; profesyonel ekibimiz petrol s\u0131z\u0131nt\u0131s\u0131 m\u00fcdahale teknesi, emici ped ve emici [&hellip;]<\/p>\n","protected":false},"author":1,"featured_media":0,"parent":28192,"menu_order":0,"comment_status":"closed","ping_status":"closed","template":"","meta":{"site-sidebar-layout":"default","site-content-layout":"","ast-site-content-layout":"default","site-content-style":"default","site-sidebar-style":"default","ast-global-header-display":"","ast-banner-title-visibility":"","ast-main-header-display":"","ast-hfb-above-header-display":"","ast-hfb-below-header-display":"","ast-hfb-mobile-header-display":"","site-post-title":"","ast-breadcrumbs-content":"","ast-featured-img":"","footer-sml-layout":"","ast-disable-related-posts":"","theme-transparent-header-meta":"","adv-header-id-meta":"","stick-header-meta":"","header-above-stick-meta":"","header-main-stick-meta":"","header-below-stick-meta":"","astra-migrate-meta-layouts":"default","ast-page-background-enabled":"default","ast-page-background-meta":{"desktop":{"background-color":"var(--ast-global-color-5)","background-image":"","background-repeat":"repeat","background-position":"center center","background-size":"auto","background-attachment":"scroll","background-type":"","background-media":"","overlay-type":"","overlay-color":"","overlay-opacity":"","overlay-gradient":""},"tablet":{"background-color":"","background-image":"","background-repeat":"repeat","background-position":"center center","background-size":"auto","background-attachment":"scroll","background-type":"","background-media":"","overlay-type":"","overlay-color":"","overlay-opacity":"","overlay-gradient":""},"mobile":{"background-color":"","background-image":"","background-repeat":"repeat","background-position":"center center","background-size":"auto","background-attachment":"scroll","background-type":"","background-media":"","overlay-type":"","overlay-color":"","overlay-opacity":"","overlay-gradient":""}},"ast-content-background-meta":{"desktop":{"background-color":"var(--ast-global-color-4)","background-image":"","background-repeat":"repeat","background-position":"center center","background-size":"auto","background-attachment":"scroll","background-type":"","background-media":"","overlay-type":"","overlay-color":"","overlay-opacity":"","overlay-gradient":""},"tablet":{"background-color":"var(--ast-global-color-4)","background-image":"","background-repeat":"repeat","background-position":"center center","background-size":"auto","background-attachment":"scroll","background-type":"","background-media":"","overlay-type":"","overlay-color":"","overlay-opacity":"","overlay-gradient":""},"mobile":{"background-color":"var(--ast-global-color-4)","background-image":"","background-repeat":"repeat","background-position":"center center","background-size":"auto","background-attachment":"scroll","background-type":"","background-media":"","overlay-type":"","overlay-color":"","overlay-opacity":"","overlay-gradient":""}},"footnotes":""},"class_list":["post-28293","page","type-page","status-publish","hentry"],"_links":{"self":[{"href":"https:\/\/mavideniz.com.tr\/tr\/wp-json\/wp\/v2\/pages\/28293","targetHints":{"allow":["GET"]}}],"collection":[{"href":"https:\/\/mavideniz.com.tr\/tr\/wp-json\/wp\/v2\/pages"}],"about":[{"href":"https:\/\/mavideniz.com.tr\/tr\/wp-json\/wp\/v2\/types\/page"}],"author":[{"embeddable":true,"href":"https:\/\/mavideniz.com.tr\/tr\/wp-json\/wp\/v2\/users\/1"}],"replies":[{"embeddable":true,"href":"https:\/\/mavideniz.com.tr\/tr\/wp-json\/wp\/v2\/comments?post=28293"}],"version-history":[{"count":0,"href":"https:\/\/mavideniz.com.tr\/tr\/wp-json\/wp\/v2\/pages\/28293\/revisions"}],"up":[{"embeddable":true,"href":"https:\/\/mavideniz.com.tr\/tr\/wp-json\/wp\/v2\/pages\/28192"}],"wp:attachment":[{"href":"https:\/\/mavideniz.com.tr\/tr\/wp-json\/wp\/v2\/media?parent=28293"}],"curies":[{"name":"wp","href":"https:\/\/api.w.org\/{rel}","templated":true}]}}