{"id":28302,"date":"2010-04-26T20:01:00","date_gmt":"2010-04-26T20:01:00","guid":{"rendered":"https:\/\/mavideniz.com.tr\/?page_id=28302"},"modified":"2024-04-22T22:40:00","modified_gmt":"2024-04-22T22:40:00","slug":"palm-yagi-kirliligini-temizleme-operasyonu","status":"publish","type":"page","link":"https:\/\/mavideniz.com.tr\/tr\/servislerimiz\/petrol-sizintisi-mudahalesi-onleme\/petrol-sizintisi-mudahale-operasyonlari-yonetimi\/palm-yagi-kirliligini-temizleme-operasyonu\/","title":{"rendered":"Palm Ya\u011f\u0131 Kirlili\u011fini Temizleme Operasyonu"},"content":{"rendered":"<p>Mersin Liman\u0131&#8217;nda, palmiye ya\u011f\u0131n\u0131 petrol depolama tanklar\u0131ndan gemiye y\u00fckleyen kapal\u0131 valf sistemi nedeniyle bir gemi flan\u015f\u0131 patlad\u0131. Palm ya\u011f\u0131 deniz ortam\u0131n\u0131 kirletti ve kara par\u00e7as\u0131 haline geldi &#8211; palmiye ya\u011f\u0131 sipari\u015fi veren \u015firket, Mavi Deniz \u00c7evre Koruma Hizmetleri A.\u015e.&#8217;ye petrol s\u0131z\u0131nt\u0131s\u0131na m\u00fcdahale g\u00f6revi verdi. T\u00fcrkiye&#8217;nin tek gemisi ORV Copcu Emre, olay yerinde bulunan ORV Copcu Emre, 15 dakika i\u00e7inde kirlili\u011fe \u00e7al\u0131\u015ft\u0131. dakika. Temizlik operasyonu 29.04.2010&#8217;da tamamland\u0131<\/p>\n","protected":false},"excerpt":{"rendered":"<p>Mersin Liman\u0131&#8217;nda, palmiye ya\u011f\u0131n\u0131 petrol depolama tanklar\u0131ndan gemiye y\u00fckleyen kapal\u0131 valf sistemi nedeniyle bir gemi flan\u015f\u0131 patlad\u0131. Palm ya\u011f\u0131 deniz [&hellip;]<\/p>\n","protected":false},"author":1,"featured_media":0,"parent":28192,"menu_order":0,"comment_status":"closed","ping_status":"closed","template":"","meta":{"site-sidebar-layout":"default","site-content-layout":"","ast-site-content-layout":"default","site-content-style":"default","site-sidebar-style":"default","ast-global-header-display":"","ast-banner-title-visibility":"","ast-main-header-display":"","ast-hfb-above-header-display":"","ast-hfb-below-header-display":"","ast-hfb-mobile-header-display":"","site-post-title":"","ast-breadcrumbs-content":"","ast-featured-img":"","footer-sml-layout":"","ast-disable-related-posts":"","theme-transparent-header-meta":"","adv-header-id-meta":"","stick-header-meta":"","header-above-stick-meta":"","header-main-stick-meta":"","header-below-stick-meta":"","astra-migrate-meta-layouts":"default","ast-page-background-enabled":"default","ast-page-background-meta":{"desktop":{"background-color":"var(--ast-global-color-5)","background-image":"","background-repeat":"repeat","background-position":"center center","background-size":"auto","background-attachment":"scroll","background-type":"","background-media":"","overlay-type":"","overlay-color":"","overlay-opacity":"","overlay-gradient":""},"tablet":{"background-color":"","background-image":"","background-repeat":"repeat","background-position":"center center","background-size":"auto","background-attachment":"scroll","background-type":"","background-media":"","overlay-type":"","overlay-color":"","overlay-opacity":"","overlay-gradient":""},"mobile":{"background-color":"","background-image":"","background-repeat":"repeat","background-position":"center center","background-size":"auto","background-attachment":"scroll","background-type":"","background-media":"","overlay-type":"","overlay-color":"","overlay-opacity":"","overlay-gradient":""}},"ast-content-background-meta":{"desktop":{"background-color":"var(--ast-global-color-4)","background-image":"","background-repeat":"repeat","background-position":"center center","background-size":"auto","background-attachment":"scroll","background-type":"","background-media":"","overlay-type":"","overlay-color":"","overlay-opacity":"","overlay-gradient":""},"tablet":{"background-color":"var(--ast-global-color-4)","background-image":"","background-repeat":"repeat","background-position":"center center","background-size":"auto","background-attachment":"scroll","background-type":"","background-media":"","overlay-type":"","overlay-color":"","overlay-opacity":"","overlay-gradient":""},"mobile":{"background-color":"var(--ast-global-color-4)","background-image":"","background-repeat":"repeat","background-position":"center center","background-size":"auto","background-attachment":"scroll","background-type":"","background-media":"","overlay-type":"","overlay-color":"","overlay-opacity":"","overlay-gradient":""}},"footnotes":""},"class_list":["post-28302","page","type-page","status-publish","hentry"],"_links":{"self":[{"href":"https:\/\/mavideniz.com.tr\/tr\/wp-json\/wp\/v2\/pages\/28302","targetHints":{"allow":["GET"]}}],"collection":[{"href":"https:\/\/mavideniz.com.tr\/tr\/wp-json\/wp\/v2\/pages"}],"about":[{"href":"https:\/\/mavideniz.com.tr\/tr\/wp-json\/wp\/v2\/types\/page"}],"author":[{"embeddable":true,"href":"https:\/\/mavideniz.com.tr\/tr\/wp-json\/wp\/v2\/users\/1"}],"replies":[{"embeddable":true,"href":"https:\/\/mavideniz.com.tr\/tr\/wp-json\/wp\/v2\/comments?post=28302"}],"version-history":[{"count":0,"href":"https:\/\/mavideniz.com.tr\/tr\/wp-json\/wp\/v2\/pages\/28302\/revisions"}],"up":[{"embeddable":true,"href":"https:\/\/mavideniz.com.tr\/tr\/wp-json\/wp\/v2\/pages\/28192"}],"wp:attachment":[{"href":"https:\/\/mavideniz.com.tr\/tr\/wp-json\/wp\/v2\/media?parent=28302"}],"curies":[{"name":"wp","href":"https:\/\/api.w.org\/{rel}","templated":true}]}}