{"id":28306,"date":"2019-10-20T20:05:00","date_gmt":"2019-10-20T20:05:00","guid":{"rendered":"https:\/\/mavideniz.com.tr\/?page_id=28306"},"modified":"2024-04-22T22:41:39","modified_gmt":"2024-04-22T22:41:39","slug":"soylu-gemi-geri-donusum-akaryakit-sizintisi-aliaga","status":"publish","type":"page","link":"https:\/\/mavideniz.com.tr\/tr\/servislerimiz\/petrol-sizintisi-mudahalesi-onleme\/petrol-sizintisi-mudahale-operasyonlari-yonetimi\/soylu-gemi-geri-donusum-akaryakit-sizintisi-aliaga\/","title":{"rendered":"Soylu Gemi Geri D\u00f6n\u00fc\u015f\u00fcm Akaryak\u0131t S\u0131z\u0131nt\u0131s\u0131 &#8211; Alia\u011fa"},"content":{"rendered":"<p>\u0130zmir&#8217;in Alia\u011fa il\u00e7esindeki bir Gemi geri d\u00f6n\u00fc\u015f\u00fcm tesisinde s\u00f6k\u00fclen kargo gemisinden s\u0131zan ya\u011f bazl\u0131 madde \u00e7evre kirlili\u011fine neden oldu.<\/p>\n<p>Mavi Deniz Petrol S\u0131z\u0131nt\u0131s\u0131 M\u00fcdahale Ekipleri&nbsp; (K\u0131y\u0131 ekibi + Deniz ekibi) petrol s\u0131z\u0131nt\u0131s\u0131 kirlili\u011fine m\u00fcdahale etti.<\/p>\n<p>Denizde, Bir petrol bariyeri ve petrol patlamas\u0131 ile \u00e7evrili petrol s\u0131z\u0131nt\u0131s\u0131, Ba\u015faran II kirlilik \u00f6nleme gemisi taraf\u0131ndan temizlendi. Deniz y\u00fczeyi temizli\u011finde ya\u011f s\u0131y\u0131r\u0131c\u0131 ve ya\u011f emiciler kullan\u0131lmaktad\u0131r.<\/p>\n<p>Sahil \u015feridi, petrol s\u0131z\u0131nt\u0131s\u0131 m\u00fcdahale ekibi ALDER Bal\u0131k\u00e7\u0131 Bar\u0131na\u011f\u0131 alan\u0131 ve Avc\u0131 Ramazan Park\u0131&#8217;nda \u00e7al\u0131\u015fma yapt\u0131. K\u0131z\u0131la\u011fa\u00e7 i\u00e7inde deniz y\u00fczeyi ya\u011f emicilerle temizlenir ve petrol s\u0131z\u0131nt\u0131s\u0131ndan bir dalg\u0131\u00e7 tekne kenarlar\u0131n\u0131 temizler. Ayr\u0131ca Avc\u0131 Ramazan Park\u0131 k\u0131y\u0131 \u015feridi de d\u00f6k\u00fclen petrolden temizlendi.<\/p>\n<p>Denizde ve k\u0131y\u0131 \u015feridinde petrol s\u0131z\u0131nt\u0131s\u0131 operasyonlar\u0131 ba\u015far\u0131yla ger\u00e7ekle\u015ftirildi. Petrol S\u0131z\u0131nt\u0131s\u0131 at\u0131klar\u0131 varillerde depolan\u0131r. Toplanan petrol d\u00f6k\u00fcnt\u00fcs\u00fc at\u0131klar\u0131 lisansl\u0131 at\u0131k bertaraf tesisine teslim edilir.<\/p>\n","protected":false},"excerpt":{"rendered":"<p>\u0130zmir&#8217;in Alia\u011fa il\u00e7esindeki bir Gemi geri d\u00f6n\u00fc\u015f\u00fcm tesisinde s\u00f6k\u00fclen kargo gemisinden s\u0131zan ya\u011f bazl\u0131 madde \u00e7evre kirlili\u011fine neden oldu. Mavi [&hellip;]<\/p>\n","protected":false},"author":1,"featured_media":0,"parent":28192,"menu_order":0,"comment_status":"closed","ping_status":"closed","template":"","meta":{"site-sidebar-layout":"default","site-content-layout":"","ast-site-content-layout":"default","site-content-style":"default","site-sidebar-style":"default","ast-global-header-display":"","ast-banner-title-visibility":"","ast-main-header-display":"","ast-hfb-above-header-display":"","ast-hfb-below-header-display":"","ast-hfb-mobile-header-display":"","site-post-title":"","ast-breadcrumbs-content":"","ast-featured-img":"","footer-sml-layout":"","ast-disable-related-posts":"","theme-transparent-header-meta":"","adv-header-id-meta":"","stick-header-meta":"","header-above-stick-meta":"","header-main-stick-meta":"","header-below-stick-meta":"","astra-migrate-meta-layouts":"default","ast-page-background-enabled":"default","ast-page-background-meta":{"desktop":{"background-color":"var(--ast-global-color-5)","background-image":"","background-repeat":"repeat","background-position":"center center","background-size":"auto","background-attachment":"scroll","background-type":"","background-media":"","overlay-type":"","overlay-color":"","overlay-opacity":"","overlay-gradient":""},"tablet":{"background-color":"","background-image":"","background-repeat":"repeat","background-position":"center center","background-size":"auto","background-attachment":"scroll","background-type":"","background-media":"","overlay-type":"","overlay-color":"","overlay-opacity":"","overlay-gradient":""},"mobile":{"background-color":"","background-image":"","background-repeat":"repeat","background-position":"center center","background-size":"auto","background-attachment":"scroll","background-type":"","background-media":"","overlay-type":"","overlay-color":"","overlay-opacity":"","overlay-gradient":""}},"ast-content-background-meta":{"desktop":{"background-color":"var(--ast-global-color-4)","background-image":"","background-repeat":"repeat","background-position":"center center","background-size":"auto","background-attachment":"scroll","background-type":"","background-media":"","overlay-type":"","overlay-color":"","overlay-opacity":"","overlay-gradient":""},"tablet":{"background-color":"var(--ast-global-color-4)","background-image":"","background-repeat":"repeat","background-position":"center center","background-size":"auto","background-attachment":"scroll","background-type":"","background-media":"","overlay-type":"","overlay-color":"","overlay-opacity":"","overlay-gradient":""},"mobile":{"background-color":"var(--ast-global-color-4)","background-image":"","background-repeat":"repeat","background-position":"center center","background-size":"auto","background-attachment":"scroll","background-type":"","background-media":"","overlay-type":"","overlay-color":"","overlay-opacity":"","overlay-gradient":""}},"footnotes":""},"class_list":["post-28306","page","type-page","status-publish","hentry"],"_links":{"self":[{"href":"https:\/\/mavideniz.com.tr\/tr\/wp-json\/wp\/v2\/pages\/28306","targetHints":{"allow":["GET"]}}],"collection":[{"href":"https:\/\/mavideniz.com.tr\/tr\/wp-json\/wp\/v2\/pages"}],"about":[{"href":"https:\/\/mavideniz.com.tr\/tr\/wp-json\/wp\/v2\/types\/page"}],"author":[{"embeddable":true,"href":"https:\/\/mavideniz.com.tr\/tr\/wp-json\/wp\/v2\/users\/1"}],"replies":[{"embeddable":true,"href":"https:\/\/mavideniz.com.tr\/tr\/wp-json\/wp\/v2\/comments?post=28306"}],"version-history":[{"count":0,"href":"https:\/\/mavideniz.com.tr\/tr\/wp-json\/wp\/v2\/pages\/28306\/revisions"}],"up":[{"embeddable":true,"href":"https:\/\/mavideniz.com.tr\/tr\/wp-json\/wp\/v2\/pages\/28192"}],"wp:attachment":[{"href":"https:\/\/mavideniz.com.tr\/tr\/wp-json\/wp\/v2\/media?parent=28306"}],"curies":[{"name":"wp","href":"https:\/\/api.w.org\/{rel}","templated":true}]}}