{"id":28309,"date":"2016-01-04T20:08:00","date_gmt":"2016-01-04T20:08:00","guid":{"rendered":"https:\/\/mavideniz.com.tr\/?page_id=28309"},"modified":"2024-04-22T22:43:05","modified_gmt":"2024-04-22T22:43:05","slug":"barbie-isimli-yat-petrol-sizintisina-mudahale-operasyonu","status":"publish","type":"page","link":"https:\/\/mavideniz.com.tr\/tr\/servislerimiz\/petrol-sizintisi-mudahalesi-onleme\/petrol-sizintisi-mudahale-operasyonlari-yonetimi\/barbie-isimli-yat-petrol-sizintisina-mudahale-operasyonu\/","title":{"rendered":"&#8216;Barbie&#8217; isimli yat Petrol S\u0131z\u0131nt\u0131s\u0131na M\u00fcdahale Operasyonu"},"content":{"rendered":"<p>Marmaris&#8217;te 25 milyon euro de\u011ferindeki l\u00fcks yat &#8216;Barbie&#8217;de yang\u0131n \u00e7\u0131kt\u0131. Marian itfaiye ekipleri m\u00fcdahalede yetersiz kal\u0131nca Mu\u011fla \u0130tfaiyesi ve Sahil G\u00fcvenlik Marmaris Grup Komutanl\u0131\u011f\u0131&#8217;na destek istendi. Yang\u0131n iki dolar daha ald\u0131. \u0130tfaiye ekipleri ve Sahil G\u00fcvenlik ekipleri de&nbsp; d\u00f6rt saatlik alev \u00e7al\u0131\u015fmas\u0131n\u0131n ard\u0131ndan s\u00f6nd\u00fcr\u00fcld\u00fc. 150 mt bariyer, ya\u011f bomu ve ya\u011f yast\u0131klar\u0131&nbsp; Mavideniz A.\u015e. taraf\u0131ndan b\u00f6lgede yak\u0131t s\u0131z\u0131nt\u0131s\u0131 olma ihtimaline kar\u015f\u0131 \u00e7izildi<\/p>\n","protected":false},"excerpt":{"rendered":"<p>Marmaris&#8217;te 25 milyon euro de\u011ferindeki l\u00fcks yat &#8216;Barbie&#8217;de yang\u0131n \u00e7\u0131kt\u0131. Marian itfaiye ekipleri m\u00fcdahalede yetersiz kal\u0131nca Mu\u011fla \u0130tfaiyesi ve Sahil [&hellip;]<\/p>\n","protected":false},"author":1,"featured_media":0,"parent":28192,"menu_order":0,"comment_status":"closed","ping_status":"closed","template":"","meta":{"site-sidebar-layout":"default","site-content-layout":"","ast-site-content-layout":"default","site-content-style":"default","site-sidebar-style":"default","ast-global-header-display":"","ast-banner-title-visibility":"","ast-main-header-display":"","ast-hfb-above-header-display":"","ast-hfb-below-header-display":"","ast-hfb-mobile-header-display":"","site-post-title":"","ast-breadcrumbs-content":"","ast-featured-img":"","footer-sml-layout":"","ast-disable-related-posts":"","theme-transparent-header-meta":"","adv-header-id-meta":"","stick-header-meta":"","header-above-stick-meta":"","header-main-stick-meta":"","header-below-stick-meta":"","astra-migrate-meta-layouts":"default","ast-page-background-enabled":"default","ast-page-background-meta":{"desktop":{"background-color":"var(--ast-global-color-5)","background-image":"","background-repeat":"repeat","background-position":"center center","background-size":"auto","background-attachment":"scroll","background-type":"","background-media":"","overlay-type":"","overlay-color":"","overlay-opacity":"","overlay-gradient":""},"tablet":{"background-color":"","background-image":"","background-repeat":"repeat","background-position":"center center","background-size":"auto","background-attachment":"scroll","background-type":"","background-media":"","overlay-type":"","overlay-color":"","overlay-opacity":"","overlay-gradient":""},"mobile":{"background-color":"","background-image":"","background-repeat":"repeat","background-position":"center center","background-size":"auto","background-attachment":"scroll","background-type":"","background-media":"","overlay-type":"","overlay-color":"","overlay-opacity":"","overlay-gradient":""}},"ast-content-background-meta":{"desktop":{"background-color":"var(--ast-global-color-4)","background-image":"","background-repeat":"repeat","background-position":"center center","background-size":"auto","background-attachment":"scroll","background-type":"","background-media":"","overlay-type":"","overlay-color":"","overlay-opacity":"","overlay-gradient":""},"tablet":{"background-color":"var(--ast-global-color-4)","background-image":"","background-repeat":"repeat","background-position":"center center","background-size":"auto","background-attachment":"scroll","background-type":"","background-media":"","overlay-type":"","overlay-color":"","overlay-opacity":"","overlay-gradient":""},"mobile":{"background-color":"var(--ast-global-color-4)","background-image":"","background-repeat":"repeat","background-position":"center center","background-size":"auto","background-attachment":"scroll","background-type":"","background-media":"","overlay-type":"","overlay-color":"","overlay-opacity":"","overlay-gradient":""}},"footnotes":""},"class_list":["post-28309","page","type-page","status-publish","hentry"],"_links":{"self":[{"href":"https:\/\/mavideniz.com.tr\/tr\/wp-json\/wp\/v2\/pages\/28309","targetHints":{"allow":["GET"]}}],"collection":[{"href":"https:\/\/mavideniz.com.tr\/tr\/wp-json\/wp\/v2\/pages"}],"about":[{"href":"https:\/\/mavideniz.com.tr\/tr\/wp-json\/wp\/v2\/types\/page"}],"author":[{"embeddable":true,"href":"https:\/\/mavideniz.com.tr\/tr\/wp-json\/wp\/v2\/users\/1"}],"replies":[{"embeddable":true,"href":"https:\/\/mavideniz.com.tr\/tr\/wp-json\/wp\/v2\/comments?post=28309"}],"version-history":[{"count":0,"href":"https:\/\/mavideniz.com.tr\/tr\/wp-json\/wp\/v2\/pages\/28309\/revisions"}],"up":[{"embeddable":true,"href":"https:\/\/mavideniz.com.tr\/tr\/wp-json\/wp\/v2\/pages\/28192"}],"wp:attachment":[{"href":"https:\/\/mavideniz.com.tr\/tr\/wp-json\/wp\/v2\/media?parent=28309"}],"curies":[{"name":"wp","href":"https:\/\/api.w.org\/{rel}","templated":true}]}}