{"id":28313,"date":"2020-03-12T20:11:00","date_gmt":"2020-03-12T20:11:00","guid":{"rendered":"https:\/\/mavideniz.com.tr\/?page_id=28313"},"modified":"2024-04-22T22:51:13","modified_gmt":"2024-04-22T22:51:13","slug":"clavigo-gemisi-petrol-sizintisi-mudahale-operasyonu","status":"publish","type":"page","link":"https:\/\/mavideniz.com.tr\/tr\/servislerimiz\/petrol-sizintisi-mudahalesi-onleme\/petrol-sizintisi-mudahale-operasyonlari-yonetimi\/clavigo-gemisi-petrol-sizintisi-mudahale-operasyonu\/","title":{"rendered":"Clavigo Gemisi Petrol S\u0131z\u0131nt\u0131s\u0131 M\u00fcdahale Operasyonu"},"content":{"rendered":"<p>Tuzla a\u00e7\u0131klar\u0131nda g\u00fcneybat\u0131 ve sa\u011fanak ya\u011f\u0131\u015f nedeniyle kontrolden \u00e7\u0131kan Clavigo isimli gemi, Dede isimli gemiye \u00e7arpt\u0131. \u00c7arpman\u0131n etkisiyle her iki gemi de yan yatarak su almaya ba\u015flad\u0131. Olay yerine Sahil G\u00fcvenlik ekipleri sevk edildi. M\u00fcrettebat gemide toplam 13 m\u00fcrettebat\u0131 kurtard\u0131. Kazaya kar\u0131\u015fan Clavigo gemisi Tuzla sahilinde yan yatt\u0131. Gemiden s\u0131zabilecek yak\u0131t\u0131n denize yay\u0131lmas\u0131n\u0131 \u00f6nlemek i\u00e7in geminin etraf\u0131na ya\u011f bariyeri kurulmu\u015f ve yedek olarak emici pedler, emici bom, ya\u011f s\u0131y\u0131r\u0131c\u0131s\u0131 kullan\u0131lm\u0131\u015ft\u0131r. Daha sonra, t\u0131rm\u0131klanan gemi y\u00fczd\u00fcr\u00fcld\u00fc.<\/p>\n","protected":false},"excerpt":{"rendered":"<p>Tuzla a\u00e7\u0131klar\u0131nda g\u00fcneybat\u0131 ve sa\u011fanak ya\u011f\u0131\u015f nedeniyle kontrolden \u00e7\u0131kan Clavigo isimli gemi, Dede isimli gemiye \u00e7arpt\u0131. \u00c7arpman\u0131n etkisiyle her iki [&hellip;]<\/p>\n","protected":false},"author":1,"featured_media":0,"parent":28192,"menu_order":0,"comment_status":"closed","ping_status":"closed","template":"","meta":{"site-sidebar-layout":"default","site-content-layout":"","ast-site-content-layout":"default","site-content-style":"default","site-sidebar-style":"default","ast-global-header-display":"","ast-banner-title-visibility":"","ast-main-header-display":"","ast-hfb-above-header-display":"","ast-hfb-below-header-display":"","ast-hfb-mobile-header-display":"","site-post-title":"","ast-breadcrumbs-content":"","ast-featured-img":"","footer-sml-layout":"","ast-disable-related-posts":"","theme-transparent-header-meta":"","adv-header-id-meta":"","stick-header-meta":"","header-above-stick-meta":"","header-main-stick-meta":"","header-below-stick-meta":"","astra-migrate-meta-layouts":"default","ast-page-background-enabled":"default","ast-page-background-meta":{"desktop":{"background-color":"var(--ast-global-color-5)","background-image":"","background-repeat":"repeat","background-position":"center center","background-size":"auto","background-attachment":"scroll","background-type":"","background-media":"","overlay-type":"","overlay-color":"","overlay-opacity":"","overlay-gradient":""},"tablet":{"background-color":"","background-image":"","background-repeat":"repeat","background-position":"center center","background-size":"auto","background-attachment":"scroll","background-type":"","background-media":"","overlay-type":"","overlay-color":"","overlay-opacity":"","overlay-gradient":""},"mobile":{"background-color":"","background-image":"","background-repeat":"repeat","background-position":"center center","background-size":"auto","background-attachment":"scroll","background-type":"","background-media":"","overlay-type":"","overlay-color":"","overlay-opacity":"","overlay-gradient":""}},"ast-content-background-meta":{"desktop":{"background-color":"var(--ast-global-color-4)","background-image":"","background-repeat":"repeat","background-position":"center center","background-size":"auto","background-attachment":"scroll","background-type":"","background-media":"","overlay-type":"","overlay-color":"","overlay-opacity":"","overlay-gradient":""},"tablet":{"background-color":"var(--ast-global-color-4)","background-image":"","background-repeat":"repeat","background-position":"center center","background-size":"auto","background-attachment":"scroll","background-type":"","background-media":"","overlay-type":"","overlay-color":"","overlay-opacity":"","overlay-gradient":""},"mobile":{"background-color":"var(--ast-global-color-4)","background-image":"","background-repeat":"repeat","background-position":"center center","background-size":"auto","background-attachment":"scroll","background-type":"","background-media":"","overlay-type":"","overlay-color":"","overlay-opacity":"","overlay-gradient":""}},"footnotes":""},"class_list":["post-28313","page","type-page","status-publish","hentry"],"_links":{"self":[{"href":"https:\/\/mavideniz.com.tr\/tr\/wp-json\/wp\/v2\/pages\/28313","targetHints":{"allow":["GET"]}}],"collection":[{"href":"https:\/\/mavideniz.com.tr\/tr\/wp-json\/wp\/v2\/pages"}],"about":[{"href":"https:\/\/mavideniz.com.tr\/tr\/wp-json\/wp\/v2\/types\/page"}],"author":[{"embeddable":true,"href":"https:\/\/mavideniz.com.tr\/tr\/wp-json\/wp\/v2\/users\/1"}],"replies":[{"embeddable":true,"href":"https:\/\/mavideniz.com.tr\/tr\/wp-json\/wp\/v2\/comments?post=28313"}],"version-history":[{"count":0,"href":"https:\/\/mavideniz.com.tr\/tr\/wp-json\/wp\/v2\/pages\/28313\/revisions"}],"up":[{"embeddable":true,"href":"https:\/\/mavideniz.com.tr\/tr\/wp-json\/wp\/v2\/pages\/28192"}],"wp:attachment":[{"href":"https:\/\/mavideniz.com.tr\/tr\/wp-json\/wp\/v2\/media?parent=28313"}],"curies":[{"name":"wp","href":"https:\/\/api.w.org\/{rel}","templated":true}]}}