{"id":28323,"date":"2021-11-14T23:13:38","date_gmt":"2021-11-14T23:13:38","guid":{"rendered":"https:\/\/mavideniz.com.tr\/?page_id=28323"},"modified":"2023-07-02T19:32:20","modified_gmt":"2023-07-02T19:32:20","slug":"kara-kiyi-seridi-petrol-sizintisi-mudahalesi","status":"publish","type":"page","link":"https:\/\/mavideniz.com.tr\/tr\/servislerimiz\/petrol-sizintisi-mudahalesi-onleme\/kara-kiyi-seridi-petrol-sizintisi-mudahalesi\/","title":{"rendered":"Kara + K\u0131y\u0131 \u015eeridi Petrol S\u0131z\u0131nt\u0131s\u0131na M\u00fcdahale"},"content":{"rendered":"<p><br \/>\nMAV\u0130 DEN\u0130Z, \u0130stanbul, T\u00fcrkiye&#8217;de yerle\u015fik olup, y\u0131lda 365 g\u00fcn, g\u00fcnde 24 saat s\u00fcrekli beklemede m\u00fcdahale ekiplerine sahiptir. Karada ve k\u0131y\u0131 \u015feridinde Petrol S\u0131z\u0131nt\u0131s\u0131 M\u00fcdahalesi<\/p>\n<p>Karada ve k\u0131y\u0131 \u015feridinde, petrol s\u0131z\u0131nt\u0131lar\u0131 \u00e7evreye verilen zarar\u0131 yava\u015flat\u0131r. Karaya d\u00f6k\u00fclmelerin, insan faaliyetlerini veya sosyal veya ekonomik faaliyetlerle ili\u015fkili kaynaklar\u0131 do\u011frudan etkileme riski daha y\u00fcksektir.<\/p>\n<p>(K\u0131y\u0131 \u015eeridi + \u0130\u00e7 Kara) Petrol S\u0131z\u0131nt\u0131s\u0131 M\u00fcdahale ekipleri en y\u00fcksek end\u00fcstri standartlar\u0131na g\u00f6re e\u011fitilir ve d\u00fczenli olarak egzersiz yapar. (K\u0131y\u0131 \u015eeridi + \u0130\u00e7 Kara) Petrol S\u0131z\u0131nt\u0131s\u0131 M\u00fcdahale ekibi, k\u00fc\u00e7\u00fck bir yerel petrol s\u0131z\u0131nt\u0131s\u0131ndan, boru hatt\u0131 petrol s\u0131z\u0131nt\u0131lar\u0131, jet yak\u0131t\u0131 ve end\u00fcstriyel petrol depolama s\u0131z\u0131nt\u0131lar\u0131 gibi b\u00fcy\u00fck end\u00fcstriyel olaylara kadar karada ve boru hatt\u0131nda meydana gelen petrol s\u0131z\u0131nt\u0131s\u0131na m\u00fcdahale edebilir.<\/p>\n<p>K\u0131y\u0131 \u015feridi temizli\u011fi i\u00e7in, do\u011fal kurtarma, elle temizleme, sel veya y\u0131kama, vakum kullan\u0131m\u0131, amfibi makine, ya\u011f s\u0131y\u0131r\u0131c\u0131, s\u0131y\u0131rma gemisi, petrol patlamas\u0131, mekanik temizleme, toprak i\u015fleme ve havaland\u0131rma, tortu yeniden i\u015fleme veya s\u00f6rf y\u0131kama kullan\u0131yoruz ve sorbentler veya kimyasal temizlik maddeleri.<\/p>\n<p>Mavi Deniz limanlara, marinalara, tersanelere, rafinerilere, petrol \u015firketlerine, boru hatlar\u0131na, petrol\/gaz arama, sanayi ve \u00fcretim \u015firketlerine Tier1, Tier 2 ve Tier 3 stand-by deste\u011fi sa\u011flar. Ekipmanlar\u0131m\u0131z ayr\u0131ca Tier 1 veya Tier 2 kitleri olarak veya m\u00fc\u015fterinin mevcut envanterini, operasyonlara ba\u011fl\u0131 olarak k\u0131sa veya uzun d\u00f6nem gereksinimlerini desteklemek i\u00e7in esnek bir \u015fekilde kiralanabilir. T\u00fcm ekipmanlar\u0131m\u0131z B.V. veya E\u015fde\u011feri taraf\u0131ndan onaylanm\u0131\u015ft\u0131r ve dahili bir bak\u0131m prosed\u00fcr\u00fcne g\u00f6re iyi bir \u015fekilde korunur.<\/p>\n<p>K\u0131y\u0131 \u015feridinin temel yap\u0131s\u0131 ve mevcut malzemenin boyutu, petrol s\u0131z\u0131nt\u0131s\u0131n\u0131n temizlenmesi a\u00e7\u0131s\u0131ndan en kritik fakt\u00f6rlerdir. Oras\u0131<br \/>\nhepsi petrol s\u0131z\u0131nt\u0131lar\u0131na kar\u015f\u0131 hassasiyet ve temizleme kolayl\u0131\u011f\u0131 a\u00e7\u0131s\u0131ndan s\u0131n\u0131fland\u0131r\u0131lm\u0131\u015f bir\u00e7ok sahil \u015feridi t\u00fcr\u00fcd\u00fcr. Baz\u0131 t\u00fcrler ana kaya, insan yap\u0131m\u0131 kat\u0131 yap\u0131lar, kayal\u0131k plajlar, \u00e7ak\u0131l-parke ta\u015f\u0131, kar\u0131\u015f\u0131k kum-\u00e7ak\u0131ll\u0131 plajlar, kumlu plajlar, gelgit kumu d\u00fczl\u00fckleri, \u00e7amur gelgit d\u00fczl\u00fckleri, batakl\u0131klar, turba ve al\u00e7ak tundra ve mangrovdur.<\/p>\n<p>Petrol k\u0131y\u0131 \u015feridine ula\u015ft\u0131\u011f\u0131nda, etkilenen b\u00f6lgeleri temizlemek i\u00e7in \u00f6nemli \u00f6l\u00e7\u00fcde \u00e7aba g\u00f6stermemiz gerekebilir. \u00c7o\u011fu gemi kaynakl\u0131 petrol s\u0131z\u0131nt\u0131s\u0131 k\u0131y\u0131ya yak\u0131n yerlerde meydana gelir ve sonu\u00e7 olarak bir\u00e7ok s\u0131z\u0131nt\u0131 k\u0131y\u0131 \u015feridinin kirlenmesine neden olur. K\u0131y\u0131da duran petrol \u00f6nemli \u00e7evresel ve ekonomik etkilere neden olabilir. Ayr\u0131ca, olay\u0131n \u00f6l\u00e7e\u011fine ve a\u015f\u0131r\u0131 maliyetlere ili\u015fkin siyasi ve kamusal alg\u0131y\u0131 da b\u00fcy\u00fck \u00f6l\u00e7\u00fcde belirleyebilir.<\/p>\n<p><strong>Mavi Deniz, petrol \u00fcr\u00fcnleri i\u00e7in \u00e7e\u015fitli kara tabanl\u0131 m\u00fcdahalelerde de yard\u0131mc\u0131 olabilir.<\/strong><\/p>\n<ul>\n<li>Tank \u00e7iftli\u011fi petrol s\u0131z\u0131nt\u0131lar\u0131<\/li>\n<li>Petrol boru hatt\u0131 s\u0131z\u0131nt\u0131s\u0131<\/li>\n<li>Jet yak\u0131t\u0131 s\u0131z\u0131nt\u0131s\u0131<\/li>\n<li>End\u00fcstriyel ya\u011f depolama s\u0131z\u0131nt\u0131s\u0131<\/li>\n<li>Tanker devrilme \u00fcr\u00fcn\u00fc kurtarma<\/li>\n<li>Demiryolu kazas\u0131 s\u0131z\u0131nt\u0131lar\u0131<\/li>\n<li>Havac\u0131l\u0131k kazas\u0131 s\u0131z\u0131nt\u0131lar\u0131<\/li>\n<li>Acil durum planlamas\u0131<\/li>\n<li>Site d\u00fczenlemelerine uygunluk denetimleri<\/li>\n<li>Kirlenmi\u015f alanlar\u0131n iyile\u015ftirilmesi<\/li>\n<li>\u00c7evresel saha incelemeleri<\/li>\n<\/ul>\n<p>Mavi Deniz, acil durumu hem g\u00fcvenli hem de daha verimli bir \u015fekilde ele ald\u0131\u011f\u0131n\u0131 kan\u0131tlad\u0131.<\/p>\n<p>Ayr\u0131ca Mavi Deniz, acil durum a\u015famas\u0131 tamamland\u0131ktan sonra iyile\u015ftirme operasyonlar\u0131n\u0131 ger\u00e7ekle\u015ftirebilir. Saha de\u011ferlendirmesinden biyoremediasyona kadar de\u011fi\u015fen hizmetlerle \u00e7evredeki ortam\u0131 orijinal durumuna d\u00f6nd\u00fcrmeye yard\u0131mc\u0131 olabilecek personelimiz ve ta\u015feronlar\u0131m\u0131z var.<\/p>\n<p>Ge\u00e7mi\u015f Petrol S\u0131z\u0131nt\u0131s\u0131 M\u00fcdahale Operasyonlar\u0131<\/p>\n","protected":false},"excerpt":{"rendered":"<p>MAV\u0130 DEN\u0130Z, \u0130stanbul, T\u00fcrkiye&#8217;de yerle\u015fik olup, y\u0131lda 365 g\u00fcn, g\u00fcnde 24 saat s\u00fcrekli beklemede m\u00fcdahale ekiplerine sahiptir. Karada ve k\u0131y\u0131 [&hellip;]<\/p>\n","protected":false},"author":1,"featured_media":0,"parent":28176,"menu_order":0,"comment_status":"closed","ping_status":"closed","template":"","meta":{"site-sidebar-layout":"default","site-content-layout":"","ast-site-content-layout":"default","site-content-style":"default","site-sidebar-style":"default","ast-global-header-display":"","ast-banner-title-visibility":"","ast-main-header-display":"","ast-hfb-above-header-display":"","ast-hfb-below-header-display":"","ast-hfb-mobile-header-display":"","site-post-title":"","ast-breadcrumbs-content":"","ast-featured-img":"","footer-sml-layout":"","ast-disable-related-posts":"","theme-transparent-header-meta":"","adv-header-id-meta":"","stick-header-meta":"","header-above-stick-meta":"","header-main-stick-meta":"","header-below-stick-meta":"","astra-migrate-meta-layouts":"default","ast-page-background-enabled":"default","ast-page-background-meta":{"desktop":{"background-color":"var(--ast-global-color-5)","background-image":"","background-repeat":"repeat","background-position":"center center","background-size":"auto","background-attachment":"scroll","background-type":"","background-media":"","overlay-type":"","overlay-color":"","overlay-opacity":"","overlay-gradient":""},"tablet":{"background-color":"","background-image":"","background-repeat":"repeat","background-position":"center center","background-size":"auto","background-attachment":"scroll","background-type":"","background-media":"","overlay-type":"","overlay-color":"","overlay-opacity":"","overlay-gradient":""},"mobile":{"background-color":"","background-image":"","background-repeat":"repeat","background-position":"center center","background-size":"auto","background-attachment":"scroll","background-type":"","background-media":"","overlay-type":"","overlay-color":"","overlay-opacity":"","overlay-gradient":""}},"ast-content-background-meta":{"desktop":{"background-color":"var(--ast-global-color-4)","background-image":"","background-repeat":"repeat","background-position":"center center","background-size":"auto","background-attachment":"scroll","background-type":"","background-media":"","overlay-type":"","overlay-color":"","overlay-opacity":"","overlay-gradient":""},"tablet":{"background-color":"var(--ast-global-color-4)","background-image":"","background-repeat":"repeat","background-position":"center center","background-size":"auto","background-attachment":"scroll","background-type":"","background-media":"","overlay-type":"","overlay-color":"","overlay-opacity":"","overlay-gradient":""},"mobile":{"background-color":"var(--ast-global-color-4)","background-image":"","background-repeat":"repeat","background-position":"center center","background-size":"auto","background-attachment":"scroll","background-type":"","background-media":"","overlay-type":"","overlay-color":"","overlay-opacity":"","overlay-gradient":""}},"footnotes":""},"class_list":["post-28323","page","type-page","status-publish","hentry"],"_links":{"self":[{"href":"https:\/\/mavideniz.com.tr\/tr\/wp-json\/wp\/v2\/pages\/28323","targetHints":{"allow":["GET"]}}],"collection":[{"href":"https:\/\/mavideniz.com.tr\/tr\/wp-json\/wp\/v2\/pages"}],"about":[{"href":"https:\/\/mavideniz.com.tr\/tr\/wp-json\/wp\/v2\/types\/page"}],"author":[{"embeddable":true,"href":"https:\/\/mavideniz.com.tr\/tr\/wp-json\/wp\/v2\/users\/1"}],"replies":[{"embeddable":true,"href":"https:\/\/mavideniz.com.tr\/tr\/wp-json\/wp\/v2\/comments?post=28323"}],"version-history":[{"count":0,"href":"https:\/\/mavideniz.com.tr\/tr\/wp-json\/wp\/v2\/pages\/28323\/revisions"}],"up":[{"embeddable":true,"href":"https:\/\/mavideniz.com.tr\/tr\/wp-json\/wp\/v2\/pages\/28176"}],"wp:attachment":[{"href":"https:\/\/mavideniz.com.tr\/tr\/wp-json\/wp\/v2\/media?parent=28323"}],"curies":[{"name":"wp","href":"https:\/\/api.w.org\/{rel}","templated":true}]}}