{"id":28329,"date":"2021-11-14T23:28:01","date_gmt":"2021-11-14T23:28:01","guid":{"rendered":"https:\/\/mavideniz.com.tr\/?page_id=28329"},"modified":"2024-04-08T18:01:00","modified_gmt":"2024-04-08T18:01:00","slug":"endustriyel-tank-temizligi-gemi-temizligi","status":"publish","type":"page","link":"https:\/\/mavideniz.com.tr\/tr\/servislerimiz\/endustriyel-tank-temizligi-gemi-temizligi\/","title":{"rendered":"End\u00fcstriyel Tank + Gemi Temizli\u011fi"},"content":{"rendered":"<p><br \/>\n<strong>End\u00fcstriyel Tank Temizli\u011fi<\/strong><\/p>\n<p>Mavi Deniz, esnek ve kapsaml\u0131 bir end\u00fcstriyel tank temizleme hizmeti sa\u011flamada \u00f6nc\u00fcl\u00fck ediyor. Rutin bir prosed\u00fcr olmas\u0131na ra\u011fmen, \u00f6zel e\u011fitim, yetenekli operat\u00f6rler ve \u00f6zel ekipman gerektirir. M\u00fc\u015fterilerimizin \u00e7o\u011fu i\u00e7in gerekli olan yat\u0131r\u0131m, onlar\u0131n bu i\u015fi kendilerinin yapmas\u0131n\u0131 engelliyor. Mavi Deniz, en zor tanklar\u0131n\u0131z\u0131 ba\u015far\u0131yla temizleyecek teknik bilgi ve deneyime sahiptir.<\/p>\n<p>Tehlikeli maddeler i\u00e7in testler de dahil olmak \u00fczere tank\u0131n i\u00e7eri\u011fini analiz ediyoruz. Tank\u0131n konumunu, \u00e7evresel fakt\u00f6rleri ve g\u00fcnl\u00fck operasyonlar\u0131n\u0131za uymas\u0131 ve ar\u0131za s\u00fcresini en aza indirmesi i\u00e7in ihtiya\u00e7lar\u0131 dikkate alan bir plan tasarl\u0131yoruz.<\/p>\n<p>End\u00fcstriyel Tank temizli\u011fi ya giri\u015fsiz y\u00f6ntemlerle ya da tank i\u00e7inde \u00e7al\u0131\u015fan olduk\u00e7a deneyimli personelimiz taraf\u0131ndan yap\u0131lmaktad\u0131r. Tabii ki, g\u00fcvenlikleri \u00e7ok \u00f6nemlidir ve eksiksiz risk de\u011ferlendirmeleri ger\u00e7ekle\u015ftiriyor ve en son g\u00fcvenlik ekipmanlar\u0131n\u0131 ve solunum cihazlar\u0131n\u0131 kullanarak kat\u0131 kapal\u0131 alan prosed\u00fcrleri alt\u0131nda \u00e7al\u0131\u015f\u0131yoruz.<\/p>\n<p>Mavi Deniz m\u00fckemmel bir \u00e7\u00f6z\u00fcm sunar. Akaryak\u0131t ve ya\u011f tanklar\u0131, kanalizasyonlar, slop petrol tanklar\u0131, ham petrol tanklar\u0131, balast tanklar\u0131, end\u00fcstriyel i\u015fler, lokomotif tank temizleme ve gaz dahil olmak \u00fczere \u00e7ok \u00e7e\u015fitli kaynaklardan gelen \u00e7amurlar\u0131 ve at\u0131k ak\u0131\u015flar\u0131n\u0131 i\u015flemek i\u00e7in ekipman\u0131 ve i\u015fg\u00fcc\u00fcn\u00fc k\u0131sa s\u00fcrede harekete ge\u00e7irebiliriz. temizlik i\u015flemlerinden kaynaklanan at\u0131klar\u0131 ay\u0131rmak i\u00e7in \u00fccretsiz servis ve at\u0131k \u00e7ukurlar\u0131.<\/p>\n<p>Giderek, tanklara potansiyel olarak tehlikeli insan giri\u015fine olan ihtiyac\u0131 en aza indiren, riski azaltan ve Sa\u011fl\u0131k ve G\u00fcvenli\u011fi iyile\u015ftiren sa\u011flam ve hassas y\u0131kama ba\u015fl\u0131klar\u0131 kullan\u0131yoruz. Ya\u011f\/at\u0131k ay\u0131rma sistemlerimizle birlikte bu y\u00f6ntem, toplam bir tank temizleme ve ya\u011f geri kazan\u0131m paketi sunmam\u0131za ve b\u00f6ylece toplam maliyeti d\u00fc\u015f\u00fcrmemize olanak tan\u0131r.<\/p>\n<p>Teknoloji ve ekipman, rafinerinin verimlili\u011fini art\u0131rmak i\u00e7in tasarlanm\u0131\u015f ve \u00fcretilmi\u015ftir. Bu, uzun vadeli operasyonlar i\u00e7in maliyet a\u00e7\u0131s\u0131ndan avantajl\u0131 olmas\u0131n\u0131 sa\u011flar.<\/p>\n<p>Ay\u0131r\u0131c\u0131 sistemler, geri kazan\u0131lan materyali sat\u0131\u015f, imha ve geri d\u00f6n\u00fc\u015f\u00fcm i\u00e7in \u00e7e\u015fitli \u00fcr\u00fcnlere d\u00f6n\u00fc\u015ft\u00fcr\u00fcr. Ay\u0131r\u0131c\u0131 sistem SU, YA\u011e ve KATI i\u00e7eri\u011finin azalt\u0131lmas\u0131n\u0131 ama\u00e7lar.<\/p>\n<p><strong>End\u00fcstriyel Tank Temizli\u011fi Uygulama Alanalr\u0131<\/strong><\/p>\n<ul>\n<li>Ham Petrol Tanklar\u0131<\/li>\n<li>\u00dcr\u00fcn Terminalleri<\/li>\n<li>Depolama tanklar\u0131<\/li>\n<li>Yak\u0131t Tanklar\u0131<\/li>\n<li>rafineriler<\/li>\n<li>Enerji Santralleri<\/li>\n<li>Boru Hatlar\u0131 ve Kompres\u00f6r \u0130stasyonlar\u0131<\/li>\n<li>Tuzlu Su Bertaraf\u0131<\/li>\n<\/ul>\n<p><strong>Gemi Temizli\u011fi<\/strong><\/p>\n<p>Mavi Deniz, kargo tanklar\u0131n\u0131z\u0131 verimli bir \u015fekilde temizlemek i\u00e7in gereken uzmanl\u0131\u011fa sahiptir. Farkl\u0131 kargo t\u00fcrleri aras\u0131nda y\u0131kama yapmak esast\u0131r. Uzmanlardan olu\u015fan ekibimiz, y\u00fcksek kaliteli bir y\u0131kamay\u0131 garanti etmek i\u00e7in gereken y\u0131llar\u0131n deneyimine sahiptir. Bir\u00e7ok gemi sahibi, kargo kontaminasyon olas\u0131l\u0131\u011f\u0131n\u0131 azaltmak i\u00e7in kargo tank temizli\u011fini seferler aras\u0131nda rutin bir bak\u0131m prosed\u00fcr\u00fc haline getirmi\u015ftir. Kargo tank\u0131 temizli\u011finizi veya s\u0131n\u0131f de\u011fi\u015fikli\u011fi temizlik ihtiya\u00e7lar\u0131n\u0131z\u0131 bug\u00fcn bize b\u0131rak\u0131n.<\/p>\n<p>Geminin tersane giri\u015finden \u00f6nce veya limanda veya demirleme alan\u0131nda y\u00fckleme\/bo\u015faltma s\u00fcresi boyunca t\u00fcm tank temizli\u011fi ve gazs\u0131z ko\u015fullar\u0131n\u0131n yetkili bir zabit taraf\u0131ndan gazs\u0131z muayenesi ve belgelendirilmesi.<\/p>\n<p><strong>\u00d6zellikler<\/strong><\/p>\n<ul>\n<li>Robotik Tank Temizli\u011fi<\/li>\n<li>Uzaktan Kumanda + Otomatik temizleme<\/li>\n<li>Adam Giri\u015f Tank Temizli\u011fi<\/li>\n<li>Robot, bulan\u0131kl\u0131k yaratmadan tortuyu\/\u00e7amuru verimli bir \u015fekilde keser.<\/li>\n<li>Profesyonel g\u00fcvenlik ERKEK G\u0130R\u0130\u015e\u0130 YOK<\/li>\n<li>Daha h\u0131zl\u0131 ve daha g\u00fcvenli tank temizli\u011fi<\/li>\n<li>\u00c7amurun yerinde i\u015flenmesi ve 3 faza ayr\u0131lmas\u0131<\/li>\n<li>Temiz su istenilen alana pompalan\u0131r (genellikle tekrar tanka\/havzaya)<\/li>\n<li>Anahtar teslim tasar\u0131m ve kurulum<\/li>\n<li>\u00d6zel y\u0131kama s\u0131v\u0131s\u0131<\/li>\n<li>\u00c7amurun g\u00fcvenli ve do\u011fru \u00f6l\u00e7\u00fcm\u00fc<\/li>\n<li>Daha h\u0131zl\u0131 ve daha g\u00fcvenli tank temizli\u011fi<\/li>\n<li>API separat\u00f6rlerinden, DAF \u00e7amur \u00fcnitesinden \u00e7evrim i\u00e7i \u00e7amur giderme<\/li>\n<li>Ay\u0131rma, s\u0131n\u0131fland\u0131rma ve pompalama<\/li>\n<li>\u00c7amurun yerinde i\u015flenmesi ve 3 faza ayr\u0131lmas\u0131<\/li>\n<li>\u00dcr\u00fcn ya\u011f\u0131n\u0131n rafineriye geri kazan\u0131m\u0131<\/li>\n<li>Bertaraf i\u00e7in tortu hacminde b\u00fcy\u00fck azalma.<\/li>\n<li>Minimum at\u0131k bertaraf\u0131 gereklidir ve daha d\u00fc\u015f\u00fck su, seyreltici, elektrik ve hava t\u00fcketimi.<\/li>\n<li>M\u00fc\u015fterilerimiz tercih ettikleri temizleme y\u00f6ntemini se\u00e7erler; at\u0131k suyu geri kazanmak, geri d\u00f6n\u00fc\u015ft\u00fcrmek ve yeniden kullanmak i\u00e7in tanks\u0131z bir giri\u015f veya s\u0131cak veya so\u011fuk su hidro-kumlama ile daha kapsaml\u0131 bir temizlik.<\/li>\n<\/ul>\n","protected":false},"excerpt":{"rendered":"<p>End\u00fcstriyel Tank Temizli\u011fi Mavi Deniz, esnek ve kapsaml\u0131 bir end\u00fcstriyel tank temizleme hizmeti sa\u011flamada \u00f6nc\u00fcl\u00fck ediyor. Rutin bir prosed\u00fcr olmas\u0131na [&hellip;]<\/p>\n","protected":false},"author":1,"featured_media":0,"parent":26739,"menu_order":0,"comment_status":"closed","ping_status":"closed","template":"","meta":{"site-sidebar-layout":"default","site-content-layout":"","ast-site-content-layout":"default","site-content-style":"default","site-sidebar-style":"default","ast-global-header-display":"","ast-banner-title-visibility":"","ast-main-header-display":"","ast-hfb-above-header-display":"","ast-hfb-below-header-display":"","ast-hfb-mobile-header-display":"","site-post-title":"","ast-breadcrumbs-content":"","ast-featured-img":"","footer-sml-layout":"","ast-disable-related-posts":"","theme-transparent-header-meta":"","adv-header-id-meta":"","stick-header-meta":"","header-above-stick-meta":"","header-main-stick-meta":"","header-below-stick-meta":"","astra-migrate-meta-layouts":"default","ast-page-background-enabled":"default","ast-page-background-meta":{"desktop":{"background-color":"var(--ast-global-color-5)","background-image":"","background-repeat":"repeat","background-position":"center center","background-size":"auto","background-attachment":"scroll","background-type":"","background-media":"","overlay-type":"","overlay-color":"","overlay-opacity":"","overlay-gradient":""},"tablet":{"background-color":"","background-image":"","background-repeat":"repeat","background-position":"center center","background-size":"auto","background-attachment":"scroll","background-type":"","background-media":"","overlay-type":"","overlay-color":"","overlay-opacity":"","overlay-gradient":""},"mobile":{"background-color":"","background-image":"","background-repeat":"repeat","background-position":"center center","background-size":"auto","background-attachment":"scroll","background-type":"","background-media":"","overlay-type":"","overlay-color":"","overlay-opacity":"","overlay-gradient":""}},"ast-content-background-meta":{"desktop":{"background-color":"var(--ast-global-color-4)","background-image":"","background-repeat":"repeat","background-position":"center center","background-size":"auto","background-attachment":"scroll","background-type":"","background-media":"","overlay-type":"","overlay-color":"","overlay-opacity":"","overlay-gradient":""},"tablet":{"background-color":"var(--ast-global-color-4)","background-image":"","background-repeat":"repeat","background-position":"center center","background-size":"auto","background-attachment":"scroll","background-type":"","background-media":"","overlay-type":"","overlay-color":"","overlay-opacity":"","overlay-gradient":""},"mobile":{"background-color":"var(--ast-global-color-4)","background-image":"","background-repeat":"repeat","background-position":"center center","background-size":"auto","background-attachment":"scroll","background-type":"","background-media":"","overlay-type":"","overlay-color":"","overlay-opacity":"","overlay-gradient":""}},"footnotes":""},"class_list":["post-28329","page","type-page","status-publish","hentry"],"_links":{"self":[{"href":"https:\/\/mavideniz.com.tr\/tr\/wp-json\/wp\/v2\/pages\/28329","targetHints":{"allow":["GET"]}}],"collection":[{"href":"https:\/\/mavideniz.com.tr\/tr\/wp-json\/wp\/v2\/pages"}],"about":[{"href":"https:\/\/mavideniz.com.tr\/tr\/wp-json\/wp\/v2\/types\/page"}],"author":[{"embeddable":true,"href":"https:\/\/mavideniz.com.tr\/tr\/wp-json\/wp\/v2\/users\/1"}],"replies":[{"embeddable":true,"href":"https:\/\/mavideniz.com.tr\/tr\/wp-json\/wp\/v2\/comments?post=28329"}],"version-history":[{"count":0,"href":"https:\/\/mavideniz.com.tr\/tr\/wp-json\/wp\/v2\/pages\/28329\/revisions"}],"up":[{"embeddable":true,"href":"https:\/\/mavideniz.com.tr\/tr\/wp-json\/wp\/v2\/pages\/26739"}],"wp:attachment":[{"href":"https:\/\/mavideniz.com.tr\/tr\/wp-json\/wp\/v2\/media?parent=28329"}],"curies":[{"name":"wp","href":"https:\/\/api.w.org\/{rel}","templated":true}]}}