{"id":28373,"date":"2021-11-15T17:07:00","date_gmt":"2021-11-15T17:07:00","guid":{"rendered":"https:\/\/mavideniz.com.tr\/?page_id=28373"},"modified":"2024-04-07T13:09:59","modified_gmt":"2024-04-07T13:09:59","slug":"yeralti-suyu-toprak-iyilestirme","status":"publish","type":"page","link":"https:\/\/mavideniz.com.tr\/tr\/servislerimiz\/cevresel-iyilestirme\/yeralti-suyu-toprak-iyilestirme\/","title":{"rendered":"Yeralt\u0131 Suyu + Toprak \u0130yile\u015ftirme"},"content":{"rendered":"<p><br \/>\nToprak iyile\u015ftirme, topraktaki kirleticileri (hidrokarbonlar, a\u011f\u0131r metaller ve kreozot) mevcut m\u00fclk sahiplerinin t\u00fcm sorunlar\u0131n\u0131 ortadan kald\u0131r\u0131r. Topra\u011f\u0131 sabitlemenin farkl\u0131 y\u00f6ntemleri vard\u0131r. Toprak iyile\u015ftirme, belirli bakteri t\u00fcrlerinin kullan\u0131lmas\u0131 gibi do\u011fal yollarla yap\u0131labilir. Ek olarak, termal toprak iyile\u015ftirme, hava serpme ve kaps\u00fclleme etkili olabilir. En acil iyile\u015ftirme t\u00fcr\u00fc, kirlenmi\u015f topra\u011f\u0131n \u00e7\u0131kar\u0131lmas\u0131 ve temiz dolgu ile de\u011fi\u015ftirilmesidir. Toprak kirlili\u011finin ekosistemler ve m\u00fclk \u00fczerinde derin, uzun vadeli ve zararl\u0131 etkileri vard\u0131r. Bir\u00e7ok hayvan toprak kirlili\u011fini tek bir bi\u00e7imde emer ve toprak kirlili\u011fi b\u00fcy\u00fck \u00f6l\u00fcmlere neden olabilir. Bu da daha fazla soruna neden olabilir. Toprak kirlili\u011fi nedeniyle insanlar kal\u0131c\u0131 olarak hasta olabilir.<\/p>\n<p>Kazara d\u00f6k\u00fclme veya s\u0131z\u0131nt\u0131 yoluyla kirlenen yeralt\u0131 sular\u0131 ve toprak kirlili\u011fine dahil olan kimyasallar i\u00e7in Su \u0130yile\u015ftirme, petrol hidrokarbonlar\u0131, pestisitler, kur\u015fun ve di\u011fer a\u011f\u0131r metallerdir. Toprak kirlili\u011fi, yeralt\u0131 depolama tanklar\u0131n\u0131n y\u0131rt\u0131lmas\u0131 veya \u00e7\u00f6pl\u00fcklerden at\u0131klar\u0131n s\u0131zmas\u0131 nedeniyle de olabilir. Madencilik, g\u00fcbre uygulamas\u0131, petrol ve yak\u0131t bo\u015faltma pestisitleri, siyan\u00fcr, u\u00e7ucu maddeler, kreozot ve di\u011fer bir\u00e7ok \u00e7evresel sorun. Kirlenmi\u015f Toprak, Yeralt\u0131 Suyu \u0130yile\u015ftirme, D\u00f6k\u00fclme olaylar\u0131n\u0131 veya sahan\u0131n hizmetten \u00e7\u0131kar\u0131lmas\u0131n\u0131 takiben Y\u00fczey Suyu \u0130yile\u015ftirme.<\/p>\n<p>Y\u00fczey suyu iyile\u015ftirmesi, yeralt\u0131 suyu iyile\u015ftirmesine \u00e7ok benzer, ancak topra\u011f\u0131n \u00fczerindeki suya eri\u015fim \u00e7ok daha kolayd\u0131r. Y\u00fczey sular\u0131 bir\u00e7ok farkl\u0131 elemente maruz kalmaktad\u0131r. Yine de su, b\u00f6cekler, bakteriler ve genellikle insanlara zararl\u0131 olan di\u011fer \u015feyler i\u00e7in do\u011fal bir \u00fcreme alan\u0131d\u0131r. Y\u00fczey suyu iyile\u015ftirme \u00f6nemlidir, \u00e7\u00fcnk\u00fc insanlar\u0131n y\u00fczey suyuyla temas etme olas\u0131l\u0131\u011f\u0131 yeralt\u0131 suyuyla oldu\u011fundan daha fazlad\u0131r. Sorunlar\u0131 bulmak biraz daha kolayd\u0131r ve onlarla ilgilenmek de biraz daha kolay olabilir.<\/p>\n<p>Sediment \u0130yile\u015ftirme, su ve toprak iyile\u015ftirmenin bir kar\u0131\u015f\u0131m\u0131d\u0131r. \u0130kisini kar\u0131\u015ft\u0131rd\u0131\u011f\u0131n\u0131zda yeni ko\u015fullar olu\u015fur ve dolay\u0131s\u0131yla yeni sorunlar ortaya \u00e7\u0131kabilir. Toprak, kum, organik madde veya di\u011fer malzeme gibi kirlenmi\u015f tortu, y\u00fcksek seviyelerde toksik maddeler i\u00e7eren bir su k\u00fctlesinin dibinde birikir. Tortu \u0130yile\u015ftirme hem suyu hem de topra\u011f\u0131 etkileyebilir.<\/p>\n<p><strong>Baz\u0131 Toprak rehabilitasyon operasyon siteleri<\/strong><\/p>\n<ul>\n<li>Kentsel ortamlar<\/li>\n<li>Brownfield yeniden geli\u015ftirme<\/li>\n<li>Kentsel madencilik<\/li>\n<li>Madencilik ve hammadde \u00e7\u0131karma alanlar\u0131<\/li>\n<li>A\u00e7\u0131k k\u00f6m\u00fcr madenleri<\/li>\n<li>Maden y\u0131\u011f\u0131nlar\u0131<\/li>\n<li>D\u00fc\u015fen madencilik arazileri<\/li>\n<li>Ta\u015f ocaklar\u0131 ve a\u00e7\u0131k ocak madenleri<\/li>\n<li>Turbal\u0131klar<\/li>\n<li>Ham petrol<\/li>\n<\/ul>\n<p><strong>Toprak \u0130yile\u015ftirme Y\u00f6ntemlerimizden Baz\u0131lar\u0131:<\/strong><\/p>\n<ul>\n<li>Kimyasal dekontaminasyon y\u00f6ntemleri genellikle kimyasal oksidasyona odaklan\u0131r, bu sayede h\u0131zl\u0131 ve tam kirletici imhas\u0131 i\u00e7in reaktif kimyasal oksidanlar topra\u011fa ve yeralt\u0131 suyuna enjekte edilir.<\/li>\n<li>Toprak Stabilizasyonu, kirleticileri toprakta etkin bir \u015fekilde kilitleyerek kontaminasyon risklerini azalt\u0131r. Bu iki yolla elde edilebilir: birincisi, topraktaki kirleticiyi daha az tehlikeli bir forma d\u00f6n\u00fc\u015ft\u00fcrerek; ikinci olarak, kat\u0131la\u015fma yoluyla, kirleticinin hareketlili\u011fini azaltarak ve onu herhangi bir al\u0131c\u0131ya ula\u015famayacak \u015fekilde yerine ba\u011flayarak.<\/li>\n<li>Toprak y\u0131kama, topra\u011f\u0131 s\u0131v\u0131 y\u0131kama sol\u00fcsyonu ile y\u0131kayarak tehlikeli kirleticileri ortadan kald\u0131r\u0131r. Bu i\u015flem s\u0131ras\u0131nda, silt ve kil gibi ince taneli topraklar, ince topraklara ba\u011flanmaya daha yatk\u0131n olan kirletici maddelerle y\u0131kan\u0131r. B\u00f6ylece kirlenmi\u015f ince taneler, g\u00fcvenli bir \u015fekilde yeniden kullan\u0131labilen kum ve \u00e7ak\u0131l gibi temizlenmi\u015f iri taneli topraklardan ayr\u0131l\u0131r. Toprak y\u0131kama kirleticileri yok etmez veya ortadan kald\u0131rmaz ve bu nedenle kirlenmi\u015f toprak lisansl\u0131 bir tesiste bertaraf edilmelidir.<\/li>\n<li>Termal toprak iyile\u015ftirme, topra\u011f\u0131 y\u00fcksek s\u0131cakl\u0131klara maruz b\u0131rakarak en iyi \u015fekilde uzakla\u015ft\u0131r\u0131lan belirli t\u00fcrdeki kirleticileri ortadan kald\u0131ran bir y\u00f6ntemdir. Bu i\u015flem tipik olarak, kirlenmi\u015f su veya petrol veya di\u011fer petrol \u00fcr\u00fcnleri gibi hidrokarbon bile\u015fikleri ile kirlenmi\u015f toprak i\u00e7in ayr\u0131lm\u0131\u015ft\u0131r. Tipik olarak bu, konvey\u00f6r bant taraf\u0131ndan beslenen bir f\u0131r\u0131nda ger\u00e7ekle\u015fir.<\/li>\n<li>Kaps\u00fclleme d\u00fczeltmesi, filtrelemek yerine ay\u0131r\u0131r. Esasen, kaps\u00fclleme, kirleticilerin halihaz\u0131rda sahip olduklar\u0131ndan daha fazla yay\u0131lmamalar\u0131n\u0131 sa\u011flar ve bu da t\u0131bbi bir karantina g\u00f6revi g\u00f6r\u00fcr.<\/li>\n<li>Hava serpme, organik buharlar\u0131 karbon filtreleme ile ar\u0131t\u0131lmaya zorlamak i\u00e7in kirlenmi\u015f bir toprak tabakas\u0131na b\u00fcy\u00fck miktarlarda hava enjekte etmeyi i\u00e7erir. Di\u011fer y\u00f6ntemlerden farkl\u0131 olarak, bir ar\u0131tma \u00fcnitesinde \u00e7\u0131kar\u0131lan toprak yerine do\u011frudan topra\u011fa hava serpme uygulanmal\u0131d\u0131r. Hava serpme genellikle hidrokarbon kirleticilerini gidermek i\u00e7in kullan\u0131l\u0131r, ancak en iyi \u015fekilde topra\u011f\u0131n sahadan \u00e7\u0131kar\u0131lamad\u0131\u011f\u0131 durumlarda kullan\u0131l\u0131r.<\/li>\n<li>Biyoremediasyon ayn\u0131 zamanda bir yerinde iyile\u015ftirme tekni\u011fidir, ancak kirleticileri gidermek i\u00e7in mekanik bir filtreleme y\u00f6ntemi yerine biyolojik bir mekanizma kullan\u0131r. Kirlenmi\u015f toprak, bir toprak par\u00e7as\u0131n\u0131n kontamine oldu\u011fu spesifik kirletici ile beslenen, m\u00fchendislik \u00fcr\u00fcn\u00fc aerobik ve anaerobik bakteri uygulanarak yerinde ar\u0131t\u0131l\u0131r.<\/li>\n<li>Bir izleme kuyusu ya\u011f s\u0131y\u0131r\u0131c\u0131s\u0131, benzin, hafif dizel veya gazya\u011f\u0131 gibi hafif akaryak\u0131tlardan 6 numaral\u0131 ya\u011f, kreozot ve k\u00f6m\u00fcr katran\u0131 gibi a\u011f\u0131r \u00fcr\u00fcnlere kadar \u00e7e\u015fitli ya\u011flar\u0131 iyile\u015ftirir. Bir elektrik motoru taraf\u0131ndan tahrik edilen bir kasnak sistemi \u00fczerinde \u00e7al\u0131\u015fan s\u00fcrekli hareket eden bir kay\u0131\u015ftan olu\u015fur. Kay\u0131\u015f malzemesi, hidrokarbon s\u0131v\u0131lar\u0131 ve su d\u00f6kmek i\u00e7in g\u00fc\u00e7l\u00fc bir afiniteye sahiptir. Kay\u0131\u015f bu aray\u00fczden ge\u00e7erken, kay\u0131\u015f bir silecek mekanizmas\u0131ndan ge\u00e7erken zemin seviyesinde kald\u0131r\u0131lan ve toplanan s\u0131v\u0131 hidrokarbon kirleticisini al\u0131r. Hidrokarbonlar\u0131n izleme kuyusunun dibine yerle\u015fti\u011fi ve kay\u0131\u015fl\u0131 s\u0131y\u0131r\u0131c\u0131n\u0131n alt kasna\u011f\u0131n\u0131n onlara ula\u015ft\u0131\u011f\u0131 \u00f6l\u00e7\u00fcde, bu kirleticiler bir izleme kuyusu ya\u011f s\u0131y\u0131r\u0131c\u0131 ile de temizlenebilir.<br \/>\n\u00c7ok fazl\u0131 ekstraksiyon olarak da bilinen \u00e7ift fazl\u0131 vakum ekstraksiyonu (DPVE), hem kirlenmi\u015f yeralt\u0131 suyunu hem de toprak buhar\u0131n\u0131 \u00e7\u0131karmak i\u00e7in y\u00fcksek vakumlu bir sistem kullanan bir teknolojidir. DPVE sistemlerinde, kirlenmi\u015f toprak ve yeralt\u0131 suyu b\u00f6lgesinde ekranl\u0131 b\u00f6l\u00fcm\u00fc ile y\u00fcksek vakumlu bir ekstraksiyon kuyusu kurulur. S\u0131v\u0131\/buhar ekstraksiyon sistemleri, su tablas\u0131n\u0131 bast\u0131r\u0131r ve su, ekstraksiyon kuyusuna daha h\u0131zl\u0131 akar. DPVE, su tablas\u0131n\u0131n \u00fcst\u00fcndeki ve alt\u0131ndaki kirleticileri giderir. Kuyu etraf\u0131ndaki su tablas\u0131 pompajdan al\u00e7ald\u0131k\u00e7a doymam\u0131\u015f toprak a\u00e7\u0131\u011fa \u00e7\u0131kar.<\/li>\n<\/ul>\n","protected":false},"excerpt":{"rendered":"<p>Toprak iyile\u015ftirme, topraktaki kirleticileri (hidrokarbonlar, a\u011f\u0131r metaller ve kreozot) mevcut m\u00fclk sahiplerinin t\u00fcm sorunlar\u0131n\u0131 ortadan kald\u0131r\u0131r. Topra\u011f\u0131 sabitlemenin farkl\u0131 y\u00f6ntemleri [&hellip;]<\/p>\n","protected":false},"author":1,"featured_media":0,"parent":28335,"menu_order":0,"comment_status":"closed","ping_status":"closed","template":"","meta":{"site-sidebar-layout":"default","site-content-layout":"","ast-site-content-layout":"default","site-content-style":"default","site-sidebar-style":"default","ast-global-header-display":"","ast-banner-title-visibility":"","ast-main-header-display":"","ast-hfb-above-header-display":"","ast-hfb-below-header-display":"","ast-hfb-mobile-header-display":"","site-post-title":"","ast-breadcrumbs-content":"","ast-featured-img":"","footer-sml-layout":"","ast-disable-related-posts":"","theme-transparent-header-meta":"","adv-header-id-meta":"","stick-header-meta":"","header-above-stick-meta":"","header-main-stick-meta":"","header-below-stick-meta":"","astra-migrate-meta-layouts":"default","ast-page-background-enabled":"default","ast-page-background-meta":{"desktop":{"background-color":"var(--ast-global-color-5)","background-image":"","background-repeat":"repeat","background-position":"center center","background-size":"auto","background-attachment":"scroll","background-type":"","background-media":"","overlay-type":"","overlay-color":"","overlay-opacity":"","overlay-gradient":""},"tablet":{"background-color":"","background-image":"","background-repeat":"repeat","background-position":"center center","background-size":"auto","background-attachment":"scroll","background-type":"","background-media":"","overlay-type":"","overlay-color":"","overlay-opacity":"","overlay-gradient":""},"mobile":{"background-color":"","background-image":"","background-repeat":"repeat","background-position":"center center","background-size":"auto","background-attachment":"scroll","background-type":"","background-media":"","overlay-type":"","overlay-color":"","overlay-opacity":"","overlay-gradient":""}},"ast-content-background-meta":{"desktop":{"background-color":"var(--ast-global-color-4)","background-image":"","background-repeat":"repeat","background-position":"center center","background-size":"auto","background-attachment":"scroll","background-type":"","background-media":"","overlay-type":"","overlay-color":"","overlay-opacity":"","overlay-gradient":""},"tablet":{"background-color":"var(--ast-global-color-4)","background-image":"","background-repeat":"repeat","background-position":"center center","background-size":"auto","background-attachment":"scroll","background-type":"","background-media":"","overlay-type":"","overlay-color":"","overlay-opacity":"","overlay-gradient":""},"mobile":{"background-color":"var(--ast-global-color-4)","background-image":"","background-repeat":"repeat","background-position":"center center","background-size":"auto","background-attachment":"scroll","background-type":"","background-media":"","overlay-type":"","overlay-color":"","overlay-opacity":"","overlay-gradient":""}},"footnotes":""},"class_list":["post-28373","page","type-page","status-publish","hentry"],"_links":{"self":[{"href":"https:\/\/mavideniz.com.tr\/tr\/wp-json\/wp\/v2\/pages\/28373","targetHints":{"allow":["GET"]}}],"collection":[{"href":"https:\/\/mavideniz.com.tr\/tr\/wp-json\/wp\/v2\/pages"}],"about":[{"href":"https:\/\/mavideniz.com.tr\/tr\/wp-json\/wp\/v2\/types\/page"}],"author":[{"embeddable":true,"href":"https:\/\/mavideniz.com.tr\/tr\/wp-json\/wp\/v2\/users\/1"}],"replies":[{"embeddable":true,"href":"https:\/\/mavideniz.com.tr\/tr\/wp-json\/wp\/v2\/comments?post=28373"}],"version-history":[{"count":0,"href":"https:\/\/mavideniz.com.tr\/tr\/wp-json\/wp\/v2\/pages\/28373\/revisions"}],"up":[{"embeddable":true,"href":"https:\/\/mavideniz.com.tr\/tr\/wp-json\/wp\/v2\/pages\/28335"}],"wp:attachment":[{"href":"https:\/\/mavideniz.com.tr\/tr\/wp-json\/wp\/v2\/media?parent=28373"}],"curies":[{"name":"wp","href":"https:\/\/api.w.org\/{rel}","templated":true}]}}