{"id":28378,"date":"2021-11-15T17:29:58","date_gmt":"2021-11-15T17:29:58","guid":{"rendered":"https:\/\/mavideniz.com.tr\/?page_id=28378"},"modified":"2021-11-15T17:29:58","modified_gmt":"2021-11-15T17:29:58","slug":"sediment-iyilestirme","status":"publish","type":"page","link":"https:\/\/mavideniz.com.tr\/tr\/servislerimiz\/cevresel-iyilestirme\/sediment-iyilestirme\/","title":{"rendered":"Sediment \u0130yile\u015ftirme"},"content":{"rendered":"<p><br \/>\nSediment, hava ko\u015fullar\u0131 ve erozyonla par\u00e7alanan ve daha sonra r\u00fczgar, su veya buzun etkisiyle veya par\u00e7ac\u0131klar \u00fczerine etki eden yer\u00e7ekimi kuvvetiyle ta\u015f\u0131nan do\u011fal olarak olu\u015fan bir malzemedir. \u00d6rne\u011fin kum ve silt nehir suyunda s\u00fcspansiyon halinde ta\u015f\u0131nabilir ve \u00e7\u00f6kelme yoluyla deniz yata\u011f\u0131na ula\u015fabilir; g\u00f6m\u00fcl\u00fcrlerse, sonunda lithifikasyon yoluyla kumta\u015f\u0131 ve siltta\u015f\u0131 (tortul kayalar) haline gelebilirler.<\/p>\n<p>Do\u011fal su ak\u0131\u015f\u0131 genellikle yerel su yollar\u0131n\u0131n d\u00fczenli olarak taranmas\u0131na neden olur. Madencilik d\u0131\u015f\u0131nda, bir taraman\u0131n en yayg\u0131n kullan\u0131m\u0131 rezervuar taramad\u0131r. Baz\u0131 \u015fehirler ve belediyeler, toplulu\u011fun suyunu a\u00e7\u0131k hava rezervuarlar\u0131ndan sa\u011flar. Bazen, bu rezervuarlar malzeme ile kontamine olur veya kirlenir. Tarama, bu rezervleri temiz tutman\u0131n verimli ve etkili bir yoludur.<\/p>\n<p>Tortular genellikle su (akarsu s\u00fcre\u00e7leri), r\u00fczgar (hava s\u00fcre\u00e7leri) ve buzullar taraf\u0131ndan ta\u015f\u0131n\u0131r. Plaj kumlar\u0131 ve nehir kanal\u0131 \u00e7\u00f6kelleri, akarsu ta\u015f\u0131ma ve biriktirme \u00f6rnekleridir, ancak tortu genellikle g\u00f6llerde ve okyanuslarda yava\u015f hareket eden veya durgun sulardan \u00e7\u00f6ker. \u00c7\u00f6l kumullar\u0131 ve l\u00f6s, r\u00fczgarla ta\u015f\u0131nan ve biriktirilen \u00f6rneklerin \u00f6rnekleridir. Buzul moren birikintileri ve buzla ta\u015f\u0131nan tortulard\u0131r.<\/p>\n<p><strong>Temizleme \u00c7\u00f6z\u00fcmlerimizden ve Teknolojilerimizden Baz\u0131lar\u0131:<\/strong><\/p>\n<ul>\n<li>Yerinde ar\u0131tma genellikle kirleticinin uzakla\u015ft\u0131r\u0131lmas\u0131n\u0131 h\u0131zland\u0131rmak ve\/veya kirleticiyi hareketsiz hale getirmek i\u00e7in ar\u0131tma de\u011fi\u015fikliklerinin eklenmesini i\u00e7erir. Tortu muamelesi i\u00e7in d\u00fc\u015f\u00fcn\u00fclen de\u011fi\u015fiklikler aras\u0131nda organofilik kil, zeolitler, boksit, demir oksit\/hidroksit, apatit ve s\u0131f\u0131r de\u011ferlikli demir bulunur. Bununla birlikte, en yayg\u0131n yakla\u015f\u0131m, ince tabakal\u0131 bir ba\u015fl\u0131k olarak veya tortuya dahil edilen aktif karbondur (AC).<\/li>\n<li>\u0130zlenen do\u011fal geri kazan\u0131m, kontamine tortular\u0131n temiz tortularla do\u011fal olarak g\u00f6m\u00fclmesi dahil olmak \u00fczere do\u011fal s\u00fcre\u00e7lerden yararlan\u0131r.<\/li>\n<li>Kapaklama, kirlenmi\u015f tortular\u0131n \u00fczerine temiz malzemenin yerle\u015ftirilmesini i\u00e7erir. Kirletici maddeler tortuda nispeten hareketsiz oldu\u011funda, bir kapak flora ve faunan\u0131n bunlarla temas etmesini \u00f6nler. Nispeten ge\u00e7irimsiz bir kapak, yeralt\u0131 suyunun kirlenmi\u015f tortudan bo\u015falmas\u0131n\u0131 \u00f6nleyebilir. Kapak b\u00f6ylece yeralt\u0131 suyunu kirlenmi\u015f alandan uzakla\u015ft\u0131r\u0131r.<\/li>\n<li>Tarama veya Kaz\u0131, suyu bo\u015faltmadan veya y\u00f6n\u00fcn\u00fc de\u011fi\u015ftirmeden bir su k\u00fctlesindeki kirlenmi\u015f tortuyu giderir. Tarama ayr\u0131ca tortu ile birlikte belirli bir miktarda suyu da uzakla\u015ft\u0131r\u0131r. Tortular genellikle karada susuzla\u015ft\u0131r\u0131l\u0131r ve su genellikle su k\u00fctlesine veya kamu ar\u0131tma i\u015flerine geri de\u015farj edilmeden \u00f6nce ar\u0131t\u0131l\u0131r. Kirlenmi\u015f tortu daha sonra bir depolama sahas\u0131nda veya kapal\u0131 bir bertaraf tesisinde bertaraf edilir. Y\u00fcksek derecede kirlenmi\u015f tortu, bertaraf edilmeden \u00f6nce ar\u0131t\u0131labilir.<\/li>\n<\/ul>\n<p><strong>Risk Y\u00f6netimi ve \u00c7\u00f6z\u00fcm Planlama \u00c7\u00f6z\u00fcmleri<\/strong><\/p>\n<ul>\n<li>Stratejik ve teknik planlama<\/li>\n<li>D\u00fczenleyici\/Payda\u015f grubu yard\u0131m\u0131<\/li>\n<li>Maliyet<\/li>\n<li>Ampirik ve say\u0131sal modelleme<\/li>\n<li>Ekolojik ve insan sa\u011fl\u0131\u011f\u0131 risk de\u011ferlendirmeleri<\/li>\n<li>Bench ve pilot \u00f6l\u00e7ekli \u00e7al\u0131\u015fmalar<\/li>\n<li>Entegre k\u0131y\u0131 \u015feridi geli\u015ftirme ve kontamine tortu y\u00f6netimi<\/li>\n<li>\u0130yile\u015ftirici alternatifler analizi<\/li>\n<li>Sediment iyile\u015ftirme tasar\u0131m\u0131<\/li>\n<li>\u0130yile\u015ftirme M\u00fchendislik Hizmetleri<\/li>\n<li>Faz I \/ Saha De\u011ferlendirme Hizmetleri<\/li>\n<li>Risk De\u011ferlendirme ve Toksikoloji Hizmetleri<\/li>\n<li>\u00d6nerilen \u00e7\u00f6z\u00fcm yolunun g\u00f6rsel sunumlar\u0131 ve teknik ve risk ileti\u015fimleri<\/li>\n<li>\u0130zin al\u0131m\u0131<\/li>\n<li>\u0130n\u015faat y\u00f6netimi\/anahtar teslimi \u00e7\u00f6z\u00fcmler<\/li>\n<li>Site restorasyonu<\/li>\n<li>\u00c7\u00f6z\u00fcm performans\u0131 izleme<\/li>\n<li>Do\u011fal Kaynak Hasar\u0131 de\u011ferlendirme yard\u0131m\u0131<\/li>\n<\/ul>\n","protected":false},"excerpt":{"rendered":"<p>Sediment, hava ko\u015fullar\u0131 ve erozyonla par\u00e7alanan ve daha sonra r\u00fczgar, su veya buzun etkisiyle veya par\u00e7ac\u0131klar \u00fczerine etki eden yer\u00e7ekimi [&hellip;]<\/p>\n","protected":false},"author":1,"featured_media":0,"parent":28335,"menu_order":0,"comment_status":"closed","ping_status":"closed","template":"","meta":{"site-sidebar-layout":"default","site-content-layout":"","ast-site-content-layout":"default","site-content-style":"default","site-sidebar-style":"default","ast-global-header-display":"","ast-banner-title-visibility":"","ast-main-header-display":"","ast-hfb-above-header-display":"","ast-hfb-below-header-display":"","ast-hfb-mobile-header-display":"","site-post-title":"","ast-breadcrumbs-content":"","ast-featured-img":"","footer-sml-layout":"","ast-disable-related-posts":"","theme-transparent-header-meta":"","adv-header-id-meta":"","stick-header-meta":"","header-above-stick-meta":"","header-main-stick-meta":"","header-below-stick-meta":"","astra-migrate-meta-layouts":"default","ast-page-background-enabled":"default","ast-page-background-meta":{"desktop":{"background-color":"var(--ast-global-color-5)","background-image":"","background-repeat":"repeat","background-position":"center center","background-size":"auto","background-attachment":"scroll","background-type":"","background-media":"","overlay-type":"","overlay-color":"","overlay-opacity":"","overlay-gradient":""},"tablet":{"background-color":"","background-image":"","background-repeat":"repeat","background-position":"center center","background-size":"auto","background-attachment":"scroll","background-type":"","background-media":"","overlay-type":"","overlay-color":"","overlay-opacity":"","overlay-gradient":""},"mobile":{"background-color":"","background-image":"","background-repeat":"repeat","background-position":"center center","background-size":"auto","background-attachment":"scroll","background-type":"","background-media":"","overlay-type":"","overlay-color":"","overlay-opacity":"","overlay-gradient":""}},"ast-content-background-meta":{"desktop":{"background-color":"var(--ast-global-color-4)","background-image":"","background-repeat":"repeat","background-position":"center center","background-size":"auto","background-attachment":"scroll","background-type":"","background-media":"","overlay-type":"","overlay-color":"","overlay-opacity":"","overlay-gradient":""},"tablet":{"background-color":"var(--ast-global-color-4)","background-image":"","background-repeat":"repeat","background-position":"center center","background-size":"auto","background-attachment":"scroll","background-type":"","background-media":"","overlay-type":"","overlay-color":"","overlay-opacity":"","overlay-gradient":""},"mobile":{"background-color":"var(--ast-global-color-4)","background-image":"","background-repeat":"repeat","background-position":"center center","background-size":"auto","background-attachment":"scroll","background-type":"","background-media":"","overlay-type":"","overlay-color":"","overlay-opacity":"","overlay-gradient":""}},"footnotes":""},"class_list":["post-28378","page","type-page","status-publish","hentry"],"_links":{"self":[{"href":"https:\/\/mavideniz.com.tr\/tr\/wp-json\/wp\/v2\/pages\/28378","targetHints":{"allow":["GET"]}}],"collection":[{"href":"https:\/\/mavideniz.com.tr\/tr\/wp-json\/wp\/v2\/pages"}],"about":[{"href":"https:\/\/mavideniz.com.tr\/tr\/wp-json\/wp\/v2\/types\/page"}],"author":[{"embeddable":true,"href":"https:\/\/mavideniz.com.tr\/tr\/wp-json\/wp\/v2\/users\/1"}],"replies":[{"embeddable":true,"href":"https:\/\/mavideniz.com.tr\/tr\/wp-json\/wp\/v2\/comments?post=28378"}],"version-history":[{"count":0,"href":"https:\/\/mavideniz.com.tr\/tr\/wp-json\/wp\/v2\/pages\/28378\/revisions"}],"up":[{"embeddable":true,"href":"https:\/\/mavideniz.com.tr\/tr\/wp-json\/wp\/v2\/pages\/28335"}],"wp:attachment":[{"href":"https:\/\/mavideniz.com.tr\/tr\/wp-json\/wp\/v2\/media?parent=28378"}],"curies":[{"name":"wp","href":"https:\/\/api.w.org\/{rel}","templated":true}]}}