{"id":28382,"date":"2021-11-15T17:32:10","date_gmt":"2021-11-15T17:32:10","guid":{"rendered":"https:\/\/mavideniz.com.tr\/?page_id=28382"},"modified":"2021-11-15T17:32:11","modified_gmt":"2021-11-15T17:32:11","slug":"yeralti-depolama-tankinin-sokulmesi-hizmetten-cikarma","status":"publish","type":"page","link":"https:\/\/mavideniz.com.tr\/tr\/servislerimiz\/cevresel-iyilestirme\/yeralti-depolama-tankinin-sokulmesi-hizmetten-cikarma\/","title":{"rendered":"Yeralt\u0131 Depolama Tank\u0131n\u0131n S\u00f6k\u00fclmesi + Hizmetten \u00c7\u0131karma"},"content":{"rendered":"<p><br \/>\nMavi Deniz, hem yer \u00fcst\u00fc hem de yeralt\u0131 tanklar\u0131 i\u00e7in gazdan ar\u0131nd\u0131rma ve temizleme dahil olmak \u00fczere tam lisansl\u0131 tesislere ta\u015f\u0131narak eksiksiz bir Tank Devreden \u00c7\u0131karma hizmeti sunmaktad\u0131r. Mavi Deniz, yerel ve \u00e7evresel yasal ve \u00e7evresel gereklilikleri g\u00f6z \u00f6n\u00fcnde bulundurarak Tank Devreden \u00c7\u0131karma i\u00e7in profesyonel tavsiyeler sa\u011flar.<\/p>\n<p>Yeralt\u0131 yak\u0131t tanklar\u0131, \u00f6nemli bir toprak ve su kirlili\u011fi kayna\u011f\u0131d\u0131r, bu da maliyetli cezalara ve iyile\u015ftirme \u00e7al\u0131\u015fmalar\u0131na veya yak\u0131t depolama yap\u0131land\u0131rman\u0131z\u0131n de\u011fi\u015ftirilmesine yol a\u00e7ar. Tank Devreden \u00c7\u0131karma ekibimiz kan\u0131tlanm\u0131\u015f deneyime sahiptir ve y\u00fcksek bir hizmet seviyesi sunmaya haz\u0131r ve tam donan\u0131ml\u0131d\u0131r. Operat\u00f6rler, sa\u011fl\u0131k ve g\u00fcvenlik prosed\u00fcrleri konusunda tam kalifiye ve e\u011fitimlidir ve en son g\u00fcvenlik ekipmanlar\u0131yla donat\u0131lm\u0131\u015ft\u0131r.<\/p>\n<p><strong>A\u015fa\u011f\u0131dakiler de dahil olmak \u00fczere her t\u00fcr ve boyuttaki yedekli tank\u0131 hizmet d\u0131\u015f\u0131 b\u0131rakabiliriz:<\/strong><\/p>\n<ul>\n<li>Is\u0131tma ya\u011flar\u0131<\/li>\n<li>Dizel<\/li>\n<li>Yemeklik ya\u011flar<\/li>\n<li>Benzin istasyonu tank\u0131<\/li>\n<li>Hidrolik ya\u011f<\/li>\n<li>Akaryak\u0131t<\/li>\n<li>A\u011f\u0131r ya\u011fl\u0131 yak\u0131t<\/li>\n<li>Kimyasal, Asitler, Alkali<\/li>\n<li>G\u0131da maddeleri + s\u00fct ve bira<\/li>\n<\/ul>\n","protected":false},"excerpt":{"rendered":"<p>Mavi Deniz, hem yer \u00fcst\u00fc hem de yeralt\u0131 tanklar\u0131 i\u00e7in gazdan ar\u0131nd\u0131rma ve temizleme dahil olmak \u00fczere tam lisansl\u0131 tesislere [&hellip;]<\/p>\n","protected":false},"author":1,"featured_media":0,"parent":28335,"menu_order":0,"comment_status":"closed","ping_status":"closed","template":"","meta":{"site-sidebar-layout":"default","site-content-layout":"","ast-site-content-layout":"default","site-content-style":"default","site-sidebar-style":"default","ast-global-header-display":"","ast-banner-title-visibility":"","ast-main-header-display":"","ast-hfb-above-header-display":"","ast-hfb-below-header-display":"","ast-hfb-mobile-header-display":"","site-post-title":"","ast-breadcrumbs-content":"","ast-featured-img":"","footer-sml-layout":"","ast-disable-related-posts":"","theme-transparent-header-meta":"","adv-header-id-meta":"","stick-header-meta":"","header-above-stick-meta":"","header-main-stick-meta":"","header-below-stick-meta":"","astra-migrate-meta-layouts":"default","ast-page-background-enabled":"default","ast-page-background-meta":{"desktop":{"background-color":"var(--ast-global-color-5)","background-image":"","background-repeat":"repeat","background-position":"center center","background-size":"auto","background-attachment":"scroll","background-type":"","background-media":"","overlay-type":"","overlay-color":"","overlay-opacity":"","overlay-gradient":""},"tablet":{"background-color":"","background-image":"","background-repeat":"repeat","background-position":"center center","background-size":"auto","background-attachment":"scroll","background-type":"","background-media":"","overlay-type":"","overlay-color":"","overlay-opacity":"","overlay-gradient":""},"mobile":{"background-color":"","background-image":"","background-repeat":"repeat","background-position":"center center","background-size":"auto","background-attachment":"scroll","background-type":"","background-media":"","overlay-type":"","overlay-color":"","overlay-opacity":"","overlay-gradient":""}},"ast-content-background-meta":{"desktop":{"background-color":"var(--ast-global-color-4)","background-image":"","background-repeat":"repeat","background-position":"center center","background-size":"auto","background-attachment":"scroll","background-type":"","background-media":"","overlay-type":"","overlay-color":"","overlay-opacity":"","overlay-gradient":""},"tablet":{"background-color":"var(--ast-global-color-4)","background-image":"","background-repeat":"repeat","background-position":"center center","background-size":"auto","background-attachment":"scroll","background-type":"","background-media":"","overlay-type":"","overlay-color":"","overlay-opacity":"","overlay-gradient":""},"mobile":{"background-color":"var(--ast-global-color-4)","background-image":"","background-repeat":"repeat","background-position":"center center","background-size":"auto","background-attachment":"scroll","background-type":"","background-media":"","overlay-type":"","overlay-color":"","overlay-opacity":"","overlay-gradient":""}},"footnotes":""},"class_list":["post-28382","page","type-page","status-publish","hentry"],"_links":{"self":[{"href":"https:\/\/mavideniz.com.tr\/tr\/wp-json\/wp\/v2\/pages\/28382","targetHints":{"allow":["GET"]}}],"collection":[{"href":"https:\/\/mavideniz.com.tr\/tr\/wp-json\/wp\/v2\/pages"}],"about":[{"href":"https:\/\/mavideniz.com.tr\/tr\/wp-json\/wp\/v2\/types\/page"}],"author":[{"embeddable":true,"href":"https:\/\/mavideniz.com.tr\/tr\/wp-json\/wp\/v2\/users\/1"}],"replies":[{"embeddable":true,"href":"https:\/\/mavideniz.com.tr\/tr\/wp-json\/wp\/v2\/comments?post=28382"}],"version-history":[{"count":0,"href":"https:\/\/mavideniz.com.tr\/tr\/wp-json\/wp\/v2\/pages\/28382\/revisions"}],"up":[{"embeddable":true,"href":"https:\/\/mavideniz.com.tr\/tr\/wp-json\/wp\/v2\/pages\/28335"}],"wp:attachment":[{"href":"https:\/\/mavideniz.com.tr\/tr\/wp-json\/wp\/v2\/media?parent=28382"}],"curies":[{"name":"wp","href":"https:\/\/api.w.org\/{rel}","templated":true}]}}