{"id":28390,"date":"2021-11-15T18:07:21","date_gmt":"2021-11-15T18:07:21","guid":{"rendered":"https:\/\/mavideniz.com.tr\/?page_id=28390"},"modified":"2021-11-15T18:07:21","modified_gmt":"2021-11-15T18:07:21","slug":"gemilerden-atik-alimi-berteraf","status":"publish","type":"page","link":"https:\/\/mavideniz.com.tr\/tr\/servislerimiz\/gemilerden-atik-alimi-berteraf\/","title":{"rendered":"Gemilerden At\u0131k Al\u0131m\u0131 + Berteraf"},"content":{"rendered":"<p><br \/>\nMavi Deniz, 2000 y\u0131l\u0131n\u0131n ba\u015flar\u0131nda, deniz ortam\u0131na \u00f6zen g\u00f6sterilmesi ve ba\u015far\u0131l\u0131 armat\u00f6rl\u00fck faaliyetleri olmak \u00fczere iki temel hususla a\u00e7\u0131ld\u0131.<\/p>\n<p><strong>Deniz<\/strong><\/p>\n<p>Bu ba\u011flamda Grup, MARPOL 73\/78&#8217;e g\u00f6re Y\u00fczer Slop Kabul Tesisleri konseptini ba\u015far\u0131yla uygulam\u0131\u015ft\u0131r.<\/p>\n<p>Mavi Deniz&#8217;in tesisi, Marmara Denizi, Ege Denizi, Akdeniz B\u00f6lgesi&#8217;nde elveri\u015fli bir konuma sahiptir ve limanlar\/ge\u00e7en gemiler i\u00e7in gelen veya giden gemiler i\u00e7in at\u0131k kabul tesisi sa\u011flamakta ve 24 saat esas\u0131na g\u00f6re eksiksiz hizmetler sunmaktad\u0131r.<\/p>\n<p>Marpol 73\/78, at\u0131k y\u00f6netimi, deniz ortam\u0131, tehlikeli at\u0131k, at\u0131k bertaraf\u0131, toprak iyile\u015ftirme, sintine sular\u0131, sintine suyu, \u00e7amur, al\u0131c\u0131 e\u011fim ve kirli balast suyu.<\/p>\n<p>MARPOL 73\/78 S\u00f6zle\u015fmesi, gemilerden kaynaklanan deniz kirlili\u011fini \u00f6nlemeye y\u00f6nelik bir dizi d\u00fczenlemeyi i\u00e7ermektedir. \u015eu anda, a\u015fa\u011f\u0131da ana hatlar\u0131yla belirtildi\u011fi gibi deniz kirlili\u011finin farkl\u0131 bir y\u00f6n\u00fc ile ilgili d\u00fczenlemelere sahip alt\u0131 farkl\u0131 Ek bulunmaktad\u0131r:<\/p>\n<ul>\n<li>Ek I &#8211; Petrol kirlili\u011fi (ham petrol, akaryak\u0131t)<\/li>\n<li>Ek II \u2013 D\u00f6kme kirlilikte ta\u015f\u0131nan zararl\u0131 s\u0131v\u0131 maddeler<\/li>\n<li>Ek III \u2013 Ambalajl\u0131 formda ta\u015f\u0131nan zararl\u0131 maddeler kirlilik<\/li>\n<li>Ek IV \u2013 Kanalizasyon kirlili\u011fi<\/li>\n<li>Ek V \u2013 \u00c7\u00f6p kirlili\u011fi<\/li>\n<\/ul>\n<p>Bu, verimlili\u011fi en \u00fcst d\u00fczeye \u00e7\u0131kar\u0131r ve maliyeti ve zaman gecikmesini mutlak bir minimuma indirir.<\/p>\n<ul>\n<li>Alma ve ar\u0131tma sintine sular\u0131 \/ \u00e7amur \/ e\u011fim \/ \u00e7\u00f6p<\/li>\n<li>At\u0131k belgelendirme belgesi<\/li>\n<li>Geri d\u00f6n\u00fc\u015f\u00fcm hizmetleri<\/li>\n<\/ul>\n<p>Limanlardan\/gemilerden \u015fev, \u00e7amur, sintine sular\u0131, kirli balast suyu ve \u00e7\u00f6pleri lisansl\u0131 kamyon ve gemilerden almak i\u00e7in d\u00fcnya \u00e7ap\u0131nda yolcu, kruvaz\u00f6r gemileri, kargo gemileri ve petrol\/kimyasal tankerler bulunmaktad\u0131r.<\/p>\n<p><strong>Sanayi<\/strong><\/p>\n<p>Tehlikeli at\u0131k \u00fcretilen her yerde at\u0131k y\u00f6netimi hizmetleri sa\u011flayabiliriz:<\/p>\n<ul>\n<li>Petrol Rafinerileri<\/li>\n<li>Kimya end\u00fcstrileri<\/li>\n<li>G\u0131da end\u00fcstrileri<\/li>\n<li>Askeri Tesisler<\/li>\n<li>Depolama tesisleri<\/li>\n<li>Kamu kurulu\u015flar\u0131<\/li>\n<\/ul>\n<p>\u0130lk olarak, at\u0131k \u00fcretiminin ve bunun zararl\u0131l\u0131\u011f\u0131n\u0131n \u00f6nlenmesi veya azalt\u0131lmas\u0131 ve ikinci olarak, geri d\u00f6n\u00fc\u015f\u00fcm, yeniden kullan\u0131m veya \u0131slah veya ikincil hammaddelerin \u00e7\u0131kar\u0131lmas\u0131 i\u00e7in ba\u015fka herhangi bir i\u015flem kullan\u0131larak at\u0131klar\u0131n geri kazan\u0131lmas\u0131 olan at\u0131k y\u00f6netiminin \u00f6ncelikli felsefesini her zaman tavsiye ederiz. veya at\u0131klar\u0131n bir enerji kayna\u011f\u0131 olarak kullan\u0131lmas\u0131.<\/p>\n<p>Marpol 73\/78, at\u0131k y\u00f6netimi, deniz ortam\u0131, tehlikeli at\u0131k, at\u0131k bertaraf\u0131, toprak iyile\u015ftirme, sintine sular\u0131, sintine suyu, uzakla\u015ft\u0131rma, \u00e7amur, alma e\u011fimi, kirli balast suyu.<\/p>\n<p>Bu kapsamda Mavi Deniz t\u00fcm s\u0131v\u0131 ve kat\u0131 at\u0131klar\u0131 \u00f6zel lisansl\u0131 t\u0131rlar\u0131m\u0131z ile Belediye D\u00fczenli Depolama ve Geri D\u00f6n\u00fc\u015f\u00fcm Tesislerine teslim etmektedir. Son on y\u0131lda yakla\u015f\u0131k 1.000 ton at\u0131k \u015funlara yol a\u00e7m\u0131\u015ft\u0131r:<\/p>\n<p>Marpol 73\/78, at\u0131k y\u00f6netimi, deniz ortam\u0131, tehlikeli at\u0131k, at\u0131k bertaraf\u0131, toprak iyile\u015ftirme, sintine sular\u0131, sintine suyu, bertaraf, \u00e7amur, alma e\u011fimi, kirli balast suyu, Yakma,<\/p>\n<ul>\n<li>Fizikokimyasal tedavi<\/li>\n<li>\u00d6zel olarak tasarlanm\u0131\u015f depolama<\/li>\n<li>Metallerin ve metal bile\u015fiklerinin geri d\u00f6n\u00fc\u015ft\u00fcr\u00fclmesi\/geri kazan\u0131lmas\u0131<\/li>\n<li>Petrol\u00fcn yeniden rafine edilmesi<\/li>\n<li>Esas olarak enerji \u00fcretmek i\u00e7in yak\u0131t olarak kullan\u0131n.<\/li>\n<li>Organik ve inorganik malzemelerin geri d\u00f6n\u00fc\u015f\u00fcm\u00fc\/geri kazan\u0131m\u0131<\/li>\n<\/ul>\n<p>Mavi Deniz At\u0131k Y\u00f6netimi Departman\u0131 taraf\u0131ndan sunulan hizmetler \u015funlard\u0131r:<\/p>\n<ul>\n<li>Toplam At\u0131k Y\u00f6netim Planlar\u0131<\/li>\n<li>Y\u00f6netim \u2013 T\u00fcrkiye i\u00e7inde tehlikeli at\u0131k sevkiyatlar\u0131<\/li>\n<li>At\u0131k y\u00f6netimi i\u00e7in gerekli t\u00fcm izinlerin verilmesi<\/li>\n<li>Toprak iyile\u015ftirme<\/li>\n<li>Par\u00e7alama yoluyla at\u0131k imhas\u0131 ve azalt\u0131lmas\u0131<\/li>\n<li>Komple Lojistik Plan &#8211; Nihai Bertaraf At\u0131k Sertifikas\u0131<\/li>\n<li>At\u0131k y\u00f6netimi i\u00e7in gerekli ekipman ve malzemelerin sat\u0131\u015f\u0131.<\/li>\n<\/ul>\n","protected":false},"excerpt":{"rendered":"<p>Mavi Deniz, 2000 y\u0131l\u0131n\u0131n ba\u015flar\u0131nda, deniz ortam\u0131na \u00f6zen g\u00f6sterilmesi ve ba\u015far\u0131l\u0131 armat\u00f6rl\u00fck faaliyetleri olmak \u00fczere iki temel hususla a\u00e7\u0131ld\u0131. Deniz [&hellip;]<\/p>\n","protected":false},"author":1,"featured_media":0,"parent":26739,"menu_order":0,"comment_status":"closed","ping_status":"closed","template":"","meta":{"site-sidebar-layout":"default","site-content-layout":"","ast-site-content-layout":"default","site-content-style":"default","site-sidebar-style":"default","ast-global-header-display":"","ast-banner-title-visibility":"","ast-main-header-display":"","ast-hfb-above-header-display":"","ast-hfb-below-header-display":"","ast-hfb-mobile-header-display":"","site-post-title":"","ast-breadcrumbs-content":"","ast-featured-img":"","footer-sml-layout":"","ast-disable-related-posts":"","theme-transparent-header-meta":"","adv-header-id-meta":"","stick-header-meta":"","header-above-stick-meta":"","header-main-stick-meta":"","header-below-stick-meta":"","astra-migrate-meta-layouts":"default","ast-page-background-enabled":"default","ast-page-background-meta":{"desktop":{"background-color":"var(--ast-global-color-5)","background-image":"","background-repeat":"repeat","background-position":"center center","background-size":"auto","background-attachment":"scroll","background-type":"","background-media":"","overlay-type":"","overlay-color":"","overlay-opacity":"","overlay-gradient":""},"tablet":{"background-color":"","background-image":"","background-repeat":"repeat","background-position":"center center","background-size":"auto","background-attachment":"scroll","background-type":"","background-media":"","overlay-type":"","overlay-color":"","overlay-opacity":"","overlay-gradient":""},"mobile":{"background-color":"","background-image":"","background-repeat":"repeat","background-position":"center center","background-size":"auto","background-attachment":"scroll","background-type":"","background-media":"","overlay-type":"","overlay-color":"","overlay-opacity":"","overlay-gradient":""}},"ast-content-background-meta":{"desktop":{"background-color":"var(--ast-global-color-4)","background-image":"","background-repeat":"repeat","background-position":"center center","background-size":"auto","background-attachment":"scroll","background-type":"","background-media":"","overlay-type":"","overlay-color":"","overlay-opacity":"","overlay-gradient":""},"tablet":{"background-color":"var(--ast-global-color-4)","background-image":"","background-repeat":"repeat","background-position":"center center","background-size":"auto","background-attachment":"scroll","background-type":"","background-media":"","overlay-type":"","overlay-color":"","overlay-opacity":"","overlay-gradient":""},"mobile":{"background-color":"var(--ast-global-color-4)","background-image":"","background-repeat":"repeat","background-position":"center center","background-size":"auto","background-attachment":"scroll","background-type":"","background-media":"","overlay-type":"","overlay-color":"","overlay-opacity":"","overlay-gradient":""}},"footnotes":""},"class_list":["post-28390","page","type-page","status-publish","hentry"],"_links":{"self":[{"href":"https:\/\/mavideniz.com.tr\/tr\/wp-json\/wp\/v2\/pages\/28390","targetHints":{"allow":["GET"]}}],"collection":[{"href":"https:\/\/mavideniz.com.tr\/tr\/wp-json\/wp\/v2\/pages"}],"about":[{"href":"https:\/\/mavideniz.com.tr\/tr\/wp-json\/wp\/v2\/types\/page"}],"author":[{"embeddable":true,"href":"https:\/\/mavideniz.com.tr\/tr\/wp-json\/wp\/v2\/users\/1"}],"replies":[{"embeddable":true,"href":"https:\/\/mavideniz.com.tr\/tr\/wp-json\/wp\/v2\/comments?post=28390"}],"version-history":[{"count":0,"href":"https:\/\/mavideniz.com.tr\/tr\/wp-json\/wp\/v2\/pages\/28390\/revisions"}],"up":[{"embeddable":true,"href":"https:\/\/mavideniz.com.tr\/tr\/wp-json\/wp\/v2\/pages\/26739"}],"wp:attachment":[{"href":"https:\/\/mavideniz.com.tr\/tr\/wp-json\/wp\/v2\/media?parent=28390"}],"curies":[{"name":"wp","href":"https:\/\/api.w.org\/{rel}","templated":true}]}}