{"id":28798,"date":"2021-11-20T16:42:16","date_gmt":"2021-11-20T16:42:16","guid":{"rendered":"https:\/\/mavideniz.com.tr\/?page_id=28798"},"modified":"2021-11-20T16:42:17","modified_gmt":"2021-11-20T16:42:17","slug":"imo-model-egitim-kursu","status":"publish","type":"page","link":"https:\/\/mavideniz.com.tr\/tr\/servislerimiz\/kirlilige-hazirlik\/imo-model-egitim-kursu\/","title":{"rendered":"IMO Model E\u011fitim Kursu"},"content":{"rendered":"<p><br \/>\nUluslararas\u0131 Denizcilik \u00d6rg\u00fct\u00fc (IMO) 1990 y\u0131l\u0131nda Uluslararas\u0131 Petrol Kirlili\u011fine Haz\u0131rl\u0131k, M\u00fcdahale ve \u0130\u015fbirli\u011fi S\u00f6zle\u015fmesini (OPRC S\u00f6zle\u015fmesi) geli\u015ftirdi. Art\u0131k bir\u00e7ok \u00fclkenin h\u00fck\u00fcmetleri bu s\u00f6zle\u015fmeyi onayl\u0131yor. \u00d6nemli petrol s\u0131z\u0131nt\u0131lar\u0131nda etkili ulusal m\u00fcdahale sistemleri ve uluslararas\u0131 i\u015fbirli\u011fi mekanizmalar\u0131n\u0131n uygulanmas\u0131 i\u00e7in birincil uluslararas\u0131 ara\u00e7t\u0131r. OPRC S\u00f6zle\u015fmesi, h\u00fck\u00fcmetleri petrol kirlili\u011fine m\u00fcdahale ve ilgili personel e\u011fitimine dahil olan kurulu\u015flar i\u00e7in tatbikatlar olu\u015fturmaya zorlamaktad\u0131r. Ayr\u0131ca IMO&#8217;yu ilgili h\u00fck\u00fcmetler ve end\u00fcstri ile i\u015fbirli\u011fi yapan kapsaml\u0131 bir e\u011fitim program\u0131 geli\u015ftirmeye \u00e7a\u011f\u0131r\u0131yor.<\/p>\n<p>Imo Oprc model e\u011fitim kurslar\u0131, denizdeki petrol s\u0131z\u0131nt\u0131lar\u0131na haz\u0131rl\u0131k ve m\u00fcdahale i\u00e7in mevcut IMO OPRC model kurslar\u0131 ve tehlikeli ve zararl\u0131 maddeler i\u00e7eren deniz olaylar\u0131na haz\u0131rl\u0131k ve m\u00fcdahale kurslar\u0131 paketini tamamlamak \u00fczere tasarlanm\u0131\u015ft\u0131r.<\/p>\n<p>E\u011fitim, bir paketin par\u00e7as\u0131 olarak dahil edilebilir veya bireysel \u00fcr\u00fcn baz\u0131nda sa\u011flanabilir.<\/p>\n<p>MAV\u0130 DEN\u0130Z&#8217;in sertifikal\u0131 profesyonelleri ve teknik ekibi, uzun y\u0131llara dayanan \u00f6nemli bir deneyime sahiptir.<\/p>\n<p>MAV\u0130 DEN\u0130Z ayr\u0131ca denizcilik, \u00e7evre profesyonelleri, \u00f6\u011frenciler, \u00e7evre, i\u015f\u00e7i g\u00fcvenli\u011fi ve sa\u011fl\u0131\u011f\u0131 y\u00f6neticileri, okullardan, teknik kolejlerden, \u00fcniversitelerden, ula\u015f\u0131m, petrol, terminal, liman \u015firketlerinden ve belediyelerden ve yerel y\u00f6netimlerden g\u00f6n\u00fcll\u00fcler i\u00e7in seminerler d\u00fczenlemektedir.<\/p>\n<p>Y\u00fcksek kaliteli petrol s\u0131z\u0131nt\u0131s\u0131 m\u00fcdahale ekipman\u0131na ek olarak Mavi Deniz, pratik, katma de\u011ferli ve uygun maliyetli e\u011fitimler sunar;<\/p>\n<p><strong>IMO HNS &#8211; OPRC Model Kurslar\u0131:<\/strong><\/p>\n<ul>\n<li><strong>IMO Seviye 1 Operasyonel Personel<\/strong><br \/>\nYerinde temizlik operasyonlar\u0131n\u0131 \u00fcstlenmekten sorumlu operat\u00f6r d\u00fczeyinde personele, d\u00f6k\u00fclen petrol\u00fc geri almak ve kirlenmi\u015f k\u0131y\u0131 \u015feritlerini temizlemek i\u00e7in mevcut \u00e7e\u015fitli tekniklerin eksiksiz bir genel bak\u0131\u015f\u0131n\u0131 sa\u011flayarak, bir petrol s\u0131z\u0131nt\u0131s\u0131 m\u00fcdahale ekibinin etkin \u00fcyeleri olmak ve di\u011fer konular\u0131n fark\u0131nda olmak. d\u00f6k\u00fclme s\u0131ras\u0131nda meydana gelir.<\/li>\n<li><strong>IMO Seviye 2 S\u00fcperviz\u00f6rleri ve olay yeri komutanlar\u0131<\/strong><br \/>\nM\u00fcdahale operasyonlar\u0131n\u0131 koordine etmek ve denetlemek ve zaman\u0131nda, organize ve etkili bir m\u00fcdahale sunmak i\u00e7in ilgili acil durum plan\u0131 kapsam\u0131nda \u00f6nemli y\u00f6netim sorumluluklar\u0131na sahip e\u011fitimli ve deneyimli personel sa\u011flamak.<\/li>\n<li><strong>IMO Seviye 3 \u00dcst d\u00fczey y\u00f6netim personeli<\/strong><br \/>\nUlusal \u00f6neme sahip petrol s\u0131z\u0131nt\u0131lar\u0131n\u0131n y\u00f6netiminde \u00fcst d\u00fczey personelin rolleri ve sorumluluklar\u0131 ve b\u00fcy\u00fck bir s\u0131z\u0131nt\u0131 s\u0131ras\u0131nda kendilerine sunulan bir\u00e7ok, genellikle birbiriyle rekabet eden zorluklar hakk\u0131nda bir fark\u0131ndal\u0131k sa\u011flamak. Ulusal acil durum plan\u0131nda belirtilen veya A\u015fama 3 m\u00fcdahaleye dahil olabilecek t\u00fcm gruplar\u0131n \u00fcst d\u00fczey temsilcilerinin, uzmanlarla yap\u0131lan g\u00f6r\u00fc\u015fmeler yoluyla sorunlar hakk\u0131nda bilgi edinmek ve y\u00f6netimi i\u00e7in ulusal koordineli\/entegre bir yan\u0131t s\u00fcreci geli\u015ftirmek i\u00e7in bir araya getirilmesi gerekir. b\u00fcy\u00fck d\u00f6k\u00fclmeler<\/li>\n<li><strong>IMO Tazeleme Seviyesi 1-3<\/strong><br \/>\nPetrol kirlili\u011fi ile ilgili bir g\u00f6revde bulunan herhangi bir ki\u015fi, yeni teknolojiler, kurallar ve d\u00fczenlemelerle bilgi olu\u015fturma tazelemesinden faydalanacakt\u0131r.<\/li>\n<li><strong>IMO HNS \u2013 \u0130lk m\u00fcdahale ekipleri, denet\u00e7iler ve Olay Yeri Komutanlar\u0131 \u2013 Operasyonel D\u00fczey<\/strong><br \/>\nBir HNS yan\u0131t\u0131n\u0131n zorluklar\u0131n\u0131 ve tehlikelerini ve yan\u0131t\u0131n temel bile\u015fenlerini d\u00fc\u015f\u00fcn\u00fcn.<br \/>\nKimyasallar\u0131n davran\u0131\u015flar\u0131n\u0131 ve fiziksel ve kimyasal \u00f6zelliklerini tart\u0131\u015f\u0131n ve farkl\u0131 tehlikeli madde s\u0131n\u0131flar\u0131na bak\u0131n.<br \/>\nM\u00fcdahale b\u00f6l\u00fcm\u00fc, acil m\u00fcdahale kurulu\u015flar\u0131, HNS olaylar\u0131na nas\u0131l yan\u0131t verilece\u011fi, m\u00fcdahalenin g\u00fcvenlik y\u00f6nleri, dekontaminasyon ve HNS at\u0131k operasyon sonras\u0131 faaliyeti i\u00e7in bertaraf se\u00e7enekleri dahil olmak \u00fczere m\u00fcdahalenin farkl\u0131 y\u00f6nlerine bakacakt\u0131r.<\/li>\n<li><strong>HNS \u2013 Y\u00f6neticiler ve \u00dcst D\u00fczey Y\u00f6neticiler \u2013\u00a0Y\u00f6netici D\u00fczeyi<\/strong><br \/>\nIMO&#8217;nun rol\u00fcn\u00fc, HNS&#8217;nin ta\u015f\u0131nmas\u0131n\u0131 etkileyen mevzuat\u0131 ve tazminat ve sorumluluk rejimlerini tart\u0131\u015f\u0131n.<br \/>\nMedya ile ger\u00e7ekle\u015febilecek farkl\u0131 etkile\u015fim bi\u00e7imlerine bakaca\u011f\u0131z ve muhabirlerle \u00e7al\u0131\u015f\u0131rken baz\u0131 yap\u0131lmas\u0131 ve yap\u0131lmamas\u0131 gerekenleri vurgulayaca\u011f\u0131z.<br \/>\nE\u011fitim ayr\u0131ca acil durum planlamas\u0131n\u0131n amac\u0131na, bir acil durum plan\u0131 yazarken nelere dikkat edilmesi gerekti\u011fine ve duyarl\u0131l\u0131k haritas\u0131n\u0131n amac\u0131n\u0131 ve hangi fakt\u00f6rlerin dahil oldu\u011funu a\u00e7\u0131klayacakt\u0131r.<\/li>\n<li><strong>HNS\u00a0Tazeleme D\u00fczeyi 1-3<\/strong><br \/>\nPetrol kirlili\u011fi ile ilgili bir g\u00f6revde bulunan herhangi bir ki\u015fi, yeni teknolojiler, kurallar ve d\u00fczenlemelerle bilgi olu\u015fturma tazelemesinden faydalanacakt\u0131r.<br \/>\nE\u011fitim, t\u00fcm personele uygun bir tarihte tesisinizde verilebilir.<br \/>\nE\u011fitim, birlikte e\u011fitim vererek yan\u0131t rol\u00fcne a\u015final\u0131\u011f\u0131 ve ekip performans\u0131n\u0131 art\u0131r\u0131r.<br \/>\nE\u011fitim, \u015firket kaynaklar\u0131na daha fazla a\u015final\u0131k ve m\u00fcdahale materyalleri.<\/li>\n<\/ul>\n","protected":false},"excerpt":{"rendered":"<p>Uluslararas\u0131 Denizcilik \u00d6rg\u00fct\u00fc (IMO) 1990 y\u0131l\u0131nda Uluslararas\u0131 Petrol Kirlili\u011fine Haz\u0131rl\u0131k, M\u00fcdahale ve \u0130\u015fbirli\u011fi S\u00f6zle\u015fmesini (OPRC S\u00f6zle\u015fmesi) geli\u015ftirdi. Art\u0131k bir\u00e7ok \u00fclkenin [&hellip;]<\/p>\n","protected":false},"author":1,"featured_media":0,"parent":28394,"menu_order":0,"comment_status":"closed","ping_status":"closed","template":"","meta":{"site-sidebar-layout":"default","site-content-layout":"","ast-site-content-layout":"default","site-content-style":"default","site-sidebar-style":"default","ast-global-header-display":"","ast-banner-title-visibility":"","ast-main-header-display":"","ast-hfb-above-header-display":"","ast-hfb-below-header-display":"","ast-hfb-mobile-header-display":"","site-post-title":"","ast-breadcrumbs-content":"","ast-featured-img":"","footer-sml-layout":"","ast-disable-related-posts":"","theme-transparent-header-meta":"","adv-header-id-meta":"","stick-header-meta":"","header-above-stick-meta":"","header-main-stick-meta":"","header-below-stick-meta":"","astra-migrate-meta-layouts":"default","ast-page-background-enabled":"default","ast-page-background-meta":{"desktop":{"background-color":"var(--ast-global-color-5)","background-image":"","background-repeat":"repeat","background-position":"center center","background-size":"auto","background-attachment":"scroll","background-type":"","background-media":"","overlay-type":"","overlay-color":"","overlay-opacity":"","overlay-gradient":""},"tablet":{"background-color":"","background-image":"","background-repeat":"repeat","background-position":"center center","background-size":"auto","background-attachment":"scroll","background-type":"","background-media":"","overlay-type":"","overlay-color":"","overlay-opacity":"","overlay-gradient":""},"mobile":{"background-color":"","background-image":"","background-repeat":"repeat","background-position":"center center","background-size":"auto","background-attachment":"scroll","background-type":"","background-media":"","overlay-type":"","overlay-color":"","overlay-opacity":"","overlay-gradient":""}},"ast-content-background-meta":{"desktop":{"background-color":"var(--ast-global-color-4)","background-image":"","background-repeat":"repeat","background-position":"center center","background-size":"auto","background-attachment":"scroll","background-type":"","background-media":"","overlay-type":"","overlay-color":"","overlay-opacity":"","overlay-gradient":""},"tablet":{"background-color":"var(--ast-global-color-4)","background-image":"","background-repeat":"repeat","background-position":"center center","background-size":"auto","background-attachment":"scroll","background-type":"","background-media":"","overlay-type":"","overlay-color":"","overlay-opacity":"","overlay-gradient":""},"mobile":{"background-color":"var(--ast-global-color-4)","background-image":"","background-repeat":"repeat","background-position":"center center","background-size":"auto","background-attachment":"scroll","background-type":"","background-media":"","overlay-type":"","overlay-color":"","overlay-opacity":"","overlay-gradient":""}},"footnotes":""},"class_list":["post-28798","page","type-page","status-publish","hentry"],"_links":{"self":[{"href":"https:\/\/mavideniz.com.tr\/tr\/wp-json\/wp\/v2\/pages\/28798","targetHints":{"allow":["GET"]}}],"collection":[{"href":"https:\/\/mavideniz.com.tr\/tr\/wp-json\/wp\/v2\/pages"}],"about":[{"href":"https:\/\/mavideniz.com.tr\/tr\/wp-json\/wp\/v2\/types\/page"}],"author":[{"embeddable":true,"href":"https:\/\/mavideniz.com.tr\/tr\/wp-json\/wp\/v2\/users\/1"}],"replies":[{"embeddable":true,"href":"https:\/\/mavideniz.com.tr\/tr\/wp-json\/wp\/v2\/comments?post=28798"}],"version-history":[{"count":0,"href":"https:\/\/mavideniz.com.tr\/tr\/wp-json\/wp\/v2\/pages\/28798\/revisions"}],"up":[{"embeddable":true,"href":"https:\/\/mavideniz.com.tr\/tr\/wp-json\/wp\/v2\/pages\/28394"}],"wp:attachment":[{"href":"https:\/\/mavideniz.com.tr\/tr\/wp-json\/wp\/v2\/media?parent=28798"}],"curies":[{"name":"wp","href":"https:\/\/api.w.org\/{rel}","templated":true}]}}