{"id":28806,"date":"2021-11-20T16:52:48","date_gmt":"2021-11-20T16:52:48","guid":{"rendered":"https:\/\/mavideniz.com.tr\/?page_id=28806"},"modified":"2021-11-20T16:52:49","modified_gmt":"2021-11-20T16:52:49","slug":"petrol-sizintisi-acil-durum-mudahale-planlamasi","status":"publish","type":"page","link":"https:\/\/mavideniz.com.tr\/tr\/servislerimiz\/kirlilige-hazirlik\/petrol-sizintisi-acil-durum-mudahale-planlamasi\/","title":{"rendered":"Petrol S\u0131z\u0131nt\u0131s\u0131 Acil Durum + M\u00fcdahale Planlamas\u0131"},"content":{"rendered":"<p><br \/>\nPetrol s\u0131z\u0131nt\u0131s\u0131 acil durum planlamas\u0131, yerel d\u00fczenleyici \u00e7er\u00e7eve ile uyumlu ve bir kurulu\u015fun veya tesisin petrol s\u0131z\u0131nt\u0131s\u0131 riskleriyle orant\u0131l\u0131 olan uygun bir s\u0131z\u0131nt\u0131 m\u00fcdahale kapasitesi geli\u015ftirme s\u00fcrecidir. Petrol s\u0131z\u0131nt\u0131s\u0131 risk de\u011ferlendirmesi ve m\u00fcdahale planlama s\u00fcre\u00e7leri, t\u00fcm \u00f6l\u00e7ek ve karma\u015f\u0131kl\u0131ktaki senaryolar i\u00e7in tan\u0131mlamaya ve yeterli planlamaya ve tedarik etmeye izin verir. Bu s\u00fcre\u00e7lere, kademeli haz\u0131rl\u0131k ve m\u00fcdahale ilkeleri dahildir. Bir petrol s\u0131z\u0131nt\u0131s\u0131 acil durum planlamas\u0131 yap\u0131ld\u0131ktan sonra, operasyonlar\u0131 y\u00f6nlendirmek ve etkinli\u011fi izlemek i\u00e7in s\u00fcrekli planlama kritik olmaya devam etmektedir.<\/p>\n<p>Acil durum planlamas\u0131, petrol \u00fcr\u00fcnlerinin ta\u015f\u0131nmas\u0131, ta\u015f\u0131nmas\u0131, \u00fcretimi veya depolanmas\u0131 s\u0131ras\u0131nda petrol\u00fcn kazara deniz veya su ortam\u0131na b\u0131rak\u0131lmas\u0131n\u0131 takiben su i\u00e7inde veya \u00fczerinde olas\u0131 petrol s\u0131z\u0131nt\u0131lar\u0131 i\u00e7in acil durum planlama s\u00fcrecine rehberlik eder.<\/p>\n<p><strong>Spesifik End\u00fcstriler \u0130\u00e7in Petrol S\u0131z\u0131nt\u0131s\u0131 Acil Durum Planlamas\u0131<\/strong><\/p>\n<ul>\n<li>Gemi<\/li>\n<li>Liman<\/li>\n<li>yat Liman\u0131<\/li>\n<li>Boru hatt\u0131<\/li>\n<li>Demiryollar\u0131<\/li>\n<li>Petrol i\u015fleme tesisleri<\/li>\n<\/ul>\n<p><strong>Mavi Deniz, bir dizi dan\u0131\u015fmanl\u0131k \u00e7\u00f6z\u00fcm\u00fc sunar.<\/strong><\/p>\n<ul>\n<li>\u00c7evresel Haritalama \/ CBS<\/li>\n<li>Petrol Kirlili\u011fi Acil Durum Planlar\u0131<\/li>\n<li>3d Petrol S\u0131z\u0131nt\u0131s\u0131 Modelleme<\/li>\n<li>K\u0131y\u0131 Koruma Strateji Planlar\u0131<\/li>\n<li>Payda\u015f Dan\u0131\u015fmanl\u0131\u011f\u0131 ve Y\u00f6netimi<\/li>\n<li>Ayr\u0131nt\u0131l\u0131 bir nicel risk resmi<\/li>\n<li>\u00d6nceliklerin ve \u00e7evreye duyarl\u0131 alanlar\u0131n belirlenmesi<\/li>\n<li>Risk azalt\u0131c\u0131 \u00f6nlemlerin belirlenmesi<\/li>\n<li>Net \u00c7evresel Fayda Analizi<\/li>\n<li>Petrol s\u0131z\u0131nt\u0131s\u0131 acil durum analizi ve m\u00fcdahale planlar\u0131<\/li>\n<li>K\u0131y\u0131ya yak\u0131n ve k\u0131y\u0131 \u015feridi m\u00fcdahalesi i\u00e7in \u00f6zelle\u015ftirilmi\u015f \u00e7\u00f6z\u00fcmler<\/li>\n<li>So\u011fuk iklimde petrol s\u0131z\u0131nt\u0131s\u0131na haz\u0131rl\u0131k ve m\u00fcdahale i\u00e7in \u00f6zel \u00e7\u00f6z\u00fcmler<\/li>\n<li>Operasyonel petrol s\u0131z\u0131nt\u0131s\u0131 deste\u011fi ve teknoloji dan\u0131\u015fmanl\u0131\u011f\u0131<\/li>\n<li>Petrol s\u0131z\u0131nt\u0131s\u0131na m\u00fcdahale teknolojilerinin ve planlar\u0131n\u0131n do\u011frulanmas\u0131.<\/li>\n<\/ul>\n","protected":false},"excerpt":{"rendered":"<p>Petrol s\u0131z\u0131nt\u0131s\u0131 acil durum planlamas\u0131, yerel d\u00fczenleyici \u00e7er\u00e7eve ile uyumlu ve bir kurulu\u015fun veya tesisin petrol s\u0131z\u0131nt\u0131s\u0131 riskleriyle orant\u0131l\u0131 olan [&hellip;]<\/p>\n","protected":false},"author":1,"featured_media":0,"parent":28394,"menu_order":0,"comment_status":"closed","ping_status":"closed","template":"","meta":{"site-sidebar-layout":"default","site-content-layout":"","ast-site-content-layout":"default","site-content-style":"default","site-sidebar-style":"default","ast-global-header-display":"","ast-banner-title-visibility":"","ast-main-header-display":"","ast-hfb-above-header-display":"","ast-hfb-below-header-display":"","ast-hfb-mobile-header-display":"","site-post-title":"","ast-breadcrumbs-content":"","ast-featured-img":"","footer-sml-layout":"","ast-disable-related-posts":"","theme-transparent-header-meta":"","adv-header-id-meta":"","stick-header-meta":"","header-above-stick-meta":"","header-main-stick-meta":"","header-below-stick-meta":"","astra-migrate-meta-layouts":"default","ast-page-background-enabled":"default","ast-page-background-meta":{"desktop":{"background-color":"var(--ast-global-color-5)","background-image":"","background-repeat":"repeat","background-position":"center center","background-size":"auto","background-attachment":"scroll","background-type":"","background-media":"","overlay-type":"","overlay-color":"","overlay-opacity":"","overlay-gradient":""},"tablet":{"background-color":"","background-image":"","background-repeat":"repeat","background-position":"center center","background-size":"auto","background-attachment":"scroll","background-type":"","background-media":"","overlay-type":"","overlay-color":"","overlay-opacity":"","overlay-gradient":""},"mobile":{"background-color":"","background-image":"","background-repeat":"repeat","background-position":"center center","background-size":"auto","background-attachment":"scroll","background-type":"","background-media":"","overlay-type":"","overlay-color":"","overlay-opacity":"","overlay-gradient":""}},"ast-content-background-meta":{"desktop":{"background-color":"var(--ast-global-color-4)","background-image":"","background-repeat":"repeat","background-position":"center center","background-size":"auto","background-attachment":"scroll","background-type":"","background-media":"","overlay-type":"","overlay-color":"","overlay-opacity":"","overlay-gradient":""},"tablet":{"background-color":"var(--ast-global-color-4)","background-image":"","background-repeat":"repeat","background-position":"center center","background-size":"auto","background-attachment":"scroll","background-type":"","background-media":"","overlay-type":"","overlay-color":"","overlay-opacity":"","overlay-gradient":""},"mobile":{"background-color":"var(--ast-global-color-4)","background-image":"","background-repeat":"repeat","background-position":"center center","background-size":"auto","background-attachment":"scroll","background-type":"","background-media":"","overlay-type":"","overlay-color":"","overlay-opacity":"","overlay-gradient":""}},"footnotes":""},"class_list":["post-28806","page","type-page","status-publish","hentry"],"_links":{"self":[{"href":"https:\/\/mavideniz.com.tr\/tr\/wp-json\/wp\/v2\/pages\/28806","targetHints":{"allow":["GET"]}}],"collection":[{"href":"https:\/\/mavideniz.com.tr\/tr\/wp-json\/wp\/v2\/pages"}],"about":[{"href":"https:\/\/mavideniz.com.tr\/tr\/wp-json\/wp\/v2\/types\/page"}],"author":[{"embeddable":true,"href":"https:\/\/mavideniz.com.tr\/tr\/wp-json\/wp\/v2\/users\/1"}],"replies":[{"embeddable":true,"href":"https:\/\/mavideniz.com.tr\/tr\/wp-json\/wp\/v2\/comments?post=28806"}],"version-history":[{"count":0,"href":"https:\/\/mavideniz.com.tr\/tr\/wp-json\/wp\/v2\/pages\/28806\/revisions"}],"up":[{"embeddable":true,"href":"https:\/\/mavideniz.com.tr\/tr\/wp-json\/wp\/v2\/pages\/28394"}],"wp:attachment":[{"href":"https:\/\/mavideniz.com.tr\/tr\/wp-json\/wp\/v2\/media?parent=28806"}],"curies":[{"name":"wp","href":"https:\/\/api.w.org\/{rel}","templated":true}]}}