{"id":28810,"date":"2021-11-20T17:07:52","date_gmt":"2021-11-20T17:07:52","guid":{"rendered":"https:\/\/mavideniz.com.tr\/?page_id=28810"},"modified":"2023-07-02T19:43:22","modified_gmt":"2023-07-02T19:43:22","slug":"petrol-sizintisi-egzersizleri","status":"publish","type":"page","link":"https:\/\/mavideniz.com.tr\/tr\/servislerimiz\/kirlilige-hazirlik\/petrol-sizintisi-egzersizleri\/","title":{"rendered":"Petrol S\u0131z\u0131nt\u0131s\u0131na M\u00fcdahale Egzersizleri"},"content":{"rendered":"<p><br \/>\nEgzersizlerin amac\u0131 \u00e7oktur. M\u00fcdahale ekiplerine acil bir durumda gerekli becerileri uygulama, birlikte yak\u0131n \u00e7al\u0131\u015fma, ili\u015fkiler geli\u015ftirme ve stresli ko\u015fullar alt\u0131nda karma\u015f\u0131k kararlar alma f\u0131rsat\u0131 verilir. Planlar, ekipman ve sistemler test edilecek ve uygun geri bildirimlerle bunlar\u0131n iyile\u015ftirilmesi i\u00e7in \u00f6nerilerde bulunulacakt\u0131r. Kamunun, medyan\u0131n ve kilit yerel kurulu\u015flar\u0131n g\u00f6zlem yapmas\u0131na ve belki de kat\u0131lmas\u0131na izin vererek, h\u00fck\u00fcmet ve end\u00fcstri, petrol s\u0131z\u0131nt\u0131s\u0131 riskini y\u00f6netme ve \u00e7evreyi koruma konusundaki taahh\u00fctlerini g\u00f6sterebilir.<\/p>\n<p><strong>Mavi Deniz, tart\u0131\u015fmaya dayal\u0131 ve operasyona dayal\u0131 al\u0131\u015ft\u0131rmalar sunar.<\/strong><\/p>\n<p><strong>Tart\u0131\u015fmaya Dayal\u0131 Al\u0131\u015ft\u0131rmalar<\/strong><\/p>\n<ul>\n<li><strong>Masa \u00fcst\u00fc egzersiz<\/strong><br \/>\nBir m\u00fcdahale ekibinin \u00fcyeleri aras\u0131nda sim\u00fcle edilmi\u015f bir senaryonun etkile\u015fimli tart\u0131\u015fmalar\u0131ndan olu\u015fur, ancak personel veya ekipman\u0131n mobilizasyonunu i\u00e7ermez. Genellikle bir konferans odas\u0131nda veya telefon hatlar\u0131yla birbirine ba\u011flanan bir dizi odada y\u00fcr\u00fct\u00fcl\u00fcr ve bireylerin rollerine ve eylemlerine, \u00e7e\u015fitli taraflar aras\u0131ndaki etkile\u015fimlere ve bilgi ve yan\u0131t stratejilerinin geli\u015ftirilmesine odaklan\u0131r. Basit ve erken bir masa \u00fcst\u00fc al\u0131\u015ft\u0131rmas\u0131, bir m\u00fcdahale ekibinin, sayfa sayfa acil durum plan\u0131n\u0131 g\u00f6zden ge\u00e7irerek, hayali bir duruma yan\u0131t olarak birbirlerinin faaliyetlerini test etmesi olabilir. Daha karma\u015f\u0131k bir masa \u00fcst\u00fc al\u0131\u015ft\u0131rmas\u0131, d\u0131\u015f taraflar da dahil olmak \u00fczere \u00e7e\u015fitli gruplar\u0131n rollerini oynamas\u0131n\u0131 i\u00e7erebilir. Bir masa \u00fcst\u00fc tatbikat tipik olarak iki ila sekiz saat s\u00fcrebilir ve personelin haz\u0131r bulunmas\u0131n\u0131 sa\u011flamak i\u00e7in vaktinden \u00e7ok \u00f6nce duyurulmal\u0131d\u0131r.<\/li>\n<li><strong>Bildirim al\u0131\u015ft\u0131rmas\u0131<\/strong><br \/>\nM\u00fcdahale ekiplerini uyarmak ve aramak i\u00e7in prosed\u00fcrleri test edin ve m\u00fcdahale plan\u0131nda belirtildi\u011fi gibi telefon ve di\u011fer ileti\u015fim ara\u00e7lar\u0131 arac\u0131l\u0131\u011f\u0131yla ger\u00e7ekle\u015ftirilir. \u0130leti\u015fim sistemlerini test etmek, personelin uygunlu\u011funu kontrol etmek, seyahat se\u00e7eneklerini ve seyahat d\u00fczenlemelerinin yap\u0131labilece\u011fi h\u0131z\u0131 de\u011ferlendirmek ve bilgileri h\u0131zl\u0131 ve do\u011fru bir \u015fekilde iletme yetene\u011fini de\u011ferlendirmek i\u00e7in kullan\u0131labilirler. B\u00f6yle bir tatbikat tipik olarak bir ila iki saat s\u00fcrer ve haberli veya habersiz, g\u00fcnd\u00fcz veya gece herhangi bir zamanda yap\u0131labilir.<\/li>\n<li><strong>Seminerler<\/strong><br \/>\nSeminerler genellikle resmi olmayan oryantasyon etkinlikleridir ve tipik olarak petrol s\u0131z\u0131nt\u0131s\u0131 acil durum planlar\u0131na ve ilgili politika ve prosed\u00fcrlere genel bir bak\u0131\u015f sa\u011flar. Olaylar\u0131n ger\u00e7ek zamanl\u0131 sim\u00fclasyonunun dayatt\u0131\u011f\u0131 hi\u00e7bir k\u0131s\u0131tlama yoktur. Mevcut planlar veya prosed\u00fcrler geli\u015ftiren veya b\u00fcy\u00fck de\u011fi\u015fiklikler yapan kurulu\u015flar i\u00e7in de\u011ferli olabilirler. Kat\u0131l\u0131mc\u0131lar, rollerini ve sorumluluklar\u0131n\u0131 bir ekiple tart\u0131\u015fma f\u0131rsat\u0131na sahiptir; Kolayla\u015ft\u0131r\u0131c\u0131, anlay\u0131\u015f\u0131 olu\u015fturmak i\u00e7in basit senaryolar kullanabilir. Seminerlerin ba\u015far\u0131s\u0131, bilgili ve deneyimli bir ki\u015finin bilgi vermesine ba\u011fl\u0131d\u0131r.<\/li>\n<li><strong>At\u00f6lye<\/strong><br \/>\nSeminerlerden sonra, \u00e7al\u0131\u015ftaylar yap\u0131 ta\u015f\u0131 yakla\u015f\u0131m\u0131ndaki ikinci al\u0131\u015ft\u0131rma a\u015famas\u0131n\u0131 temsil eder. \u00c7al\u0131\u015ftaylardan iki \u00f6nemli a\u00e7\u0131dan farkl\u0131yd\u0131lar: artan kat\u0131l\u0131mc\u0131 etkile\u015fimi ve bir \u00fcr\u00fcn\u00fc (bir plan veya politika tasla\u011f\u0131 gibi) elde etmeye veya olu\u015fturmaya odakland\u0131lar. \u00c7al\u0131\u015ftaylar genellikle hedefleri belirlemek, senaryolar geli\u015ftirmek ve de\u011ferlendirme kriterlerini tan\u0131mlamak i\u00e7in egzersiz geli\u015ftirme ile birlikte kullan\u0131l\u0131r.<br \/>\nYeni m\u00fcdahale planlar\u0131 \u00fcretmek i\u00e7in bir \u00e7al\u0131\u015ftay da kullan\u0131labilir. Etkili olmak i\u00e7in, \u00e7al\u0131\u015ftaylar belirli bir konuya y\u00fcksek oranda odaklanmal\u0131 ve istenen sonu\u00e7 veya hedef a\u00e7\u0131k\u00e7a tan\u0131mlanmal\u0131d\u0131r.<\/li>\n<\/ul>\n<p><strong>Operasyon Tabanl\u0131 Al\u0131\u015ft\u0131rmalar<\/strong><\/p>\n<ul>\n<li><strong>Tam \u00f6l\u00e7ekli egzersiz<\/strong><br \/>\nTatbikatlar, bir petrol s\u0131z\u0131nt\u0131s\u0131 olay\u0131n\u0131n birka\u00e7 farkl\u0131 y\u00f6n\u00fcn\u00fc sim\u00fcle ettikleri ve \u00fc\u00e7\u00fcnc\u00fc taraflar\u0131 i\u00e7erdi\u011fi i\u00e7in genellikle daha karma\u015f\u0131kt\u0131r. Bu t\u00fcr bir uygulama, ana harici taraflar\u0131 canland\u0131rmak i\u00e7in kendi personelini kullanmak veya tam kapsaml\u0131 olmak gibi s\u0131n\u0131rl\u0131 kapsamda olabilir. D\u0131\u015f kurum ve kurulu\u015flar, tatbikatta rollerini oynamalar\u0131 i\u00e7in personel sa\u011flamaya davet edilir. Tak\u0131m geli\u015ftirmenin ilk a\u015famalar\u0131nda dahili al\u0131\u015ft\u0131rmalar faydal\u0131d\u0131r; yaln\u0131zca ger\u00e7ek bir acil duruma dahil olan ger\u00e7ek ki\u015filerle egzersiz yaparak bir m\u00fcdahale ekibi uygun \u015fekilde test edilebilir ve e\u011fitilebilir.<\/li>\n<li><strong>Fonksiyonel Egzersiz<\/strong><br \/>\n\u0130\u015flevsel bir al\u0131\u015ft\u0131rma, bireysel yetenekleri, \u00e7oklu i\u015flevleri, bir i\u015flev i\u00e7indeki etkinlikleri veya birbirine ba\u011fl\u0131 i\u015flev gruplar\u0131n\u0131 do\u011frulamak ve de\u011ferlendirmek i\u00e7in tasarlanm\u0131\u015ft\u0131r. Olaylar, y\u00f6netim d\u00fczeyinde eylemi harekete ge\u00e7iren olay g\u00fcncellemeleri ile bir al\u0131\u015ft\u0131rma senaryosu arac\u0131l\u0131\u011f\u0131yla tahmin edilir. \u0130\u015flevsel bir tatbikat, son derece stresli, zaman k\u0131s\u0131tl\u0131 bir ortamda e\u011fitimli personelin h\u0131zl\u0131 ve etkili yan\u0131tlar\u0131n\u0131 gerektiren karma\u015f\u0131k ve ger\u00e7ek\u00e7i sorunlar sunarak, i\u015flevsel bir alanda operasyonlar\u0131n ger\u00e7ekli\u011fini sim\u00fcle eder.<br \/>\nFonksiyonel tatbikatlar genellikle organizasyonun planlar\u0131n\u0131, politikalar\u0131n\u0131, prosed\u00fcrlerini ve m\u00fcdahale ekibi personelini uygulamaya odaklan\u0131r. Personel ve ekipman\u0131n hareketi sim\u00fcle edilir.<\/li>\n<li><strong>G\u00fc\u00e7l\u00fc ve Zay\u0131f Y\u00f6nlerin \u0130ncelenmesi<\/strong><br \/>\nEkipman yerle\u015ftirme tatbikatlar\u0131, bir petrol s\u0131z\u0131nt\u0131s\u0131 senaryosuna yan\u0131t olarak belirli konumlarda petrol s\u0131z\u0131nt\u0131s\u0131 m\u00fcdahale ekipman\u0131n\u0131n konu\u015fland\u0131r\u0131lmas\u0131n\u0131 ve belirli bir s\u0131z\u0131nt\u0131 senaryosu i\u00e7in planda belirtilen stratejilerin izlenmesini i\u00e7erir. Bu tatbikatlar, yerel bir ekibin Kademe 1 veya 2 tip d\u00f6k\u00fclmeye m\u00fcdahale etme, yerel ko\u015fullar ve d\u00f6k\u00fclme senaryolar\u0131 deneyimi sa\u011flama ve bireysel becerileri ve ekip \u00e7al\u0131\u015fmas\u0131n\u0131 geli\u015ftirme yetene\u011fini test eder. Di\u011fer taraflar\u0131n, \u00f6rne\u011fin tekne, mavna ve kamyon sa\u011flay\u0131c\u0131lar\u0131 gibi, normal olarak bu t\u00fcr bir yan\u0131t\u0131n par\u00e7as\u0131 olmalar\u0131 gerekir, b\u00f6ylece uygunluklar\u0131 ve yetenekleri de\u011ferlendirilebilir; di\u011fer kurulu\u015flar da g\u00f6zlem yapmak \u00fczere davet edilebilir. B\u00f6yle bir egzersiz tipik olarak d\u00f6rt ila sekiz saat s\u00fcrer ve ekipler ekipmana al\u0131\u015fana kadar s\u0131k \u200b\u200bs\u0131k tekrarlanmal\u0131d\u0131r. Baz\u0131 durumlarda, bir ekipman da\u011f\u0131t\u0131m al\u0131\u015ft\u0131rmas\u0131, bir masa \u00fcst\u00fc al\u0131\u015ft\u0131rmas\u0131 veya olay y\u00f6netimi al\u0131\u015ft\u0131rmas\u0131 ile birlikte \u00e7al\u0131\u015ft\u0131r\u0131labilir. Bu, al\u0131\u015ft\u0131rmalar\u0131n ger\u00e7ekli\u011fini art\u0131rabilir, ancak denetlenmesi daha karma\u015f\u0131k olabilir.<\/li>\n<\/ul>\n","protected":false},"excerpt":{"rendered":"<p>Egzersizlerin amac\u0131 \u00e7oktur. M\u00fcdahale ekiplerine acil bir durumda gerekli becerileri uygulama, birlikte yak\u0131n \u00e7al\u0131\u015fma, ili\u015fkiler geli\u015ftirme ve stresli ko\u015fullar alt\u0131nda [&hellip;]<\/p>\n","protected":false},"author":1,"featured_media":0,"parent":28394,"menu_order":0,"comment_status":"closed","ping_status":"closed","template":"","meta":{"site-sidebar-layout":"default","site-content-layout":"","ast-site-content-layout":"default","site-content-style":"default","site-sidebar-style":"default","ast-global-header-display":"","ast-banner-title-visibility":"","ast-main-header-display":"","ast-hfb-above-header-display":"","ast-hfb-below-header-display":"","ast-hfb-mobile-header-display":"","site-post-title":"","ast-breadcrumbs-content":"","ast-featured-img":"","footer-sml-layout":"","ast-disable-related-posts":"","theme-transparent-header-meta":"","adv-header-id-meta":"","stick-header-meta":"","header-above-stick-meta":"","header-main-stick-meta":"","header-below-stick-meta":"","astra-migrate-meta-layouts":"default","ast-page-background-enabled":"default","ast-page-background-meta":{"desktop":{"background-color":"var(--ast-global-color-5)","background-image":"","background-repeat":"repeat","background-position":"center center","background-size":"auto","background-attachment":"scroll","background-type":"","background-media":"","overlay-type":"","overlay-color":"","overlay-opacity":"","overlay-gradient":""},"tablet":{"background-color":"","background-image":"","background-repeat":"repeat","background-position":"center center","background-size":"auto","background-attachment":"scroll","background-type":"","background-media":"","overlay-type":"","overlay-color":"","overlay-opacity":"","overlay-gradient":""},"mobile":{"background-color":"","background-image":"","background-repeat":"repeat","background-position":"center center","background-size":"auto","background-attachment":"scroll","background-type":"","background-media":"","overlay-type":"","overlay-color":"","overlay-opacity":"","overlay-gradient":""}},"ast-content-background-meta":{"desktop":{"background-color":"var(--ast-global-color-4)","background-image":"","background-repeat":"repeat","background-position":"center center","background-size":"auto","background-attachment":"scroll","background-type":"","background-media":"","overlay-type":"","overlay-color":"","overlay-opacity":"","overlay-gradient":""},"tablet":{"background-color":"var(--ast-global-color-4)","background-image":"","background-repeat":"repeat","background-position":"center center","background-size":"auto","background-attachment":"scroll","background-type":"","background-media":"","overlay-type":"","overlay-color":"","overlay-opacity":"","overlay-gradient":""},"mobile":{"background-color":"var(--ast-global-color-4)","background-image":"","background-repeat":"repeat","background-position":"center center","background-size":"auto","background-attachment":"scroll","background-type":"","background-media":"","overlay-type":"","overlay-color":"","overlay-opacity":"","overlay-gradient":""}},"footnotes":""},"class_list":["post-28810","page","type-page","status-publish","hentry"],"_links":{"self":[{"href":"https:\/\/mavideniz.com.tr\/tr\/wp-json\/wp\/v2\/pages\/28810","targetHints":{"allow":["GET"]}}],"collection":[{"href":"https:\/\/mavideniz.com.tr\/tr\/wp-json\/wp\/v2\/pages"}],"about":[{"href":"https:\/\/mavideniz.com.tr\/tr\/wp-json\/wp\/v2\/types\/page"}],"author":[{"embeddable":true,"href":"https:\/\/mavideniz.com.tr\/tr\/wp-json\/wp\/v2\/users\/1"}],"replies":[{"embeddable":true,"href":"https:\/\/mavideniz.com.tr\/tr\/wp-json\/wp\/v2\/comments?post=28810"}],"version-history":[{"count":0,"href":"https:\/\/mavideniz.com.tr\/tr\/wp-json\/wp\/v2\/pages\/28810\/revisions"}],"up":[{"embeddable":true,"href":"https:\/\/mavideniz.com.tr\/tr\/wp-json\/wp\/v2\/pages\/28394"}],"wp:attachment":[{"href":"https:\/\/mavideniz.com.tr\/tr\/wp-json\/wp\/v2\/media?parent=28810"}],"curies":[{"name":"wp","href":"https:\/\/api.w.org\/{rel}","templated":true}]}}