{"id":28814,"date":"2021-11-20T17:19:54","date_gmt":"2021-11-20T17:19:54","guid":{"rendered":"https:\/\/mavideniz.com.tr\/?page_id=28814"},"modified":"2021-11-20T17:19:55","modified_gmt":"2021-11-20T17:19:55","slug":"cop-bariyeri-kurulum-planlamasi","status":"publish","type":"page","link":"https:\/\/mavideniz.com.tr\/tr\/servislerimiz\/kirlilige-hazirlik\/cop-bariyeri-kurulum-planlamasi\/","title":{"rendered":"\u00c7\u00f6p Bariyeri Kurulum Planlamas\u0131"},"content":{"rendered":"<p><br \/>\n\u00c7\u00f6p bariyeri kurulum planlama hizmeti, \u00e7\u00f6p bariyeri kurulduktan sonra ba\u015far\u0131s\u0131z olmamak i\u00e7in esast\u0131r. Bu nedenle, a\u015famalar\u0131 ve a\u015famalar\u0131 d\u00fczenliyoruz.<\/p>\n<p><strong>\u00c7\u00f6p Bariyeri Kurulum Planlama A\u015famas\u0131 ve A\u015famalar\u0131 :<\/strong><\/p>\n<ul>\n<li><strong>A\u015fama I<\/strong> &#8211; Hidrolojik, Topo-Jeodezi, Batimetrik, M\u00fchendislik-Jeolojik ve \u0130htiyofauna \u00c7al\u0131\u015fmalar\u0131;<\/li>\n<li><strong>A\u015fama II &#8211;<\/strong> Geleneksel olmayan ekipman ve yelken temizleme tesislerinin se\u00e7imi, teknik-ekonomik analiz ve se\u00e7ilen se\u00e7eneklerin de\u011ferleri;<\/li>\n<li><strong>A\u015fama II<\/strong> &#8211; Tedarik ve kurulum ihalesi ihalesi i\u00e7in se\u00e7ilen se\u00e7enekler i\u00e7in gereksinimlerin ve teknik \u015fartnamelerin haz\u0131rlanmas\u0131;<\/li>\n<li><strong>A\u015fama IV<\/strong> &#8211; Uygun olmayan yap\u0131lar\u0131n ve yelken temizleme tesislerinin teslimi i\u00e7in ihale ihalesine kat\u0131lan ihalelerin teknik ve mali tekliflerine kat\u0131l\u0131m<\/li>\n<\/ul>\n<p>Etap ve etap tamamland\u0131ktan sonra Mavideniz teknik raporu sunar; bu raporla, alternatiflerin ekonomik de\u011ferlendirmesine, ekonomik k\u00e2ra (EIRR), net bug\u00fcnk\u00fc de\u011fere (NPV) dayal\u0131 \u00e7\u00f6p bariyeri uygulamas\u0131 i\u00e7in en iyi \/ optimum se\u00e7ene\u011fi elde edeceksiniz, \u00e7\u00f6p temizleme\/toplama tipini ve \u00f6zelliklerini alacaks\u0131n\u0131z. nehirlerde se\u00e7ilen makineler veya gemiler ve daha fazla bilgi alacaklar.<\/p>\n","protected":false},"excerpt":{"rendered":"<p>\u00c7\u00f6p bariyeri kurulum planlama hizmeti, \u00e7\u00f6p bariyeri kurulduktan sonra ba\u015far\u0131s\u0131z olmamak i\u00e7in esast\u0131r. Bu nedenle, a\u015famalar\u0131 ve a\u015famalar\u0131 d\u00fczenliyoruz. \u00c7\u00f6p [&hellip;]<\/p>\n","protected":false},"author":1,"featured_media":0,"parent":28394,"menu_order":0,"comment_status":"closed","ping_status":"closed","template":"","meta":{"site-sidebar-layout":"default","site-content-layout":"","ast-site-content-layout":"default","site-content-style":"default","site-sidebar-style":"default","ast-global-header-display":"","ast-banner-title-visibility":"","ast-main-header-display":"","ast-hfb-above-header-display":"","ast-hfb-below-header-display":"","ast-hfb-mobile-header-display":"","site-post-title":"","ast-breadcrumbs-content":"","ast-featured-img":"","footer-sml-layout":"","ast-disable-related-posts":"","theme-transparent-header-meta":"","adv-header-id-meta":"","stick-header-meta":"","header-above-stick-meta":"","header-main-stick-meta":"","header-below-stick-meta":"","astra-migrate-meta-layouts":"default","ast-page-background-enabled":"default","ast-page-background-meta":{"desktop":{"background-color":"var(--ast-global-color-5)","background-image":"","background-repeat":"repeat","background-position":"center center","background-size":"auto","background-attachment":"scroll","background-type":"","background-media":"","overlay-type":"","overlay-color":"","overlay-opacity":"","overlay-gradient":""},"tablet":{"background-color":"","background-image":"","background-repeat":"repeat","background-position":"center center","background-size":"auto","background-attachment":"scroll","background-type":"","background-media":"","overlay-type":"","overlay-color":"","overlay-opacity":"","overlay-gradient":""},"mobile":{"background-color":"","background-image":"","background-repeat":"repeat","background-position":"center center","background-size":"auto","background-attachment":"scroll","background-type":"","background-media":"","overlay-type":"","overlay-color":"","overlay-opacity":"","overlay-gradient":""}},"ast-content-background-meta":{"desktop":{"background-color":"var(--ast-global-color-4)","background-image":"","background-repeat":"repeat","background-position":"center center","background-size":"auto","background-attachment":"scroll","background-type":"","background-media":"","overlay-type":"","overlay-color":"","overlay-opacity":"","overlay-gradient":""},"tablet":{"background-color":"var(--ast-global-color-4)","background-image":"","background-repeat":"repeat","background-position":"center center","background-size":"auto","background-attachment":"scroll","background-type":"","background-media":"","overlay-type":"","overlay-color":"","overlay-opacity":"","overlay-gradient":""},"mobile":{"background-color":"var(--ast-global-color-4)","background-image":"","background-repeat":"repeat","background-position":"center center","background-size":"auto","background-attachment":"scroll","background-type":"","background-media":"","overlay-type":"","overlay-color":"","overlay-opacity":"","overlay-gradient":""}},"footnotes":""},"class_list":["post-28814","page","type-page","status-publish","hentry"],"_links":{"self":[{"href":"https:\/\/mavideniz.com.tr\/tr\/wp-json\/wp\/v2\/pages\/28814","targetHints":{"allow":["GET"]}}],"collection":[{"href":"https:\/\/mavideniz.com.tr\/tr\/wp-json\/wp\/v2\/pages"}],"about":[{"href":"https:\/\/mavideniz.com.tr\/tr\/wp-json\/wp\/v2\/types\/page"}],"author":[{"embeddable":true,"href":"https:\/\/mavideniz.com.tr\/tr\/wp-json\/wp\/v2\/users\/1"}],"replies":[{"embeddable":true,"href":"https:\/\/mavideniz.com.tr\/tr\/wp-json\/wp\/v2\/comments?post=28814"}],"version-history":[{"count":0,"href":"https:\/\/mavideniz.com.tr\/tr\/wp-json\/wp\/v2\/pages\/28814\/revisions"}],"up":[{"embeddable":true,"href":"https:\/\/mavideniz.com.tr\/tr\/wp-json\/wp\/v2\/pages\/28394"}],"wp:attachment":[{"href":"https:\/\/mavideniz.com.tr\/tr\/wp-json\/wp\/v2\/media?parent=28814"}],"curies":[{"name":"wp","href":"https:\/\/api.w.org\/{rel}","templated":true}]}}