{"id":28815,"date":"2021-11-20T17:14:02","date_gmt":"2021-11-20T17:14:02","guid":{"rendered":"https:\/\/mavideniz.com.tr\/?page_id=28815"},"modified":"2021-11-20T17:14:41","modified_gmt":"2021-11-20T17:14:41","slug":"kiyi-seridi-sahil-temizligi","status":"publish","type":"page","link":"https:\/\/mavideniz.com.tr\/tr\/servislerimiz\/kiyi-seridi-sahil-temizligi\/","title":{"rendered":"K\u0131y\u0131 \u015eeridi + Sahil Temizli\u011fi"},"content":{"rendered":"\n<p>Alan\u0131n \u00f6zelliklerine g\u00f6re kirli kumsallar\u0131n ve k\u0131y\u0131 \u015feritlerinin temizlenmesi \u00f6zel teknik ve y\u00f6ntemler gerektirmektedir. sahil temizli\u011fi veya sahil temizli\u011fi i\u015flemlerinde Manuel Temizleme + Mekanik ekipman ve Mekanik Makineler kullan\u0131yoruz.<\/p>\n<p>Etkili benzersiz y\u00f6ntemler, \u00e7evreye duyarl\u0131 alanlarda imkans\u0131z ve i\u015fe yaramaz olabilir ve temizleme i\u015flemleri her durum i\u00e7in a\u00e7\u0131k\u00e7a tasarlanmal\u0131d\u0131r. Sitelere eri\u015fim genellikle zordur ve y\u00fcksek ve d\u00fc\u015f\u00fck gelgit aras\u0131ndaki \u00f6nemli farkl\u0131l\u0131klar i\u015flemleri karma\u015f\u0131kla\u015ft\u0131rabilir.<\/p>\n<p>K\u0131y\u0131 \u015feridi tipi, enkaz\u0131n \u00e7\u0131kar\u0131lmas\u0131 i\u00e7in en uygun olabilecek en uygun temizleme tekniklerinin belirlenmesinde \u00f6nemli bir rol oynar. Belirli bir k\u0131y\u0131 \u015feridi tipinin temizli\u011fi d\u00fc\u015f\u00fcn\u00fcld\u00fc\u011f\u00fcnde, dikkate al\u0131nmas\u0131 gereken \u00fc\u00e7 fakt\u00f6r \u00f6nemlidir; konfor kullan\u0131m d\u00fczeyi, \u00e7evresel duyarl\u0131l\u0131k ve k\u0131y\u0131 \u015feridinin do\u011fal temizleme eylemine maruz kalmas\u0131.<\/p>\n<p>Y\u00f6netim ekibi, deniz ortam\u0131n\u0131n rekreasyon, turizm, bal\u0131k\u00e7\u0131l\u0131k, end\u00fcstri ve deniz koruma gibi \u00e7e\u015fitli yerel kullan\u0131mlar\u0131n\u0131 dikkate almal\u0131d\u0131r. K\u0131y\u0131 \u015feridindeki i\u015fg\u00fcc\u00fc ve faaliyetlerin uygun \u015fekilde d\u00fczenlenmesi de \u00e7ok \u00f6nemlidir. Temizleme i\u015flemi en g\u00fcvenli ve etkili \u015fekilde ger\u00e7ekle\u015ftirilir ve \u00e7evre \u00fczerindeki orant\u0131s\u0131z etkilerden ka\u00e7\u0131n\u0131l\u0131r. Y\u00fcksek d\u00fczeyde yerel bilgi i\u00e7eren iyi tasarlanm\u0131\u015f bir acil durum plan\u0131, bir k\u0131y\u0131 \u015feridi temizli\u011finin ba\u015far\u0131l\u0131 y\u00f6netimi ve organizasyonuna \u00f6nemli \u00f6l\u00e7\u00fcde yard\u0131mc\u0131 olabilir.<\/p>\n<p>\u00c7\u00f6p, g\u00f6llerden ve nehirlerden her okyanus k\u0131y\u0131 \u015feridine kadar t\u00fcm su yollar\u0131n\u0131n, kumsallar\u0131n kar\u015f\u0131 kar\u015f\u0131ya oldu\u011fu kritik bir sorundur. Kumsal temizleme i\u015flemlerinde en yayg\u0131n olarak bulunan \u00e7\u00f6pler: Sigara, Yiyecek Ambalajlar\u0131 ve Kaplar\u0131, \u00c7antalar (plastik), Kapaklar\/Kapaklar, \u0130\u00e7ecek \u015fi\u015feleri (plastik), \u0130\u00e7ecek kutular\u0131, Bardaklar, Tabaklar, \u00c7atallar, B\u0131\u00e7aklar, Ka\u015f\u0131klar, Pipetler, kar\u0131\u015ft\u0131r\u0131c\u0131lar, \u0130\u00e7ecek \u015fi\u015feleri (cam), T\u00fct\u00fcn Ambalajlar\u0131\/Sarmalar\u0131, Puro U\u00e7lar\u0131 vb &#8230;<\/p>\n<p>Plaj temizleme makinesi, \u00e7\u00f6pleri ve di\u011fer yabanc\u0131 maddeleri \u00e7\u0131karmak i\u00e7in bir t\u0131rm\u0131klama veya eleme cihaz\u0131n\u0131 sahil kumu \u00fczerinde s\u00fcr\u00fckleyen bir ara\u00e7t\u0131r. Paletler veya tekerlekler \u00fczerinde manuel olarak kendi kendine \u00e7ekilen veya d\u00f6rtl\u00fc bisiklet veya trakt\u00f6r taraf\u0131ndan \u00e7ekilen ara\u00e7lard\u0131r. Sahil \u015fehirleri, plaj m\u00fc\u015fterilerinin b\u0131rakt\u0131\u011f\u0131 \u00e7\u00f6p sorunlar\u0131yla ve k\u0131y\u0131lar\u0131na vuran di\u011fer kirliliklerle m\u00fccadele etmek i\u00e7in plaj temizleme makinelerini kullan\u0131r. Plaj temizleme stratejilerinde ba\u015fl\u0131ca g\u00f6rev, plaj erozyonunu g\u00f6z \u00f6n\u00fcnde bulundurarak ve araziyi de\u011fi\u015ftirerek plajlar\u0131n at\u0131klar\u0131n\u0131 ele alman\u0131n en iyi yolunu bulmakt\u0131r.<\/p>\n<p>Plaj temizleme makineleri, bir kep\u00e7e veya s\u00fcr\u00fckleme mekanizmas\u0131yla kum toplayarak ve ard\u0131ndan \u00e7ubuklar, ta\u015flar, \u00e7\u00f6pler, \u015f\u0131r\u0131ngalar ve di\u011fer \u00f6\u011feler dahil olmak \u00fczere yabanc\u0131 madde olarak kabul edilecek kadar b\u00fcy\u00fck her \u015feyi t\u0131rm\u0131klayarak veya eleyerek \u00e7al\u0131\u015f\u0131r. Benzer uygulamalar aras\u0131nda g\u00f6l plajlar\u0131 ve plaj voleybolu, anaokulu ve oyun alan\u0131 kum havuzlar\u0131 i\u00e7in alanlar yer al\u0131r.<\/p>\n<p>Plaj temizleme makineleri, plaja gidenlerin g\u00fcvenli\u011fini ve mutlulu\u011funu sa\u011flamak i\u00e7in d\u00fcnya \u00e7ap\u0131nda kullan\u0131lmaktad\u0131r. Kumsaldan, belediyelerden ve tatil beldelerinden \u00e7\u00f6p, istenmeyen deniz yosunu ve di\u011fer d\u00f6k\u00fcnt\u00fcleri \u00e7\u0131karmak, daha az yat\u0131r\u0131m saati ile plajlar\u0131n\u0131 koruyabilir.<\/p>\n<p>D\u00fczenli \u00e7\u00f6p temizleme kullan\u0131mlar\u0131n\u0131n yan\u0131 s\u0131ra, do\u011fal afetlerden sonra temizlemek i\u00e7in plaj ve kum temizleyiciler kullan\u0131lm\u0131\u015ft\u0131r.<\/p>\n<p><strong>\u00d6rne\u011fin:<\/strong><\/p>\n<p>Teksas, Galveston&#8217;da sudaki d\u00fc\u015f\u00fck oksijen seviyeleri, binlerce \u00f6l\u00fc bal\u0131\u011f\u0131n karaya \u00e7\u0131kmas\u0131na neden oldu. Daha sonra, havaya, kuma ve suya a\u015f\u0131r\u0131 toksin salmadan \u00f6nce \u00e7\u00fcr\u00fcyen bal\u0131klar\u0131 sahilden \u00e7\u0131karmak i\u00e7in t\u0131rm\u0131kl\u0131 kum temizleyicileri kullan\u0131ld\u0131.<\/p>\n<p>2008 Olimpiyat Oyunlar\u0131, Pekin Chaoyang Park\u0131&#8217;ndaki plaj voleybolu sahalar\u0131 i\u00e7in ilk Sabonis uzaktan kumandas\u0131n\u0131 g\u00f6rd\u00fc.<\/p>\n<p>Deepwater Horizon petrol s\u0131z\u0131nt\u0131s\u0131n\u0131n ard\u0131ndan yap\u0131lan temizlikte b\u00f6lgede \u00e7ok say\u0131da kum temizleyici uygulamas\u0131 g\u00f6r\u00fcld\u00fc.[1] Benzer \u015fekilde, Yeni Zelanda&#8217;daki Rena petrol s\u0131z\u0131nt\u0131s\u0131 da etkilenen kumu temizlemek i\u00e7in plaj temizleyicilerinin g\u00f6revlendirildi\u011fini g\u00f6rd\u00fc.<\/p>\n<p>Mavi Deniz&#8217;in uzmanlar\u0131, y\u00fcksek u\u00e7urumlar ve deniz dibi gibi eri\u015fimi zor alanlarda d\u00f6k\u00fclmelere m\u00fcdahale etmek ve m\u00fcdahale etmek i\u00e7in e\u011fitilmi\u015ftir.<\/p>\n<p>Mavi Deniz, nehirleri denizlere temizleme tecr\u00fcbesine sahiptir ve plaj, lag\u00fcn, g\u00f6ller, marinalar ve liman alanlar\u0131n\u0131n temizli\u011fi i\u00e7in yerel y\u00f6netimler ve belediyelerle periyodik bir s\u00f6zle\u015fmeye sahiptir. Sahil temizli\u011fi ve iyile\u015ftirme (plajlar, kayal\u0131k k\u0131y\u0131lar ve r\u0131ht\u0131mlar).<\/p>\n<p>Turistik b\u00f6lgeler de, periyodik temizlik ve olas\u0131 bir kirlilik olay\u0131yla y\u00fczle\u015fmeye haz\u0131rl\u0131k dahil olmak \u00fczere benzer bir hizmet t\u00fcr\u00fcnden yararlan\u0131r.<\/p>\n","protected":false},"excerpt":{"rendered":"<p>Alan\u0131n \u00f6zelliklerine g\u00f6re kirli kumsallar\u0131n ve k\u0131y\u0131 \u015feritlerinin temizlenmesi \u00f6zel teknik ve y\u00f6ntemler gerektirmektedir. sahil temizli\u011fi veya sahil temizli\u011fi i\u015flemlerinde [&hellip;]<\/p>\n","protected":false},"author":1,"featured_media":0,"parent":26739,"menu_order":0,"comment_status":"closed","ping_status":"closed","template":"","meta":{"site-sidebar-layout":"default","site-content-layout":"","ast-site-content-layout":"default","site-content-style":"default","site-sidebar-style":"default","ast-global-header-display":"","ast-banner-title-visibility":"","ast-main-header-display":"","ast-hfb-above-header-display":"","ast-hfb-below-header-display":"","ast-hfb-mobile-header-display":"","site-post-title":"","ast-breadcrumbs-content":"","ast-featured-img":"","footer-sml-layout":"","ast-disable-related-posts":"","theme-transparent-header-meta":"","adv-header-id-meta":"","stick-header-meta":"","header-above-stick-meta":"","header-main-stick-meta":"","header-below-stick-meta":"","astra-migrate-meta-layouts":"default","ast-page-background-enabled":"default","ast-page-background-meta":{"desktop":{"background-color":"var(--ast-global-color-5)","background-image":"","background-repeat":"repeat","background-position":"center center","background-size":"auto","background-attachment":"scroll","background-type":"","background-media":"","overlay-type":"","overlay-color":"","overlay-opacity":"","overlay-gradient":""},"tablet":{"background-color":"","background-image":"","background-repeat":"repeat","background-position":"center center","background-size":"auto","background-attachment":"scroll","background-type":"","background-media":"","overlay-type":"","overlay-color":"","overlay-opacity":"","overlay-gradient":""},"mobile":{"background-color":"","background-image":"","background-repeat":"repeat","background-position":"center center","background-size":"auto","background-attachment":"scroll","background-type":"","background-media":"","overlay-type":"","overlay-color":"","overlay-opacity":"","overlay-gradient":""}},"ast-content-background-meta":{"desktop":{"background-color":"var(--ast-global-color-4)","background-image":"","background-repeat":"repeat","background-position":"center center","background-size":"auto","background-attachment":"scroll","background-type":"","background-media":"","overlay-type":"","overlay-color":"","overlay-opacity":"","overlay-gradient":""},"tablet":{"background-color":"var(--ast-global-color-4)","background-image":"","background-repeat":"repeat","background-position":"center center","background-size":"auto","background-attachment":"scroll","background-type":"","background-media":"","overlay-type":"","overlay-color":"","overlay-opacity":"","overlay-gradient":""},"mobile":{"background-color":"var(--ast-global-color-4)","background-image":"","background-repeat":"repeat","background-position":"center center","background-size":"auto","background-attachment":"scroll","background-type":"","background-media":"","overlay-type":"","overlay-color":"","overlay-opacity":"","overlay-gradient":""}},"footnotes":""},"class_list":["post-28815","page","type-page","status-publish","hentry"],"_links":{"self":[{"href":"https:\/\/mavideniz.com.tr\/tr\/wp-json\/wp\/v2\/pages\/28815","targetHints":{"allow":["GET"]}}],"collection":[{"href":"https:\/\/mavideniz.com.tr\/tr\/wp-json\/wp\/v2\/pages"}],"about":[{"href":"https:\/\/mavideniz.com.tr\/tr\/wp-json\/wp\/v2\/types\/page"}],"author":[{"embeddable":true,"href":"https:\/\/mavideniz.com.tr\/tr\/wp-json\/wp\/v2\/users\/1"}],"replies":[{"embeddable":true,"href":"https:\/\/mavideniz.com.tr\/tr\/wp-json\/wp\/v2\/comments?post=28815"}],"version-history":[{"count":0,"href":"https:\/\/mavideniz.com.tr\/tr\/wp-json\/wp\/v2\/pages\/28815\/revisions"}],"up":[{"embeddable":true,"href":"https:\/\/mavideniz.com.tr\/tr\/wp-json\/wp\/v2\/pages\/26739"}],"wp:attachment":[{"href":"https:\/\/mavideniz.com.tr\/tr\/wp-json\/wp\/v2\/media?parent=28815"}],"curies":[{"name":"wp","href":"https:\/\/api.w.org\/{rel}","templated":true}]}}