{"id":30610,"date":"2022-02-12T19:03:21","date_gmt":"2022-02-12T19:03:21","guid":{"rendered":"https:\/\/mavideniz.com.tr\/?page_id=30610"},"modified":"2022-09-17T15:59:26","modified_gmt":"2022-09-17T15:59:26","slug":"mavi-deniz-bayi-temsilci-temsilci","status":"publish","type":"page","link":"https:\/\/mavideniz.com.tr\/tr\/hakkimizda\/mavi-deniz-bayi-temsilci-temsilci\/","title":{"rendered":"MAVI DEN\u0130Z &#8211; Bayilik | Temsilcilik"},"content":{"rendered":"<div id=\"mapsvg-23840\" data-id=\"23840\" class=\"mapsvg\" data-autoload=\"true\" data-load-db=\"true\" data-loading-text=\"Loading map...\" style=\"width: 100%; height: 0; padding-bottom: 48.25%\"><\/div>\n<p>Mavi Deniz T\u00dcCCARI ya da DA\u011eITIMCI olarak, \u015firket ad\u0131n\u0131z\u0131 bir d\u00fcnya liderinin yan\u0131na koyars\u0131n\u0131z. Mavi Deniz, Kirlili\u011fe M\u00fcdahale \u00dcr\u00fcnleri, Makineler, Ekipmanlar ve Deniz Gemilerinde standard\u0131 s\u00fcrekli geli\u015ftirdi.<\/p>\n<p>Mavi Deniz 1993 y\u0131l\u0131ndan beri 85&#8217;ten fazla \u00fclkeyle birlikte \u00e7al\u0131\u015f\u0131yor. K\u00fcresel ortaklar\u0131m\u0131z\u0131n ve temsilcilerimizin deste\u011fiyle.<\/p>\n<p>MAV\u0130 DEN\u0130Z ULUSLARARASI SATICI \/ DA\u011eITIMCI OLMAK \u0130ST\u0130YORSANIZ<\/p>\n<p><strong>L\u00fctfen bilgileri \u015furaya g\u00f6nderin: erdinc@mavideniz.com.tr adresindeki t\u00fcm sat\u0131c\u0131\/da\u011f\u0131t\u0131mc\u0131 sorgular\u0131 i\u00e7in formu doldurunuz.<\/strong><\/p>\n<p><strong>\u0130leti\u015fim bilgileri \u015funlard\u0131r:<\/strong><\/p>\n<ul>\n<li>Tam ad<\/li>\n<li>\u0130\u015fletmenin Ad\u0131<\/li>\n<li>Fiziksel adres veya Posta adresi<\/li>\n<li>Telefon numaras\u0131<\/li>\n<li>E-posta adresi<\/li>\n<li>Satmakla ilgilenilen \u00fcr\u00fcnler<\/li>\n<li>\u0130lgilendi\u011finiz tam konum (il\u00e7e ad\u0131 dahil).<\/li>\n<li>Bize i\u015f deneyiminiz ve yetenekleriniz ile mevcut bir i\u015fletmeye sahip olup olmad\u0131\u011f\u0131n\u0131z hakk\u0131nda bilgi verin.<\/li>\n<\/ul>\n<p>K\u00fcresel operasyonlar hakk\u0131nda daha fazla bilgi edinmek ve Mavideniz&#8217;in projelerinize uygunlu\u011funu tart\u0131\u015fmak i\u00e7in bize ula\u015f\u0131n.<\/p>\n<form action=\"https:\/\/mavideniz.com.tr\/tr\/wp-json\/ws-form\/v1\/submit\" class=\"wsf-form wsf-form-canvas\" id=\"ws-form-1\" data-id=\"3\" method=\"POST\" data-instance-id=\"1\" data-wsf-style-id=\"1\"><\/form>\n","protected":false},"excerpt":{"rendered":"<p>Mavi Deniz T\u00dcCCARI ya da DA\u011eITIMCI olarak, \u015firket ad\u0131n\u0131z\u0131 bir d\u00fcnya liderinin yan\u0131na koyars\u0131n\u0131z. Mavi Deniz, Kirlili\u011fe M\u00fcdahale \u00dcr\u00fcnleri, Makineler, [&hellip;]<\/p>\n","protected":false},"author":1,"featured_media":0,"parent":26723,"menu_order":0,"comment_status":"closed","ping_status":"closed","template":"","meta":{"site-sidebar-layout":"default","site-content-layout":"","ast-site-content-layout":"default","site-content-style":"default","site-sidebar-style":"default","ast-global-header-display":"","ast-banner-title-visibility":"","ast-main-header-display":"","ast-hfb-above-header-display":"","ast-hfb-below-header-display":"","ast-hfb-mobile-header-display":"","site-post-title":"","ast-breadcrumbs-content":"","ast-featured-img":"","footer-sml-layout":"","ast-disable-related-posts":"","theme-transparent-header-meta":"","adv-header-id-meta":"","stick-header-meta":"","header-above-stick-meta":"","header-main-stick-meta":"","header-below-stick-meta":"","astra-migrate-meta-layouts":"default","ast-page-background-enabled":"default","ast-page-background-meta":{"desktop":{"background-color":"var(--ast-global-color-5)","background-image":"","background-repeat":"repeat","background-position":"center center","background-size":"auto","background-attachment":"scroll","background-type":"","background-media":"","overlay-type":"","overlay-color":"","overlay-opacity":"","overlay-gradient":""},"tablet":{"background-color":"","background-image":"","background-repeat":"repeat","background-position":"center center","background-size":"auto","background-attachment":"scroll","background-type":"","background-media":"","overlay-type":"","overlay-color":"","overlay-opacity":"","overlay-gradient":""},"mobile":{"background-color":"","background-image":"","background-repeat":"repeat","background-position":"center center","background-size":"auto","background-attachment":"scroll","background-type":"","background-media":"","overlay-type":"","overlay-color":"","overlay-opacity":"","overlay-gradient":""}},"ast-content-background-meta":{"desktop":{"background-color":"var(--ast-global-color-4)","background-image":"","background-repeat":"repeat","background-position":"center center","background-size":"auto","background-attachment":"scroll","background-type":"","background-media":"","overlay-type":"","overlay-color":"","overlay-opacity":"","overlay-gradient":""},"tablet":{"background-color":"var(--ast-global-color-4)","background-image":"","background-repeat":"repeat","background-position":"center center","background-size":"auto","background-attachment":"scroll","background-type":"","background-media":"","overlay-type":"","overlay-color":"","overlay-opacity":"","overlay-gradient":""},"mobile":{"background-color":"var(--ast-global-color-4)","background-image":"","background-repeat":"repeat","background-position":"center center","background-size":"auto","background-attachment":"scroll","background-type":"","background-media":"","overlay-type":"","overlay-color":"","overlay-opacity":"","overlay-gradient":""}},"footnotes":""},"class_list":["post-30610","page","type-page","status-publish","hentry"],"_links":{"self":[{"href":"https:\/\/mavideniz.com.tr\/tr\/wp-json\/wp\/v2\/pages\/30610","targetHints":{"allow":["GET"]}}],"collection":[{"href":"https:\/\/mavideniz.com.tr\/tr\/wp-json\/wp\/v2\/pages"}],"about":[{"href":"https:\/\/mavideniz.com.tr\/tr\/wp-json\/wp\/v2\/types\/page"}],"author":[{"embeddable":true,"href":"https:\/\/mavideniz.com.tr\/tr\/wp-json\/wp\/v2\/users\/1"}],"replies":[{"embeddable":true,"href":"https:\/\/mavideniz.com.tr\/tr\/wp-json\/wp\/v2\/comments?post=30610"}],"version-history":[{"count":0,"href":"https:\/\/mavideniz.com.tr\/tr\/wp-json\/wp\/v2\/pages\/30610\/revisions"}],"up":[{"embeddable":true,"href":"https:\/\/mavideniz.com.tr\/tr\/wp-json\/wp\/v2\/pages\/26723"}],"wp:attachment":[{"href":"https:\/\/mavideniz.com.tr\/tr\/wp-json\/wp\/v2\/media?parent=30610"}],"curies":[{"name":"wp","href":"https:\/\/api.w.org\/{rel}","templated":true}]}}