{"id":30618,"date":"2022-02-12T19:13:38","date_gmt":"2022-02-12T19:13:38","guid":{"rendered":"https:\/\/mavideniz.com.tr\/?page_id=30618"},"modified":"2022-02-12T19:13:40","modified_gmt":"2022-02-12T19:13:40","slug":"denizanasi-koruma-havuzu","status":"publish","type":"page","link":"https:\/\/mavideniz.com.tr\/tr\/urunler\/yuzer-bariyer-bom\/denizanasi-koruma-havuzu\/","title":{"rendered":"Denizanas\u0131 Koruma Havuzu"},"content":{"rendered":"<p><br \/>\nMavi Deniz Yat Denizanas\u0131 Koruma Havuzu, \u00e7ocuklar\u0131n ve yeti\u015fkinlerin denizanalar\u0131ndan ve di\u011fer istenmeyen deniz canl\u0131lar\u0131ndan uzak y\u00fczebilecekleri g\u00fcvenli ve emniyetli bir alan olarak tasarlanm\u0131\u015ft\u0131r.<\/p>\n<p>Yat Denizanas\u0131 Koruma Havuzu, tekneler, yatlar, yelkenli tekneler ve katamaranlar i\u00e7in ideal olan kaymaz \u015fi\u015fme PVC bariyerdir. Boyutlar ihtiya\u00e7lar\u0131n\u0131za g\u00f6re ayarlan\u0131r.<\/p>\n<p>Denizanas\u0131 havuzu h\u0131zl\u0131, g\u00fcvenli ve kurulumu kolayd\u0131r, depolama i\u00e7in gemide minimum yer kaplar.<\/p>\n<p><strong>Kurulum zaman\u0131<\/strong><\/p>\n<ul>\n<li>\u015ei\u015firme zaman\u0131 2 dakikadan az<\/li>\n<li>3 dakikadan k\u0131sa s\u00fcrede hafas\u0131 indirilir<\/li>\n<li>2 dakikadan daha k\u0131sa s\u00fcrede katlan\u0131r.<\/li>\n<\/ul>\n<p><strong>\u00d6zellikleri<\/strong><\/p>\n<ul>\n<li>A\u011f\u0131rl\u0131k yakla\u015f\u0131k 20 kg.<\/li>\n<li>Denize ve UV \u0131\u015f\u0131nlar\u0131na dayan\u0131kl\u0131<\/li>\n<li>Sekiz ki\u015fi i\u00e7in 64 m2&#8217;ye kadar boyut \u00f6zelle\u015ftirilebilir.<\/li>\n<li>Derinlik 3 mt&#8217;ye kadar \u00f6zelle\u015ftirilebilir.<\/li>\n<li>havuzda y\u00fcr\u00fcyebilir<\/li>\n<li>Size \u00f6zel renk.<\/li>\n<li>Garanti 3 y\u0131l.<\/li>\n<\/ul>\n<div class=\"wptm_table tablesorter-bootstrap \" data-id=\"134\" data-hightlight=\"0\"><div class=\"wptm_buttons buttons_wptmTbl134\"><\/div><div class=\"wptmresponsive dataTables-wptmtable wptmtable \" id=\"wptmtable134\" data-tableid=\"wptmTbl134\"><table data-count-header=\"1\"  data-format-decimal_count=\"0\" data-format-decimal_symbol=\".\" data-format-symbol_position=\"0\" data-format-thousand_symbol=\",\"  data-format-currency_symbol=\"$\"  data-name-style=\"134_1759660624.css\" data-format=\"YYYY-MM-DD\" id=\"wptmTbl134\" data-id=\"134\" data-responsive=\"false\" data-hideCols=\"false\"  data-type=\"html\" data-paging=\"false\" data-searching=\"true\"  data-ordering=\"false\" data-table-breakpoint=\"980\" data-scroll-x=\"true\" data-scroll-collapse=\"true\" data-align=\"center\" data-range=\"[]\" data-hideColumn=\"[0,0,0,0,0,0]\"  data-colwidths=\"[190,190,190,190,190,190]\"  data-colwidths_desktop=[]  data-colwidths_tablet=[]  data-colwidths_mobile=[]  class=\"wptm_main_table  disablePager hideScrollHeader\"><colgroup><col data-dtr=\"0\" data-dtc=\"0\" class=\"dtc0\"><col data-dtr=\"0\" data-dtc=\"1\" class=\"dtc1\"><col data-dtr=\"0\" data-dtc=\"2\" class=\"dtc2\"><col data-dtr=\"0\" data-dtc=\"3\" class=\"dtc3\"><col data-dtr=\"0\" data-dtc=\"4\" class=\"dtc4\"><col data-dtr=\"0\" data-dtc=\"5\" class=\"dtc5\"><\/colgroup><thead><tr class=\"wptm-header-cells-index\"><th rowspan=\"1\" colspan=\"1\" data-dtr=\"0\" data-dtc=\"0\" class=\"dtr0 dtc0\"><\/th><th rowspan=\"1\" colspan=\"1\" data-dtr=\"0\" data-dtc=\"1\" class=\"dtr0 dtc1\"><\/th><th rowspan=\"1\" colspan=\"1\" data-dtr=\"0\" data-dtc=\"2\" class=\"dtr0 dtc2\"><\/th><th rowspan=\"1\" colspan=\"1\" data-dtr=\"0\" data-dtc=\"3\" class=\"dtr0 dtc3\"><\/th><th rowspan=\"1\" colspan=\"1\" data-dtr=\"0\" data-dtc=\"4\" class=\"dtr0 dtc4\"><\/th><th rowspan=\"1\" colspan=\"1\" data-dtr=\"0\" data-dtc=\"5\" class=\"dtr0 dtc5\"><\/th><\/tr><tr class=\" row0\"><th   data-priority=\"0\" class=\"dtr0 dtc0\"><\/th><th   data-priority=\"0\" class=\"dtr0 dtc1\">JELLYFISH Pool XL<\/th><th   data-priority=\"0\" class=\"dtr0 dtc2\">JELLYFISH Pool L<\/th><th   data-priority=\"0\" class=\"dtr0 dtc3\">JELLYFISH Pool M<\/th><th   data-priority=\"0\" class=\"dtr0 dtc4\">JELLYFISH Pool N<\/th><th   data-priority=\"0\" class=\"dtr0 dtc5\">JELLYFISH Pool S<\/th><\/thead><tbody><tr class=\" row1\"><td    class=\"dtr1 dtc0\">Usage Area<\/td><td    class=\"dtr1 dtc1\">Yacht length over 25 m<\/td><td    class=\"dtr1 dtc2\">Yacht length from 17 - 25 m<\/td><td    class=\"dtr1 dtc3\">Yacht length from 12 - 16 m<\/td><td    class=\"dtr1 dtc4\">Yacht length up to 12 m<\/td><td    class=\"dtr1 dtc5\">Small Yacht\u00a0<\/td><\/tr><tr class=\" row2\"><td    class=\"dtr2 dtc0\">Lenght<\/td><td    class=\"dtr2 dtc1\">6 m<\/td><td    class=\"dtr2 dtc2\">5 m<\/td><td    class=\"dtr2 dtc3\">4 m<\/td><td    class=\"dtr2 dtc4\">4 m<\/td><td    class=\"dtr2 dtc5\">3 m<\/td><\/tr><tr class=\" row3\"><td    class=\"dtr3 dtc0\">Width<\/td><td    class=\"dtr3 dtc1\">5 m<\/td><td    class=\"dtr3 dtc2\">4 m<\/td><td    class=\"dtr3 dtc3\">3 m<\/td><td    class=\"dtr3 dtc4\">2 m<\/td><td    class=\"dtr3 dtc5\">2 m<\/td><\/tr><tr class=\" row4\"><td    class=\"dtr4 dtc0\">Depth<\/td><td    class=\"dtr4 dtc1\">2.2 m<\/td><td    class=\"dtr4 dtc2\">2 m<\/td><td    class=\"dtr4 dtc3\">1.5 m<\/td><td    class=\"dtr4 dtc4\">1.0 m<\/td><td    class=\"dtr4 dtc5\">0.5 m<\/td><\/tr><tr class=\" row5\"><td    class=\"dtr5 dtc0\">Total Area<\/td><td    class=\"dtr5 dtc1\">30 m2<\/td><td    class=\"dtr5 dtc2\">20 m2<\/td><td    class=\"dtr5 dtc3\">12 m2<\/td><td    class=\"dtr5 dtc4\">8 m2<\/td><td    class=\"dtr5 dtc5\">6 m2<\/td><\/tr><tr class=\" row6\"><td    class=\"dtr6 dtc0\">Material<\/td><td    class=\"dtr6 dtc1\">PVC<\/td><td    class=\"dtr6 dtc2\">PVC<\/td><td    class=\"dtr6 dtc3\">PVC<\/td><td    class=\"dtr6 dtc4\">PVC<\/td><td    class=\"dtr6 dtc5\">PVC<\/td><\/tr><tr class=\" row7\"><td    class=\"dtr7 dtc0\">Pool Type<\/td><td    class=\"dtr7 dtc1\">Inflatable \/ Air<\/td><td    class=\"dtr7 dtc2\">Inflatable \/ Air<\/td><td    class=\"dtr7 dtc3\">Inflatable \/ Air<\/td><td    class=\"dtr7 dtc4\">Inflatable \/ Air<\/td><td    class=\"dtr7 dtc5\">Inflatable \/ Air<\/td><\/tr><tr class=\" row8\"><td    class=\"dtr8 dtc0\">Weight<\/td><td    class=\"dtr8 dtc1\">25 kg<\/td><td    class=\"dtr8 dtc2\">24 kg<\/td><td    class=\"dtr8 dtc3\">22 kg<\/td><td    class=\"dtr8 dtc4\">20 kg<\/td><td    class=\"dtr8 dtc5\">19 kg<\/td><\/tr><tr class=\" row9\"><td    class=\"dtr9 dtc0\">Inflation & Deflation Time<\/td><td    class=\"dtr9 dtc1\">5 - 4 minutes<\/td><td    class=\"dtr9 dtc2\">5 - 4 minutes<\/td><td    class=\"dtr9 dtc3\">4 - 3 minutes<\/td><td    class=\"dtr9 dtc4\">4- 3 minutes<\/td><td    class=\"dtr9 dtc5\">3 - 2 minutes<\/td><\/tr><\/tbody><tfoot><tr><td class=\"dtr9 dtc0\" style=\"height: 0;\"><\/td><td class=\"dtr9 dtc1\" style=\"height: 0;\"><\/td><td class=\"dtr9 dtc2\" style=\"height: 0;\"><\/td><td class=\"dtr9 dtc3\" style=\"height: 0;\"><\/td><td class=\"dtr9 dtc4\" style=\"height: 0;\"><\/td><td class=\"dtr9 dtc5\" style=\"height: 0;\"><\/td><\/tr><\/tfoot><\/table><\/div><style>#wptmtable134 .dataTables_wrapper > .dataTables_scroll {max-height:500px;overflow: auto;}<\/style><script>window.wptm_ajaxurl = 'https:\/\/mavideniz.com.tr\/wp-admin\/admin-ajax.php?juwpfisadmin=false&action=Wptm&'; window.wptm_front = 'https:\/\/mavideniz.com.tr\/wp-content\/plugins\/wp-table-manager\/app\/site\/assets\/'; window.wptm_style = 'https:\/\/mavideniz.com.tr\/wp-content\/uploads\/wptm\/';<\/script><\/div><style><\/style>\n","protected":false},"excerpt":{"rendered":"<p>Mavi Deniz Yat Denizanas\u0131 Koruma Havuzu, \u00e7ocuklar\u0131n ve yeti\u015fkinlerin denizanalar\u0131ndan ve di\u011fer istenmeyen deniz canl\u0131lar\u0131ndan uzak y\u00fczebilecekleri g\u00fcvenli ve emniyetli [&hellip;]<\/p>\n","protected":false},"author":1,"featured_media":0,"parent":26971,"menu_order":0,"comment_status":"closed","ping_status":"closed","template":"","meta":{"site-sidebar-layout":"default","site-content-layout":"","ast-site-content-layout":"default","site-content-style":"default","site-sidebar-style":"default","ast-global-header-display":"","ast-banner-title-visibility":"","ast-main-header-display":"","ast-hfb-above-header-display":"","ast-hfb-below-header-display":"","ast-hfb-mobile-header-display":"","site-post-title":"","ast-breadcrumbs-content":"","ast-featured-img":"","footer-sml-layout":"","ast-disable-related-posts":"","theme-transparent-header-meta":"","adv-header-id-meta":"","stick-header-meta":"","header-above-stick-meta":"","header-main-stick-meta":"","header-below-stick-meta":"","astra-migrate-meta-layouts":"default","ast-page-background-enabled":"default","ast-page-background-meta":{"desktop":{"background-color":"var(--ast-global-color-5)","background-image":"","background-repeat":"repeat","background-position":"center center","background-size":"auto","background-attachment":"scroll","background-type":"","background-media":"","overlay-type":"","overlay-color":"","overlay-opacity":"","overlay-gradient":""},"tablet":{"background-color":"","background-image":"","background-repeat":"repeat","background-position":"center center","background-size":"auto","background-attachment":"scroll","background-type":"","background-media":"","overlay-type":"","overlay-color":"","overlay-opacity":"","overlay-gradient":""},"mobile":{"background-color":"","background-image":"","background-repeat":"repeat","background-position":"center center","background-size":"auto","background-attachment":"scroll","background-type":"","background-media":"","overlay-type":"","overlay-color":"","overlay-opacity":"","overlay-gradient":""}},"ast-content-background-meta":{"desktop":{"background-color":"var(--ast-global-color-4)","background-image":"","background-repeat":"repeat","background-position":"center center","background-size":"auto","background-attachment":"scroll","background-type":"","background-media":"","overlay-type":"","overlay-color":"","overlay-opacity":"","overlay-gradient":""},"tablet":{"background-color":"var(--ast-global-color-4)","background-image":"","background-repeat":"repeat","background-position":"center center","background-size":"auto","background-attachment":"scroll","background-type":"","background-media":"","overlay-type":"","overlay-color":"","overlay-opacity":"","overlay-gradient":""},"mobile":{"background-color":"var(--ast-global-color-4)","background-image":"","background-repeat":"repeat","background-position":"center center","background-size":"auto","background-attachment":"scroll","background-type":"","background-media":"","overlay-type":"","overlay-color":"","overlay-opacity":"","overlay-gradient":""}},"footnotes":""},"class_list":["post-30618","page","type-page","status-publish","hentry"],"_links":{"self":[{"href":"https:\/\/mavideniz.com.tr\/tr\/wp-json\/wp\/v2\/pages\/30618","targetHints":{"allow":["GET"]}}],"collection":[{"href":"https:\/\/mavideniz.com.tr\/tr\/wp-json\/wp\/v2\/pages"}],"about":[{"href":"https:\/\/mavideniz.com.tr\/tr\/wp-json\/wp\/v2\/types\/page"}],"author":[{"embeddable":true,"href":"https:\/\/mavideniz.com.tr\/tr\/wp-json\/wp\/v2\/users\/1"}],"replies":[{"embeddable":true,"href":"https:\/\/mavideniz.com.tr\/tr\/wp-json\/wp\/v2\/comments?post=30618"}],"version-history":[{"count":0,"href":"https:\/\/mavideniz.com.tr\/tr\/wp-json\/wp\/v2\/pages\/30618\/revisions"}],"up":[{"embeddable":true,"href":"https:\/\/mavideniz.com.tr\/tr\/wp-json\/wp\/v2\/pages\/26971"}],"wp:attachment":[{"href":"https:\/\/mavideniz.com.tr\/tr\/wp-json\/wp\/v2\/media?parent=30618"}],"curies":[{"name":"wp","href":"https:\/\/api.w.org\/{rel}","templated":true}]}}