{"id":31877,"date":"2022-07-31T13:32:30","date_gmt":"2022-07-31T13:32:30","guid":{"rendered":"https:\/\/mavideniz.com.tr\/?page_id=31877"},"modified":"2023-07-01T16:42:02","modified_gmt":"2023-07-01T16:42:02","slug":"camur-dubasi","status":"publish","type":"page","link":"https:\/\/mavideniz.com.tr\/tr\/gemiler-tekneler\/tarak-gemisi-mavna\/camur-dubasi\/","title":{"rendered":"\u00c7amur Dubas\u0131"},"content":{"rendered":"\n<p>\u00c7amur Dubas\u0131, \u00e7ak\u0131l veya m\u0131c\u0131r gibi k\u00fcmeleri ta\u015f\u0131mak i\u00e7in tasarlanm\u0131\u015ft\u0131r. \u00c7amur Dubas\u0131 nehirler, denizler ve limanlar i\u00e7in CO2 dostu ula\u015f\u0131m ara\u00e7lar\u0131d\u0131r. Kuru hazne se\u00e7ene\u011fi, \u00f6zellikle tarama \u00e7amurunun y\u00fcklenmesi i\u00e7in t\u00fcm y\u00fcklere uygun huni mavnalar\u0131 i\u00e7in m\u00fcmk\u00fcnd\u00fcr.<\/p>\n<p>Besleme mavnalar\u0131, kargo ambar\u0131n\u0131n yanlar\u0131n\u0131 ve alt\u0131n\u0131 g\u00f6vdeden ay\u0131ran bo\u015fluklar\u0131n bulundu\u011fu \u00e7ift cidarl\u0131 bir yap\u0131ya sahiptir. Bu rozetler, tah\u0131l, k\u00f6m\u00fcr, \u015feker, cevher, \u00e7elik, agrega ve \u00e7ok say\u0131da ba\u015fka kargo gibi d\u00f6kme mallar\u0131 verimli bir \u015fekilde ta\u015f\u0131mak i\u00e7in tasarlanm\u0131\u015ft\u0131r.<\/p>\n<p>Hazne mavna tasar\u0131m\u0131, gereksinimlerinizi ve d\u00fcnya \u00e7ap\u0131nda proje konumunuza teslimat\u0131 ayarlayabilir.<\/p>\n<div class=\"wptm_table tablesorter-bootstrap \" data-id=\"144\" data-hightlight=\"0\"><div class=\"wptm_buttons buttons_wptmTbl144\"><\/div><div class=\"wptmresponsive dataTables-wptmtable wptmtable \" id=\"wptmtable144\" data-tableid=\"wptmTbl144\"><table data-count-header=\"1\"  data-format-decimal_count=\"0\" data-format-decimal_symbol=\".\" data-format-symbol_position=\"0\" data-format-thousand_symbol=\",\"  data-format-currency_symbol=\"$\"  data-name-style=\"144_1757436278.css\" data-format=\"YYYY-MM-DD\" id=\"wptmTbl144\" data-id=\"144\" data-responsive=\"false\" data-hideCols=\"false\"  data-type=\"html\" data-paging=\"false\" data-searching=\"true\"  data-ordering=\"false\" data-table-breakpoint=\"980\" data-scroll-x=\"true\" data-scroll-collapse=\"true\" data-align=\"center\" data-range=\"[]\" data-hideColumn=\"[0,0,0,0,0,0,0,0]\"  data-colwidths=\"[140,140,140,140,140,140,140,140]\"  data-colwidths_desktop=[]  data-colwidths_tablet=[]  data-colwidths_mobile=[]  class=\"wptm_main_table  disablePager hideScrollHeader\"><colgroup><col data-dtr=\"0\" data-dtc=\"0\" class=\"dtc0\"><col data-dtr=\"0\" data-dtc=\"1\" class=\"dtc1\"><col data-dtr=\"0\" data-dtc=\"2\" class=\"dtc2\"><col data-dtr=\"0\" data-dtc=\"3\" class=\"dtc3\"><col data-dtr=\"0\" data-dtc=\"4\" class=\"dtc4\"><col data-dtr=\"0\" data-dtc=\"5\" class=\"dtc5\"><col data-dtr=\"0\" data-dtc=\"6\" class=\"dtc6\"><col data-dtr=\"0\" data-dtc=\"7\" class=\"dtc7\"><\/colgroup><thead><tr class=\"wptm-header-cells-index dnone\"><th rowspan=\"1\" colspan=\"1\" data-dtr=\"0\" data-dtc=\"0\" class=\"dtr0 dtc0\"><\/th><th rowspan=\"1\" colspan=\"1\" data-dtr=\"0\" data-dtc=\"1\" class=\"dtr0 dtc1\"><\/th><th rowspan=\"1\" colspan=\"1\" data-dtr=\"0\" data-dtc=\"2\" class=\"dtr0 dtc2\"><\/th><th rowspan=\"1\" colspan=\"1\" data-dtr=\"0\" data-dtc=\"3\" class=\"dtr0 dtc3\"><\/th><th rowspan=\"1\" colspan=\"1\" data-dtr=\"0\" data-dtc=\"4\" class=\"dtr0 dtc4\"><\/th><th rowspan=\"1\" colspan=\"1\" data-dtr=\"0\" data-dtc=\"5\" class=\"dtr0 dtc5\"><\/th><th rowspan=\"1\" colspan=\"1\" data-dtr=\"0\" data-dtc=\"6\" class=\"dtr0 dtc6\"><\/th><th rowspan=\"1\" colspan=\"1\" data-dtr=\"0\" data-dtc=\"7\" class=\"dtr0 dtc7\"><\/th><\/tr><tr class=\" row0\"><th   data-priority=\"0\" class=\"dtr0 dtc0\"><\/th><th   data-priority=\"0\" class=\"dtr0 dtc1\">HB 30<\/th><th   data-priority=\"0\" class=\"dtr0 dtc2\">HB 35<\/th><th   data-priority=\"0\" class=\"dtr0 dtc3\">HB 40<\/th><th   data-priority=\"0\" class=\"dtr0 dtc4\">HB 45<\/th><th   data-priority=\"0\" class=\"dtr0 dtc5\">HB 50<\/th><th   data-priority=\"0\" class=\"dtr0 dtc6\">HB 60<\/th><th   data-priority=\"0\" class=\"dtr0 dtc7\">HB 70<\/th><\/thead><tbody><tr class=\" row1\"><td    class=\"dtr1 dtc0\">Material<\/td><td    class=\"dtr1 dtc1\">Steel<\/td><td    class=\"dtr1 dtc2\">Steel<\/td><td    class=\"dtr1 dtc3\">Steel<\/td><td    class=\"dtr1 dtc4\">Steel<\/td><td    class=\"dtr1 dtc5\">Steel<\/td><td    class=\"dtr1 dtc6\">Steel<\/td><td    class=\"dtr1 dtc7\">Steel<\/td><\/tr><tr class=\" row2\"><td    class=\"dtr2 dtc0\">Length<\/td><td    class=\"dtr2 dtc1\">30 m<\/td><td    class=\"dtr2 dtc2\">35 m<\/td><td    class=\"dtr2 dtc3\">40 m<\/td><td    class=\"dtr2 dtc4\">45 m<\/td><td    class=\"dtr2 dtc5\">50 m<\/td><td    class=\"dtr2 dtc6\">60 m<\/td><td    class=\"dtr2 dtc7\">70 m<\/td><\/tr><tr class=\" row3\"><td    class=\"dtr3 dtc0\">Width<\/td><td    class=\"dtr3 dtc1\">8 m<\/td><td    class=\"dtr3 dtc2\">8 m<\/td><td    class=\"dtr3 dtc3\">8 m<\/td><td    class=\"dtr3 dtc4\">8 \/ 11 \/ 13 \/ 16 m<\/td><td    class=\"dtr3 dtc5\">8 \/ 11 \/ 13 \/ 16 m<\/td><td    class=\"dtr3 dtc6\">8 \/ 11 \/ 13 \/ 16 m<\/td><td    class=\"dtr3 dtc7\">11 \/ 13 \/ 16 m<\/td><\/tr><tr class=\" row4\"><td    class=\"dtr4 dtc0\">Depth<\/td><td    class=\"dtr4 dtc1\">2.5 m<\/td><td    class=\"dtr4 dtc2\">2.5 m<\/td><td    class=\"dtr4 dtc3\">2.5 m<\/td><td    class=\"dtr4 dtc4\">2.5 - 4.5 m<\/td><td    class=\"dtr4 dtc5\">2.5 - 4.5 m<\/td><td    class=\"dtr4 dtc6\">2.5 - 4.5 m<\/td><td    class=\"dtr4 dtc7\">3 - 4.5 m<\/td><\/tr><tr class=\" row5\"><td    class=\"dtr5 dtc0\">Cargo Capacity<\/td><td    class=\"dtr5 dtc1\">490 m3<\/td><td    class=\"dtr5 dtc2\">570 m3<\/td><td    class=\"dtr5 dtc3\">690 m3<\/td><td    class=\"dtr5 dtc4\">800 - 1750 m3<\/td><td    class=\"dtr5 dtc5\">900 - 2000 m3<\/td><td    class=\"dtr5 dtc6\">1050 - 3500 m3<\/td><td    class=\"dtr5 dtc7\">2100 - 4300 m3<\/td><\/tr><tr class=\" row6\"><td    class=\"dtr6 dtc0\">Optional<\/td><td  colspan=\"7\"   class=\"dtr6 dtc1\">Fendering | Navigation Light | Anchor-Mooring | Anti-Fooling | Hatch cover | Cargo Holder | Propulsion System<\/td><td  style=\"display: none\"   class=\"dtr6 dtc2\"><\/td><td  style=\"display: none\"   class=\"dtr6 dtc3\"><\/td><td  style=\"display: none\"   class=\"dtr6 dtc4\"><\/td><td  style=\"display: none\"   class=\"dtr6 dtc5\"><\/td><td  style=\"display: none\"   class=\"dtr6 dtc6\"><\/td><td  style=\"display: none\"   class=\"dtr6 dtc7\"><\/td><\/tr><\/tbody><tfoot><tr><td class=\"dtr6 dtc0\" style=\"height: 0;\"><\/td><td class=\"dtr6 dtc1\" style=\"height: 0;\"><\/td><td class=\"dtr6 dtc2\" style=\"height: 0;\"><\/td><td class=\"dtr6 dtc3\" style=\"height: 0;\"><\/td><td class=\"dtr6 dtc4\" style=\"height: 0;\"><\/td><td class=\"dtr6 dtc5\" style=\"height: 0;\"><\/td><td class=\"dtr6 dtc6\" style=\"height: 0;\"><\/td><td class=\"dtr6 dtc7\" style=\"height: 0;\"><\/td><\/tr><\/tfoot><\/table><\/div><style>#wptmtable144 .dataTables_wrapper > .dataTables_scroll {max-height:500px;overflow: auto;}<\/style><script>window.wptm_ajaxurl = 'https:\/\/mavideniz.com.tr\/wp-admin\/admin-ajax.php?juwpfisadmin=false&action=Wptm&'; window.wptm_front = 'https:\/\/mavideniz.com.tr\/wp-content\/plugins\/wp-table-manager\/app\/site\/assets\/'; window.wptm_style = 'https:\/\/mavideniz.com.tr\/wp-content\/uploads\/wptm\/';<\/script><\/div><style><\/style>\n","protected":false},"excerpt":{"rendered":"<p>\u00c7amur Dubas\u0131, \u00e7ak\u0131l veya m\u0131c\u0131r gibi k\u00fcmeleri ta\u015f\u0131mak i\u00e7in tasarlanm\u0131\u015ft\u0131r. \u00c7amur Dubas\u0131 nehirler, denizler ve limanlar i\u00e7in CO2 dostu ula\u015f\u0131m [&hellip;]<\/p>\n","protected":false},"author":1,"featured_media":0,"parent":27464,"menu_order":0,"comment_status":"closed","ping_status":"closed","template":"","meta":{"site-sidebar-layout":"default","site-content-layout":"","ast-site-content-layout":"default","site-content-style":"default","site-sidebar-style":"default","ast-global-header-display":"","ast-banner-title-visibility":"","ast-main-header-display":"","ast-hfb-above-header-display":"","ast-hfb-below-header-display":"","ast-hfb-mobile-header-display":"","site-post-title":"","ast-breadcrumbs-content":"","ast-featured-img":"","footer-sml-layout":"","ast-disable-related-posts":"","theme-transparent-header-meta":"","adv-header-id-meta":"","stick-header-meta":"","header-above-stick-meta":"","header-main-stick-meta":"","header-below-stick-meta":"","astra-migrate-meta-layouts":"default","ast-page-background-enabled":"default","ast-page-background-meta":{"desktop":{"background-color":"var(--ast-global-color-5)","background-image":"","background-repeat":"repeat","background-position":"center center","background-size":"auto","background-attachment":"scroll","background-type":"","background-media":"","overlay-type":"","overlay-color":"","overlay-opacity":"","overlay-gradient":""},"tablet":{"background-color":"","background-image":"","background-repeat":"repeat","background-position":"center center","background-size":"auto","background-attachment":"scroll","background-type":"","background-media":"","overlay-type":"","overlay-color":"","overlay-opacity":"","overlay-gradient":""},"mobile":{"background-color":"","background-image":"","background-repeat":"repeat","background-position":"center center","background-size":"auto","background-attachment":"scroll","background-type":"","background-media":"","overlay-type":"","overlay-color":"","overlay-opacity":"","overlay-gradient":""}},"ast-content-background-meta":{"desktop":{"background-color":"var(--ast-global-color-4)","background-image":"","background-repeat":"repeat","background-position":"center center","background-size":"auto","background-attachment":"scroll","background-type":"","background-media":"","overlay-type":"","overlay-color":"","overlay-opacity":"","overlay-gradient":""},"tablet":{"background-color":"var(--ast-global-color-4)","background-image":"","background-repeat":"repeat","background-position":"center center","background-size":"auto","background-attachment":"scroll","background-type":"","background-media":"","overlay-type":"","overlay-color":"","overlay-opacity":"","overlay-gradient":""},"mobile":{"background-color":"var(--ast-global-color-4)","background-image":"","background-repeat":"repeat","background-position":"center center","background-size":"auto","background-attachment":"scroll","background-type":"","background-media":"","overlay-type":"","overlay-color":"","overlay-opacity":"","overlay-gradient":""}},"footnotes":""},"class_list":["post-31877","page","type-page","status-publish","hentry"],"_links":{"self":[{"href":"https:\/\/mavideniz.com.tr\/tr\/wp-json\/wp\/v2\/pages\/31877","targetHints":{"allow":["GET"]}}],"collection":[{"href":"https:\/\/mavideniz.com.tr\/tr\/wp-json\/wp\/v2\/pages"}],"about":[{"href":"https:\/\/mavideniz.com.tr\/tr\/wp-json\/wp\/v2\/types\/page"}],"author":[{"embeddable":true,"href":"https:\/\/mavideniz.com.tr\/tr\/wp-json\/wp\/v2\/users\/1"}],"replies":[{"embeddable":true,"href":"https:\/\/mavideniz.com.tr\/tr\/wp-json\/wp\/v2\/comments?post=31877"}],"version-history":[{"count":0,"href":"https:\/\/mavideniz.com.tr\/tr\/wp-json\/wp\/v2\/pages\/31877\/revisions"}],"up":[{"embeddable":true,"href":"https:\/\/mavideniz.com.tr\/tr\/wp-json\/wp\/v2\/pages\/27464"}],"wp:attachment":[{"href":"https:\/\/mavideniz.com.tr\/tr\/wp-json\/wp\/v2\/media?parent=31877"}],"curies":[{"name":"wp","href":"https:\/\/api.w.org\/{rel}","templated":true}]}}